{"id":7659,"date":"2025-07-26T17:10:42","date_gmt":"2025-07-26T15:10:42","guid":{"rendered":"https:\/\/youniquebyemilie.com\/produit\/moodstruck-epic-4d-mascara-de-pestanas-de-fibra-en-un-solo-paso\/"},"modified":"2025-11-26T08:49:21","modified_gmt":"2025-11-26T07:49:21","slug":"moodstruck-epic-4d-mascara-de-pestanas-de-fibra-en-un-solo-paso","status":"publish","type":"product","link":"https:\/\/youniquebyemilie.com\/es\/produit\/moodstruck-epic-4d-mascara-de-pestanas-de-fibra-en-un-solo-paso\/","title":{"rendered":"MOODSTRUCK EPIC 4D M\u00e1scara de pesta\u00f1as de fibra en un solo paso"},"content":{"rendered":"<p><span style=\"font-weight: 400;\">\u00bfSue\u00f1as con unos ojos intensos, voluminosos y ultralargos sin el engorro de las pesta\u00f1as postizas o las extensiones? Yo tambi\u00e9n estaba harta. Desde que descubr\u00ed la m\u00e1scara de pesta\u00f1as fibrosa de un solo paso    <\/span><b>MOODSTRUCK EPIC 4D<\/b><span style=\"font-weight: 400;\">mi rutina de belleza ha cambiado. Con una sola capa, mis pesta\u00f1as est\u00e1n sublimadas:   <\/span><b>m\u00e1s volumen<\/b><span style=\"font-weight: 400;\">, <\/span><b>m\u00e1s longitud<\/b><span style=\"font-weight: 400;\">, <\/span><b>un efecto natural<\/b><span style=\"font-weight: 400;\"> pero<\/span><b> efecto llamativo<\/b><span style=\"font-weight: 400;\">. \u00a1Todo sin esfuerzo!<\/span><\/p>\n<h2><span style=\"font-weight: 400;\">Lo que ganas con MOODSTRUCK EPIC 4D<\/span><\/h2>\n<ul>\n<li style=\"font-weight: 400;\" aria-level=\"1\"><b>Volumen XXL y longitud espectacular<\/b><span style=\"font-weight: 400;\"> gracias a las fibras Y ultraligeras que se funden perfectamente con tus pesta\u00f1as naturales.<\/span>&nbsp;<\/li>\n<li style=\"font-weight: 400;\" aria-level=\"1\"><span style=\"font-weight: 400;\">A <\/span><b>cepillo de doble cara<\/b><span style=\"font-weight: 400;\"> especialmente dise\u00f1ado para atrapar todas las pesta\u00f1as, de la ra\u00edz a la punta, sin apelmazar.<\/span>&nbsp;<\/li>\n<li style=\"font-weight: 400;\" aria-level=\"1\"><span style=\"font-weight: 400;\">A <\/span><b>m\u00e1scara de pesta\u00f1as negro intenso<\/b><span style=\"font-weight: 400;\"> complementa perfectamente tu maquillaje, para unos ojos cautivadores.<\/span>&nbsp;<\/li>\n<li style=\"font-weight: 400;\" aria-level=\"1\"><span style=\"font-weight: 400;\">A <\/span><b>efecto duradero<\/b><span style=\"font-weight: 400;\"> que no se descascarilla ni se corre, incluso en tus d\u00edas m\u00e1s ajetreados.<\/span>&nbsp;<\/li>\n<li style=\"font-weight: 400;\" aria-level=\"1\"><span style=\"font-weight: 400;\">La <\/span><b>sencillez de una f\u00f3rmula en un solo paso<\/b><span style=\"font-weight: 400;\"> que sustituye f\u00e1cilmente a las pesta\u00f1as postizas y las extensiones.<\/span>&nbsp;<\/li>\n<\/ul>\n<h2><span style=\"font-weight: 400;\">C\u00f3mo aplicar tu m\u00e1scara de pesta\u00f1as MOODSTRUCK EPIC 4D como un profesional<\/span><\/h2>\n<ol>\n<li style=\"font-weight: 400;\" aria-level=\"1\"><span style=\"font-weight: 400;\">Despu\u00e9s de maquillar los ojos, agita suavemente la varita de la m\u00e1scara de pesta\u00f1as.<\/span>&nbsp;<\/li>\n<li style=\"font-weight: 400;\" aria-level=\"1\"><span style=\"font-weight: 400;\">Aplica el cepillo en la base de las pesta\u00f1as.<\/span>&nbsp;<\/li>\n<li style=\"font-weight: 400;\" aria-level=\"1\"><span style=\"font-weight: 400;\">Enrolla el cepillo hacia arriba, envolviendo cada pesta\u00f1a con las fibras.<\/span>&nbsp;<\/li>\n<li style=\"font-weight: 400;\" aria-level=\"1\"><span style=\"font-weight: 400;\">Repite la operaci\u00f3n hasta que tengas el volumen y la longitud que deseas.<\/span>&nbsp;<\/li>\n<li style=\"font-weight: 400;\" aria-level=\"1\"><span style=\"font-weight: 400;\">Para un factor sorpresa a\u00fan mayor, \u00fasalo con tu imprimador de pesta\u00f1as favorito.<\/span>&nbsp;<\/li>\n<\/ol>\n<h2><span style=\"font-weight: 400;\">Ingredientes que cuidan tus pesta\u00f1as<\/span><\/h2>\n<ul>\n<li style=\"font-weight: 400;\" aria-level=\"1\"><b>Cera de salvado de Oryza Sativa (arroz)<\/b><span style=\"font-weight: 400;\"> Revitalizante y espesante para unas pesta\u00f1as sanas.<\/span>&nbsp;<\/li>\n<li style=\"font-weight: 400;\" aria-level=\"1\"><b>Cera sint\u00e9tica de abeja<\/b><span style=\"font-weight: 400;\"> Para fijar y dar densidad a la m\u00e1scara de pesta\u00f1as.<\/span>&nbsp;<\/li>\n<li style=\"font-weight: 400;\" aria-level=\"1\"><b>Etilhexilglicerina<\/b><span style=\"font-weight: 400;\"> Hidrata y nutre la delicada piel del contorno de los ojos.<\/span>&nbsp;<\/li>\n<li style=\"font-weight: 400;\" aria-level=\"1\"><span style=\"font-weight: 400;\">Pigmentos ricos y seguros para un negro intenso (CI 77499).<\/span>&nbsp;<\/li>\n<\/ul>\n<h2><span style=\"font-weight: 400;\">Por qu\u00e9 te encantar\u00e1 MOODSTRUCK EPIC 4D<\/span><\/h2>\n<p><span style=\"font-weight: 400;\">Esta m\u00e1scara de pesta\u00f1as te hace la vida m\u00e1s f\u00e1cil, proporcion\u00e1ndote una mirada espectacular sin las limitaciones de las pesta\u00f1as postizas. En   <\/span><b>nutre, alarga<\/b><span style=\"font-weight: 400;\"> y <\/span><b>da volumen<\/b><span style=\"font-weight: 400;\">  en un solo paso. Probado y aprobado por cientos de mujeres a las que les encanta por su eficacia y fijaci\u00f3n duradera. <\/span><\/p>\n<h2><span style=\"font-weight: 400;\">FAQ: Todo lo que necesitas saber sobre tu m\u00e1scara de pesta\u00f1as MOODSTRUCK EPIC 4D<\/span><\/h2>\n<ol>\n<li><b>  \u00bfSe pueden superponer varias capas sin que se apelmacen?<\/b><b><br \/>\n<\/b><span style=\"font-weight: 400;\">  Por supuesto, el pincel de doble cara permite una aplicaci\u00f3n ligera y flexible sin sobrecargar.<\/span><\/li>\n<li> <b> \u00bfCu\u00e1nto dura un tubo con un uso normal?<\/b><b>\n<p><\/b><span style=\"font-weight: 400;\"> Aproximadamente <\/span><b>de 2 a 3 meses<\/b><span style=\"font-weight: 400;\"> dependiendo de la frecuencia con que lo utilices.<\/span><\/li>\n<li><b>  \u00bfEsta m\u00e1scara de pesta\u00f1as puede causar irritaci\u00f3n si la llevo puesta todo el d\u00eda?<\/b><b><br \/>\n<\/b><span style=\"font-weight: 400;\">  No, gracias a su f\u00f3rmula suave y dermatol\u00f3gicamente probada, est\u00e1 dise\u00f1ada para llevarla c\u00f3modamente durante todo el d\u00eda, incluso para los ojos sensibles.<\/span><\/li>\n<li><b>  \u00bfSe puede utilizar en las pesta\u00f1as inferiores sin que se corra?<\/b><b><br \/>\n<\/b><span style=\"font-weight: 400;\">  S\u00ed, su textura fluida y su cepillo especialmente dise\u00f1ado garantizan una aplicaci\u00f3n precisa y sin manchas en las pesta\u00f1as inferiores.<\/span><\/li>\n<li><b>  \u00bfC\u00f3mo cuido mi cepillo para prolongar la vida de mi m\u00e1scara de pesta\u00f1as?<\/b><b><br \/>\n<\/b><span style=\"font-weight: 400;\">  Basta con limpiar el pincel regularmente con agua tibia y un poco de jab\u00f3n suave para evitar la acumulaci\u00f3n de producto y garantizar una aplicaci\u00f3n perfecta.<\/span><\/li>\n<\/ol>\n<p><span style=\"font-weight: 400;\">\u00bfQuieres una mirada atrevida sin dolores de cabeza? Consigue ya la m\u00e1scara de pesta\u00f1as fibrosa de un solo paso MOODSTRUCK EPIC 4D. \u00a1P\u00eddela ahora y descubre la sencillez de una mirada espectacular, natural y ultraglamurosa!  <\/span><\/p>\n","protected":false},"excerpt":{"rendered":"<p><span style=\"font-weight: 400;\">\u00bfSue\u00f1as con unos ojos intensos, voluminosos y ultralargos sin el engorro de las pesta\u00f1as postizas o las extensiones? Yo tambi\u00e9n estaba harta. Desde que descubr\u00ed la m\u00e1scara de pesta\u00f1as fibrosa de un solo paso    <\/span><b>MOODSTRUCK EPIC 4D<\/b><span style=\"font-weight: 400;\">mi rutina de belleza ha cambiado. Con una sola capa, mis pesta\u00f1as est\u00e1n sublimadas:   <\/span><b>m\u00e1s volumen<\/b><span style=\"font-weight: 400;\">, <\/span><b>m\u00e1s longitud<\/b><span style=\"font-weight: 400;\">, <\/span><b>un efecto natural<\/b><span style=\"font-weight: 400;\"> pero<\/span><b> efecto llamativo<\/b><span style=\"font-weight: 400;\">. \u00a1Todo sin esfuerzo!<\/span><\/p>\n","protected":false},"featured_media":7657,"comment_status":"open","ping_status":"closed","template":"","meta":{"_seopress_robots_primary_cat":"none","_seopress_titles_title":"","_seopress_titles_desc":"","_seopress_robots_index":"","site-sidebar-layout":"default","site-content-layout":"","ast-site-content-layout":"default","site-content-style":"default","site-sidebar-style":"default","ast-global-header-display":"","ast-banner-title-visibility":"","ast-main-header-display":"","ast-hfb-above-header-display":"","ast-hfb-below-header-display":"","ast-hfb-mobile-header-display":"","site-post-title":"","ast-breadcrumbs-content":"","ast-featured-img":"","footer-sml-layout":"","ast-disable-related-posts":"","theme-transparent-header-meta":"default","adv-header-id-meta":"","stick-header-meta":"","header-above-stick-meta":"","header-main-stick-meta":"","header-below-stick-meta":"","astra-migrate-meta-layouts":"default","ast-page-background-enabled":"default","ast-page-background-meta":{"desktop":{"background-color":"var(--ast-global-color-4)","background-image":"","background-repeat":"repeat","background-position":"center center","background-size":"auto","background-attachment":"scroll","background-type":"","background-media":"","overlay-type":"","overlay-color":"","overlay-opacity":"","overlay-gradient":""},"tablet":{"background-color":"","background-image":"","background-repeat":"repeat","background-position":"center center","background-size":"auto","background-attachment":"scroll","background-type":"","background-media":"","overlay-type":"","overlay-color":"","overlay-opacity":"","overlay-gradient":""},"mobile":{"background-color":"","background-image":"","background-repeat":"repeat","background-position":"center center","background-size":"auto","background-attachment":"scroll","background-type":"","background-media":"","overlay-type":"","overlay-color":"","overlay-opacity":"","overlay-gradient":""}},"ast-content-background-meta":{"desktop":{"background-color":"var(--ast-global-color-5)","background-image":"","background-repeat":"repeat","background-position":"center center","background-size":"auto","background-attachment":"scroll","background-type":"","background-media":"","overlay-type":"","overlay-color":"","overlay-opacity":"","overlay-gradient":""},"tablet":{"background-color":"var(--ast-global-color-5)","background-image":"","background-repeat":"repeat","background-position":"center center","background-size":"auto","background-attachment":"scroll","background-type":"","background-media":"","overlay-type":"","overlay-color":"","overlay-opacity":"","overlay-gradient":""},"mobile":{"background-color":"var(--ast-global-color-5)","background-image":"","background-repeat":"repeat","background-position":"center center","background-size":"auto","background-attachment":"scroll","background-type":"","background-media":"","overlay-type":"","overlay-color":"","overlay-opacity":"","overlay-gradient":""}}},"product_brand":[],"product_cat":[62],"product_tag":[],"class_list":{"0":"post-7659","1":"product","2":"type-product","3":"status-publish","4":"has-post-thumbnail","6":"product_cat-ojos","7":"desktop-align-left","8":"tablet-align-left","9":"mobile-align-left","11":"first","12":"instock","13":"sale","14":"shipping-taxable","15":"product-type-external"},"_links":{"self":[{"href":"https:\/\/youniquebyemilie.com\/es\/wp-json\/wp\/v2\/product\/7659","targetHints":{"allow":["GET"]}}],"collection":[{"href":"https:\/\/youniquebyemilie.com\/es\/wp-json\/wp\/v2\/product"}],"about":[{"href":"https:\/\/youniquebyemilie.com\/es\/wp-json\/wp\/v2\/types\/product"}],"replies":[{"embeddable":true,"href":"https:\/\/youniquebyemilie.com\/es\/wp-json\/wp\/v2\/comments?post=7659"}],"wp:featuredmedia":[{"embeddable":true,"href":"https:\/\/youniquebyemilie.com\/es\/wp-json\/wp\/v2\/media\/7657"}],"wp:attachment":[{"href":"https:\/\/youniquebyemilie.com\/es\/wp-json\/wp\/v2\/media?parent=7659"}],"wp:term":[{"taxonomy":"product_brand","embeddable":true,"href":"https:\/\/youniquebyemilie.com\/es\/wp-json\/wp\/v2\/product_brand?post=7659"},{"taxonomy":"product_cat","embeddable":true,"href":"https:\/\/youniquebyemilie.com\/es\/wp-json\/wp\/v2\/product_cat?post=7659"},{"taxonomy":"product_tag","embeddable":true,"href":"https:\/\/youniquebyemilie.com\/es\/wp-json\/wp\/v2\/product_tag?post=7659"}],"curies":[{"name":"wp","href":"https:\/\/api.w.org\/{rel}","templated":true}]}}