{"id":7693,"date":"2025-07-24T16:27:37","date_gmt":"2025-07-24T14:27:37","guid":{"rendered":"https:\/\/youniquebyemilie.com\/produit\/you-ology-mascara-contorno-de-ojos\/"},"modified":"2025-11-26T08:52:50","modified_gmt":"2025-11-26T07:52:50","slug":"you-ology-mascara-contorno-de-ojos","status":"publish","type":"product","link":"https:\/\/youniquebyemilie.com\/es\/produit\/you-ology-mascara-contorno-de-ojos\/","title":{"rendered":"YOU-OLOGY M\u00e1scara Contorno de Ojos"},"content":{"rendered":"<p><span style=\"font-weight: 400;\">\u00bfConoces esas ma\u00f1anas en las que tus ojos muestran signos de cansancio, hinchaz\u00f3n y esa tez apagada que te hace sentir inc\u00f3moda? Esa era mi rutina diaria hasta que prob\u00e9 la mascarilla YOU-OLOGY para el contorno de ojos. Visita    <\/span><b>10-15 minutos<\/b><span style=\"font-weight: 400;\"> me dio ese m\u00e1gico impulso de luminosidad: piel m\u00e1s lisa <\/span><b>piel m\u00e1s lisa<\/b><span style=\"font-weight: 400;\">, <\/span><b>hidratada <\/b><span style=\"font-weight: 400;\">y <\/span><b>luminosa<\/b><span style=\"font-weight: 400;\">lista para afrontar el d\u00eda. \u00bfY lo mejor? No deja una pel\u00edcula grasa, as\u00ed que puedo maquillarme enseguida.  <\/span><\/p>\n<h2><span style=\"font-weight: 400;\">Lo que ganas con la m\u00e1scara YOU-OLOGY<\/span><\/h2>\n<ul>\n<li style=\"font-weight: 400;\" aria-level=\"1\"><b>Ojos visiblemente m\u00e1s frescos y descansados<\/b><span style=\"font-weight: 400;\">incluso despu\u00e9s de una noche corta o un d\u00eda estresante.<\/span><\/li>\n<li style=\"font-weight: 400;\" aria-level=\"1\"><b>Piel suave y calmada<\/b><span style=\"font-weight: 400;\"> gracias a la camomila y al hidrogel.<\/span><\/li>\n<li style=\"font-weight: 400;\" aria-level=\"1\"><b>Hidrataci\u00f3n intensa<\/b><span style=\"font-weight: 400;\"> que reduce las l\u00edneas de expresi\u00f3n y el aspecto hinchado gracias a la cafe\u00edna y al hialuronato s\u00f3dico.<\/span><\/li>\n<li style=\"font-weight: 400;\" aria-level=\"1\"><b>Un cutis radiante<\/b><span style=\"font-weight: 400;\"> potenciada por<\/span><b> vitamina C<\/b><span style=\"font-weight: 400;\"> y <\/span><b>niacinamida<\/b><span style=\"font-weight: 400;\">para iluminar el contorno de los ojos.<\/span><\/li>\n<li style=\"font-weight: 400;\" aria-level=\"1\"><b>Una forma r\u00e1pida y f\u00e1cil de relajarse<\/b><span style=\"font-weight: 400;\">ideal para agendas ocupadas.<\/span><\/li>\n<\/ul>\n<h2><span style=\"font-weight: 400;\">C\u00f3mo utilizar tu mascarilla YOU-OLOGY como un profesional<\/span><\/h2>\n<ol>\n<li style=\"font-weight: 400;\" aria-level=\"1\"><span style=\"font-weight: 400;\">Coloca suavemente la mascarilla bajo los ojos, presionando para que se adhiera bien.<\/span><\/li>\n<li style=\"font-weight: 400;\" aria-level=\"1\"><span style=\"font-weight: 400;\">Dejar actuar durante<\/span><b> de 10 a 15 minutos<\/b><span style=\"font-weight: 400;\"> mientras te preparas o te relajas.<\/span><\/li>\n<li style=\"font-weight: 400;\" aria-level=\"1\"><span style=\"font-weight: 400;\">Retira la mascarilla y masajea suavemente el exceso de suero en tu piel.<\/span><\/li>\n<li style=\"font-weight: 400;\" aria-level=\"1\"><span style=\"font-weight: 400;\">Sigue con tu crema de contorno de ojos o con tu rutina habitual.<\/span><\/li>\n<\/ol>\n<h2><span style=\"font-weight: 400;\">Por qu\u00e9 la mascarilla YOU-OLOGY es imprescindible<\/span><\/h2>\n<p><b><br \/>\n<\/b> <span style=\"font-weight: 400;\"> Esta mascarilla es m\u00e1s que un est\u00edmulo: est\u00e1 formulada con ingredientes suaves, eficaces y naturales que respetan tu piel sensible.<\/span><b> 91% de las usuarias<\/b><span style=\"font-weight: 400;\"> Para m\u00ed, se ha convertido en un producto imprescindible antes de cada gran reuni\u00f3n o cuando siento que a mi piel le falta energ\u00eda.<\/span><\/p>\n<h2><span style=\"font-weight: 400;\">FAQ: Todo lo que necesitas saber sobre tu m\u00e1scara ocular YOU-OLOGY<\/span><\/h2>\n<ol>\n<li><b>  \u00bfPor qu\u00e9 utilizar una m\u00e1scara de contorno de ojos en lugar de una crema cl\u00e1sica?<\/b><b><br \/>\n<\/b><span style=\"font-weight: 400;\">  La mascarilla proporciona una mayor concentraci\u00f3n de principios activos, una hidrataci\u00f3n intensa y un efecto refrescante inmediato. Act\u00faa en profundidad en s\u00f3lo 10-15 minutos, mientras que una crema act\u00faa m\u00e1s lentamente a largo plazo. <\/span><\/li>\n<li><b>  \u00bfCu\u00e1l es la mejor frecuencia de uso para un efecto \u00f3ptimo?<\/b><b><br \/>\n<\/b> <span style=\"font-weight: 400;\"> Puedes utilizarlo <\/span><b>de 2 a 3 veces por semana <\/b> <span style=\"font-weight: 400;\">para un est\u00edmulo intenso, o seg\u00fan sea necesario antes de un acontecimiento importante o cuando tu piel est\u00e9 cansada. Utilizado regularmente, ayuda a mantener un contorno de ojos hidratado y luminoso. <\/span><\/li>\n<li><b>  \u00bfSe puede utilizar la mascarilla YOU-OLOGY para el contorno de ojos en otras zonas de la cara?<\/b><b><br \/>\n<\/b><span style=\"font-weight: 400;\">  Esta mascarilla est\u00e1 formulada espec\u00edficamente para la delicada zona del contorno de ojos. Para otras zonas, utiliza mascarillas especialmente adaptadas o sueros YOU-OLOGY para un cuidado espec\u00edfico de la piel. <\/span><\/li>\n<li><b>  \u00bfLa mascarilla es adecuada para pieles sensibles y reactivas?<\/b><b><br \/>\n<\/b><span style=\"font-weight: 400;\">  S\u00ed, gracias a su f\u00f3rmula no grasa y suave, rica en manzanilla calmante e hidrogel, es ideal incluso para pieles sensibles o con tendencia a las rojeces.<\/span><\/li>\n<li><b>  \u00bfC\u00f3mo se siente despu\u00e9s de la aplicaci\u00f3n?<\/b><b><br \/>\n<\/b><span style=\"font-weight: 400;\">  La mascarilla proporciona una sensaci\u00f3n inmediata de frescor, alivia la tirantez y deja la piel suave, flexible y calmada.<\/span><\/li>\n<\/ol>\n<p><span style=\"font-weight: 400;\">\u00bfOjos frescos y luminosos, listos para afrontar el d\u00eda? \u00a1Est\u00e1 a un solo clic! Pide tu mascarilla YOU-OLOGY y siente la diferencia al instante.  <\/span><\/p>\n","protected":false},"excerpt":{"rendered":"<p><span style=\"font-weight: 400;\">\u00bfConoces esas ma\u00f1anas en las que tus ojos muestran signos de cansancio, hinchaz\u00f3n y esa tez apagada que te hace sentir inc\u00f3moda? Esa era mi rutina diaria hasta que prob\u00e9 la mascarilla YOU-OLOGY para el contorno de ojos. Visita    <\/span><b>10-15 minutos<\/b><span style=\"font-weight: 400;\"> me dio ese m\u00e1gico impulso de luminosidad: piel m\u00e1s lisa <\/span><b>piel m\u00e1s lisa<\/b><span style=\"font-weight: 400;\">, <\/span><b>hidratada <\/b><span style=\"font-weight: 400;\">y <\/span><b>luminosa<\/b><span style=\"font-weight: 400;\">lista para afrontar el d\u00eda. \u00bfY lo mejor? No deja una pel\u00edcula grasa, as\u00ed que puedo maquillarme enseguida.  <\/span><\/p>\n","protected":false},"featured_media":7691,"comment_status":"open","ping_status":"closed","template":"","meta":{"_seopress_robots_primary_cat":"none","_seopress_titles_title":"","_seopress_titles_desc":"","_seopress_robots_index":"","site-sidebar-layout":"default","site-content-layout":"","ast-site-content-layout":"default","site-content-style":"default","site-sidebar-style":"default","ast-global-header-display":"","ast-banner-title-visibility":"","ast-main-header-display":"","ast-hfb-above-header-display":"","ast-hfb-below-header-display":"","ast-hfb-mobile-header-display":"","site-post-title":"","ast-breadcrumbs-content":"","ast-featured-img":"","footer-sml-layout":"","ast-disable-related-posts":"","theme-transparent-header-meta":"default","adv-header-id-meta":"","stick-header-meta":"","header-above-stick-meta":"","header-main-stick-meta":"","header-below-stick-meta":"","astra-migrate-meta-layouts":"default","ast-page-background-enabled":"default","ast-page-background-meta":{"desktop":{"background-color":"var(--ast-global-color-4)","background-image":"","background-repeat":"repeat","background-position":"center center","background-size":"auto","background-attachment":"scroll","background-type":"","background-media":"","overlay-type":"","overlay-color":"","overlay-opacity":"","overlay-gradient":""},"tablet":{"background-color":"","background-image":"","background-repeat":"repeat","background-position":"center center","background-size":"auto","background-attachment":"scroll","background-type":"","background-media":"","overlay-type":"","overlay-color":"","overlay-opacity":"","overlay-gradient":""},"mobile":{"background-color":"","background-image":"","background-repeat":"repeat","background-position":"center center","background-size":"auto","background-attachment":"scroll","background-type":"","background-media":"","overlay-type":"","overlay-color":"","overlay-opacity":"","overlay-gradient":""}},"ast-content-background-meta":{"desktop":{"background-color":"var(--ast-global-color-5)","background-image":"","background-repeat":"repeat","background-position":"center center","background-size":"auto","background-attachment":"scroll","background-type":"","background-media":"","overlay-type":"","overlay-color":"","overlay-opacity":"","overlay-gradient":""},"tablet":{"background-color":"var(--ast-global-color-5)","background-image":"","background-repeat":"repeat","background-position":"center center","background-size":"auto","background-attachment":"scroll","background-type":"","background-media":"","overlay-type":"","overlay-color":"","overlay-opacity":"","overlay-gradient":""},"mobile":{"background-color":"var(--ast-global-color-5)","background-image":"","background-repeat":"repeat","background-position":"center center","background-size":"auto","background-attachment":"scroll","background-type":"","background-media":"","overlay-type":"","overlay-color":"","overlay-opacity":"","overlay-gradient":""}}},"product_brand":[],"product_cat":[62],"product_tag":[],"class_list":{"0":"post-7693","1":"product","2":"type-product","3":"status-publish","4":"has-post-thumbnail","6":"product_cat-ojos","7":"desktop-align-left","8":"tablet-align-left","9":"mobile-align-left","11":"first","12":"instock","13":"sale","14":"shipping-taxable","15":"product-type-external"},"_links":{"self":[{"href":"https:\/\/youniquebyemilie.com\/es\/wp-json\/wp\/v2\/product\/7693","targetHints":{"allow":["GET"]}}],"collection":[{"href":"https:\/\/youniquebyemilie.com\/es\/wp-json\/wp\/v2\/product"}],"about":[{"href":"https:\/\/youniquebyemilie.com\/es\/wp-json\/wp\/v2\/types\/product"}],"replies":[{"embeddable":true,"href":"https:\/\/youniquebyemilie.com\/es\/wp-json\/wp\/v2\/comments?post=7693"}],"wp:featuredmedia":[{"embeddable":true,"href":"https:\/\/youniquebyemilie.com\/es\/wp-json\/wp\/v2\/media\/7691"}],"wp:attachment":[{"href":"https:\/\/youniquebyemilie.com\/es\/wp-json\/wp\/v2\/media?parent=7693"}],"wp:term":[{"taxonomy":"product_brand","embeddable":true,"href":"https:\/\/youniquebyemilie.com\/es\/wp-json\/wp\/v2\/product_brand?post=7693"},{"taxonomy":"product_cat","embeddable":true,"href":"https:\/\/youniquebyemilie.com\/es\/wp-json\/wp\/v2\/product_cat?post=7693"},{"taxonomy":"product_tag","embeddable":true,"href":"https:\/\/youniquebyemilie.com\/es\/wp-json\/wp\/v2\/product_tag?post=7693"}],"curies":[{"name":"wp","href":"https:\/\/api.w.org\/{rel}","templated":true}]}}