{"id":7715,"date":"2025-07-24T16:33:49","date_gmt":"2025-07-24T14:33:49","guid":{"rendered":"https:\/\/youniquebyemilie.com\/produit\/sombra-de-ojos-liquida-moodstruck\/"},"modified":"2025-11-26T08:52:43","modified_gmt":"2025-11-26T07:52:43","slug":"sombra-de-ojos-liquida-moodstruck","status":"publish","type":"product","link":"https:\/\/youniquebyemilie.com\/es\/produit\/sombra-de-ojos-liquida-moodstruck\/","title":{"rendered":"Sombra de ojos l\u00edquida MOODSTRUCK"},"content":{"rendered":"<p><span style=\"font-weight: 400;\">Antes, las sombras de ojos l\u00edquidas eran siempre un incordio: se corr\u00edan, se desvanec\u00edan y, por la noche, mis ojos lo hab\u00edan perdido todo. Entonces descubr\u00ed <\/span><b>  Sombra de ojos l\u00edquida MOODSTRUCK,<\/b><span style=\"font-weight: 400;\">  \u00a1y fue entonces cuando me enamor\u00e9 de \u00e9l! Su textura   <\/span><b>crema en polvo<\/b><span style=\"font-weight: 400;\">  es fluido y ligero, se seca r\u00e1pidamente y dura todo el d\u00eda. Lo que realmente me encanta es la gama superrica de colores, desde mates a satinados y nacarados, para crear mil looks, desde los m\u00e1s naturales a los m\u00e1s intensos. Cr\u00e9eme, te har\u00e1 la vida mucho m\u00e1s f\u00e1cil y har\u00e1 que tus ojos brillen como nunca.  <\/span><\/p>\n<h2><span style=\"font-weight: 400;\">Lo que ganas con la sombra de ojos l\u00edquida MOODSTRUCK<\/span><\/h2>\n<ul>\n<li style=\"font-weight: 400;\" aria-level=\"1\"><b>Pigmentaci\u00f3n potente<\/b><span style=\"font-weight: 400;\"> para unos ojos cautivadores desde la primera pasada.<\/span>&nbsp;<\/li>\n<li style=\"font-weight: 400;\" aria-level=\"1\"><b>Una f\u00f3rmula ligera de crema a polvo<\/b><span style=\"font-weight: 400;\"> que se seca hasta conseguir un acabado en polvo, estable y sin transferencia.<\/span>&nbsp;<\/li>\n<li style=\"font-weight: 400;\" aria-level=\"1\"><b>Resistente al agua, a las manchas y a la transferencia<\/b><span style=\"font-weight: 400;\">Para un maquillaje que no te abandonar\u00e1.<\/span>&nbsp;<\/li>\n<li style=\"font-weight: 400;\" aria-level=\"1\"><b>Un aplicador de prensatelas con dep\u00f3sito <\/b><span style=\"font-weight: 400;\">para aplicar la cantidad perfecta, sin ensuciar.<\/span>&nbsp;<\/li>\n<li style=\"font-weight: 400;\" aria-level=\"1\"><b>Versatilidad<\/b><span style=\"font-weight: 400;\"> Util\u00edzalo como colorete o delineador de ojos, solo o en capas para conseguir looks \u00fanicos.<\/span><\/li>\n<\/ul>\n<p>&nbsp;<\/p>\n<h2><span style=\"font-weight: 400;\">Una paleta de colores para todos tus looks<\/span><\/h2>\n<p><span style=\"font-weight: 400;\">MOODSTRUCK ha creado una paleta de tonos tan variada que puedes jugar con tu look cada d\u00eda, seg\u00fan tu estado de \u00e1nimo. Cada color es una invitaci\u00f3n a explorar, a atreverte y a revelar diferentes aspectos de tu personalidad. <\/span><\/p>\n<ul>\n<li style=\"font-weight: 400;\" aria-level=\"1\"><b>Exuberante<\/b><span style=\"font-weight: 400;\">  Este azul intenso llama la atenci\u00f3n al instante. Atr\u00e9vete a llevarlo para conseguir un look atrevido e irresistible. <\/span>&nbsp;<\/li>\n<li style=\"font-weight: 400;\" aria-level=\"1\"><b>Giggly<\/b><span style=\"font-weight: 400;\"> Un rosa p\u00e1lido mate que aportar\u00e1 suavidad instant\u00e1nea a tus ojos, perfecto para un efecto natural y fresco.<\/span>&nbsp;<\/li>\n<li style=\"font-weight: 400;\" aria-level=\"1\"><b>Profesional<\/b><span style=\"font-weight: 400;\"> Un malva mate elegante, ideal para un maquillaje refinado, discreto y chic.<\/span>&nbsp;<\/li>\n<li style=\"font-weight: 400;\" aria-level=\"1\"><b>Adornado<\/b><span style=\"font-weight: 400;\"> Un marr\u00f3n oliva satinado salpicado de perlas doradas, un toque sutil que da calidez a tu mirada al tiempo que a\u00f1ade un delicado brillo.<\/span>&nbsp;<\/li>\n<li style=\"font-weight: 400;\" aria-level=\"1\"><b>Reverente<\/b><span style=\"font-weight: 400;\">  Este champ\u00e1n satinado es el tono que ilumina instant\u00e1neamente tu mirada. El aliado perfecto para dar un toque de luz con facilidad. <\/span>&nbsp;<\/li>\n<li style=\"font-weight: 400;\" aria-level=\"1\"><b>Exaltado<\/b><span style=\"font-weight: 400;\">  Un coral satinado con un acabado perlado dorado. Perfecto para un brillo vibrante y un efecto ultraglamuroso. <\/span>&nbsp;<\/li>\n<\/ul>\n<p><span style=\"font-weight: 400;\">Cada tono es una peque\u00f1a joya para a\u00f1adir a tu kit de belleza, y estoy segura de que te encantar\u00e1 jugar con las diferentes texturas y tonos para crear looks variados y \u00fanicos. Es muy sencillo: \u00a1con MOODSTRUCK, est\u00e1s lista para brillar! <\/span><\/p>\n<h2><span style=\"font-weight: 400;\">C\u00f3mo utilizar tu sombra de ojos l\u00edquida MOODSTRUCK<\/span><\/h2>\n<ul>\n<li style=\"font-weight: 400;\" aria-level=\"1\"><span style=\"font-weight: 400;\">Aplica el producto directamente sobre el p\u00e1rpado con el aplicador de palanca.<\/span>&nbsp;<\/li>\n<li style=\"font-weight: 400;\" aria-level=\"1\"><span style=\"font-weight: 400;\">Difumina suavemente con las yemas de los dedos o con un pincel para conseguir un efecto natural o intenso, seg\u00fan desees.<\/span>&nbsp;<\/li>\n<li style=\"font-weight: 400;\" aria-level=\"1\"><span style=\"font-weight: 400;\">Superpone tonos para jugar con el color y crear un look \u00fanico.<\/span>&nbsp;<\/li>\n<\/ul>\n<h2><span style=\"font-weight: 400;\">Ingredientes clave<\/span><\/h2>\n<ul>\n<li style=\"font-weight: 400;\" aria-level=\"1\"><b>Agua<\/b><span style=\"font-weight: 400;\"> y<\/span><b> glicerina<\/b><span style=\"font-weight: 400;\"> para una hidrataci\u00f3n ligera.<\/span>&nbsp;<\/li>\n<li style=\"font-weight: 400;\" aria-level=\"1\"><b>Copol\u00edmeros<\/b><span style=\"font-weight: 400;\"> para una fijaci\u00f3n duradera y un acabado sin transferencia.<\/span>&nbsp;<\/li>\n<li style=\"font-weight: 400;\" aria-level=\"1\"><b>Escualeno<\/b><span style=\"font-weight: 400;\"> para nutrir y proteger la delicada piel de los p\u00e1rpados.<\/span>&nbsp;<\/li>\n<li style=\"font-weight: 400;\" aria-level=\"1\"><b>Fenoxietanol <\/b><span style=\"font-weight: 400;\">y <\/span><b>caprilil <\/b><span style=\"font-weight: 400;\">glicol para su conservaci\u00f3n y suavidad.<\/span>&nbsp;<\/li>\n<\/ul>\n<h2><span style=\"font-weight: 400;\">Por qu\u00e9 te encantar\u00e1<\/span><\/h2>\n<p><span style=\"font-weight: 400;\"><br \/>\n<\/span><span style=\"font-weight: 400;\">  Porque es la combinaci\u00f3n perfecta de facilidad, fijaci\u00f3n y color. Tanto si tienes prisa como si quieres un maquillaje que dure todo el d\u00eda, esta sombra de ojos l\u00edquida es tu aliada. Su innovadora textura facilita su aplicaci\u00f3n y su gama de colores te permite expresar tu creatividad sin l\u00edmites. Pide ya tu sombra de ojos l\u00edquida MOODSTRUCK y cambia de look en un abrir y cerrar de ojos, \u00a1sin estr\u00e9s ni manchas!   <\/span><\/p>\n<h2><span style=\"font-weight: 400;\">FAQ: Todo lo que necesitas saber sobre tu sombra de ojos l\u00edquida MOODSTRUCK<\/span><\/h2>\n<ol>\n<li style=\"font-weight: 400;\" aria-level=\"1\"><b>\u00bfEste maquillaje es adecuado para todos los tipos de piel?<\/b><span style=\"font-weight: 400;\"><br \/>\n<\/span><span style=\"font-weight: 400;\">  S\u00ed, su f\u00f3rmula ligera y suave es adecuada incluso para pieles sensibles.<\/span>&nbsp;<\/li>\n<li style=\"font-weight: 400;\" aria-level=\"1\"><b>\u00bfC\u00f3mo puedo hacer que mi maquillaje dure m\u00e1s?<\/b><span style=\"font-weight: 400;\"><br \/>\n<\/span><span style=\"font-weight: 400;\">  Aplica una base para p\u00e1rpados antes de la sombra para una mejor adherencia.<\/span>&nbsp;<\/li>\n<li style=\"font-weight: 400;\" aria-level=\"1\"><b>\u00bfEste producto es f\u00e1cil de quitar?<\/b><span style=\"font-weight: 400;\"><br \/>\n<\/span><span style=\"font-weight: 400;\">  S\u00ed, puede eliminarse f\u00e1cilmente con un desmaquillante suave, sin frotar.<\/span>&nbsp;<\/li>\n<li style=\"font-weight: 400;\" aria-level=\"1\"><b>\u00bfCu\u00e1l es el tiempo medio de conservaci\u00f3n tras la apertura?<\/b><span style=\"font-weight: 400;\"><br \/>\n<\/span><span style=\"font-weight: 400;\">  Aproximadamente 12 meses, siempre que la botella est\u00e9 bien cerrada.<\/span>&nbsp;<\/li>\n<li style=\"font-weight: 400;\" aria-level=\"1\"><b>\u00bfSe puede utilizar para el maquillaje de noche?<\/b><b><br \/>\n<\/b> <span style=\"font-weight: 400;\">S\u00ed, gracias a su intensa pigmentaci\u00f3n y sus variados acabados, es perfecta tanto para looks de d\u00eda como de noche.<\/span>&nbsp;<\/li>\n<\/ol>\n<p><span style=\"font-weight: 400;\">Vamos, \u00a1es hora de pasar a la acci\u00f3n! Saca tu tarjeta, pide tu sombra de ojos l\u00edquida MOODSTRUCK y prep\u00e1rate para atraer todas las miradas con una mirada intensa y ultra fresca, sin complicaciones. Hazte este regalo, \u00a1te lo mereces de verdad!  <\/span><\/p>\n","protected":false},"excerpt":{"rendered":"<p><span style=\"font-weight: 400;\">Antes, las sombras de ojos l\u00edquidas eran siempre un incordio: se corr\u00edan, se desvanec\u00edan y, por la noche, mis ojos lo hab\u00edan perdido todo. Entonces descubr\u00ed <\/span><b>  Sombra de ojos l\u00edquida MOODSTRUCK,<\/b><span style=\"font-weight: 400;\">  \u00a1y fue entonces cuando me enamor\u00e9 de \u00e9l! Su textura   <\/span><b>crema en polvo<\/b><span style=\"font-weight: 400;\">  es fluido y ligero, se seca r\u00e1pidamente y dura todo el d\u00eda. Lo que realmente me encanta es la gama superrica de colores, desde mates a satinados y nacarados, para crear mil looks, desde los m\u00e1s naturales a los m\u00e1s intensos. Cr\u00e9eme, te har\u00e1 la vida mucho m\u00e1s f\u00e1cil y har\u00e1 que tus ojos brillen como nunca.  <\/span><\/p>\n","protected":false},"featured_media":7713,"comment_status":"open","ping_status":"closed","template":"","meta":{"_seopress_robots_primary_cat":"none","_seopress_titles_title":"","_seopress_titles_desc":"","_seopress_robots_index":"","site-sidebar-layout":"default","site-content-layout":"","ast-site-content-layout":"default","site-content-style":"default","site-sidebar-style":"default","ast-global-header-display":"","ast-banner-title-visibility":"","ast-main-header-display":"","ast-hfb-above-header-display":"","ast-hfb-below-header-display":"","ast-hfb-mobile-header-display":"","site-post-title":"","ast-breadcrumbs-content":"","ast-featured-img":"","footer-sml-layout":"","ast-disable-related-posts":"","theme-transparent-header-meta":"default","adv-header-id-meta":"","stick-header-meta":"","header-above-stick-meta":"","header-main-stick-meta":"","header-below-stick-meta":"","astra-migrate-meta-layouts":"default","ast-page-background-enabled":"default","ast-page-background-meta":{"desktop":{"background-color":"var(--ast-global-color-4)","background-image":"","background-repeat":"repeat","background-position":"center center","background-size":"auto","background-attachment":"scroll","background-type":"","background-media":"","overlay-type":"","overlay-color":"","overlay-opacity":"","overlay-gradient":""},"tablet":{"background-color":"","background-image":"","background-repeat":"repeat","background-position":"center center","background-size":"auto","background-attachment":"scroll","background-type":"","background-media":"","overlay-type":"","overlay-color":"","overlay-opacity":"","overlay-gradient":""},"mobile":{"background-color":"","background-image":"","background-repeat":"repeat","background-position":"center center","background-size":"auto","background-attachment":"scroll","background-type":"","background-media":"","overlay-type":"","overlay-color":"","overlay-opacity":"","overlay-gradient":""}},"ast-content-background-meta":{"desktop":{"background-color":"var(--ast-global-color-5)","background-image":"","background-repeat":"repeat","background-position":"center center","background-size":"auto","background-attachment":"scroll","background-type":"","background-media":"","overlay-type":"","overlay-color":"","overlay-opacity":"","overlay-gradient":""},"tablet":{"background-color":"var(--ast-global-color-5)","background-image":"","background-repeat":"repeat","background-position":"center center","background-size":"auto","background-attachment":"scroll","background-type":"","background-media":"","overlay-type":"","overlay-color":"","overlay-opacity":"","overlay-gradient":""},"mobile":{"background-color":"var(--ast-global-color-5)","background-image":"","background-repeat":"repeat","background-position":"center center","background-size":"auto","background-attachment":"scroll","background-type":"","background-media":"","overlay-type":"","overlay-color":"","overlay-opacity":"","overlay-gradient":""}}},"product_brand":[],"product_cat":[62],"product_tag":[],"class_list":{"0":"post-7715","1":"product","2":"type-product","3":"status-publish","4":"has-post-thumbnail","6":"product_cat-ojos","7":"desktop-align-left","8":"tablet-align-left","9":"mobile-align-left","11":"first","12":"instock","13":"sale","14":"shipping-taxable","15":"product-type-external"},"_links":{"self":[{"href":"https:\/\/youniquebyemilie.com\/es\/wp-json\/wp\/v2\/product\/7715","targetHints":{"allow":["GET"]}}],"collection":[{"href":"https:\/\/youniquebyemilie.com\/es\/wp-json\/wp\/v2\/product"}],"about":[{"href":"https:\/\/youniquebyemilie.com\/es\/wp-json\/wp\/v2\/types\/product"}],"replies":[{"embeddable":true,"href":"https:\/\/youniquebyemilie.com\/es\/wp-json\/wp\/v2\/comments?post=7715"}],"wp:featuredmedia":[{"embeddable":true,"href":"https:\/\/youniquebyemilie.com\/es\/wp-json\/wp\/v2\/media\/7713"}],"wp:attachment":[{"href":"https:\/\/youniquebyemilie.com\/es\/wp-json\/wp\/v2\/media?parent=7715"}],"wp:term":[{"taxonomy":"product_brand","embeddable":true,"href":"https:\/\/youniquebyemilie.com\/es\/wp-json\/wp\/v2\/product_brand?post=7715"},{"taxonomy":"product_cat","embeddable":true,"href":"https:\/\/youniquebyemilie.com\/es\/wp-json\/wp\/v2\/product_cat?post=7715"},{"taxonomy":"product_tag","embeddable":true,"href":"https:\/\/youniquebyemilie.com\/es\/wp-json\/wp\/v2\/product_tag?post=7715"}],"curies":[{"name":"wp","href":"https:\/\/api.w.org\/{rel}","templated":true}]}}