{"id":7766,"date":"2025-07-24T16:57:33","date_gmt":"2025-07-24T14:57:33","guid":{"rendered":"https:\/\/youniquebyemilie.com\/produit\/moodstruck-beloved-paleta-compacta-de-sombras-de-ojos\/"},"modified":"2025-11-26T08:52:34","modified_gmt":"2025-11-26T07:52:34","slug":"moodstruck-beloved-paleta-compacta-de-sombras-de-ojos","status":"publish","type":"product","link":"https:\/\/youniquebyemilie.com\/es\/produit\/moodstruck-beloved-paleta-compacta-de-sombras-de-ojos\/","title":{"rendered":"MOODSTRUCK BELOVED Paleta compacta de sombras de ojos"},"content":{"rendered":"<p><span style=\"font-weight: 400;\">Creo que nuestros ojos merecen tanta atenci\u00f3n como nuestra sonrisa.<\/span><b> La paleta MOODSTRUCK BELOVED<\/b><span style=\"font-weight: 400;\">es exactamente eso: una colecci\u00f3n de <\/span><b>6 sombras de ojos<\/b><span style=\"font-weight: 400;\">  ultrapigmentada, con sublimes acabados met\u00e1licos que te aportan fuerza y belleza a partes iguales. Inspirada en los metales preciosos, esta paleta hace brillar tus ojos con colores ricos y fundentes que aguantan incre\u00edblemente bien. <\/span><\/p>\n<p><span style=\"font-weight: 400;\">Su <\/span><b>textura cremosa<\/b><span style=\"font-weight: 400;\">enriquecida con <\/span><b>innovadora tecnolog\u00eda h\u00fameda<\/b><span style=\"font-weight: 400;\">Se desliza sobre la piel como un sue\u00f1o, es f\u00e1cil de difuminar y se puede modular a tu antojo. Tanto si quieres un look natural para el d\u00eda como un maquillaje atrevido para la noche, esta paleta te acompa\u00f1ar\u00e1 en todo momento, de la ma\u00f1ana a la noche. <\/span><\/p>\n<h2><span style=\"font-weight: 400;\">Lo que ganas con la paleta MOODSTRUCK BELOVED<\/span><\/h2>\n<ul>\n<li style=\"font-weight: 400;\" aria-level=\"1\"><b>Pigmentaci\u00f3n intensa y duradera<\/b><span style=\"font-weight: 400;\"> Los pigmentos finamente molidos garantizan un color vibrante y duradero, sin esfuerzo.<\/span>&nbsp;<\/li>\n<li style=\"font-weight: 400;\" aria-level=\"1\"><b>Acabado Met\u00e1lico Fundente<\/b><span style=\"font-weight: 400;\"> Un brillo sofisticado y moderno que a\u00f1ade profundidad y car\u00e1cter a tu look.<\/span>&nbsp;<\/li>\n<li style=\"font-weight: 400;\" aria-level=\"1\"><b>Textura cremosa y ajustable<\/b><span style=\"font-weight: 400;\"> Apl\u00edcalo f\u00e1cilmente, difum\u00ednalo a voluntad y crea un efecto sutil o intenso seg\u00fan tu estado de \u00e1nimo.<\/span>&nbsp;<\/li>\n<li style=\"font-weight: 400;\" aria-level=\"1\"><b>Paleta compacta y vers\u00e1til<\/b><span style=\"font-weight: 400;\"> Ll\u00e9vate tu paleta a cualquier parte, mezcla y combina tonos para crear looks \u00fanicos y personalizados.<\/span>&nbsp;<\/li>\n<li style=\"font-weight: 400;\" aria-level=\"1\"><b>Cuidado y confort<\/b><span style=\"font-weight: 400;\"> F\u00f3rmula suave que respeta la piel sensible de los p\u00e1rpados, ideal para uso diario.<\/span>&nbsp;<\/li>\n<\/ul>\n<h2><span style=\"font-weight: 400;\">C\u00f3mo utilizar tu paleta MOODSTRUCK BELOVED<\/span><\/h2>\n<ol>\n<li style=\"font-weight: 400;\" aria-level=\"1\"><span style=\"font-weight: 400;\">Prepara tu piel con la base de ojos MOODSTRUCK para una fijaci\u00f3n m\u00e1xima.<\/span>&nbsp;<\/li>\n<li style=\"font-weight: 400;\" aria-level=\"1\"><span style=\"font-weight: 400;\">Aplica el color que elijas en el p\u00e1rpado con tu pincel YOUNIQUE favorito.<\/span>&nbsp;<\/li>\n<li style=\"font-weight: 400;\" aria-level=\"1\"><span style=\"font-weight: 400;\">Alisa los bordes para un aspecto armonioso y natural.<\/span>&nbsp;<\/li>\n<li style=\"font-weight: 400;\" aria-level=\"1\"><span style=\"font-weight: 400;\">Mezcla tonos para un look a medida, desde el m\u00e1s suave al m\u00e1s espectacular.<\/span>&nbsp;<\/li>\n<li style=\"font-weight: 400;\" aria-level=\"1\"><span style=\"font-weight: 400;\">A\u00f1ade un toque de luz con un tono met\u00e1lico en el \u00e1ngulo interno o en el hueso de la ceja.<\/span>&nbsp;<\/li>\n<\/ol>\n<h2><span style=\"font-weight: 400;\">Por qu\u00e9 te encantar\u00e1 esta paleta<\/span><\/h2>\n<p><span style=\"font-weight: 400;\">Porque convierte el maquillaje en un juego de ni\u00f1os y te permite expresar con audacia tu personalidad. La paleta MOODSTRUCK BELOVED te ofrece una explosi\u00f3n de colores preciosos, una textura lujosa y una fijaci\u00f3n infalible. Rellenable y compacta, respeta tu piel y el planeta, a la vez que te proporciona unos ojos intensos y magn\u00e9ticos. Me encanta, y te prometo que a ti tambi\u00e9n te encantar\u00e1.   <\/span><\/p>\n<h2><span style=\"font-weight: 400;\">FAQ: Todo lo que necesitas saber sobre tu paleta MOODSTRUCK BELOVED<\/span><\/h2>\n<ol>\n<li><b>  \u00bfEsta paleta es adecuada para todos los tipos de piel?<\/b><b><br \/>\n<\/b><span style=\"font-weight: 400;\">  S\u00ed, su f\u00f3rmula suave y respetuosa es perfecta incluso para los p\u00e1rpados sensibles.<\/span><\/li>\n<li><b>  \u00bfCu\u00e1nto duran estas sombras?<\/b><b><br \/>\n<\/b><span style=\"font-weight: 400;\">  Hasta 12 horas sin desvanecerse ni borrarse, gracias a su f\u00f3rmula innovadora.<\/span><\/li>\n<li><b>  \u00bfSe puede utilizar esta paleta para el maquillaje de d\u00eda y de noche?<\/b><b><br \/>\n<\/b><span style=\"font-weight: 400;\">  Los tonos absolutos, met\u00e1licos y mates hacen que sea f\u00e1cil pasar de un look natural a un maquillaje sofisticado.<\/span><\/li>\n<li><b>  \u00bfLa paleta es rellenable?<\/b><b><br \/>\n<\/b><span style=\"font-weight: 400;\">  S\u00ed, puedes sustituir las persianas individuales para ahorrar dinero y reducir los residuos.<\/span><\/li>\n<li><b>  \u00bfC\u00f3mo se limpian los cepillos YOUNIQUE recomendados?<\/b><b><br \/>\n<\/b><span style=\"font-weight: 400;\">  L\u00e1valos con jab\u00f3n suave o con un limpiador especial para cepillos, y luego d\u00e9jalos secar al aire.<\/span><\/li>\n<\/ol>\n<p><span style=\"font-weight: 400;\">Pide hoy mismo tu paleta compacta de sombras de ojos MOODSTRUCK BELOVED y revela una mirada poderosa, elegante e irresistible con cada mirada. No esperes m\u00e1s, \u00a1tu nueva rutina de belleza te est\u00e1 esperando! <\/span><\/p>\n","protected":false},"excerpt":{"rendered":"<p><span style=\"font-weight: 400;\">Creo que nuestros ojos merecen tanta atenci\u00f3n como nuestra sonrisa.<\/span><b> La paleta MOODSTRUCK BELOVED<\/b><span style=\"font-weight: 400;\">es exactamente eso: una colecci\u00f3n de <\/span><b>6 sombras de ojos<\/b><span style=\"font-weight: 400;\">  ultrapigmentada, con sublimes acabados met\u00e1licos que te aportan fuerza y belleza a partes iguales. Inspirada en los metales preciosos, esta paleta hace brillar tus ojos con colores ricos y fundentes que aguantan incre\u00edblemente bien. <\/span><\/p>\n<p><span style=\"font-weight: 400;\">Su <\/span><b>textura cremosa<\/b><span style=\"font-weight: 400;\">enriquecida con <\/span><b>innovadora tecnolog\u00eda h\u00fameda<\/b><span style=\"font-weight: 400;\">Se desliza sobre la piel como un sue\u00f1o, es f\u00e1cil de difuminar y se puede modular a tu antojo. Tanto si quieres un look natural para el d\u00eda como un maquillaje atrevido para la noche, esta paleta te acompa\u00f1ar\u00e1 en todo momento, de la ma\u00f1ana a la noche. <\/span><\/p>\n","protected":false},"featured_media":7764,"comment_status":"open","ping_status":"closed","template":"","meta":{"_seopress_robots_primary_cat":"none","_seopress_titles_title":"","_seopress_titles_desc":"","_seopress_robots_index":"","site-sidebar-layout":"default","site-content-layout":"","ast-site-content-layout":"default","site-content-style":"default","site-sidebar-style":"default","ast-global-header-display":"","ast-banner-title-visibility":"","ast-main-header-display":"","ast-hfb-above-header-display":"","ast-hfb-below-header-display":"","ast-hfb-mobile-header-display":"","site-post-title":"","ast-breadcrumbs-content":"","ast-featured-img":"","footer-sml-layout":"","ast-disable-related-posts":"","theme-transparent-header-meta":"default","adv-header-id-meta":"","stick-header-meta":"","header-above-stick-meta":"","header-main-stick-meta":"","header-below-stick-meta":"","astra-migrate-meta-layouts":"default","ast-page-background-enabled":"default","ast-page-background-meta":{"desktop":{"background-color":"var(--ast-global-color-4)","background-image":"","background-repeat":"repeat","background-position":"center center","background-size":"auto","background-attachment":"scroll","background-type":"","background-media":"","overlay-type":"","overlay-color":"","overlay-opacity":"","overlay-gradient":""},"tablet":{"background-color":"","background-image":"","background-repeat":"repeat","background-position":"center center","background-size":"auto","background-attachment":"scroll","background-type":"","background-media":"","overlay-type":"","overlay-color":"","overlay-opacity":"","overlay-gradient":""},"mobile":{"background-color":"","background-image":"","background-repeat":"repeat","background-position":"center center","background-size":"auto","background-attachment":"scroll","background-type":"","background-media":"","overlay-type":"","overlay-color":"","overlay-opacity":"","overlay-gradient":""}},"ast-content-background-meta":{"desktop":{"background-color":"var(--ast-global-color-5)","background-image":"","background-repeat":"repeat","background-position":"center center","background-size":"auto","background-attachment":"scroll","background-type":"","background-media":"","overlay-type":"","overlay-color":"","overlay-opacity":"","overlay-gradient":""},"tablet":{"background-color":"var(--ast-global-color-5)","background-image":"","background-repeat":"repeat","background-position":"center center","background-size":"auto","background-attachment":"scroll","background-type":"","background-media":"","overlay-type":"","overlay-color":"","overlay-opacity":"","overlay-gradient":""},"mobile":{"background-color":"var(--ast-global-color-5)","background-image":"","background-repeat":"repeat","background-position":"center center","background-size":"auto","background-attachment":"scroll","background-type":"","background-media":"","overlay-type":"","overlay-color":"","overlay-opacity":"","overlay-gradient":""}}},"product_brand":[],"product_cat":[62],"product_tag":[],"class_list":{"0":"post-7766","1":"product","2":"type-product","3":"status-publish","4":"has-post-thumbnail","6":"product_cat-ojos","7":"desktop-align-left","8":"tablet-align-left","9":"mobile-align-left","11":"first","12":"instock","13":"sale","14":"shipping-taxable","15":"product-type-external"},"_links":{"self":[{"href":"https:\/\/youniquebyemilie.com\/es\/wp-json\/wp\/v2\/product\/7766","targetHints":{"allow":["GET"]}}],"collection":[{"href":"https:\/\/youniquebyemilie.com\/es\/wp-json\/wp\/v2\/product"}],"about":[{"href":"https:\/\/youniquebyemilie.com\/es\/wp-json\/wp\/v2\/types\/product"}],"replies":[{"embeddable":true,"href":"https:\/\/youniquebyemilie.com\/es\/wp-json\/wp\/v2\/comments?post=7766"}],"wp:featuredmedia":[{"embeddable":true,"href":"https:\/\/youniquebyemilie.com\/es\/wp-json\/wp\/v2\/media\/7764"}],"wp:attachment":[{"href":"https:\/\/youniquebyemilie.com\/es\/wp-json\/wp\/v2\/media?parent=7766"}],"wp:term":[{"taxonomy":"product_brand","embeddable":true,"href":"https:\/\/youniquebyemilie.com\/es\/wp-json\/wp\/v2\/product_brand?post=7766"},{"taxonomy":"product_cat","embeddable":true,"href":"https:\/\/youniquebyemilie.com\/es\/wp-json\/wp\/v2\/product_cat?post=7766"},{"taxonomy":"product_tag","embeddable":true,"href":"https:\/\/youniquebyemilie.com\/es\/wp-json\/wp\/v2\/product_tag?post=7766"}],"curies":[{"name":"wp","href":"https:\/\/api.w.org\/{rel}","templated":true}]}}