{"id":7779,"date":"2025-07-24T17:05:25","date_gmt":"2025-07-24T15:05:25","guid":{"rendered":"https:\/\/youniquebyemilie.com\/produit\/paleta-de-sombras-de-ojos-moodstruck-addiction\/"},"modified":"2025-11-26T08:52:27","modified_gmt":"2025-11-26T07:52:27","slug":"paleta-de-sombras-de-ojos-moodstruck-addiction","status":"publish","type":"product","link":"https:\/\/youniquebyemilie.com\/es\/produit\/paleta-de-sombras-de-ojos-moodstruck-addiction\/","title":{"rendered":"Paleta de sombras de ojos MOODSTRUCK ADDICTION"},"content":{"rendered":"<p><span style=\"font-weight: 400;\">Antes me costaba encontrar una paleta que me sentara bien. Con demasiada frecuencia, o bien los colores no me hablaban, o bien se desvanec\u00edan a lo largo del d\u00eda. Entonces descubr\u00ed la    <\/span><b>ADICCI\u00d3N A MOODSTRUCK<\/b><span style=\"font-weight: 400;\">y \u00a1fue una revelaci\u00f3n!<\/span><\/p>\n<p><span style=\"font-weight: 400;\">Lo que me encanta es esta <\/span><b>cuidada selecci\u00f3n de tonos<\/b><span style=\"font-weight: 400;\">  La gama incluye suaves mates, satinados que atraen la luz y tonos nacarados que dan un aut\u00e9ntico efecto \u00abwow\u00bb. Todo est\u00e1 dise\u00f1ado para que puedas crear un maquillaje discreto para el trabajo o un look atrevido para salir. \u00bfY lo mejor? El conjunto. Sinceramente, no se mueve. Nada de retoques cada dos horas, se mantiene perfecto de la ma\u00f1ana a la noche. Y eso es una verdadera ventaja cuando vas de un lado para otro.      <\/span><\/p>\n<h2><span style=\"font-weight: 400;\">Lo que realmente ganas con esta paleta<\/span><\/h2>\n<ul>\n<li style=\"font-weight: 400;\" aria-level=\"1\"><span style=\"font-weight: 400;\">A <\/span><b>paleta completa de 9 colores coordinados<\/b><span style=\"font-weight: 400;\"> que combinan a la perfecci\u00f3n, para que no tengas quebraderos de cabeza buscando la combinaci\u00f3n adecuada.<\/span>&nbsp;<\/li>\n<li style=\"font-weight: 400;\" aria-level=\"1\"><span style=\"font-weight: 400;\">A <\/span><b>acabados<\/b><span style=\"font-weight: 400;\"> que te permiten jugar con las texturas sin complicarte la vida.<\/span>&nbsp;<\/li>\n<li style=\"font-weight: 400;\" aria-level=\"1\"><span style=\"font-weight: 400;\">A <\/span><b>f\u00f3rmula resistente<\/b><span style=\"font-weight: 400;\"> que no se corre ni se emborrona, y mantiene sus pigmentos intensos durante mucho tiempo.<\/span>&nbsp;<\/li>\n<li style=\"font-weight: 400;\" aria-level=\"1\"><span style=\"font-weight: 400;\">A <\/span><b>textura agradable<\/b><span style=\"font-weight: 400;\"> f\u00e1cil de difuminar, incluso cuando tienes prisa.<\/span>&nbsp;<\/li>\n<li style=\"font-weight: 400;\" aria-level=\"1\"><span style=\"font-weight: 400;\">Un tama\u00f1o compacto y superpr\u00e1ctico para llevar en el bolso y retocarte r\u00e1pidamente.<\/span>&nbsp;<\/li>\n<\/ul>\n<h2><span style=\"font-weight: 400;\">\u00bfC\u00f3mo puedes utilizarlo a diario?<\/span><\/h2>\n<ol>\n<li style=\"font-weight: 400;\" aria-level=\"1\"><span style=\"font-weight: 400;\">Prepara tus p\u00e1rpados con una base para que el color se fije perfectamente y dure todo el d\u00eda.<\/span>&nbsp;<\/li>\n<li style=\"font-weight: 400;\" aria-level=\"1\"><span style=\"font-weight: 400;\">Aplica una sombra clara por todo el p\u00e1rpado para igualar el tono de tu piel.<\/span>&nbsp;<\/li>\n<li style=\"font-weight: 400;\" aria-level=\"1\"><span style=\"font-weight: 400;\">A\u00f1ade un color medio en el pliegue del p\u00e1rpado para dar estructura y profundidad a tus ojos.<\/span>&nbsp;<\/li>\n<li style=\"font-weight: 400;\" aria-level=\"1\"><span style=\"font-weight: 400;\">Termina con un tono m\u00e1s oscuro en el \u00e1ngulo externo del ojo para intensificarlo y crear una profundidad natural.<\/span><\/li>\n<\/ol>\n<h2><span style=\"font-weight: 400;\">Ingredientes que cuidan tus ojos cada d\u00eda<\/span><\/h2>\n<p><span style=\"font-weight: 400;\">La piel del contorno de los ojos es delicada, por eso la paleta MOODSTRUCK BELOVED contiene ingredientes especialmente elegidos para ser suaves.<\/span><\/p>\n<ul>\n<li style=\"font-weight: 400;\" aria-level=\"1\"><b>Pigmentos finamente molidos<\/b><span style=\"font-weight: 400;\"> Para un color ultraintenso que dura todo el d\u00eda sin descamarse ni desvanecerse.<\/span>&nbsp;<\/li>\n<li style=\"font-weight: 400;\" aria-level=\"1\"><b>Miristato de isopropilo y dimeticona<\/b><span style=\"font-weight: 400;\"> Miristato de isopropilo y dimeticona: ofrecen una textura suave y cremosa que se desliza perfectamente sobre el p\u00e1rpado, facilitando su aplicaci\u00f3n y difuminado.<\/span>&nbsp;<\/li>\n<li style=\"font-weight: 400;\" aria-level=\"1\"><b>Tecnolog\u00eda de polimetilsilsesquioxano<\/b><span style=\"font-weight: 400;\"> Esta tecnolog\u00eda fija el color durante mucho tiempo, incluso en d\u00edas ajetreados y h\u00famedos.<\/span>&nbsp;<\/li>\n<li style=\"font-weight: 400;\" aria-level=\"1\"><b>Minerales naturales como el oxicloruro de bismuto<\/b><span style=\"font-weight: 400;\"> Para un resplandor y una luminosidad sutiles que realzan cada mirada.<\/span>&nbsp;<\/li>\n<\/ul>\n<p><span style=\"font-weight: 400;\">Estos ingredientes trabajan en sinergia para proteger tu piel y realzar tu maquillaje. Disfruta de unos ojos vibrantes, confortables y duraderos, d\u00eda tras d\u00eda. As\u00ed que hazte un favor y haz tu pedido ahora. Tus ojos se merecen lo mejor, y esta paleta te acompa\u00f1ar\u00e1 a todas partes, \u00a1durante todo el d\u00eda!   <\/span><\/p>\n<h2><span style=\"font-weight: 400;\">FAQ: Todo lo que necesitas saber sobre tu paleta compacta de sombras de ojos MOODSTRUCK BELOVED - Volumen 3<\/span><\/h2>\n<ol>\n<li><b>  \u00bfLa paleta es adecuada para todos los tipos de piel?<\/b><b><br \/>\n<\/b><span style=\"font-weight: 400;\">  S\u00ed, su f\u00f3rmula suave y no irritante es adecuada incluso para pieles sensibles, gracias a sus ingredientes minerales y a una textura cremosa que respeta la fr\u00e1gil piel de los p\u00e1rpados.<\/span><\/li>\n<li><b>  \u00bfEs esta paleta resistente al agua y a la transpiraci\u00f3n?<\/b><b><br \/>\n<\/b><span style=\"font-weight: 400;\">  S\u00ed, gracias a la tecnolog\u00eda de polimetilsilsesquioxano, los colores duran todo el d\u00eda sin deste\u00f1irse ni correrse, incluso en climas c\u00e1lidos o h\u00famedos.<\/span><\/li>\n<li><b>  \u00bfC\u00f3mo se optimiza la aplicaci\u00f3n para obtener un resultado profesional?<\/b><b><br \/>\n<\/b><span style=\"font-weight: 400;\">  Utiliza la prebase de ojos MOODSTRUCK antes de aplicar las sombras. Apl\u00edcalas con un pincel limpio y difum\u00ednalas por los bordes para conseguir un acabado natural. <\/span><\/li>\n<li><b>  \u00bfLa paleta es compacta y f\u00e1cil de transportar?<\/b><b><br \/>\n<\/b><span style=\"font-weight: 400;\">  S\u00ed, est\u00e1 dise\u00f1ado para ser ligero y elegante, perfecto para tu kit de belleza e ideal para retocarte el maquillaje durante el d\u00eda.<\/span><\/li>\n<li><b>  \u00bfC\u00f3mo cuida la paleta la piel del contorno de los ojos?<\/b><b><br \/>\n<\/b><span style=\"font-weight: 400;\">  Gracias a ingredientes suaves como la dimeticona y el miristato de isopropilo, la paleta respeta e hidrata la piel sensible de los p\u00e1rpados, para un maquillaje c\u00f3modo durante todo el d\u00eda.<\/span><\/li>\n<\/ol>\n<p><span style=\"font-weight: 400;\">No esperes m\u00e1s para pedir tu paleta compacta de sombras de ojos MOODSTRUCK BELOVED - Volumen 3. Date la libertad de crear looks a tu medida, con colores intensos, larga duraci\u00f3n y una textura suave.   <\/span><\/p>\n","protected":false},"excerpt":{"rendered":"<p><span style=\"font-weight: 400;\">Antes me costaba encontrar una paleta que me sentara bien. Con demasiada frecuencia, o bien los colores no me hablaban, o bien se desvanec\u00edan a lo largo del d\u00eda. Entonces descubr\u00ed la    <\/span><b>ADICCI\u00d3N A MOODSTRUCK<\/b><span style=\"font-weight: 400;\">y \u00a1fue una revelaci\u00f3n!<\/span><\/p>\n<p><span style=\"font-weight: 400;\">Lo que me encanta es esta <\/span><b>cuidada selecci\u00f3n de tonos<\/b><span style=\"font-weight: 400;\">  La gama incluye suaves mates, satinados que atraen la luz y tonos nacarados que dan un aut\u00e9ntico efecto \u00abwow\u00bb. Todo est\u00e1 dise\u00f1ado para que puedas crear un maquillaje discreto para el trabajo o un look atrevido para salir. \u00bfY lo mejor? El conjunto. Sinceramente, no se mueve. Nada de retoques cada dos horas, se mantiene perfecto de la ma\u00f1ana a la noche. Y eso es una verdadera ventaja cuando vas de un lado para otro.      <\/span><\/p>\n","protected":false},"featured_media":7777,"comment_status":"open","ping_status":"closed","template":"","meta":{"_seopress_robots_primary_cat":"none","_seopress_titles_title":"","_seopress_titles_desc":"","_seopress_robots_index":"","site-sidebar-layout":"default","site-content-layout":"","ast-site-content-layout":"default","site-content-style":"default","site-sidebar-style":"default","ast-global-header-display":"","ast-banner-title-visibility":"","ast-main-header-display":"","ast-hfb-above-header-display":"","ast-hfb-below-header-display":"","ast-hfb-mobile-header-display":"","site-post-title":"","ast-breadcrumbs-content":"","ast-featured-img":"","footer-sml-layout":"","ast-disable-related-posts":"","theme-transparent-header-meta":"default","adv-header-id-meta":"","stick-header-meta":"","header-above-stick-meta":"","header-main-stick-meta":"","header-below-stick-meta":"","astra-migrate-meta-layouts":"default","ast-page-background-enabled":"default","ast-page-background-meta":{"desktop":{"background-color":"var(--ast-global-color-4)","background-image":"","background-repeat":"repeat","background-position":"center center","background-size":"auto","background-attachment":"scroll","background-type":"","background-media":"","overlay-type":"","overlay-color":"","overlay-opacity":"","overlay-gradient":""},"tablet":{"background-color":"","background-image":"","background-repeat":"repeat","background-position":"center center","background-size":"auto","background-attachment":"scroll","background-type":"","background-media":"","overlay-type":"","overlay-color":"","overlay-opacity":"","overlay-gradient":""},"mobile":{"background-color":"","background-image":"","background-repeat":"repeat","background-position":"center center","background-size":"auto","background-attachment":"scroll","background-type":"","background-media":"","overlay-type":"","overlay-color":"","overlay-opacity":"","overlay-gradient":""}},"ast-content-background-meta":{"desktop":{"background-color":"var(--ast-global-color-5)","background-image":"","background-repeat":"repeat","background-position":"center center","background-size":"auto","background-attachment":"scroll","background-type":"","background-media":"","overlay-type":"","overlay-color":"","overlay-opacity":"","overlay-gradient":""},"tablet":{"background-color":"var(--ast-global-color-5)","background-image":"","background-repeat":"repeat","background-position":"center center","background-size":"auto","background-attachment":"scroll","background-type":"","background-media":"","overlay-type":"","overlay-color":"","overlay-opacity":"","overlay-gradient":""},"mobile":{"background-color":"var(--ast-global-color-5)","background-image":"","background-repeat":"repeat","background-position":"center center","background-size":"auto","background-attachment":"scroll","background-type":"","background-media":"","overlay-type":"","overlay-color":"","overlay-opacity":"","overlay-gradient":""}}},"product_brand":[],"product_cat":[62],"product_tag":[],"class_list":{"0":"post-7779","1":"product","2":"type-product","3":"status-publish","4":"has-post-thumbnail","6":"product_cat-ojos","7":"desktop-align-left","8":"tablet-align-left","9":"mobile-align-left","11":"first","12":"instock","13":"sale","14":"shipping-taxable","15":"product-type-external"},"_links":{"self":[{"href":"https:\/\/youniquebyemilie.com\/es\/wp-json\/wp\/v2\/product\/7779","targetHints":{"allow":["GET"]}}],"collection":[{"href":"https:\/\/youniquebyemilie.com\/es\/wp-json\/wp\/v2\/product"}],"about":[{"href":"https:\/\/youniquebyemilie.com\/es\/wp-json\/wp\/v2\/types\/product"}],"replies":[{"embeddable":true,"href":"https:\/\/youniquebyemilie.com\/es\/wp-json\/wp\/v2\/comments?post=7779"}],"wp:featuredmedia":[{"embeddable":true,"href":"https:\/\/youniquebyemilie.com\/es\/wp-json\/wp\/v2\/media\/7777"}],"wp:attachment":[{"href":"https:\/\/youniquebyemilie.com\/es\/wp-json\/wp\/v2\/media?parent=7779"}],"wp:term":[{"taxonomy":"product_brand","embeddable":true,"href":"https:\/\/youniquebyemilie.com\/es\/wp-json\/wp\/v2\/product_brand?post=7779"},{"taxonomy":"product_cat","embeddable":true,"href":"https:\/\/youniquebyemilie.com\/es\/wp-json\/wp\/v2\/product_cat?post=7779"},{"taxonomy":"product_tag","embeddable":true,"href":"https:\/\/youniquebyemilie.com\/es\/wp-json\/wp\/v2\/product_tag?post=7779"}],"curies":[{"name":"wp","href":"https:\/\/api.w.org\/{rel}","templated":true}]}}