{"id":7818,"date":"2025-07-24T17:17:30","date_gmt":"2025-07-24T15:17:30","guid":{"rendered":"https:\/\/youniquebyemilie.com\/produit\/rizador-de-pestanas-younique\/"},"modified":"2025-11-26T08:52:14","modified_gmt":"2025-11-26T07:52:14","slug":"rizador-de-pestanas-younique","status":"publish","type":"product","link":"https:\/\/youniquebyemilie.com\/es\/produit\/rizador-de-pestanas-younique\/","title":{"rendered":"rizador de pesta\u00f1as YOUNIQUE"},"content":{"rendered":"<p><span style=\"font-weight: 400;\">\u00bfC\u00f3mo me desped\u00ed del desplume y gan\u00e9 unos ojos abiertos sin esfuerzo? Tengo que admitir que, durante mucho tiempo, no utilic\u00e9 rizador de pesta\u00f1as porque ten\u00eda miedo de que me las pellizcaran y rompieran. Perd\u00eda el tiempo, lo pasaba mal y a menudo me saltaba el paso para no hacerme da\u00f1o.  <\/span><\/p>\n<p><span style=\"font-weight: 400;\">Entonces prob\u00e9 <\/span><b>rizador de pesta\u00f1as YOUNIQUE<\/b><span style=\"font-weight: 400;\">y eso lo cambi\u00f3 todo. Su forma se adapta perfectamente a mi ojo, y la presi\u00f3n es suave pero eficaz. Se acabaron los pellizcos y el miedo a romperme las pesta\u00f1as. He ganado una mirada m\u00e1s abierta y luminosa, y sobre todo, la sencillez de una rutina que s\u00f3lo me lleva unos segundos.   <\/span><\/p>\n<h2><span style=\"font-weight: 400;\">Lo que te encantar\u00e1 del rizador de pesta\u00f1as YOUNIQUE<\/span><\/h2>\n<ul>\n<li style=\"font-weight: 400;\" aria-level=\"1\"><b>Un rizo natural y duradero<\/b><span style=\"font-weight: 400;\"> que realza tus pesta\u00f1as desde la ra\u00edz.<\/span>&nbsp;<\/li>\n<li style=\"font-weight: 400;\" aria-level=\"1\"><b>Util\u00edzalo sin pellizcos ni dolor<\/b><span style=\"font-weight: 400;\">gracias a las suaves almohadillas de silicona.<\/span>&nbsp;<\/li>\n<li style=\"font-weight: 400;\" aria-level=\"1\"><b>Un agarre estable<\/b><span style=\"font-weight: 400;\"> para un manejo preciso y sin deslizamientos.<\/span>&nbsp;<\/li>\n<li style=\"font-weight: 400;\" aria-level=\"1\"><b>Resultados profesionales en casa<\/b><span style=\"font-weight: 400;\">aunque est\u00e9s empezando.<\/span>&nbsp;<\/li>\n<li style=\"font-weight: 400;\" aria-level=\"1\"><b>Un aut\u00e9ntico ahorro de tiempo<\/b><span style=\"font-weight: 400;\"> por la ma\u00f1ana, para unos ojos radiantes al instante.<\/span>&nbsp;<\/li>\n<\/ul>\n<h2><span style=\"font-weight: 400;\">C\u00f3mo utilizarlo para cautivar la mirada<\/span><\/h2>\n<ol>\n<li style=\"font-weight: 400;\" aria-level=\"1\"><span style=\"font-weight: 400;\">Col\u00f3calo suavemente en la base de las pesta\u00f1as, lo m\u00e1s cerca posible de la ra\u00edz.<\/span>&nbsp;<\/li>\n<li style=\"font-weight: 400;\" aria-level=\"1\"><span style=\"font-weight: 400;\">Presiona suavemente y mant\u00e9n durante unos segundos, sin forzar.<\/span>&nbsp;<\/li>\n<li style=\"font-weight: 400;\" aria-level=\"1\"><span style=\"font-weight: 400;\">Desliza el rizador de pesta\u00f1as hacia arriba aproximadamente 1 mm y vuelve a presionar.<\/span>&nbsp;<\/li>\n<li style=\"font-weight: 400;\" aria-level=\"1\"><span style=\"font-weight: 400;\">Repite una vez m\u00e1s para obtener una curva perfecta, lista para tu m\u00e1scara de pesta\u00f1as.<\/span><\/li>\n<\/ol>\n<p><span style=\"font-weight: 400;\">Pide ahora el rizador de pesta\u00f1as YOUNIQUE y descubre la sencillez de un rizo perfecto, c\u00f3modo y duradero. No dejes que tus pesta\u00f1as decidan por ti: haz algo que lo cambie todo. <\/span><\/p>\n<p>&nbsp;<\/p>\n<p>&nbsp;<\/p>\n<h2><span style=\"font-weight: 400;\">FAQ : Rizador de pesta\u00f1as YOUNIQUE<\/span><\/h2>\n<ol>\n<li><b>  \u00bfEste rizador de pesta\u00f1as es adecuado para ojos sensibles o usuarios de lentillas?<\/b><b><br \/>\n<\/b><span style=\"font-weight: 400;\">  S\u00ed, su dise\u00f1o con almohadillas de silicona blanda minimiza el riesgo de irritaci\u00f3n. Es perfectamente compatible con el uso de lentes de contacto. <\/span><\/li>\n<li><b>  \u00bfSe pueden cambiar las almohadillas de silicona?<\/b><b><br \/>\n<\/b><span style=\"font-weight: 400;\">  S\u00ed, las almohadillas son reemplazables. Es aconsejable cambiarlas regularmente para mantener una eficacia \u00f3ptima y evitar las bacterias. <\/span><\/li>\n<li><b>  \u00bfPuede el rizador de pesta\u00f1as da\u00f1ar o romper las pesta\u00f1as?<\/b><b><br \/>\n<\/b><span style=\"font-weight: 400;\">  No, gracias a su presi\u00f3n controlada y a sus suaves almohadillas, riza las pesta\u00f1as sin debilitarlas ni romperlas.<\/span><\/li>\n<li><b>  \u00bfSe puede utilizar el rizador de pesta\u00f1as despu\u00e9s de aplicar la m\u00e1scara?<\/b><b><br \/>\n<\/b><span style=\"font-weight: 400;\">  No, te recomendamos que rices siempre las pesta\u00f1as antes de aplicar la m\u00e1scara, para evitar que se rompan o se estropee el maquillaje&#8230;<\/span><\/li>\n<li><b>  \u00bfLa empu\u00f1adura es antideslizante?<\/b><b><br \/>\n<\/b><span style=\"font-weight: 400;\">  S\u00ed, el mango est\u00e1 dise\u00f1ado para proporcionar un agarre firme y estable, reduciendo el riesgo de deslizamiento durante el uso.<\/span><\/li>\n<\/ol>\n<p><span style=\"font-weight: 400;\">A\u00f1ade ahora a tu cesta el rizador de pesta\u00f1as YOUNIQUE y descubre la sencillez de unos ojos realzados, sin pellizcos ni roturas.<\/span><\/p>\n<p>&nbsp;<\/p>\n","protected":false},"excerpt":{"rendered":"<p><span style=\"font-weight: 400;\">\u00bfC\u00f3mo me desped\u00ed del desplume y gan\u00e9 unos ojos abiertos sin esfuerzo? Tengo que admitir que, durante mucho tiempo, no utilic\u00e9 rizador de pesta\u00f1as porque ten\u00eda miedo de que me las pellizcaran y rompieran. Perd\u00eda el tiempo, lo pasaba mal y a menudo me saltaba el paso para no hacerme da\u00f1o.  <\/span><\/p>\n<p><span style=\"font-weight: 400;\">Entonces prob\u00e9 <\/span><b>rizador de pesta\u00f1as YOUNIQUE<\/b><span style=\"font-weight: 400;\">y eso lo cambi\u00f3 todo. Su forma se adapta perfectamente a mi ojo, y la presi\u00f3n es suave pero eficaz. Se acabaron los pellizcos y el miedo a romperme las pesta\u00f1as. He ganado una mirada m\u00e1s abierta y luminosa, y sobre todo, la sencillez de una rutina que s\u00f3lo me lleva unos segundos.   <\/span><\/p>\n","protected":false},"featured_media":7816,"comment_status":"open","ping_status":"closed","template":"","meta":{"_seopress_robots_primary_cat":"none","_seopress_titles_title":"","_seopress_titles_desc":"","_seopress_robots_index":"","site-sidebar-layout":"default","site-content-layout":"","ast-site-content-layout":"default","site-content-style":"default","site-sidebar-style":"default","ast-global-header-display":"","ast-banner-title-visibility":"","ast-main-header-display":"","ast-hfb-above-header-display":"","ast-hfb-below-header-display":"","ast-hfb-mobile-header-display":"","site-post-title":"","ast-breadcrumbs-content":"","ast-featured-img":"","footer-sml-layout":"","ast-disable-related-posts":"","theme-transparent-header-meta":"default","adv-header-id-meta":"","stick-header-meta":"","header-above-stick-meta":"","header-main-stick-meta":"","header-below-stick-meta":"","astra-migrate-meta-layouts":"default","ast-page-background-enabled":"default","ast-page-background-meta":{"desktop":{"background-color":"var(--ast-global-color-4)","background-image":"","background-repeat":"repeat","background-position":"center center","background-size":"auto","background-attachment":"scroll","background-type":"","background-media":"","overlay-type":"","overlay-color":"","overlay-opacity":"","overlay-gradient":""},"tablet":{"background-color":"","background-image":"","background-repeat":"repeat","background-position":"center center","background-size":"auto","background-attachment":"scroll","background-type":"","background-media":"","overlay-type":"","overlay-color":"","overlay-opacity":"","overlay-gradient":""},"mobile":{"background-color":"","background-image":"","background-repeat":"repeat","background-position":"center center","background-size":"auto","background-attachment":"scroll","background-type":"","background-media":"","overlay-type":"","overlay-color":"","overlay-opacity":"","overlay-gradient":""}},"ast-content-background-meta":{"desktop":{"background-color":"var(--ast-global-color-5)","background-image":"","background-repeat":"repeat","background-position":"center center","background-size":"auto","background-attachment":"scroll","background-type":"","background-media":"","overlay-type":"","overlay-color":"","overlay-opacity":"","overlay-gradient":""},"tablet":{"background-color":"var(--ast-global-color-5)","background-image":"","background-repeat":"repeat","background-position":"center center","background-size":"auto","background-attachment":"scroll","background-type":"","background-media":"","overlay-type":"","overlay-color":"","overlay-opacity":"","overlay-gradient":""},"mobile":{"background-color":"var(--ast-global-color-5)","background-image":"","background-repeat":"repeat","background-position":"center center","background-size":"auto","background-attachment":"scroll","background-type":"","background-media":"","overlay-type":"","overlay-color":"","overlay-opacity":"","overlay-gradient":""}}},"product_brand":[],"product_cat":[62],"product_tag":[],"class_list":{"0":"post-7818","1":"product","2":"type-product","3":"status-publish","4":"has-post-thumbnail","6":"product_cat-ojos","7":"desktop-align-left","8":"tablet-align-left","9":"mobile-align-left","11":"first","12":"instock","13":"sale","14":"shipping-taxable","15":"product-type-external"},"_links":{"self":[{"href":"https:\/\/youniquebyemilie.com\/es\/wp-json\/wp\/v2\/product\/7818","targetHints":{"allow":["GET"]}}],"collection":[{"href":"https:\/\/youniquebyemilie.com\/es\/wp-json\/wp\/v2\/product"}],"about":[{"href":"https:\/\/youniquebyemilie.com\/es\/wp-json\/wp\/v2\/types\/product"}],"replies":[{"embeddable":true,"href":"https:\/\/youniquebyemilie.com\/es\/wp-json\/wp\/v2\/comments?post=7818"}],"wp:featuredmedia":[{"embeddable":true,"href":"https:\/\/youniquebyemilie.com\/es\/wp-json\/wp\/v2\/media\/7816"}],"wp:attachment":[{"href":"https:\/\/youniquebyemilie.com\/es\/wp-json\/wp\/v2\/media?parent=7818"}],"wp:term":[{"taxonomy":"product_brand","embeddable":true,"href":"https:\/\/youniquebyemilie.com\/es\/wp-json\/wp\/v2\/product_brand?post=7818"},{"taxonomy":"product_cat","embeddable":true,"href":"https:\/\/youniquebyemilie.com\/es\/wp-json\/wp\/v2\/product_cat?post=7818"},{"taxonomy":"product_tag","embeddable":true,"href":"https:\/\/youniquebyemilie.com\/es\/wp-json\/wp\/v2\/product_tag?post=7818"}],"curies":[{"name":"wp","href":"https:\/\/api.w.org\/{rel}","templated":true}]}}