{"id":7844,"date":"2025-07-24T17:27:27","date_gmt":"2025-07-24T15:27:27","guid":{"rendered":"https:\/\/youniquebyemilie.com\/produit\/base-touch-behold-y-bruma-fijadora-2\/"},"modified":"2025-11-26T08:52:07","modified_gmt":"2025-11-26T07:52:07","slug":"base-touch-behold-y-bruma-fijadora-2","status":"publish","type":"product","link":"https:\/\/youniquebyemilie.com\/es\/produit\/base-touch-behold-y-bruma-fijadora-2\/","title":{"rendered":"Base TOUCH BEHOLD y bruma fijadora"},"content":{"rendered":"<p><span style=\"font-weight: 400;\">Prepara tu piel, fija tu maquillaje y mant\u00e9n tu cutis fresco hasta las 4 de la tarde. No s\u00e9 a ti, pero a m\u00ed me encantan los productos que simplifican mi rutina. Con base y bruma fijadora    <\/span><b>FIJAR CON EL TACTO<\/b><span style=\"font-weight: 400;\">Por fin he encontrado el producto dos en uno que prepara mi piel antes del maquillaje y la fija despu\u00e9s, sin apelmazarla ni pegarla.<\/span><\/p>\n<h2><span style=\"font-weight: 400;\">Lo que ganas con T\u00d3CATE<\/span><\/h2>\n<ul>\n<li style=\"font-weight: 400;\" aria-level=\"1\"><b>Maquillaje que dura todo el d\u00eda<\/b><span style=\"font-weight: 400;\">Sin retoques ni m\u00e1scaras.<\/span>&nbsp;<\/li>\n<li style=\"font-weight: 400;\" aria-level=\"1\"><b>Control eficaz de los brillos<\/b><span style=\"font-weight: 400;\">incluso en pieles mixtas o grasas.<\/span>&nbsp;<\/li>\n<li style=\"font-weight: 400;\" aria-level=\"1\"><b>Piel hidratada y calmada<\/b><span style=\"font-weight: 400;\"> gracias a los extractos naturales.<\/span>&nbsp;<\/li>\n<li style=\"font-weight: 400;\" aria-level=\"1\"><b>R\u00e1pido y f\u00e1cil<\/b><span style=\"font-weight: 400;\">para un resultado digno de un profesional.<\/span>&nbsp;<\/li>\n<\/ul>\n<h2><span style=\"font-weight: 400;\">Lo que te encantar\u00e1 de TOUCH BEHOLD<\/span><\/h2>\n<ul>\n<li style=\"font-weight: 400;\" aria-level=\"1\"><b>Una base alisadora para un maquillaje perfecto<\/b><b>\n<p><\/b><span style=\"font-weight: 400;\"> Apl\u00edcala antes de tu base de maquillaje para crear una superficie suave y aterciopelada, ideal para una larga duraci\u00f3n.<\/span>&nbsp;<\/li>\n<li style=\"font-weight: 400;\" aria-level=\"1\"><b>Fijaci\u00f3n duradera hasta 16 horas<\/b><b>\n<p><\/b><span style=\"font-weight: 400;\"> Despu\u00e9s de maquillarte, pulver\u00edzalo en forma de X y luego de T, y tu cutis permanecer\u00e1 impecable todo el d\u00eda, incluso con calor o humedad.<\/span>&nbsp;<\/li>\n<li style=\"font-weight: 400;\" aria-level=\"1\"><b>Una f\u00f3rmula que controla los brillos<\/b><b>\n<p><\/b><span style=\"font-weight: 400;\"> El extracto de corteza de enantia chloranthia ayuda a reducir los brillos en las pieles mixtas y grasas, para un acabado mate natural.<\/span>&nbsp;<\/li>\n<li style=\"font-weight: 400;\" aria-level=\"1\"><b>Un pulverizador continuo sin aerosol f\u00e1cil de controlar<\/b><b>\n<p><\/b><span style=\"font-weight: 400;\"> T\u00fa controlas la cantidad de producto pulverizado para un efecto ligero y refrescante, sin desperdicio.<\/span>&nbsp;<\/li>\n<li style=\"font-weight: 400;\" aria-level=\"1\"><b>Cuidado e ingredientes calmantes<\/b><b>\n<p><\/b><span style=\"font-weight: 400;\"> El aloe vera, el pepino, el t\u00e9 verde y la vitamina E proporcionan una experiencia suave, casi como un momento de spa.<\/span>&nbsp;<\/li>\n<\/ul>\n<h2><span style=\"font-weight: 400;\">\u00bfC\u00f3mo utilizas tu bruma fijadora y base TOUCH BEHOLD?<\/span><\/h2>\n<ol>\n<li style=\"font-weight: 400;\" aria-level=\"1\"><b>Antes del maquillaje:<\/b><b>\n<p><\/b><span style=\"font-weight: 400;\"> Sost\u00e9n el pulverizador a una distancia de 20 a 30 cm de la cara y pulveriza uniformemente para preparar la piel.<\/span>&nbsp;<\/li>\n<li style=\"font-weight: 400;\" aria-level=\"1\"><b>Despu\u00e9s del maquillaje:<\/b><b>\n<p><\/b><span style=\"font-weight: 400;\"> Mant\u00e9n el pulverizador a la misma distancia y pulveriza en forma de X y luego de T, para fijar y refrescar tu tez.<\/span>&nbsp;<\/li>\n<\/ol>\n<p><span style=\"font-weight: 400;\">\u00bfPreparada para experimentar un maquillaje que dura todo el d\u00eda? Pide ahora tu base y bruma fijadora TOUCH BEHOLD y disfruta de una tez fresca, mate y luminosa sin retoques. <\/span><\/p>\n<h2><span style=\"font-weight: 400;\">Los ingredientes que marcan la diferencia en TOUCH BEHOLD<\/span><\/h2>\n<ul>\n<li style=\"font-weight: 400;\" aria-level=\"1\"><b>Extracto de corteza de Enantia Chloranthia: <\/b><span style=\"font-weight: 400;\">Conocido por sus propiedades antibrillos, ayuda a controlar el exceso de sebo y a mantener un acabado mate natural durante todo el d\u00eda.<\/span>&nbsp;<\/li>\n<li style=\"font-weight: 400;\" aria-level=\"1\"><b>\u00c1cido ole\u00e1nico : <\/b><span style=\"font-weight: 400;\">Activo calmante que reduce las rojeces y proporciona confort incluso a las pieles sensibles.<\/span>&nbsp;<\/li>\n<li style=\"font-weight: 400;\" aria-level=\"1\"><b>Extracto de hoja de Camellia Sinensis (t\u00e9 verde) : <\/b><span style=\"font-weight: 400;\">Rico en antioxidantes, protege la piel de las agresiones externas y ayuda a preservar su juventud.<\/span>&nbsp;<\/li>\n<li style=\"font-weight: 400;\" aria-level=\"1\"><b>Vitamina E (acetato de tocoferilo): <\/b><span style=\"font-weight: 400;\">Un potente antioxidante que protege y nutre la piel en profundidad.<\/span>&nbsp;<\/li>\n<li style=\"font-weight: 400;\" aria-level=\"1\"><b>El aloe vera y el pepino :<\/b><span style=\"font-weight: 400;\"> proporcionan una ligera hidrataci\u00f3n y una agradable sensaci\u00f3n de frescor, para una experiencia envolvente con cada pulverizaci\u00f3n.<\/span>&nbsp;<\/li>\n<li style=\"font-weight: 400;\" aria-level=\"1\"><b>Microesferas texturizantes : <\/b><span style=\"font-weight: 400;\">Crean una superficie suave y aterciopelada que alisa la textura de la piel y mejora la fijaci\u00f3n del maquillaje.<\/span>&nbsp;<\/li>\n<\/ul>\n<p><span style=\"font-weight: 400;\">Esta composici\u00f3n equilibrada garantiza una fijaci\u00f3n duradera, una tez mate sin efecto m\u00e1scara y una piel calmada y confortable, incluso despu\u00e9s de varias horas.<\/span><\/p>\n<h2><span style=\"font-weight: 400;\">FAQ : Base TOUCH BEHOLD y niebla de fijaci\u00f3n<\/span><\/h2>\n<ol>\n<li><b>  \u00bfEste spray es adecuado para todo tipo de pieles?<\/b><b><br \/>\n<\/b><span style=\"font-weight: 400;\">  S\u00ed, su f\u00f3rmula suave es adecuada para todo tipo de pieles, incluso las sensibles.<\/span><\/li>\n<li><b>  \u00bfEs resistente al calor y a la humedad?<\/b><b><br \/>\n<\/b><span style=\"font-weight: 400;\">  S\u00ed, prolonga el uso del maquillaje hasta 16 horas, incluso en condiciones dif\u00edciles.<\/span><\/li>\n<li><b>  \u00bfSe puede utilizar TOUCH BEHOLD en el cuerpo?<\/b><b><br \/>\n<\/b><span style=\"font-weight: 400;\">  Est\u00e1 dise\u00f1ado principalmente para el rostro, pero puedes utilizarlo en el escote para conseguir un brillo sutil.<\/span><\/li>\n<li><b>  \u00bfPuede sustituir a una crema hidratante?<\/b><b><br \/>\n<\/b><span style=\"font-weight: 400;\">  No, hidrata pero no sustituye a un producto de cuidado de la piel. Util\u00edzalo como complemento de tu crema habitual. <\/span><\/li>\n<li><b>  \u00bfCu\u00e1nto cabe en el producto?<\/b><b><br \/>\n<\/b><span style=\"font-weight: 400;\">  82,8 ml (2,8 onzas l\u00edquidas), perfecto para uso diario durante varias semanas.<\/span><\/li>\n<\/ol>\n<p><span style=\"font-weight: 400;\">Prepara, fija e ilumina tu maquillaje en un solo paso. Pide hoy mismo la base y la bruma fijadoras TOUCH BEHOLD y disfruta de un cutis fresco, mate e impecable durante todo el d\u00eda. <\/span><\/p>\n<p>&nbsp;<\/p>\n","protected":false},"excerpt":{"rendered":"<p><span style=\"font-weight: 400;\">Prepara tu piel, fija tu maquillaje y mant\u00e9n tu cutis fresco hasta las 4 de la tarde. No s\u00e9 a ti, pero a m\u00ed me encantan los productos que simplifican mi rutina. Con base y bruma fijadora    <\/span><b>FIJAR CON EL TACTO<\/b><span style=\"font-weight: 400;\">Por fin he encontrado el producto dos en uno que prepara mi piel antes del maquillaje y la fija despu\u00e9s, sin apelmazarla ni pegarla.<\/span><\/p>\n","protected":false},"featured_media":7842,"comment_status":"open","ping_status":"closed","template":"","meta":{"_seopress_robots_primary_cat":"none","_seopress_titles_title":"","_seopress_titles_desc":"","_seopress_robots_index":"","site-sidebar-layout":"default","site-content-layout":"","ast-site-content-layout":"default","site-content-style":"default","site-sidebar-style":"default","ast-global-header-display":"","ast-banner-title-visibility":"","ast-main-header-display":"","ast-hfb-above-header-display":"","ast-hfb-below-header-display":"","ast-hfb-mobile-header-display":"","site-post-title":"","ast-breadcrumbs-content":"","ast-featured-img":"","footer-sml-layout":"","ast-disable-related-posts":"","theme-transparent-header-meta":"default","adv-header-id-meta":"","stick-header-meta":"","header-above-stick-meta":"","header-main-stick-meta":"","header-below-stick-meta":"","astra-migrate-meta-layouts":"default","ast-page-background-enabled":"default","ast-page-background-meta":{"desktop":{"background-color":"var(--ast-global-color-4)","background-image":"","background-repeat":"repeat","background-position":"center center","background-size":"auto","background-attachment":"scroll","background-type":"","background-media":"","overlay-type":"","overlay-color":"","overlay-opacity":"","overlay-gradient":""},"tablet":{"background-color":"","background-image":"","background-repeat":"repeat","background-position":"center center","background-size":"auto","background-attachment":"scroll","background-type":"","background-media":"","overlay-type":"","overlay-color":"","overlay-opacity":"","overlay-gradient":""},"mobile":{"background-color":"","background-image":"","background-repeat":"repeat","background-position":"center center","background-size":"auto","background-attachment":"scroll","background-type":"","background-media":"","overlay-type":"","overlay-color":"","overlay-opacity":"","overlay-gradient":""}},"ast-content-background-meta":{"desktop":{"background-color":"var(--ast-global-color-5)","background-image":"","background-repeat":"repeat","background-position":"center center","background-size":"auto","background-attachment":"scroll","background-type":"","background-media":"","overlay-type":"","overlay-color":"","overlay-opacity":"","overlay-gradient":""},"tablet":{"background-color":"var(--ast-global-color-5)","background-image":"","background-repeat":"repeat","background-position":"center center","background-size":"auto","background-attachment":"scroll","background-type":"","background-media":"","overlay-type":"","overlay-color":"","overlay-opacity":"","overlay-gradient":""},"mobile":{"background-color":"var(--ast-global-color-5)","background-image":"","background-repeat":"repeat","background-position":"center center","background-size":"auto","background-attachment":"scroll","background-type":"","background-media":"","overlay-type":"","overlay-color":"","overlay-opacity":"","overlay-gradient":""}}},"product_brand":[],"product_cat":[66],"product_tag":[],"class_list":{"0":"post-7844","1":"product","2":"type-product","3":"status-publish","4":"has-post-thumbnail","6":"product_cat-cara","7":"desktop-align-left","8":"tablet-align-left","9":"mobile-align-left","11":"first","12":"instock","13":"sale","14":"shipping-taxable","15":"product-type-external"},"_links":{"self":[{"href":"https:\/\/youniquebyemilie.com\/es\/wp-json\/wp\/v2\/product\/7844","targetHints":{"allow":["GET"]}}],"collection":[{"href":"https:\/\/youniquebyemilie.com\/es\/wp-json\/wp\/v2\/product"}],"about":[{"href":"https:\/\/youniquebyemilie.com\/es\/wp-json\/wp\/v2\/types\/product"}],"replies":[{"embeddable":true,"href":"https:\/\/youniquebyemilie.com\/es\/wp-json\/wp\/v2\/comments?post=7844"}],"wp:featuredmedia":[{"embeddable":true,"href":"https:\/\/youniquebyemilie.com\/es\/wp-json\/wp\/v2\/media\/7842"}],"wp:attachment":[{"href":"https:\/\/youniquebyemilie.com\/es\/wp-json\/wp\/v2\/media?parent=7844"}],"wp:term":[{"taxonomy":"product_brand","embeddable":true,"href":"https:\/\/youniquebyemilie.com\/es\/wp-json\/wp\/v2\/product_brand?post=7844"},{"taxonomy":"product_cat","embeddable":true,"href":"https:\/\/youniquebyemilie.com\/es\/wp-json\/wp\/v2\/product_cat?post=7844"},{"taxonomy":"product_tag","embeddable":true,"href":"https:\/\/youniquebyemilie.com\/es\/wp-json\/wp\/v2\/product_tag?post=7844"}],"curies":[{"name":"wp","href":"https:\/\/api.w.org\/{rel}","templated":true}]}}