{"id":7861,"date":"2025-07-26T17:12:31","date_gmt":"2025-07-26T15:12:31","guid":{"rendered":"https:\/\/youniquebyemilie.com\/produit\/base-y-polvos-fijadores-touch-behold\/"},"modified":"2025-11-26T08:49:18","modified_gmt":"2025-11-26T07:49:18","slug":"base-y-polvos-fijadores-touch-behold","status":"publish","type":"product","link":"https:\/\/youniquebyemilie.com\/es\/produit\/base-y-polvos-fijadores-touch-behold\/","title":{"rendered":"Base y polvos fijadores TOUCH BEHOLD"},"content":{"rendered":"<p><span style=\"font-weight: 400;\">No voy a mentirte, antes de descubrir <\/span><b>T\u00d3CATE<\/b><span style=\"font-weight: 400;\">Me resultaba dif\u00edcil mantener el cutis fresco durante todo el d\u00eda. A menudo acababa el d\u00eda con la piel brillante y el maquillaje corrido por todas partes. Lo que m\u00e1s me gust\u00f3 de este polvo fijador es que cumple una doble funci\u00f3n:    <\/span><b>Prepara la piel como una base ligera y luego fija el maquillaje sin enmascarar ni apelmazar.  <\/b><span style=\"font-weight: 400;\">\u00a1Adem\u00e1s, la sensaci\u00f3n de frescor al aplicarlo es un aut\u00e9ntico momento cocooning!<\/span><\/p>\n<p><span style=\"font-weight: 400;\">Desde que lo utilizo, no tengo que preocuparme de retocarme cada hora. Lo recomiendo de verdad, sobre todo si buscas un producto sencillo y eficaz que te ahorre tiempo y te proporcione un cutis natural y duradero. <\/span><\/p>\n<h2><span style=\"font-weight: 400;\">Lo que realmente ganas con T\u00d3CATE<\/span><\/h2>\n<ul>\n<li style=\"font-weight: 400;\" aria-level=\"1\"><b>Tu cutis se vuelve liso y sin imperfecciones<\/b><span style=\"font-weight: 400;\">El s\u00edlice finamente molido borra las l\u00edneas finas y las imperfecciones para un acabado ultranatural y aterciopelado.<\/span><\/li>\n<li style=\"font-weight: 400;\" aria-level=\"1\"><span style=\"font-weight: 400;\">En cuanto el polvo entra en contacto con tu piel, se transforma en un agua ligera y fresca que hidrata al instante, gracias a una tecnolog\u00eda innovadora.<\/span><\/li>\n<li style=\"font-weight: 400;\" aria-level=\"1\"><b>Tu piel se mantiene mate<\/b><span style=\"font-weight: 400;\"> y<\/span><b> tu maquillaje luce impecable durante todo el d\u00eda,<\/b><span style=\"font-weight: 400;\"> incluso si tu piel es mixta o grasa, \u00a1se acabaron los brillos!<\/span><\/li>\n<li style=\"font-weight: 400;\" aria-level=\"1\"><b>Simplifica tu rutina de belleza con este producto 2 en 1 <\/b><span style=\"font-weight: 400;\">Util\u00edzalo como base antes del maquillaje o como polvo fijador para prolongar su fijaci\u00f3n.<\/span><\/li>\n<\/ul>\n<h2><span style=\"font-weight: 400;\">C\u00f3mo utilizar tu base y polvos fijadores TOUCH BEHOLD<\/span><\/h2>\n<h3><span style=\"font-weight: 400;\">Para preparar la piel (como base) :<\/span><\/h3>\n<ol>\n<li style=\"font-weight: 400;\" aria-level=\"1\"><span style=\"font-weight: 400;\">Agita suavemente el frasco inclinado para distribuir el polvo en el tamiz.<\/span><\/li>\n<li style=\"font-weight: 400;\" aria-level=\"1\"><span style=\"font-weight: 400;\">Abre la tapa.<\/span><\/li>\n<li style=\"font-weight: 400;\" aria-level=\"1\"><span style=\"font-weight: 400;\">Tamiza la brocha para polvos YOUNIQUE para retirar la cantidad deseada.<\/span><\/li>\n<li style=\"font-weight: 400;\" aria-level=\"1\"><span style=\"font-weight: 400;\">Apl\u00edcalo uniformemente sobre el rostro para obtener una base fresca, suave e hidratante.<\/span><\/li>\n<li style=\"font-weight: 400;\" aria-level=\"1\"><span style=\"font-weight: 400;\">Termina con tu rutina habitual para el cutis.<\/span><\/li>\n<\/ol>\n<h3><span style=\"font-weight: 400;\">Para fijar el maquillaje:<\/span><\/h3>\n<ol>\n<li style=\"font-weight: 400;\" aria-level=\"1\"><span style=\"font-weight: 400;\">Agita suavemente la botella inclinada.<\/span><\/li>\n<li style=\"font-weight: 400;\" aria-level=\"1\"><span style=\"font-weight: 400;\">Abre la tapa.<\/span><\/li>\n<li style=\"font-weight: 400;\" aria-level=\"1\"><span style=\"font-weight: 400;\">Aplica el polvo deseado con una brocha.<\/span><\/li>\n<li style=\"font-weight: 400;\" aria-level=\"1\"><span style=\"font-weight: 400;\">Apl\u00edcalo suavemente sobre el rostro, insistiendo en las zonas propensas a los brillos.<\/span><\/li>\n<li style=\"font-weight: 400;\" aria-level=\"1\"><span style=\"font-weight: 400;\">Disfruta de su efecto refrescante y matificante durante todo el d\u00eda.<\/span><\/li>\n<\/ol>\n<p><span style=\"font-weight: 400;\">Pide ahora tu base y polvos fijadores TOUCH BEHOLD. Disfruta de una tez fresca, mate y luminosa, sin esfuerzo durante todo el d\u00eda. <\/span><\/p>\n<h2><span style=\"font-weight: 400;\">Ingredientes clave y sus beneficios<\/span><\/h2>\n<ul>\n<li style=\"font-weight: 400;\" aria-level=\"1\"><b>Polvo de s\u00edlice finamente molido :<\/b><span style=\"font-weight: 400;\"> Alisa la piel, reduciendo las l\u00edneas finas y las imperfecciones.<\/span><\/li>\n<li style=\"font-weight: 400;\" aria-level=\"1\"><b>Tecnolog\u00eda de agua encapsulada:<\/b><span style=\"font-weight: 400;\"> Hidrata y refresca la piel al aplicarla.<\/span><\/li>\n<li style=\"font-weight: 400;\" aria-level=\"1\"><b>Pol\u00edmeros de dimeticona :<\/b><span style=\"font-weight: 400;\"> crean un acabado mate sedoso y duradero.<\/span><\/li>\n<li style=\"font-weight: 400;\" aria-level=\"1\"><b>Glicerina y dimeticona :<\/b><span style=\"font-weight: 400;\"> hidratan y protegen la piel.<\/span><\/li>\n<li style=\"font-weight: 400;\" aria-level=\"1\"><b>Conservantes suaves :<\/b><span style=\"font-weight: 400;\"> Garantizan la frescura y seguridad del producto.<\/span><span style=\"font-weight: 400;\"><br \/>\n<\/span><\/li>\n<\/ul>\n<h2><span style=\"font-weight: 400;\">FAQ : Base y polvos fijadores TOUCH BEHOLD<\/span><\/h2>\n<ol>\n<li style=\"font-weight: 400;\" aria-level=\"1\"><b>\u00bfEste polvo es adecuado para todos los tipos de piel?<\/b><b><br \/>\n<\/b><span style=\"font-weight: 400;\">  S\u00ed, est\u00e1 formulado para ser suave y eficaz en pieles sensibles, secas, mixtas o grasas.<\/span><\/li>\n<li style=\"font-weight: 400;\" aria-level=\"1\"><b>\u00bfPuede utilizarse como polvo suelto cl\u00e1sico?<\/b><b><br \/>\n<\/b><span style=\"font-weight: 400;\">  S\u00ed, fija perfectamente el maquillaje manteniendo un acabado ligero.<\/span><\/li>\n<li style=\"font-weight: 400;\" aria-level=\"1\"><b>\u00bfCu\u00e1nto cabe en el producto?<\/b><b><br \/>\n<\/b><span style=\"font-weight: 400;\">  10 g (0,35 oz), ideal para uso diario durante varias semanas.<\/span><\/li>\n<li style=\"font-weight: 400;\" aria-level=\"1\"><b>\u00bfC\u00f3mo se limpia la brocha que se utiliza con el polvo?<\/b><b>\n<p><\/b><span style=\"font-weight: 400;\"> Utiliza un <\/span><b>jab\u00f3n suave <\/b><span style=\"font-weight: 400;\">y agua <\/span><b>agua tibia,<\/b><span style=\"font-weight: 400;\"> para mantener la aplicaci\u00f3n limpia e higi\u00e9nica.<\/span><\/li>\n<li style=\"font-weight: 400;\" aria-level=\"1\"><b>\u00bfEs adecuado para fijar el maquillaje resistente al agua?<\/b><b><br \/>\n<\/b><span style=\"font-weight: 400;\">  S\u00ed, mejora la fijaci\u00f3n incluso del maquillaje m\u00e1s resistente.<\/span><\/li>\n<\/ol>\n<p><span style=\"font-weight: 400;\">Te mereces un cutis que se mantenga firme, que no se mueva y una piel que rezume salud. Pide tu base de maquillaje y polvos fijadores TOUCH BEHOLD, y siente la diferencia desde la primera vez que los utilices. <\/span><\/p>\n<p>&nbsp;<\/p>\n","protected":false},"excerpt":{"rendered":"<p><span style=\"font-weight: 400;\">No voy a mentirte, antes de descubrir <\/span><b>T\u00d3CATE<\/b><span style=\"font-weight: 400;\">Me resultaba dif\u00edcil mantener el cutis fresco durante todo el d\u00eda. A menudo acababa el d\u00eda con la piel brillante y el maquillaje corrido por todas partes. Lo que m\u00e1s me gust\u00f3 de este polvo fijador es que cumple una doble funci\u00f3n:    <\/span><b>Prepara la piel como una base ligera y luego fija el maquillaje sin enmascarar ni apelmazar.  <\/b><span style=\"font-weight: 400;\">\u00a1Adem\u00e1s, la sensaci\u00f3n de frescor al aplicarlo es un aut\u00e9ntico momento cocooning!<\/span><\/p>\n<p><span style=\"font-weight: 400;\">Desde que lo utilizo, no tengo que preocuparme de retocarme cada hora. Lo recomiendo de verdad, sobre todo si buscas un producto sencillo y eficaz que te ahorre tiempo y te proporcione un cutis natural y duradero. <\/span><\/p>\n","protected":false},"featured_media":7859,"comment_status":"open","ping_status":"closed","template":"","meta":{"_seopress_robots_primary_cat":"none","_seopress_titles_title":"","_seopress_titles_desc":"","_seopress_robots_index":"","site-sidebar-layout":"default","site-content-layout":"","ast-site-content-layout":"default","site-content-style":"default","site-sidebar-style":"default","ast-global-header-display":"","ast-banner-title-visibility":"","ast-main-header-display":"","ast-hfb-above-header-display":"","ast-hfb-below-header-display":"","ast-hfb-mobile-header-display":"","site-post-title":"","ast-breadcrumbs-content":"","ast-featured-img":"","footer-sml-layout":"","ast-disable-related-posts":"","theme-transparent-header-meta":"default","adv-header-id-meta":"","stick-header-meta":"","header-above-stick-meta":"","header-main-stick-meta":"","header-below-stick-meta":"","astra-migrate-meta-layouts":"default","ast-page-background-enabled":"default","ast-page-background-meta":{"desktop":{"background-color":"var(--ast-global-color-4)","background-image":"","background-repeat":"repeat","background-position":"center center","background-size":"auto","background-attachment":"scroll","background-type":"","background-media":"","overlay-type":"","overlay-color":"","overlay-opacity":"","overlay-gradient":""},"tablet":{"background-color":"","background-image":"","background-repeat":"repeat","background-position":"center center","background-size":"auto","background-attachment":"scroll","background-type":"","background-media":"","overlay-type":"","overlay-color":"","overlay-opacity":"","overlay-gradient":""},"mobile":{"background-color":"","background-image":"","background-repeat":"repeat","background-position":"center center","background-size":"auto","background-attachment":"scroll","background-type":"","background-media":"","overlay-type":"","overlay-color":"","overlay-opacity":"","overlay-gradient":""}},"ast-content-background-meta":{"desktop":{"background-color":"var(--ast-global-color-5)","background-image":"","background-repeat":"repeat","background-position":"center center","background-size":"auto","background-attachment":"scroll","background-type":"","background-media":"","overlay-type":"","overlay-color":"","overlay-opacity":"","overlay-gradient":""},"tablet":{"background-color":"var(--ast-global-color-5)","background-image":"","background-repeat":"repeat","background-position":"center center","background-size":"auto","background-attachment":"scroll","background-type":"","background-media":"","overlay-type":"","overlay-color":"","overlay-opacity":"","overlay-gradient":""},"mobile":{"background-color":"var(--ast-global-color-5)","background-image":"","background-repeat":"repeat","background-position":"center center","background-size":"auto","background-attachment":"scroll","background-type":"","background-media":"","overlay-type":"","overlay-color":"","overlay-opacity":"","overlay-gradient":""}}},"product_brand":[],"product_cat":[30],"product_tag":[],"class_list":{"0":"post-7861","1":"product","2":"type-product","3":"status-publish","4":"has-post-thumbnail","6":"product_cat-visage","7":"desktop-align-left","8":"tablet-align-left","9":"mobile-align-left","11":"first","12":"instock","13":"sale","14":"shipping-taxable","15":"product-type-external"},"_links":{"self":[{"href":"https:\/\/youniquebyemilie.com\/es\/wp-json\/wp\/v2\/product\/7861","targetHints":{"allow":["GET"]}}],"collection":[{"href":"https:\/\/youniquebyemilie.com\/es\/wp-json\/wp\/v2\/product"}],"about":[{"href":"https:\/\/youniquebyemilie.com\/es\/wp-json\/wp\/v2\/types\/product"}],"replies":[{"embeddable":true,"href":"https:\/\/youniquebyemilie.com\/es\/wp-json\/wp\/v2\/comments?post=7861"}],"wp:featuredmedia":[{"embeddable":true,"href":"https:\/\/youniquebyemilie.com\/es\/wp-json\/wp\/v2\/media\/7859"}],"wp:attachment":[{"href":"https:\/\/youniquebyemilie.com\/es\/wp-json\/wp\/v2\/media?parent=7861"}],"wp:term":[{"taxonomy":"product_brand","embeddable":true,"href":"https:\/\/youniquebyemilie.com\/es\/wp-json\/wp\/v2\/product_brand?post=7861"},{"taxonomy":"product_cat","embeddable":true,"href":"https:\/\/youniquebyemilie.com\/es\/wp-json\/wp\/v2\/product_cat?post=7861"},{"taxonomy":"product_tag","embeddable":true,"href":"https:\/\/youniquebyemilie.com\/es\/wp-json\/wp\/v2\/product_tag?post=7861"}],"curies":[{"name":"wp","href":"https:\/\/api.w.org\/{rel}","templated":true}]}}