{"id":7875,"date":"2025-07-24T17:34:35","date_gmt":"2025-07-24T15:34:35","guid":{"rendered":"https:\/\/youniquebyemilie.com\/produit\/corrector-de-tez-younique-touch\/"},"modified":"2025-11-26T08:52:04","modified_gmt":"2025-11-26T07:52:04","slug":"corrector-de-tez-younique-touch","status":"publish","type":"product","link":"https:\/\/youniquebyemilie.com\/es\/produit\/corrector-de-tez-younique-touch\/","title":{"rendered":"Corrector de tez YOUNIQUE TOUCH"},"content":{"rendered":"<p><span style=\"font-weight: 400;\">Tengo que admitir que ocultar mis ojeras e imperfecciones siempre era un quebradero de cabeza. O era demasiado pesado, o no duraba, y acababa borr\u00e1ndolo todo a mitad del d\u00eda. Entonces prob\u00e9 el corrector    <\/span><b>TACTO YOUNIQUE<\/b><span style=\"font-weight: 400;\">Ha sido una revelaci\u00f3n. Su cobertura total es ajustable, se difumina f\u00e1cilmente y, sobre todo, cuida mi piel gracias a sus ingredientes nutritivos. Se ha convertido en un producto imprescindible en mi kit, y te recomiendo encarecidamente que lo pruebes.  <\/span><\/p>\n<h2><span style=\"font-weight: 400;\">Lo que realmente ganas con YOUNIQUE TOUCH<\/span><\/h2>\n<ul>\n<li style=\"font-weight: 400;\" aria-level=\"1\"><b>Cobertura total que disimula al instante las ojeras<\/b><span style=\"font-weight: 400;\">l\u00edneas de expresi\u00f3n e imperfecciones.<\/span>&nbsp;<\/li>\n<li style=\"font-weight: 400;\" aria-level=\"1\"><span style=\"font-weight: 400;\">Una f\u00f3rmula enriquecida con cafe\u00edna, hialuronato s\u00f3dico, vitamina E y escualeno que <\/span><b>revitaliza e hidrata tu piel<\/b><span style=\"font-weight: 400;\">.<\/span>&nbsp;<\/li>\n<li style=\"font-weight: 400;\" aria-level=\"1\"><b>Fijaci\u00f3n duradera sin efecto escayola<\/b><span style=\"font-weight: 400;\">Para un cutis fresco y natural de la ma\u00f1ana a la noche.<\/span>&nbsp;<\/li>\n<li style=\"font-weight: 400;\" aria-level=\"1\"><b>Un innovador aplicador m\u00f3vil<\/b><span style=\"font-weight: 400;\"> que te permite hacer retoques precisos, en cualquier lugar y sin ensuciar.<\/span>&nbsp;<\/li>\n<\/ul>\n<h2><span style=\"font-weight: 400;\">Una gama de tonos que se adapta a todos los tonos de piel<\/span><\/h2>\n<p><span style=\"font-weight: 400;\">Con 20 tonos disponibles, encontrar tu tono ideal es un juego de ni\u00f1os. Tanto si buscas un beige c\u00e1lido, un tono dorado\/amarillo, un melocot\u00f3n sutil o un rosa delicado, YOUNIQUE TOUCH se adapta perfectamente a tu tono de piel para un resultado natural y luminoso. <\/span><\/p>\n<h2><span style=\"font-weight: 400;\">\u00bfC\u00f3mo te aplicas el corrector YOUNIQUE TOUCH?<\/span><\/h2>\n<h3><span style=\"font-weight: 400;\">Para peque\u00f1as imperfecciones:<\/span><\/h3>\n<ol>\n<li style=\"font-weight: 400;\" aria-level=\"1\"><span style=\"font-weight: 400;\">Aplica una pizca de producto con la punta redondeada del aplicador.<\/span>&nbsp;<\/li>\n<li style=\"font-weight: 400;\" aria-level=\"1\"><span style=\"font-weight: 400;\">Difumina suavemente con las yemas de los dedos o con el pincel corrector YOUNIQUE para un acabado natural.<\/span>&nbsp;<\/li>\n<\/ol>\n<h3><span style=\"font-weight: 400;\">Para zonas m\u00e1s amplias, como debajo de los ojos:<\/span><\/h3>\n<ol>\n<li style=\"font-weight: 400;\" aria-level=\"1\"><span style=\"font-weight: 400;\">Aplica el corrector bajo los ojos o como iluminador utilizando el lado plano del aplicador.<\/span>&nbsp;<\/li>\n<li style=\"font-weight: 400;\" aria-level=\"1\"><span style=\"font-weight: 400;\">Difumina con los dedos o con un pincel adecuado para conseguir un acabado luminoso y uniforme.<\/span>&nbsp;<\/li>\n<\/ol>\n<p><span style=\"font-weight: 400;\">Disfruta de la sencillez de una aplicaci\u00f3n precisa y ajustable. Pide ahora tu corrector YOUNIQUE TOUCH y revela un cutis luminoso e impecable. <\/span><\/p>\n<h2><span style=\"font-weight: 400;\">Ingredientes que cuidan tu piel<\/span><\/h2>\n<ul>\n<li style=\"font-weight: 400;\" aria-level=\"1\"><b>Cafe\u00edna<\/b><span style=\"font-weight: 400;\"> Estimula la microcirculaci\u00f3n y reduce los signos de fatiga.<\/span>&nbsp;<\/li>\n<li style=\"font-weight: 400;\" aria-level=\"1\"><b>Hialuronato s\u00f3dico<\/b><span style=\"font-weight: 400;\"> hidrata intensamente y rellena la piel.<\/span>&nbsp;<\/li>\n<li style=\"font-weight: 400;\" aria-level=\"1\"><b>Vitamina E<\/b><span style=\"font-weight: 400;\"> Protege la piel gracias a sus propiedades antioxidantes.<\/span>&nbsp;<\/li>\n<li style=\"font-weight: 400;\" aria-level=\"1\"><b>Escualeno<\/b><span style=\"font-weight: 400;\"> Nutre en profundidad sin dejar residuos grasos.<\/span>&nbsp;<\/li>\n<\/ul>\n<h2><span style=\"font-weight: 400;\">Lo que dicen los usuarios<\/span><\/h2>\n<ul>\n<li style=\"font-weight: 400;\" aria-level=\"1\"><b>94 %<\/b><span style=\"font-weight: 400;\"> declararon una alta cobertura inmediatamente despu\u00e9s de la aplicaci\u00f3n*.<\/span>&nbsp;<\/li>\n<li style=\"font-weight: 400;\" aria-level=\"1\"><b>91 %<\/b><span style=\"font-weight: 400;\"> encuentran que sus imperfecciones est\u00e1n perfectamente camufladas.*<\/span>&nbsp;<\/li>\n<li style=\"font-weight: 400;\" aria-level=\"1\"><b>92 %<\/b><span style=\"font-weight: 400;\"> no necesitan retoques durante el d\u00eda*.<\/span>&nbsp;<\/li>\n<\/ul>\n<p><span style=\"font-weight: 400;\">*Resultados de una encuesta independiente a consumidores estadounidenses. Los resultados pueden variar. <\/span><\/p>\n<h2><span style=\"font-weight: 400;\">FAQ : Corrector de tez YOUNIQUE TOUCH<\/span><\/h2>\n<ol>\n<li><b>  \u00bfEs adecuado para pieles sensibles?<\/b><b><br \/>\n<\/b><span style=\"font-weight: 400;\">  S\u00ed, su f\u00f3rmula suave y nutritiva es adecuada incluso para las pieles m\u00e1s sensibles.<\/span><\/li>\n<li><b>  \u00bfSe puede utilizar el corrector para retoques durante el d\u00eda?<\/b><b><br \/>\n<\/b><span style=\"font-weight: 400;\">  S\u00ed, su aplicador m\u00f3vil hace que los retoques sean f\u00e1ciles y precisos en cualquier momento.<\/span><\/li>\n<li><b>  \u00bfCu\u00e1nto dura el corrector?<\/b><b><br \/>\n<\/b><span style=\"font-weight: 400;\">  Dura todo el d\u00eda sin dejar restos ni marcas.<\/span><\/li>\n<li><b>  \u00bfEl producto es comedog\u00e9nico?<\/b><b><br \/>\n<\/b><span style=\"font-weight: 400;\">  No, respeta tu piel sin obstruir los poros.<\/span><\/li>\n<li><b>  \u00bfCu\u00e1nto dura un tubo?<\/b><b><br \/>\n<\/b><span style=\"font-weight: 400;\">  Con un uso regular, un tubo durar\u00e1 varios meses.<\/span><\/li>\n<\/ol>\n<p><span style=\"font-weight: 400;\">Reg\u00e1late la confianza de un cutis corregido, fresco y luminoso de la ma\u00f1ana a la noche. Pide hoy tu corrector YOUNIQUE TOUCH y siente la diferencia. <\/span><\/p>\n<p>&nbsp;<\/p>\n","protected":false},"excerpt":{"rendered":"<p><span style=\"font-weight: 400;\">Tengo que admitir que ocultar mis ojeras e imperfecciones siempre era un quebradero de cabeza. O era demasiado pesado, o no duraba, y acababa borr\u00e1ndolo todo a mitad del d\u00eda. Entonces prob\u00e9 el corrector    <\/span><b>TACTO YOUNIQUE<\/b><span style=\"font-weight: 400;\">Ha sido una revelaci\u00f3n. Su cobertura total es ajustable, se difumina f\u00e1cilmente y, sobre todo, cuida mi piel gracias a sus ingredientes nutritivos. Se ha convertido en un producto imprescindible en mi kit, y te recomiendo encarecidamente que lo pruebes.  <\/span><\/p>\n","protected":false},"featured_media":7873,"comment_status":"open","ping_status":"closed","template":"","meta":{"_seopress_robots_primary_cat":"none","_seopress_titles_title":"","_seopress_titles_desc":"","_seopress_robots_index":"","site-sidebar-layout":"default","site-content-layout":"","ast-site-content-layout":"default","site-content-style":"default","site-sidebar-style":"default","ast-global-header-display":"","ast-banner-title-visibility":"","ast-main-header-display":"","ast-hfb-above-header-display":"","ast-hfb-below-header-display":"","ast-hfb-mobile-header-display":"","site-post-title":"","ast-breadcrumbs-content":"","ast-featured-img":"","footer-sml-layout":"","ast-disable-related-posts":"","theme-transparent-header-meta":"default","adv-header-id-meta":"","stick-header-meta":"","header-above-stick-meta":"","header-main-stick-meta":"","header-below-stick-meta":"","astra-migrate-meta-layouts":"default","ast-page-background-enabled":"default","ast-page-background-meta":{"desktop":{"background-color":"var(--ast-global-color-4)","background-image":"","background-repeat":"repeat","background-position":"center center","background-size":"auto","background-attachment":"scroll","background-type":"","background-media":"","overlay-type":"","overlay-color":"","overlay-opacity":"","overlay-gradient":""},"tablet":{"background-color":"","background-image":"","background-repeat":"repeat","background-position":"center center","background-size":"auto","background-attachment":"scroll","background-type":"","background-media":"","overlay-type":"","overlay-color":"","overlay-opacity":"","overlay-gradient":""},"mobile":{"background-color":"","background-image":"","background-repeat":"repeat","background-position":"center center","background-size":"auto","background-attachment":"scroll","background-type":"","background-media":"","overlay-type":"","overlay-color":"","overlay-opacity":"","overlay-gradient":""}},"ast-content-background-meta":{"desktop":{"background-color":"var(--ast-global-color-5)","background-image":"","background-repeat":"repeat","background-position":"center center","background-size":"auto","background-attachment":"scroll","background-type":"","background-media":"","overlay-type":"","overlay-color":"","overlay-opacity":"","overlay-gradient":""},"tablet":{"background-color":"var(--ast-global-color-5)","background-image":"","background-repeat":"repeat","background-position":"center center","background-size":"auto","background-attachment":"scroll","background-type":"","background-media":"","overlay-type":"","overlay-color":"","overlay-opacity":"","overlay-gradient":""},"mobile":{"background-color":"var(--ast-global-color-5)","background-image":"","background-repeat":"repeat","background-position":"center center","background-size":"auto","background-attachment":"scroll","background-type":"","background-media":"","overlay-type":"","overlay-color":"","overlay-opacity":"","overlay-gradient":""}}},"product_brand":[],"product_cat":[66],"product_tag":[],"class_list":{"0":"post-7875","1":"product","2":"type-product","3":"status-publish","4":"has-post-thumbnail","6":"product_cat-cara","7":"desktop-align-left","8":"tablet-align-left","9":"mobile-align-left","11":"first","12":"instock","13":"sale","14":"shipping-taxable","15":"product-type-external"},"_links":{"self":[{"href":"https:\/\/youniquebyemilie.com\/es\/wp-json\/wp\/v2\/product\/7875","targetHints":{"allow":["GET"]}}],"collection":[{"href":"https:\/\/youniquebyemilie.com\/es\/wp-json\/wp\/v2\/product"}],"about":[{"href":"https:\/\/youniquebyemilie.com\/es\/wp-json\/wp\/v2\/types\/product"}],"replies":[{"embeddable":true,"href":"https:\/\/youniquebyemilie.com\/es\/wp-json\/wp\/v2\/comments?post=7875"}],"wp:featuredmedia":[{"embeddable":true,"href":"https:\/\/youniquebyemilie.com\/es\/wp-json\/wp\/v2\/media\/7873"}],"wp:attachment":[{"href":"https:\/\/youniquebyemilie.com\/es\/wp-json\/wp\/v2\/media?parent=7875"}],"wp:term":[{"taxonomy":"product_brand","embeddable":true,"href":"https:\/\/youniquebyemilie.com\/es\/wp-json\/wp\/v2\/product_brand?post=7875"},{"taxonomy":"product_cat","embeddable":true,"href":"https:\/\/youniquebyemilie.com\/es\/wp-json\/wp\/v2\/product_cat?post=7875"},{"taxonomy":"product_tag","embeddable":true,"href":"https:\/\/youniquebyemilie.com\/es\/wp-json\/wp\/v2\/product_tag?post=7875"}],"curies":[{"name":"wp","href":"https:\/\/api.w.org\/{rel}","templated":true}]}}