{"id":7917,"date":"2025-07-26T15:44:11","date_gmt":"2025-07-26T13:44:11","guid":{"rendered":"https:\/\/youniquebyemilie.com\/produit\/younique-touch-complexion-maquillaje-en-polvo-compacto\/"},"modified":"2025-11-26T08:49:35","modified_gmt":"2025-11-26T07:49:35","slug":"younique-touch-complexion-maquillaje-en-polvo-compacto","status":"publish","type":"product","link":"https:\/\/youniquebyemilie.com\/es\/produit\/younique-touch-complexion-maquillaje-en-polvo-compacto\/","title":{"rendered":"YOUNIQUE TOUCH Complexion+ maquillaje en polvo compacto"},"content":{"rendered":"<p><span style=\"font-weight: 400;\">\u00bfBuscas una base de maquillaje que sea f\u00e1cil de aplicar, mantenga un aspecto natural y te proporcione una cobertura excelente? No busques m\u00e1s   <\/span><b>YOUNIQUE TOUCH Complexion+ maquillaje en polvo compacto<\/b><span style=\"font-weight: 400;\">  es exactamente lo que necesitas. Su f\u00f3rmula sin talco y su aplicador compacto te permiten controlar tu maquillaje, est\u00e9s donde est\u00e9s. Difumina las imperfecciones, matifica tu piel y garantiza una fijaci\u00f3n duradera.  <\/span><b>  hasta 12 horas<\/b><span style=\"font-weight: 400;\">. Y, lo mejor de todo, \u00a1no se transfiere!<\/span><\/p>\n<h2><span style=\"font-weight: 400;\">Lo que te gustar\u00e1 de la Base de Maquillaje Compacta en Polvo YOUNIQUE TOUCH Complexion+<\/span><\/h2>\n<ul>\n<li style=\"font-weight: 400;\" aria-level=\"1\"><b>Una textura ligera y agradable<\/b><b><br \/>\n<\/b><span style=\"font-weight: 400;\">  Te encantar\u00e1 la forma en que esta base de maquillaje se funde perfectamente con tu piel, sin efecto enmascarador. Te deja un acabado mate sedoso, para una sensaci\u00f3n de confort durante todo el d\u00eda. <\/span>&nbsp;<\/li>\n<li style=\"font-weight: 400;\" aria-level=\"1\"><b>Cobertura total<\/b><b><br \/>\n<\/b><span style=\"font-weight: 400;\">  Conseguir\u00e1s una cobertura perfecta de las imperfecciones, con una tez uniforme, luminosa y natural. Se acabaron las manchas irregulares, s\u00f3lo un cutis impecable. <\/span>&nbsp;<\/li>\n<li style=\"font-weight: 400;\" aria-level=\"1\"><b>Un acabado mate que controla el brillo<\/b><b><br \/>\n<\/b><span style=\"font-weight: 400;\">  Su f\u00f3rmula te ayuda a reducir la apariencia de los poros y a controlar los brillos. El resultado: un maquillaje impecable, sin retoques, y una tez mate durante todo el d\u00eda. <\/span>&nbsp;<\/li>\n<li style=\"font-weight: 400;\" aria-level=\"1\"><b>Fijaci\u00f3n duradera<\/b><b><br \/>\n<\/b><span style=\"font-weight: 400;\">  \u00a1No tienes que preocuparte de retoques! Esta base de maquillaje se mantiene en su sitio hasta 12 horas, incluso en condiciones dif\u00edciles, sin transferirse ni degradarse. <\/span>&nbsp;<\/li>\n<\/ul>\n<h2><span style=\"font-weight: 400;\">Colores disponibles para YOUNIQUE TOUCH Complexion+ Base de Maquillaje Compacta en Polvo<\/span><\/h2>\n<p><span style=\"font-weight: 400;\">La p\u00e1gina <\/span><b>YOUNIQUE TOUCH Complexion+ maquillaje en polvo compacto<\/b><span style=\"font-weight: 400;\"> te permite personalizar tu tez a la perfecci\u00f3n con una amplia paleta de <\/span><b>27 tonos<\/b><span style=\"font-weight: 400;\">. Tanto si buscas un acabado luminoso como uno m\u00e1s natural, seguro que encuentras un tono que realce tu rostro. Aqu\u00ed tienes un resumen de los tonos disponibles para ayudarte a revelar tu luminosidad natural: <\/span><\/p>\n<ul>\n<li style=\"font-weight: 400;\" aria-level=\"1\"><b>Escarlata<\/b><span style=\"font-weight: 400;\"> Para un tono beige perfecto, ideal para pieles claras a medias con un subtono fr\u00edo.<\/span>&nbsp;<\/li>\n<li style=\"font-weight: 400;\" aria-level=\"1\"><b>Tul<\/b><span style=\"font-weight: 400;\"> Un toque de oro que ilumina las tez neutras, aportando frescura y resplandor.<\/span>&nbsp;<\/li>\n<li style=\"font-weight: 400;\" aria-level=\"1\"><b>Encaje<\/b><span style=\"font-weight: 400;\"> Una sutil mezcla de amarillo y melocot\u00f3n que proporciona a tu piel un brillo suave y natural.<\/span>&nbsp;<\/li>\n<li style=\"font-weight: 400;\" aria-level=\"1\"><b>Organza<\/b><span style=\"font-weight: 400;\"> Tonos rosas o azules que calientan la piel m\u00e1s fr\u00eda, para un resplandor fresco.<\/span>&nbsp;<\/li>\n<li style=\"font-weight: 400;\" aria-level=\"1\"><b>Terciopelo<\/b><span style=\"font-weight: 400;\"> Un acabado dorado perfecto para pieles con un subtono c\u00e1lido, ideal para un efecto radiante pero natural.<\/span>&nbsp;<\/li>\n<li style=\"font-weight: 400;\" aria-level=\"1\"><b>Tafet\u00e1n<\/b><span style=\"font-weight: 400;\"> Un tono amarillo melocot\u00f3n que ilumina los tonos de piel m\u00e1s c\u00e1lidos para un resultado radiante y armonioso.<\/span>&nbsp;<\/li>\n<li style=\"font-weight: 400;\" aria-level=\"1\"><b>Ojal<\/b><span style=\"font-weight: 400;\"> Beige con un toque de amarillo para un acabado suave y sutil, ideal para un maquillaje ligero.<\/span>&nbsp;<\/li>\n<li style=\"font-weight: 400;\" aria-level=\"1\"><b>Chiffon<\/b><span style=\"font-weight: 400;\"> Un tono rosado que despierta la piel, perfecto para una tez fresca y luminosa.<\/span>&nbsp;<\/li>\n<li style=\"font-weight: 400;\" aria-level=\"1\"><b>Lino<\/b><span style=\"font-weight: 400;\"> Un beige ligeramente aceitunado que se adapta a los tonos de piel m\u00e1s profundos, aportando calidez y profundidad.<\/span>&nbsp;<\/li>\n<li style=\"font-weight: 400;\" aria-level=\"1\"><b>Satinado<\/b><span style=\"font-weight: 400;\"> Amarillo melocot\u00f3n, un tono luminoso para una tez radiante y natural.<\/span>&nbsp;<\/li>\n<li style=\"font-weight: 400;\" aria-level=\"1\"><b>Caqui<\/b><span style=\"font-weight: 400;\"> Un beige dorado que acent\u00faa la piel con subtonos c\u00e1lidos, perfecto para un look sofisticado.<\/span>&nbsp;<\/li>\n<li style=\"font-weight: 400;\" aria-level=\"1\"><b>Cachemira<\/b><span style=\"font-weight: 400;\"> Beige con un toque de rosa, ideal para tonos de piel claros a medios con subtonos fr\u00edos.<\/span>&nbsp;<\/li>\n<li style=\"font-weight: 400;\" aria-level=\"1\"><b>Challis<\/b><span style=\"font-weight: 400;\"> Beige con un toque de melocot\u00f3n, perfecto para una tez radiante y uniforme.<\/span>&nbsp;<\/li>\n<li style=\"font-weight: 400;\" aria-level=\"1\"><b>Terciopelo<\/b><span style=\"font-weight: 400;\"> Otro tono dorado, ideal para acentuar el brillo natural de las pieles m\u00e1s c\u00e1lidas.<\/span>&nbsp;<\/li>\n<li style=\"font-weight: 400;\" aria-level=\"1\"><b>Charmeuse<\/b><span style=\"font-weight: 400;\"> Beige, perfecto para un acabado suave y mate que se adapta a todos los tonos de piel neutros.<\/span>&nbsp;<\/li>\n<\/ul>\n<p><span style=\"font-weight: 400;\">Con esta paleta, t\u00fa controlas la intensidad y luminosidad de tu tez a tu manera. Cada tono est\u00e1 dise\u00f1ado para adaptarse perfectamente a tu tono de piel y a tu estilo. <\/span><\/p>\n<p>&nbsp;<\/p>\n<h2><span style=\"font-weight: 400;\">\u00bfC\u00f3mo aplicar tu base de maquillaje en polvo compacta YOUNIQUE TOUCH Complexion+?<\/span><\/h2>\n<h3><span style=\"font-weight: 400;\">Para una cobertura ligera :<\/span><\/h3>\n<ol>\n<li style=\"font-weight: 400;\" aria-level=\"1\"><span style=\"font-weight: 400;\">Coge la <\/span><b>brocha para polvos YOUNIQUE<\/b><span style=\"font-weight: 400;\">.<\/span>&nbsp;<\/li>\n<li style=\"font-weight: 400;\" aria-level=\"1\"><span style=\"font-weight: 400;\">Difumina los polvos con movimientos de barrido desde el centro del rostro hacia el exterior.<\/span>&nbsp;<\/li>\n<\/ol>\n<h3><span style=\"font-weight: 400;\">Para una cobertura de ligera a media :<\/span><\/h3>\n<ol>\n<li style=\"font-weight: 400;\" aria-level=\"1\"><span style=\"font-weight: 400;\">Utiliza la <\/span><b>brocha para polvos\/correctores YOUNIQUE<\/b><span style=\"font-weight: 400;\">.<\/span>&nbsp;<\/li>\n<li style=\"font-weight: 400;\" aria-level=\"1\"><span style=\"font-weight: 400;\">Aplica los polvos empezando por el centro del rostro y difum\u00ednalos hacia el exterior con movimientos circulares.<\/span>&nbsp;<\/li>\n<\/ol>\n<h3><span style=\"font-weight: 400;\">Para una cobertura completa :<\/span><\/h3>\n<ol>\n<li style=\"font-weight: 400;\" aria-level=\"1\"><span style=\"font-weight: 400;\">Utiliza el <\/span><b>brocha kabuki YOUNIQUE<\/b><span style=\"font-weight: 400;\"> y aplica los polvos con peque\u00f1os toques.<\/span>&nbsp;<\/li>\n<li style=\"font-weight: 400;\" aria-level=\"1\"><span style=\"font-weight: 400;\">Empieza por el centro del rostro y difumina hacia fuera. Repite la operaci\u00f3n para ajustar la cobertura. <\/span>&nbsp;<\/li>\n<\/ol>\n<h3><span style=\"font-weight: 400;\">Para iluminar y contornear :<\/span><\/h3>\n<ol>\n<li style=\"font-weight: 400;\" aria-level=\"1\"><span style=\"font-weight: 400;\">Utiliza tonos m\u00e1s claros para iluminar y tonos m\u00e1s oscuros para esculpir tu rostro.<\/span>&nbsp;<\/li>\n<li style=\"font-weight: 400;\" aria-level=\"1\"><span style=\"font-weight: 400;\">Fija el maquillaje con la base y la bruma fijadora <\/span><b>TACTO DE MANTENIMIENTO<\/b><span style=\"font-weight: 400;\">.<\/span>&nbsp;<\/li>\n<\/ol>\n<h3><span style=\"font-weight: 400;\">Para retocar m\u00f3viles :<\/span><\/h3>\n<ol>\n<li style=\"font-weight: 400;\" aria-level=\"1\"><span style=\"font-weight: 400;\">Utiliza la<\/span><b>esponja retr\u00e1ctil<\/b><span style=\"font-weight: 400;\"> para retoques r\u00e1pidos.<\/span>&nbsp;<\/li>\n<li style=\"font-weight: 400;\" aria-level=\"1\"><span style=\"font-weight: 400;\">Guarda la esponja en el compartimento bajo el polvo para protegerla de las impurezas.<\/span>&nbsp;<\/li>\n<\/ol>\n<h2><span style=\"font-weight: 400;\">Ingredientes clave y sus beneficios<\/span><\/h2>\n<ul>\n<li style=\"font-weight: 400;\" aria-level=\"1\"><b>Hialuronato s\u00f3dico<\/b><span style=\"font-weight: 400;\"> Alisa la piel y unifica su aspecto, al tiempo que mejora la hidrataci\u00f3n.<\/span>&nbsp;<\/li>\n<li style=\"font-weight: 400;\" aria-level=\"1\"><b>Caol\u00edn<\/b><span style=\"font-weight: 400;\"> Reduce la aparici\u00f3n de l\u00edneas finas y poros, para una piel m\u00e1s lisa y uniforme.<\/span>&nbsp;<\/li>\n<li style=\"font-weight: 400;\" aria-level=\"1\"><b>Manteca de karit\u00e9<\/b><span style=\"font-weight: 400;\"> Nutre e hidrata tu piel en profundidad, para un confort y una suavidad inmediatos.<\/span>&nbsp;<\/li>\n<li style=\"font-weight: 400;\" aria-level=\"1\"><b>Manzanilla<\/b><span style=\"font-weight: 400;\"> Calma tu piel y la protege de las agresiones externas gracias a sus propiedades antioxidantes.<\/span>&nbsp;<\/li>\n<li style=\"font-weight: 400;\" aria-level=\"1\"><b>S\u00edlice finamente molida<\/b><span style=\"font-weight: 400;\"> : Difunde la luz para un acabado impecable y una tez suave y natural.<\/span><\/li>\n<\/ul>\n<p>&nbsp;<\/p>\n<h2><span style=\"font-weight: 400;\">FAQ : Base de maquillaje compacta en polvo YOUNIQUE TOUCH Complexion+<\/span><\/h2>\n<ol>\n<li><b>  \u00bfEsta base de maquillaje es adecuada para pieles grasas?<\/b><b><br \/>\n<\/b><span style=\"font-weight: 400;\">  S\u00ed, ayuda a controlar los brillos gracias a sus propiedades matificantes, por lo que es ideal para pieles mixtas y grasas.<\/span><\/li>\n<li><b>  \u00bfEsta base de maquillaje tiene fragancia?<\/b><b><br \/>\n<\/b><span style=\"font-weight: 400;\">  No, no tiene perfume, lo que es perfecto para las pieles sensibles.<\/span><\/li>\n<li><b>  \u00bfCu\u00e1nto tiempo se mantiene la base en su sitio?<\/b><b><br \/>\n<\/b><span style=\"font-weight: 400;\">  Permanece impecable hasta 12 horas sin transferirse ni degradarse, incluso en condiciones dif\u00edciles.<\/span><\/li>\n<li><b>  \u00bfEs f\u00e1cil de aplicar?<\/b><b><br \/>\n<\/b><span style=\"font-weight: 400;\">  S\u00ed, gracias a su textura ligera y a su pr\u00e1ctico aplicador, es f\u00e1cil de aplicar y se funde perfectamente con la piel.<\/span><\/li>\n<\/ol>\n<p><span style=\"font-weight: 400;\">Proporciona a tu cutis un brillo natural y mate durante todo el d\u00eda. Pide hoy mismo tu base de maquillaje en polvo compacta YOUNIQUE TOUCH Complexion+ y disfruta de una cobertura impecable y una piel nutrida y protegida. <\/span><\/p>\n<p>&nbsp;<\/p>\n","protected":false},"excerpt":{"rendered":"<p><span style=\"font-weight: 400;\">\u00bfBuscas una base de maquillaje que sea f\u00e1cil de aplicar, mantenga un aspecto natural y te proporcione una cobertura excelente? No busques m\u00e1s   <\/span><b>YOUNIQUE TOUCH Complexion+ maquillaje en polvo compacto<\/b><span style=\"font-weight: 400;\">  es exactamente lo que necesitas. Su f\u00f3rmula sin talco y su aplicador compacto te permiten controlar tu maquillaje, est\u00e9s donde est\u00e9s. Difumina las imperfecciones, matifica tu piel y garantiza una fijaci\u00f3n duradera.  <\/span><b>  hasta 12 horas<\/b><span style=\"font-weight: 400;\">. Y, lo mejor de todo, \u00a1no se transfiere!<\/span><\/p>\n","protected":false},"featured_media":7915,"comment_status":"open","ping_status":"closed","template":"","meta":{"_seopress_robots_primary_cat":"none","_seopress_titles_title":"","_seopress_titles_desc":"","_seopress_robots_index":"","site-sidebar-layout":"default","site-content-layout":"","ast-site-content-layout":"default","site-content-style":"default","site-sidebar-style":"default","ast-global-header-display":"","ast-banner-title-visibility":"","ast-main-header-display":"","ast-hfb-above-header-display":"","ast-hfb-below-header-display":"","ast-hfb-mobile-header-display":"","site-post-title":"","ast-breadcrumbs-content":"","ast-featured-img":"","footer-sml-layout":"","ast-disable-related-posts":"","theme-transparent-header-meta":"default","adv-header-id-meta":"","stick-header-meta":"","header-above-stick-meta":"","header-main-stick-meta":"","header-below-stick-meta":"","astra-migrate-meta-layouts":"default","ast-page-background-enabled":"default","ast-page-background-meta":{"desktop":{"background-color":"var(--ast-global-color-4)","background-image":"","background-repeat":"repeat","background-position":"center center","background-size":"auto","background-attachment":"scroll","background-type":"","background-media":"","overlay-type":"","overlay-color":"","overlay-opacity":"","overlay-gradient":""},"tablet":{"background-color":"","background-image":"","background-repeat":"repeat","background-position":"center center","background-size":"auto","background-attachment":"scroll","background-type":"","background-media":"","overlay-type":"","overlay-color":"","overlay-opacity":"","overlay-gradient":""},"mobile":{"background-color":"","background-image":"","background-repeat":"repeat","background-position":"center center","background-size":"auto","background-attachment":"scroll","background-type":"","background-media":"","overlay-type":"","overlay-color":"","overlay-opacity":"","overlay-gradient":""}},"ast-content-background-meta":{"desktop":{"background-color":"var(--ast-global-color-5)","background-image":"","background-repeat":"repeat","background-position":"center center","background-size":"auto","background-attachment":"scroll","background-type":"","background-media":"","overlay-type":"","overlay-color":"","overlay-opacity":"","overlay-gradient":""},"tablet":{"background-color":"var(--ast-global-color-5)","background-image":"","background-repeat":"repeat","background-position":"center center","background-size":"auto","background-attachment":"scroll","background-type":"","background-media":"","overlay-type":"","overlay-color":"","overlay-opacity":"","overlay-gradient":""},"mobile":{"background-color":"var(--ast-global-color-5)","background-image":"","background-repeat":"repeat","background-position":"center center","background-size":"auto","background-attachment":"scroll","background-type":"","background-media":"","overlay-type":"","overlay-color":"","overlay-opacity":"","overlay-gradient":""}}},"product_brand":[],"product_cat":[66],"product_tag":[],"class_list":{"0":"post-7917","1":"product","2":"type-product","3":"status-publish","4":"has-post-thumbnail","6":"product_cat-cara","7":"desktop-align-left","8":"tablet-align-left","9":"mobile-align-left","11":"first","12":"instock","13":"sale","14":"shipping-taxable","15":"product-type-external"},"_links":{"self":[{"href":"https:\/\/youniquebyemilie.com\/es\/wp-json\/wp\/v2\/product\/7917","targetHints":{"allow":["GET"]}}],"collection":[{"href":"https:\/\/youniquebyemilie.com\/es\/wp-json\/wp\/v2\/product"}],"about":[{"href":"https:\/\/youniquebyemilie.com\/es\/wp-json\/wp\/v2\/types\/product"}],"replies":[{"embeddable":true,"href":"https:\/\/youniquebyemilie.com\/es\/wp-json\/wp\/v2\/comments?post=7917"}],"wp:featuredmedia":[{"embeddable":true,"href":"https:\/\/youniquebyemilie.com\/es\/wp-json\/wp\/v2\/media\/7915"}],"wp:attachment":[{"href":"https:\/\/youniquebyemilie.com\/es\/wp-json\/wp\/v2\/media?parent=7917"}],"wp:term":[{"taxonomy":"product_brand","embeddable":true,"href":"https:\/\/youniquebyemilie.com\/es\/wp-json\/wp\/v2\/product_brand?post=7917"},{"taxonomy":"product_cat","embeddable":true,"href":"https:\/\/youniquebyemilie.com\/es\/wp-json\/wp\/v2\/product_cat?post=7917"},{"taxonomy":"product_tag","embeddable":true,"href":"https:\/\/youniquebyemilie.com\/es\/wp-json\/wp\/v2\/product_tag?post=7917"}],"curies":[{"name":"wp","href":"https:\/\/api.w.org\/{rel}","templated":true}]}}