{"id":7942,"date":"2025-07-24T17:56:11","date_gmt":"2025-07-24T15:56:11","guid":{"rendered":"https:\/\/youniquebyemilie.com\/produit\/iluminador-fusion-younique-touch\/"},"modified":"2025-11-26T08:51:51","modified_gmt":"2025-11-26T07:51:51","slug":"iluminador-fusion-younique-touch","status":"publish","type":"product","link":"https:\/\/youniquebyemilie.com\/es\/produit\/iluminador-fusion-younique-touch\/","title":{"rendered":"Iluminador fusi\u00f3n YOUNIQUE TOUCH"},"content":{"rendered":"<p><span style=\"font-weight: 400;\">Antes me costaba encontrar un corrector que no iluminara ni mostrara demasiado. No siempre es f\u00e1cil encontrar un producto que ilumine sin apelmazar. Pero desde que prob\u00e9  <\/span> <b> iluminador de fusi\u00f3n YOUNIQUE TOUCH<\/b><span style=\"font-weight: 400;\">lo ha cambiado todo. <\/span><b>Se funde en la piel<\/b><span style=\"font-weight: 400;\">, <\/span><b>proporciona una luminosidad natural y regulable<\/b><span style=\"font-weight: 400;\">y <\/span><b>hidrata al mismo tiempo.<\/b><span style=\"font-weight: 400;\"> Ilumina mi cutis sin ning\u00fan efecto artificial, y su textura ligera es tan agradable que casi me olvido de que la llevo puesta.<\/span><\/p>\n<p><span style=\"font-weight: 400;\"><br \/>\n<\/span><span style=\"font-weight: 400;\">Se adapta a cada momento del d\u00eda, tanto si buscas un aspecto natural para el d\u00eda a d\u00eda como un maquillaje m\u00e1s luminoso para la noche. Es el tipo de producto f\u00e1cil de incorporar a tu rutina, sin complicaciones y con resultados que realmente marcan la diferencia. <\/span><\/p>\n<h2><span style=\"font-weight: 400;\">Lo que te encantar\u00e1 del Iluminador YOUNIQUE TOUCH Fusion:<\/span><\/h2>\n<ul>\n<li style=\"font-weight: 400;\" aria-level=\"1\"><b>Una luminosidad natural y regulable<\/b><b><br \/>\n<\/b><span style=\"font-weight: 400;\">  Apl\u00edcalo donde quieras en tu rostro, y elige la intensidad del resplandor. De la m\u00e1s sutil a la m\u00e1s pronunciada, se adapta a tu estilo y te deja un acabado suave y luminoso. <\/span>&nbsp;<\/li>\n<li style=\"font-weight: 400;\" aria-level=\"1\"><b>Una tecnolog\u00eda \u00fanica para una piel suave y radiante<\/b><b>\n<p><\/b><span style=\"font-weight: 400;\"> Gracias a <\/span><b>Envoltura el\u00e1stica<\/b><span style=\"font-weight: 400;\">proporciona a tu piel un aspecto liso y una luminosidad cautivadora, al tiempo que difumina las imperfecciones.<\/span>&nbsp;<\/li>\n<li style=\"font-weight: 400;\" aria-level=\"1\"><b>Ingredientes nutritivos para tu piel<\/b><b><br \/>\n<\/b> <span style=\"font-weight: 400;\"> Formulado con <\/span><b>manteca de aloe<\/b><span style=\"font-weight: 400;\"> para calmar e hidratar<\/span><b>extracto de grosella negra<\/b><span style=\"font-weight: 400;\"> para un efecto rellenador, y<\/span><b>extracto del fruto de Evodia Rutaecarpa<\/b><span style=\"font-weight: 400;\">  para revitalizar tu cutis. No es s\u00f3lo un iluminador, \u00a1es un tratamiento para tu piel! <\/span>&nbsp;<\/li>\n<li style=\"font-weight: 400;\" aria-level=\"1\"><b>Una textura f\u00e1cil de aplicar<\/b><b>\n<p><\/b><span style=\"font-weight: 400;\"> Tanto si tienes a mano un pincel abanico como tus dedos, este iluminador se difumina f\u00e1cilmente y proporciona un acabado perfecto sin esfuerzo.<\/span>&nbsp;<\/li>\n<\/ul>\n<h2><span style=\"font-weight: 400;\">Los tonos luminosos del Iluminador YOUNIQUE TOUCH Fusion para un cutis impecable<\/span><\/h2>\n<p><span style=\"font-weight: 400;\">El iluminador fusi\u00f3n YOUNIQUE TOUCH te permite personalizar tu luminosidad para adaptarla a tu estado de \u00e1nimo y al tono de tu piel.  <\/span><\/p>\n<ul>\n<li style=\"font-weight: 400;\" aria-level=\"1\"><b>Escarchado<\/b><span style=\"font-weight: 400;\">  Si quieres un acabado helado y luminoso, \u00e9ste es tu tono. Su brillo fresco y transl\u00facido aporta una luminosidad sutil pero pronunciada, ideal para un aspecto fresco y natural. <\/span>&nbsp;<\/li>\n<li style=\"font-weight: 400;\" aria-level=\"1\"><b>Dorado<\/b><span style=\"font-weight: 400;\"> Para un efecto radiante y c\u00e1lido, opta por <\/span><b>Dorado<\/b><span style=\"font-weight: 400;\">. Este tono champ\u00e1n iluminar\u00e1 tu rostro y te dar\u00e1 un resplandor instant\u00e1neo, con un toque de suavidad y luz.<\/span>&nbsp;<\/li>\n<li style=\"font-weight: 400;\" aria-level=\"1\"><b>Rubor<\/b><span style=\"font-weight: 400;\"> Si buscas un efecto fresco y sutil, <\/span><b>Rubor<\/b><span style=\"font-weight: 400;\">  es el tono perfecto. Su brillo rosa fr\u00edo ofrece una luz delicada y suave que realza tu tez sin dejar de ser natural. <\/span>&nbsp;<\/li>\n<li style=\"font-weight: 400;\" aria-level=\"1\"><b>Bronceado<\/b><span style=\"font-weight: 400;\"> Para una tez bronceada por el sol, <\/span><b>Bronceado<\/b><span style=\"font-weight: 400;\">  es la opci\u00f3n perfecta. Su c\u00e1lido resplandor besado por el sol te dar\u00e1 ese aspecto dorado y luminoso listo para brillar bajo cualquier foco. <\/span>&nbsp;<\/li>\n<\/ul>\n<h2><span style=\"font-weight: 400;\">\u00bfC\u00f3mo se aplica el iluminador de fusi\u00f3n YOUNIQUE TOUCH?<\/span><\/h2>\n<ul>\n<li style=\"font-weight: 400;\" aria-level=\"1\"><b>Para un resplandor suave:<\/b><b>\n<p><\/b><span style=\"font-weight: 400;\"> Aplica el iluminador en los puntos m\u00e1s destacados de tu rostro <\/span><b>huesos de las cejas, arco de Cupido, p\u00f3mulos<\/b><span style=\"font-weight: 400;\"> y difumina ligeramente.<\/span>&nbsp;<\/li>\n<li style=\"font-weight: 400;\" aria-level=\"1\"><b>Para un resplandor m\u00e1s pronunciado:<\/b><b>\n<p><\/b><span style=\"font-weight: 400;\"> Acent\u00faa las zonas que quieras resaltar, como los <\/span><b>p\u00f3mulos <\/b><span style=\"font-weight: 400;\">y <\/span><b>puente de la nariz<\/b><span style=\"font-weight: 400;\">y difumina para conseguir un efecto luminoso y esculpido.<\/span>&nbsp;<\/li>\n<li style=\"font-weight: 400;\" aria-level=\"1\"><b>Para un sutil toque de luz:<\/b><b>\n<p><\/b><span style=\"font-weight: 400;\"> Apl\u00edcatelo en los hombros o las clav\u00edculas para conseguir un resplandor general y delicado que te proporcione un efecto luminoso de la cabeza a los pies.<\/span>&nbsp;<\/li>\n<\/ul>\n<p><span style=\"font-weight: 400;\">Ilumina tu rostro con el iluminador fusi\u00f3n YOUNIQUE TOUCH y transforma tu maquillaje en un instante. \u00a1P\u00eddelo ahora para conseguir el brillo perfecto! <\/span><\/p>\n<h2><span style=\"font-weight: 400;\">Ingredientes clave y sus beneficios  <\/span><\/h2>\n<ul>\n<li style=\"font-weight: 400;\" aria-level=\"1\"><b>Hialuronato s\u00f3dico<\/b><span style=\"font-weight: 400;\"> Proporciona una piel m\u00e1s lisa y uniforme para una luminosidad instant\u00e1nea.<\/span>&nbsp;<\/li>\n<li style=\"font-weight: 400;\" aria-level=\"1\"><b>Grosellero negro<\/b><span style=\"font-weight: 400;\"> Grosella negra: Nutre y ayuda a rellenar tu piel para un efecto fresco y revitalizante.<\/span>&nbsp;<\/li>\n<li style=\"font-weight: 400;\" aria-level=\"1\"><b>Manteca de Aloe Vera<\/b><span style=\"font-weight: 400;\"> Calma e hidrata tu piel, dej\u00e1ndote una sensaci\u00f3n de confort durante todo el d\u00eda.<\/span>&nbsp;<\/li>\n<li style=\"font-weight: 400;\" aria-level=\"1\"><b>Extracto de Evodia Rutaecarpa<\/b><span style=\"font-weight: 400;\"> Revitaliza tu cutis y te proporciona un resplandor luminoso y duradero.<\/span>&nbsp;<\/li>\n<\/ul>\n<h2><span style=\"font-weight: 400;\">FAQ : Iluminador fusi\u00f3n YOUNIQUE TOUCH<\/span><\/h2>\n<ol>\n<li><b>  \u00bfEsta base de maquillaje es adecuada para todos los tipos de piel?<\/b><b><br \/>\n<\/b><span style=\"font-weight: 400;\">  S\u00ed, est\u00e1 dise\u00f1ado para adaptarse a todos los tipos de piel, ofreciendo una cobertura ajustable y un acabado natural, ya sea seca, normal o grasa.<\/span><\/li>\n<li><b>  \u00bfEsta base de maquillaje controla los brillos?<\/b><b><br \/>\n<\/b><span style=\"font-weight: 400;\">  S\u00ed, ayuda a controlar los brillos a la vez que mantiene un cutis fresco y luminoso, por lo que es una opci\u00f3n excelente para las pieles mixtas a grasas.<\/span><\/li>\n<li><b>  \u00bfEs duradera esta base de maquillaje?<\/b><b><br \/>\n<\/b><span style=\"font-weight: 400;\">  S\u00ed, su f\u00f3rmula de larga duraci\u00f3n garantiza una cobertura impecable hasta 12 horas sin transferir ni da\u00f1ar el maquillaje.<\/span><\/li>\n<li><b>  \u00bfEst\u00e1 esta base de maquillaje dermatol\u00f3gicamente probada?<\/b><b><br \/>\n<\/b><span style=\"font-weight: 400;\">  S\u00ed, est\u00e1 dermatol\u00f3gicamente probado para garantizar su suavidad y eficacia, incluso en las pieles m\u00e1s sensibles.<\/span><\/li>\n<li><b>  \u00bfSe puede utilizar esta base de maquillaje para contornear?<\/b><b><br \/>\n<\/b><span style=\"font-weight: 400;\">  S\u00ed, puedes utilizar los tonos m\u00e1s oscuros para esculpir tu rostro y los m\u00e1s claros para iluminar.<\/span><\/li>\n<\/ol>\n<p>&nbsp;<\/p>\n<p><span style=\"font-weight: 400;\">\u00bfBuscas una luminosidad instant\u00e1nea y natural? \u00a1Pide ahora tu Iluminador YOUNIQUE TOUCH Fusion y revela tu belleza con una luz perfecta y regulable! <\/span><\/p>\n<p>&nbsp;<\/p>\n","protected":false},"excerpt":{"rendered":"<p><span style=\"font-weight: 400;\">Antes me costaba encontrar un corrector que no iluminara ni mostrara demasiado. No siempre es f\u00e1cil encontrar un producto que ilumine sin apelmazar. Pero desde que prob\u00e9  <\/span> <b> iluminador de fusi\u00f3n YOUNIQUE TOUCH<\/b><span style=\"font-weight: 400;\">lo ha cambiado todo. <\/span><b>Se funde en la piel<\/b><span style=\"font-weight: 400;\">, <\/span><b>proporciona una luminosidad natural y regulable<\/b><span style=\"font-weight: 400;\">y <\/span><b>hidrata al mismo tiempo.<\/b><span style=\"font-weight: 400;\"> Ilumina mi cutis sin ning\u00fan efecto artificial, y su textura ligera es tan agradable que casi me olvido de que la llevo puesta.<\/span><\/p>\n<p><span style=\"font-weight: 400;\"><br \/>\n<\/span><span style=\"font-weight: 400;\">Se adapta a cada momento del d\u00eda, tanto si buscas un aspecto natural para el d\u00eda a d\u00eda como un maquillaje m\u00e1s luminoso para la noche. Es el tipo de producto f\u00e1cil de incorporar a tu rutina, sin complicaciones y con resultados que realmente marcan la diferencia. <\/span><\/p>\n","protected":false},"featured_media":7940,"comment_status":"open","ping_status":"closed","template":"","meta":{"_seopress_robots_primary_cat":"none","_seopress_titles_title":"","_seopress_titles_desc":"","_seopress_robots_index":"","site-sidebar-layout":"default","site-content-layout":"","ast-site-content-layout":"default","site-content-style":"default","site-sidebar-style":"default","ast-global-header-display":"","ast-banner-title-visibility":"","ast-main-header-display":"","ast-hfb-above-header-display":"","ast-hfb-below-header-display":"","ast-hfb-mobile-header-display":"","site-post-title":"","ast-breadcrumbs-content":"","ast-featured-img":"","footer-sml-layout":"","ast-disable-related-posts":"","theme-transparent-header-meta":"default","adv-header-id-meta":"","stick-header-meta":"","header-above-stick-meta":"","header-main-stick-meta":"","header-below-stick-meta":"","astra-migrate-meta-layouts":"default","ast-page-background-enabled":"default","ast-page-background-meta":{"desktop":{"background-color":"var(--ast-global-color-4)","background-image":"","background-repeat":"repeat","background-position":"center center","background-size":"auto","background-attachment":"scroll","background-type":"","background-media":"","overlay-type":"","overlay-color":"","overlay-opacity":"","overlay-gradient":""},"tablet":{"background-color":"","background-image":"","background-repeat":"repeat","background-position":"center center","background-size":"auto","background-attachment":"scroll","background-type":"","background-media":"","overlay-type":"","overlay-color":"","overlay-opacity":"","overlay-gradient":""},"mobile":{"background-color":"","background-image":"","background-repeat":"repeat","background-position":"center center","background-size":"auto","background-attachment":"scroll","background-type":"","background-media":"","overlay-type":"","overlay-color":"","overlay-opacity":"","overlay-gradient":""}},"ast-content-background-meta":{"desktop":{"background-color":"var(--ast-global-color-5)","background-image":"","background-repeat":"repeat","background-position":"center center","background-size":"auto","background-attachment":"scroll","background-type":"","background-media":"","overlay-type":"","overlay-color":"","overlay-opacity":"","overlay-gradient":""},"tablet":{"background-color":"var(--ast-global-color-5)","background-image":"","background-repeat":"repeat","background-position":"center center","background-size":"auto","background-attachment":"scroll","background-type":"","background-media":"","overlay-type":"","overlay-color":"","overlay-opacity":"","overlay-gradient":""},"mobile":{"background-color":"var(--ast-global-color-5)","background-image":"","background-repeat":"repeat","background-position":"center center","background-size":"auto","background-attachment":"scroll","background-type":"","background-media":"","overlay-type":"","overlay-color":"","overlay-opacity":"","overlay-gradient":""}}},"product_brand":[],"product_cat":[66],"product_tag":[],"class_list":{"0":"post-7942","1":"product","2":"type-product","3":"status-publish","4":"has-post-thumbnail","6":"product_cat-cara","7":"desktop-align-left","8":"tablet-align-left","9":"mobile-align-left","11":"first","12":"instock","13":"sale","14":"shipping-taxable","15":"product-type-external"},"_links":{"self":[{"href":"https:\/\/youniquebyemilie.com\/es\/wp-json\/wp\/v2\/product\/7942","targetHints":{"allow":["GET"]}}],"collection":[{"href":"https:\/\/youniquebyemilie.com\/es\/wp-json\/wp\/v2\/product"}],"about":[{"href":"https:\/\/youniquebyemilie.com\/es\/wp-json\/wp\/v2\/types\/product"}],"replies":[{"embeddable":true,"href":"https:\/\/youniquebyemilie.com\/es\/wp-json\/wp\/v2\/comments?post=7942"}],"wp:featuredmedia":[{"embeddable":true,"href":"https:\/\/youniquebyemilie.com\/es\/wp-json\/wp\/v2\/media\/7940"}],"wp:attachment":[{"href":"https:\/\/youniquebyemilie.com\/es\/wp-json\/wp\/v2\/media?parent=7942"}],"wp:term":[{"taxonomy":"product_brand","embeddable":true,"href":"https:\/\/youniquebyemilie.com\/es\/wp-json\/wp\/v2\/product_brand?post=7942"},{"taxonomy":"product_cat","embeddable":true,"href":"https:\/\/youniquebyemilie.com\/es\/wp-json\/wp\/v2\/product_cat?post=7942"},{"taxonomy":"product_tag","embeddable":true,"href":"https:\/\/youniquebyemilie.com\/es\/wp-json\/wp\/v2\/product_tag?post=7942"}],"curies":[{"name":"wp","href":"https:\/\/api.w.org\/{rel}","templated":true}]}}