{"id":7959,"date":"2025-07-28T17:58:24","date_gmt":"2025-07-28T15:58:24","guid":{"rendered":"https:\/\/youniquebyemilie.com\/produit\/base-de-maquillaje-en-suero-younique-touch\/"},"modified":"2025-11-26T08:48:58","modified_gmt":"2025-11-26T07:48:58","slug":"base-de-maquillaje-en-suero-younique-touch","status":"publish","type":"product","link":"https:\/\/youniquebyemilie.com\/es\/produit\/base-de-maquillaje-en-suero-younique-touch\/","title":{"rendered":"Base de maquillaje en suero + YOUNIQUE TOUCH"},"content":{"rendered":"<p><span style=\"font-weight: 400;\">Una tez perfecta, ligera y luminosa: \u00a1esta revolucionaria base de maquillaje es la soluci\u00f3n que estabas esperando! \u00bfCansada de bases de maquillaje pesadas que asfixian tu piel? Descubre    <\/span><b>suero de base + YOUNIQUE TOUCH<\/b><span style=\"font-weight: 400;\">  ha llegado para cambiarte la vida. No s\u00f3lo te proporciona una cobertura perfecta, sino que hidrata y rellena tu piel, sin dejar de ser incre\u00edblemente ligera y transpirable. Se acabaron las imperfecciones y las m\u00e1scaras: esta base de maquillaje es como una segunda piel, pero mejor.  <\/span><\/p>\n<p><span style=\"font-weight: 400;\">Enriquecida con ingredientes nutritivos y protectores, esta base de maquillaje ligera minimiza el aspecto de las l\u00edneas de expresi\u00f3n y las imperfecciones. Te proporciona una cobertura ajustable seg\u00fan tu estado de \u00e1nimo. Te encantar\u00e1 su acabado natural y luminoso que te acompa\u00f1a todo el d\u00eda, sin esfuerzo.  <\/span><\/p>\n<h2><span style=\"font-weight: 400;\">Lo que te encantar\u00e1 de YOUNIQUE TOUCH S\u00e9rum + Base de Maquillaje<\/span><\/h2>\n<ul>\n<li style=\"font-weight: 400;\" aria-level=\"1\"><b>Una textura ligera y transpirable<\/b><b><br \/>\n<\/b><span style=\"font-weight: 400;\">  Esta base de maquillaje te deja un acabado natural, sin efecto sobrecargado. Difumina las imperfecciones y deja que tu piel respire. <\/span><\/li>\n<li style=\"font-weight: 400;\" aria-level=\"1\"><b>Cobertura ajustable<\/b><b><br \/>\n<\/b><span style=\"font-weight: 400;\">  Aplica una o dos gotas para un aspecto ligero y natural, o a\u00f1ade m\u00e1s para una cobertura m\u00e1s completa. \u00a1Se adapta a tus necesidades de la ma\u00f1ana a la noche! <\/span><\/li>\n<li style=\"font-weight: 400;\" aria-level=\"1\"><b>Un acabado luminoso y satinado<\/b><b><br \/>\n<\/b><span style=\"font-weight: 400;\"> Con su mezcla de ingredientes hidratantes, te proporciona una tez fresca, luminosa y sin brillos.<\/span><\/li>\n<li style=\"font-weight: 400;\" aria-level=\"1\"><b>Una f\u00f3rmula de larga duraci\u00f3n<\/b><b><br \/>\n<\/b> <span style=\"font-weight: 400;\"> Permanece impecable durante<\/span><b>12 horas<\/b><span style=\"font-weight: 400;\">Incluso en los d\u00edas m\u00e1s largos, \u00a1y sin transferencia! No tienes que preocuparte de retocarte durante el d\u00eda. <\/span><\/li>\n<\/ul>\n<h2><span style=\"font-weight: 400;\">Tonos disponibles para YOUNIQUE TOUCH Suero + Base de Maquillaje<\/span><\/h2>\n<p><span style=\"font-weight: 400;\">Esta base de maquillaje est\u00e1 disponible en <\/span><b>varios tonos<\/b><span style=\"font-weight: 400;\">  para que se adapte perfectamente a tu tono de piel. Tanto si eres clara, media o profunda, encontrar\u00e1s el tono que mejor te sienta. \u00bfY sabes qu\u00e9? Tambi\u00e9n puedes mezclar distintos tonos para crear tu propia tez personalizada. Aqu\u00ed tienes algunos ejemplos:    <\/span><\/p>\n<ul>\n<li style=\"font-weight: 400;\" aria-level=\"1\"><b>Escarlata<\/b><span style=\"font-weight: 400;\">  Un tono beige perfecto para pieles claras a medias con un subtono fr\u00edo. Ideal para una tez fresca y natural. <\/span><span style=\"font-weight: 400;\"><br \/>\n<\/span><span style=\"font-weight: 400;\"><br \/>\n<\/span><\/li>\n<li style=\"font-weight: 400;\" aria-level=\"1\"><b>Organza<\/b><span style=\"font-weight: 400;\"> Rosa o azul, para una tez fresca y radiante que ilumina la piel fr\u00eda.<\/span><\/li>\n<li style=\"font-weight: 400;\" aria-level=\"1\"><b>Terciopelo<\/b><span style=\"font-weight: 400;\"> Un tono dorado perfecto para un acabado radiante y natural, ideal para cutis c\u00e1lidos.<\/span><\/li>\n<li style=\"font-weight: 400;\" aria-level=\"1\"><b>Tafet\u00e1n<\/b><span style=\"font-weight: 400;\"> Amarillo\/melocot\u00f3n, un tono suave y luminoso, perfecto para los cutis m\u00e1s c\u00e1lidos y soleados.<\/span><\/li>\n<li style=\"font-weight: 400;\" aria-level=\"1\"><b>Ojal<\/b><span style=\"font-weight: 400;\"> Beige con un toque de amarillo, ideal para un acabado suave y sutil, perfecto para un maquillaje ligero.<\/span><\/li>\n<li style=\"font-weight: 400;\" aria-level=\"1\"><b>Caqui<\/b><span style=\"font-weight: 400;\"> Beige dorado, este tono es perfecto para pieles c\u00e1lidas, para un look sofisticado y bronceado.<\/span><\/li>\n<li style=\"font-weight: 400;\" aria-level=\"1\"><b>Cachemira<\/b><span style=\"font-weight: 400;\"> Beige con un toque de rosa, perfecto para pieles claras a medias con subtonos fr\u00edos, para un acabado suave y luminoso.<\/span><\/li>\n<li style=\"font-weight: 400;\" aria-level=\"1\"><b>Chenilla<\/b><span style=\"font-weight: 400;\"> Beige con tonos rojos, un tono c\u00e1lido para un look profundo y sofisticado.<\/span><\/li>\n<li style=\"font-weight: 400;\" aria-level=\"1\"><b>Cipr\u00e9s<\/b><span style=\"font-weight: 400;\"> Beige con un toque de rojo, perfecto para acentuar la calidez natural de tu piel.<\/span><\/li>\n<\/ul>\n<h2><span style=\"font-weight: 400;\">\u00bfC\u00f3mo aplicar el Suero de Base + YOUNIQUE TOUCH?<\/span><\/h2>\n<ul>\n<li style=\"font-weight: 400;\" aria-level=\"1\"><b>Preparaci\u00f3n y base :<\/b><b><br \/>\n<\/b><span style=\"font-weight: 400;\">  Ante todo, empieza con un rostro limpio e hidratado. Utiliza un limpiador e hidratante como   <\/span><b>GLOWPLEXION<\/b><span style=\"font-weight: 400;\"> para preparar tu piel.<\/span><\/li>\n<li style=\"font-weight: 400;\" aria-level=\"1\"><b>Aplicaci\u00f3n:<\/b><b><br \/>\n<\/b> <span style=\"font-weight: 400;\"> Agita bien la botella durante <\/span><b>30 segundos<\/b><span style=\"font-weight: 400;\">. Aplica una peque\u00f1a cantidad de base de maquillaje sobre el rostro.  <\/span><b>Pincel kabuki YOUNIQUE<\/b><span style=\"font-weight: 400;\">  u otro pincel adecuado, y apl\u00edcalo en el centro del rostro. Difumina hacia el exterior con movimientos circulares o golpecitos, seg\u00fan el resultado que desees. <\/span><\/li>\n<li style=\"font-weight: 400;\" aria-level=\"1\"><b>Cobertura ajustable:<\/b><b><br \/>\n<\/b><span style=\"font-weight: 400;\">  Si quieres un efecto m\u00e1s ligero, empieza con una o dos gotas. A\u00f1ade m\u00e1s para una cobertura m\u00e1s completa o m\u00e1s luminosidad. <\/span><\/li>\n<li style=\"font-weight: 400;\" aria-level=\"1\"><b>Fijaci\u00f3n :<\/b><b><br \/>\n<\/b><span style=\"font-weight: 400;\"> Fija tu maquillaje con el <\/span><b>FIJACI\u00d3N T\u00c1CTIL<\/b><span style=\"font-weight: 400;\"> para una fijaci\u00f3n \u00f3ptima durante todo el d\u00eda.<\/span><\/li>\n<\/ul>\n<p><span style=\"font-weight: 400;\">No te quedes sin tu cutis ideal, a\u00f1ade YOUNIQUE TOUCH S\u00e9rum + Base de Maquillaje a tu cesta y adopta un look de maquillaje ligero, luminoso y de larga duraci\u00f3n.<\/span><\/p>\n<h2><span style=\"font-weight: 400;\">Ingredientes clave de la base de maquillaje YOUNIQUE TOUCH<\/span><\/h2>\n<ul>\n<li style=\"font-weight: 400;\" aria-level=\"1\"><b>Hialuronato s\u00f3dico<\/b><span style=\"font-weight: 400;\"> Hidrata tu piel y la rellena, para un cutis luminoso y terso.<\/span><\/li>\n<li style=\"font-weight: 400;\" aria-level=\"1\"><b>Caol\u00edn<\/b><span style=\"font-weight: 400;\"> Afina la textura de tu piel reduciendo el aspecto de los poros y las l\u00edneas de expresi\u00f3n.<\/span><\/li>\n<li style=\"font-weight: 400;\" aria-level=\"1\"><b>Manteca de karit\u00e9<\/b><span style=\"font-weight: 400;\"> Nutre e hidrata en profundidad, dejando la piel suave y nutrida durante todo el d\u00eda.<\/span><\/li>\n<li style=\"font-weight: 400;\" aria-level=\"1\"><b>Extracto de Camelia Sinensis<\/b><span style=\"font-weight: 400;\"> Protege tu piel de las agresiones externas, al tiempo que le aporta propiedades calmantes.<\/span><\/li>\n<li style=\"font-weight: 400;\" aria-level=\"1\"><b>Extracto de ra\u00edz de Panax Ginseng<\/b><span style=\"font-weight: 400;\"> Revitaliza tu piel y le proporciona un brillo saludable inmediato.<\/span><\/li>\n<\/ul>\n<h2><span style=\"font-weight: 400;\">FAQ : Suero de base + YOUNIQUE TOUCH<\/span><\/h2>\n<ol>\n<li><b>  \u00bfEsta base de maquillaje es adecuada para la piel seca?<\/b><b><br \/>\n<\/b><span style=\"font-weight: 400;\">  S\u00ed, hidrata y rellena la piel gracias a su \u00e1cido hialur\u00f3nico y a su f\u00f3rmula ligera, ideal para pieles secas.<\/span><\/li>\n<li><b>  \u00bfCu\u00e1nto tiempo se mantiene esta base de maquillaje?<\/b><b><br \/>\n<\/b><span style=\"font-weight: 400;\">  Permanece en su sitio hasta 12 horas, sin transferirse ni degradarse, incluso en condiciones dif\u00edciles.<\/span><\/li>\n<li><b>  \u00bfEs no comedog\u00e9nico?<\/b><b><br \/>\n<\/b><span style=\"font-weight: 400;\">  S\u00ed, es no comedog\u00e9nico, lo que significa que no obstruye los poros y es perfecto para las pieles propensas a las imperfecciones.<\/span><\/li>\n<li><b>  \u00bfEst\u00e1 esta base de maquillaje dermatol\u00f3gicamente probada?<\/b><b><br \/>\n<\/b><span style=\"font-weight: 400;\">  S\u00ed, ha sido dermatol\u00f3gicamente probado para garantizar que es suave y seguro para todo tipo de pieles, incluidas las m\u00e1s sensibles.<\/span><\/li>\n<\/ol>\n<p>&nbsp;<\/p>\n<p><span style=\"font-weight: 400;\">Transforma tu cutis con el S\u00e9rum + Base de Maquillaje YOUNIQUE TOUCH.  <\/span><b>A\u00f1\u00e1delo hoy a tu cesta<\/b><span style=\"font-weight: 400;\">  y descubre la diferencia de un maquillaje ligero, luminoso y de larga duraci\u00f3n. Tu piel estar\u00e1 hidratada y protegida, con un aspecto impecable durante todo el d\u00eda. <\/span><\/p>\n<p>&nbsp;<\/p>\n","protected":false},"excerpt":{"rendered":"<p><span style=\"font-weight: 400;\">Una tez perfecta, ligera y luminosa: \u00a1esta revolucionaria base de maquillaje es la soluci\u00f3n que estabas esperando! \u00bfCansada de bases de maquillaje pesadas que asfixian tu piel? Descubre    <\/span><b>suero de base + YOUNIQUE TOUCH<\/b><span style=\"font-weight: 400;\">  ha llegado para cambiarte la vida. No s\u00f3lo te proporciona una cobertura perfecta, sino que hidrata y rellena tu piel, sin dejar de ser incre\u00edblemente ligera y transpirable. Se acabaron las imperfecciones y las m\u00e1scaras: esta base de maquillaje es como una segunda piel, pero mejor.  <\/span><\/p>\n<p><span style=\"font-weight: 400;\">Enriquecida con ingredientes nutritivos y protectores, esta base de maquillaje ligera minimiza el aspecto de las l\u00edneas de expresi\u00f3n y las imperfecciones. Te proporciona una cobertura ajustable seg\u00fan tu estado de \u00e1nimo. Te encantar\u00e1 su acabado natural y luminoso que te acompa\u00f1a todo el d\u00eda, sin esfuerzo.  <\/span><\/p>\n","protected":false},"featured_media":7957,"comment_status":"open","ping_status":"closed","template":"","meta":{"_seopress_robots_primary_cat":"none","_seopress_titles_title":"","_seopress_titles_desc":"","_seopress_robots_index":"","site-sidebar-layout":"default","site-content-layout":"","ast-site-content-layout":"default","site-content-style":"default","site-sidebar-style":"default","ast-global-header-display":"","ast-banner-title-visibility":"","ast-main-header-display":"","ast-hfb-above-header-display":"","ast-hfb-below-header-display":"","ast-hfb-mobile-header-display":"","site-post-title":"","ast-breadcrumbs-content":"","ast-featured-img":"","footer-sml-layout":"","ast-disable-related-posts":"","theme-transparent-header-meta":"default","adv-header-id-meta":"","stick-header-meta":"","header-above-stick-meta":"","header-main-stick-meta":"","header-below-stick-meta":"","astra-migrate-meta-layouts":"default","ast-page-background-enabled":"default","ast-page-background-meta":{"desktop":{"background-color":"var(--ast-global-color-4)","background-image":"","background-repeat":"repeat","background-position":"center center","background-size":"auto","background-attachment":"scroll","background-type":"","background-media":"","overlay-type":"","overlay-color":"","overlay-opacity":"","overlay-gradient":""},"tablet":{"background-color":"","background-image":"","background-repeat":"repeat","background-position":"center center","background-size":"auto","background-attachment":"scroll","background-type":"","background-media":"","overlay-type":"","overlay-color":"","overlay-opacity":"","overlay-gradient":""},"mobile":{"background-color":"","background-image":"","background-repeat":"repeat","background-position":"center center","background-size":"auto","background-attachment":"scroll","background-type":"","background-media":"","overlay-type":"","overlay-color":"","overlay-opacity":"","overlay-gradient":""}},"ast-content-background-meta":{"desktop":{"background-color":"var(--ast-global-color-5)","background-image":"","background-repeat":"repeat","background-position":"center center","background-size":"auto","background-attachment":"scroll","background-type":"","background-media":"","overlay-type":"","overlay-color":"","overlay-opacity":"","overlay-gradient":""},"tablet":{"background-color":"var(--ast-global-color-5)","background-image":"","background-repeat":"repeat","background-position":"center center","background-size":"auto","background-attachment":"scroll","background-type":"","background-media":"","overlay-type":"","overlay-color":"","overlay-opacity":"","overlay-gradient":""},"mobile":{"background-color":"var(--ast-global-color-5)","background-image":"","background-repeat":"repeat","background-position":"center center","background-size":"auto","background-attachment":"scroll","background-type":"","background-media":"","overlay-type":"","overlay-color":"","overlay-opacity":"","overlay-gradient":""}}},"product_brand":[],"product_cat":[66],"product_tag":[],"class_list":{"0":"post-7959","1":"product","2":"type-product","3":"status-publish","4":"has-post-thumbnail","6":"product_cat-cara","7":"desktop-align-left","8":"tablet-align-left","9":"mobile-align-left","11":"first","12":"instock","13":"sale","14":"shipping-taxable","15":"product-type-external"},"_links":{"self":[{"href":"https:\/\/youniquebyemilie.com\/es\/wp-json\/wp\/v2\/product\/7959","targetHints":{"allow":["GET"]}}],"collection":[{"href":"https:\/\/youniquebyemilie.com\/es\/wp-json\/wp\/v2\/product"}],"about":[{"href":"https:\/\/youniquebyemilie.com\/es\/wp-json\/wp\/v2\/types\/product"}],"replies":[{"embeddable":true,"href":"https:\/\/youniquebyemilie.com\/es\/wp-json\/wp\/v2\/comments?post=7959"}],"wp:featuredmedia":[{"embeddable":true,"href":"https:\/\/youniquebyemilie.com\/es\/wp-json\/wp\/v2\/media\/7957"}],"wp:attachment":[{"href":"https:\/\/youniquebyemilie.com\/es\/wp-json\/wp\/v2\/media?parent=7959"}],"wp:term":[{"taxonomy":"product_brand","embeddable":true,"href":"https:\/\/youniquebyemilie.com\/es\/wp-json\/wp\/v2\/product_brand?post=7959"},{"taxonomy":"product_cat","embeddable":true,"href":"https:\/\/youniquebyemilie.com\/es\/wp-json\/wp\/v2\/product_cat?post=7959"},{"taxonomy":"product_tag","embeddable":true,"href":"https:\/\/youniquebyemilie.com\/es\/wp-json\/wp\/v2\/product_tag?post=7959"}],"curies":[{"name":"wp","href":"https:\/\/api.w.org\/{rel}","templated":true}]}}