{"id":7984,"date":"2025-07-24T18:15:29","date_gmt":"2025-07-24T16:15:29","guid":{"rendered":"https:\/\/youniquebyemilie.com\/produit\/pincel-abanico-biselado-younique\/"},"modified":"2025-11-26T08:51:47","modified_gmt":"2025-11-26T07:51:47","slug":"pincel-abanico-biselado-younique","status":"publish","type":"product","link":"https:\/\/youniquebyemilie.com\/es\/produit\/pincel-abanico-biselado-younique\/","title":{"rendered":"Pincel abanico biselado YOUNIQUE"},"content":{"rendered":"<p><span style=\"font-weight: 400;\">\u00bfSabes algo? Llevo mucho tiempo buscando   <\/span><b>un pincel para resaltar f\u00e1cilmente<\/b><span style=\"font-weight: 400;\">. Porque, evidentemente, no dispongo de 20 minutos para ocuparme de cada detalle de mi maquillaje cada ma\u00f1ana. Y francamente, desde que utilizo el   <\/span><b>Cepillo abanico biselado YOUNIQUE<\/b><span style=\"font-weight: 400;\">lo hace todo m\u00e1s f\u00e1cil.<\/span><\/p>\n<p><span style=\"font-weight: 400;\">Es <\/span><b>suave<\/b><span style=\"font-weight: 400;\">,<\/span><b> c\u00f3modo de sostener<\/b><span style=\"font-weight: 400;\">y sobre todo <\/span><b>hiperpreciso<\/b><span style=\"font-weight: 400;\">. Los pelos son bastante densos, as\u00ed que no hace falta planchar tres veces:  <\/span><b>en una sola pasada, aplico la cantidad justa<\/b><span style=\"font-weight: 400;\"> para iluminar mis p\u00f3mulos, el hueso de la ceja, el arco de Cupido&#8230; Y a veces incluso las clav\u00edculas cuando quiero un toque extra.<\/span><\/p>\n<h2><span style=\"font-weight: 400;\">Por qu\u00e9 te gustar\u00e1 tanto como a m\u00ed<\/span><\/h2>\n<ul>\n<li style=\"font-weight: 400;\" aria-level=\"1\"><b>Su forma de abanico<\/b><span style=\"font-weight: 400;\"> Te permite orientar con precisi\u00f3n las zonas a iluminar para un resultado perfecto.<\/span><\/li>\n<li style=\"font-weight: 400;\" aria-level=\"1\"><b>Pelos suaves pero firmes<\/b><span style=\"font-weight: 400;\"> El resultado es limpio, preciso e impecable.<\/span><\/li>\n<li style=\"font-weight: 400;\" aria-level=\"1\"><b>Cero residuos<\/b><span style=\"font-weight: 400;\"> Aplica la cantidad justa de producto, ni demasiado ni demasiado poco.<\/span><\/li>\n<li style=\"font-weight: 400;\" aria-level=\"1\"><span style=\"font-weight: 400;\">Sobre todo, es <\/span><b>f\u00e1cil de limpiar<\/b><span style=\"font-weight: 400;\">lo que significa que siempre est\u00e1 listo para usar.<\/span><\/li>\n<\/ul>\n<p>&nbsp;<\/p>\n<h2><span style=\"font-weight: 400;\">C\u00f3mo utilizo mi pincel abanico biselado YOUNIQUE<\/span><\/h2>\n<p><span style=\"font-weight: 400;\">Utilizo el cepillo YOUNIQUE <\/span><b>brocha abanico YOUNIQUE<\/b><span style=\"font-weight: 400;\">pincel abanico, doy unos golpecitos para eliminar el exceso y lo aplico en los p\u00f3mulos, debajo de las cejas y encima de los labios. Sencillo, r\u00e1pido y lo cambia todo: <\/span><b>un brillo saludable garantizado en 30 segundos<\/b><span style=\"font-weight: 400;\">.<\/span><\/p>\n<p>&nbsp;<\/p>\n<h2><span style=\"font-weight: 400;\">Por qu\u00e9 lo recomiendo con los ojos cerrados:<\/span><\/h2>\n<p><span style=\"font-weight: 400;\">Sinceramente, si quieres ese peque\u00f1o brillo que marca la diferencia pero no quieres dedicarle mucho tiempo, \u00e9ste es el pincel que debes tener. <\/span><b>Pr\u00e1ctico, preciso y f\u00e1cil de mantener<\/b><span style=\"font-weight: 400;\">se ha convertido r\u00e1pidamente en una parte esencial de mi rutina.<\/span><\/p>\n<p><span style=\"font-weight: 400;\">A\u00f1\u00e1delo hoy mismo a tu kit de belleza y pru\u00e9balo por ti misma: \u00a1ver\u00e1s que es realmente de primera!<\/span><\/p>\n<p>&nbsp;<\/p>\n","protected":false},"excerpt":{"rendered":"<p><span style=\"font-weight: 400;\">\u00bfSabes algo? Llevo mucho tiempo buscando   <\/span><b>un pincel para resaltar f\u00e1cilmente<\/b><span style=\"font-weight: 400;\">. Porque, evidentemente, no dispongo de 20 minutos para ocuparme de cada detalle de mi maquillaje cada ma\u00f1ana. Y francamente, desde que utilizo el   <\/span><b>Cepillo abanico biselado YOUNIQUE<\/b><span style=\"font-weight: 400;\">lo hace todo m\u00e1s f\u00e1cil.<\/span><\/p>\n<p><span style=\"font-weight: 400;\">Es <\/span><b>suave<\/b><span style=\"font-weight: 400;\">,<\/span><b> c\u00f3modo de sostener<\/b><span style=\"font-weight: 400;\">y sobre todo <\/span><b>hiperpreciso<\/b><span style=\"font-weight: 400;\">. Los pelos son bastante densos, as\u00ed que no hace falta planchar tres veces:  <\/span><b>en una sola pasada, aplico la cantidad justa<\/b><span style=\"font-weight: 400;\"> para iluminar mis p\u00f3mulos, el hueso de la ceja, el arco de Cupido&#8230; Y a veces incluso las clav\u00edculas cuando quiero un toque extra.<\/span><\/p>\n","protected":false},"featured_media":7982,"comment_status":"open","ping_status":"closed","template":"","meta":{"_seopress_robots_primary_cat":"none","_seopress_titles_title":"","_seopress_titles_desc":"","_seopress_robots_index":"","site-sidebar-layout":"default","site-content-layout":"","ast-site-content-layout":"default","site-content-style":"default","site-sidebar-style":"default","ast-global-header-display":"","ast-banner-title-visibility":"","ast-main-header-display":"","ast-hfb-above-header-display":"","ast-hfb-below-header-display":"","ast-hfb-mobile-header-display":"","site-post-title":"","ast-breadcrumbs-content":"","ast-featured-img":"","footer-sml-layout":"","ast-disable-related-posts":"","theme-transparent-header-meta":"default","adv-header-id-meta":"","stick-header-meta":"","header-above-stick-meta":"","header-main-stick-meta":"","header-below-stick-meta":"","astra-migrate-meta-layouts":"default","ast-page-background-enabled":"default","ast-page-background-meta":{"desktop":{"background-color":"var(--ast-global-color-4)","background-image":"","background-repeat":"repeat","background-position":"center center","background-size":"auto","background-attachment":"scroll","background-type":"","background-media":"","overlay-type":"","overlay-color":"","overlay-opacity":"","overlay-gradient":""},"tablet":{"background-color":"","background-image":"","background-repeat":"repeat","background-position":"center center","background-size":"auto","background-attachment":"scroll","background-type":"","background-media":"","overlay-type":"","overlay-color":"","overlay-opacity":"","overlay-gradient":""},"mobile":{"background-color":"","background-image":"","background-repeat":"repeat","background-position":"center center","background-size":"auto","background-attachment":"scroll","background-type":"","background-media":"","overlay-type":"","overlay-color":"","overlay-opacity":"","overlay-gradient":""}},"ast-content-background-meta":{"desktop":{"background-color":"var(--ast-global-color-5)","background-image":"","background-repeat":"repeat","background-position":"center center","background-size":"auto","background-attachment":"scroll","background-type":"","background-media":"","overlay-type":"","overlay-color":"","overlay-opacity":"","overlay-gradient":""},"tablet":{"background-color":"var(--ast-global-color-5)","background-image":"","background-repeat":"repeat","background-position":"center center","background-size":"auto","background-attachment":"scroll","background-type":"","background-media":"","overlay-type":"","overlay-color":"","overlay-opacity":"","overlay-gradient":""},"mobile":{"background-color":"var(--ast-global-color-5)","background-image":"","background-repeat":"repeat","background-position":"center center","background-size":"auto","background-attachment":"scroll","background-type":"","background-media":"","overlay-type":"","overlay-color":"","overlay-opacity":"","overlay-gradient":""}}},"product_brand":[],"product_cat":[66],"product_tag":[],"class_list":{"0":"post-7984","1":"product","2":"type-product","3":"status-publish","4":"has-post-thumbnail","6":"product_cat-cara","7":"desktop-align-left","8":"tablet-align-left","9":"mobile-align-left","11":"first","12":"instock","13":"sale","14":"shipping-taxable","15":"product-type-external"},"_links":{"self":[{"href":"https:\/\/youniquebyemilie.com\/es\/wp-json\/wp\/v2\/product\/7984","targetHints":{"allow":["GET"]}}],"collection":[{"href":"https:\/\/youniquebyemilie.com\/es\/wp-json\/wp\/v2\/product"}],"about":[{"href":"https:\/\/youniquebyemilie.com\/es\/wp-json\/wp\/v2\/types\/product"}],"replies":[{"embeddable":true,"href":"https:\/\/youniquebyemilie.com\/es\/wp-json\/wp\/v2\/comments?post=7984"}],"wp:featuredmedia":[{"embeddable":true,"href":"https:\/\/youniquebyemilie.com\/es\/wp-json\/wp\/v2\/media\/7982"}],"wp:attachment":[{"href":"https:\/\/youniquebyemilie.com\/es\/wp-json\/wp\/v2\/media?parent=7984"}],"wp:term":[{"taxonomy":"product_brand","embeddable":true,"href":"https:\/\/youniquebyemilie.com\/es\/wp-json\/wp\/v2\/product_brand?post=7984"},{"taxonomy":"product_cat","embeddable":true,"href":"https:\/\/youniquebyemilie.com\/es\/wp-json\/wp\/v2\/product_cat?post=7984"},{"taxonomy":"product_tag","embeddable":true,"href":"https:\/\/youniquebyemilie.com\/es\/wp-json\/wp\/v2\/product_tag?post=7984"}],"curies":[{"name":"wp","href":"https:\/\/api.w.org\/{rel}","templated":true}]}}