{"id":8000,"date":"2025-07-24T18:20:42","date_gmt":"2025-07-24T16:20:42","guid":{"rendered":"https:\/\/youniquebyemilie.com\/produit\/brocha-younique-para-polvos-fijadores\/"},"modified":"2025-11-26T08:51:41","modified_gmt":"2025-11-26T07:51:41","slug":"brocha-younique-para-polvos-fijadores","status":"publish","type":"product","link":"https:\/\/youniquebyemilie.com\/es\/produit\/brocha-younique-para-polvos-fijadores\/","title":{"rendered":"Brocha para polvos sueltos YOUNIQUE"},"content":{"rendered":"<p><span style=\"font-weight: 400;\">Buscaba una brocha que fijara mi maquillaje sin grumos, y la encontr\u00e9 con la <\/span><b>brocha para polvos sueltos YOUNIQUE<\/b><span style=\"font-weight: 400;\">. Es  <\/span><b>super agradable<\/b><span style=\"font-weight: 400;\">deposita el polvo en su justa medida, y lo mantiene todo en su sitio. <\/span><b>mantiene todo en su sitio<\/b><span style=\"font-weight: 400;\"> para un aspecto fresco y luminoso durante todo el d\u00eda.<\/span><\/p>\n<h2><span style=\"font-weight: 400;\">Por qu\u00e9 te encantar\u00e1:<\/span><\/h2>\n<ul>\n<li style=\"font-weight: 400;\" aria-level=\"1\"><b>Cerdas sint\u00e9ticas ultrasuaves<\/b><span style=\"font-weight: 400;\"> Distribuyen el polvo de forma uniforme y c\u00f3moda por tu rostro.<\/span>&nbsp;<\/li>\n<li style=\"font-weight: 400;\" aria-level=\"1\"><b>Forma c\u00f3nica perfecta<\/b><span style=\"font-weight: 400;\"> La forma c\u00f3nica perfecta para sumergir f\u00e1cilmente tu base y polvos fijadores. <\/span><b>SOPORTE T\u00c1CTIL<\/b><span style=\"font-weight: 400;\">para aplicar la <\/span><b>cantidad perfecta<\/b><span style=\"font-weight: 400;\"> perfecta de producto.<\/span>&nbsp;<\/li>\n<li style=\"font-weight: 400;\" aria-level=\"1\"><b>Fijaci\u00f3n duradera<\/b><span style=\"font-weight: 400;\"> Este pincel garantiza una piel mate y un maquillaje que dura todo el d\u00eda.<\/span>&nbsp;<\/li>\n<li style=\"font-weight: 400;\" aria-level=\"1\"><b>Vers\u00e1til<\/b><span style=\"font-weight: 400;\"> Util\u00edzalo con cualquier polvo de tu elecci\u00f3n, o incluso con una base de maquillaje en polvo compacto. <\/span><b>TOQUE Complexion+<\/b><span style=\"font-weight: 400;\"> para un acabado fresco y natural.<\/span>&nbsp;<\/li>\n<\/ul>\n<h2><span style=\"font-weight: 400;\">C\u00f3mo lo utilizo :<\/span><\/h2>\n<p><span style=\"font-weight: 400;\">Simplemente sumerjo la brocha en el polvo, elimino el exceso y lo aplico suavemente sobre el rostro para fijar todo el maquillaje. Tardo unos segundos y mi cutis queda impecable,   <\/span><b>fijo y brillante<\/b><span style=\"font-weight: 400;\">.<\/span><\/p>\n<h2><span style=\"font-weight: 400;\">Por qu\u00e9 recomiendo esta brocha YOUNIQUE para polvos fijadores<\/span><\/h2>\n<p><span style=\"font-weight: 400;\">Porque esta brocha te hace la vida m\u00e1s f\u00e1cil. Distribuye el polvo con   <\/span><b>precisi\u00f3n milim\u00e9trica<\/b><span style=\"font-weight: 400;\">Es f\u00e1cil de aplicar, no hace grumos y fija el maquillaje sin esfuerzo. Si quieres un resultado   <\/span><b>natural y fresco<\/b><span style=\"font-weight: 400;\">este cepillo es <\/span><b>imprescindible<\/b><span style=\"font-weight: 400;\">.<\/span><\/p>\n<p><span style=\"font-weight: 400;\">\u00a1A\u00f1\u00e1delo a tu kit de belleza y disfruta de un maquillaje que dura y brilla todo el d\u00eda!<\/span><\/p>\n<p>&nbsp;<\/p>\n","protected":false},"excerpt":{"rendered":"<p><span style=\"font-weight: 400;\">Buscaba una brocha que fijara mi maquillaje sin grumos, y la encontr\u00e9 con la <\/span><b>brocha YOUNIQUE para polvos fijadores<\/b><span style=\"font-weight: 400;\">. Es  <\/span><b>super agradable<\/b><span style=\"font-weight: 400;\">deposita el polvo en su justa medida, y lo mantiene todo en su sitio. <\/span><b>mantiene todo en su sitio<\/b><span style=\"font-weight: 400;\"> para un aspecto fresco y luminoso durante todo el d\u00eda.<\/span><\/p>\n","protected":false},"featured_media":7998,"comment_status":"open","ping_status":"closed","template":"","meta":{"_seopress_robots_primary_cat":"none","_seopress_titles_title":"","_seopress_titles_desc":"","_seopress_robots_index":"","site-sidebar-layout":"default","site-content-layout":"","ast-site-content-layout":"default","site-content-style":"default","site-sidebar-style":"default","ast-global-header-display":"","ast-banner-title-visibility":"","ast-main-header-display":"","ast-hfb-above-header-display":"","ast-hfb-below-header-display":"","ast-hfb-mobile-header-display":"","site-post-title":"","ast-breadcrumbs-content":"","ast-featured-img":"","footer-sml-layout":"","ast-disable-related-posts":"","theme-transparent-header-meta":"default","adv-header-id-meta":"","stick-header-meta":"","header-above-stick-meta":"","header-main-stick-meta":"","header-below-stick-meta":"","astra-migrate-meta-layouts":"default","ast-page-background-enabled":"default","ast-page-background-meta":{"desktop":{"background-color":"var(--ast-global-color-4)","background-image":"","background-repeat":"repeat","background-position":"center center","background-size":"auto","background-attachment":"scroll","background-type":"","background-media":"","overlay-type":"","overlay-color":"","overlay-opacity":"","overlay-gradient":""},"tablet":{"background-color":"","background-image":"","background-repeat":"repeat","background-position":"center center","background-size":"auto","background-attachment":"scroll","background-type":"","background-media":"","overlay-type":"","overlay-color":"","overlay-opacity":"","overlay-gradient":""},"mobile":{"background-color":"","background-image":"","background-repeat":"repeat","background-position":"center center","background-size":"auto","background-attachment":"scroll","background-type":"","background-media":"","overlay-type":"","overlay-color":"","overlay-opacity":"","overlay-gradient":""}},"ast-content-background-meta":{"desktop":{"background-color":"var(--ast-global-color-5)","background-image":"","background-repeat":"repeat","background-position":"center center","background-size":"auto","background-attachment":"scroll","background-type":"","background-media":"","overlay-type":"","overlay-color":"","overlay-opacity":"","overlay-gradient":""},"tablet":{"background-color":"var(--ast-global-color-5)","background-image":"","background-repeat":"repeat","background-position":"center center","background-size":"auto","background-attachment":"scroll","background-type":"","background-media":"","overlay-type":"","overlay-color":"","overlay-opacity":"","overlay-gradient":""},"mobile":{"background-color":"var(--ast-global-color-5)","background-image":"","background-repeat":"repeat","background-position":"center center","background-size":"auto","background-attachment":"scroll","background-type":"","background-media":"","overlay-type":"","overlay-color":"","overlay-opacity":"","overlay-gradient":""}}},"product_brand":[],"product_cat":[66],"product_tag":[],"class_list":{"0":"post-8000","1":"product","2":"type-product","3":"status-publish","4":"has-post-thumbnail","6":"product_cat-cara","7":"desktop-align-left","8":"tablet-align-left","9":"mobile-align-left","11":"first","12":"instock","13":"sale","14":"shipping-taxable","15":"product-type-external"},"_links":{"self":[{"href":"https:\/\/youniquebyemilie.com\/es\/wp-json\/wp\/v2\/product\/8000","targetHints":{"allow":["GET"]}}],"collection":[{"href":"https:\/\/youniquebyemilie.com\/es\/wp-json\/wp\/v2\/product"}],"about":[{"href":"https:\/\/youniquebyemilie.com\/es\/wp-json\/wp\/v2\/types\/product"}],"replies":[{"embeddable":true,"href":"https:\/\/youniquebyemilie.com\/es\/wp-json\/wp\/v2\/comments?post=8000"}],"wp:featuredmedia":[{"embeddable":true,"href":"https:\/\/youniquebyemilie.com\/es\/wp-json\/wp\/v2\/media\/7998"}],"wp:attachment":[{"href":"https:\/\/youniquebyemilie.com\/es\/wp-json\/wp\/v2\/media?parent=8000"}],"wp:term":[{"taxonomy":"product_brand","embeddable":true,"href":"https:\/\/youniquebyemilie.com\/es\/wp-json\/wp\/v2\/product_brand?post=8000"},{"taxonomy":"product_cat","embeddable":true,"href":"https:\/\/youniquebyemilie.com\/es\/wp-json\/wp\/v2\/product_cat?post=8000"},{"taxonomy":"product_tag","embeddable":true,"href":"https:\/\/youniquebyemilie.com\/es\/wp-json\/wp\/v2\/product_tag?post=8000"}],"curies":[{"name":"wp","href":"https:\/\/api.w.org\/{rel}","templated":true}]}}