{"id":8032,"date":"2025-07-24T18:26:25","date_gmt":"2025-07-24T16:26:25","guid":{"rendered":"https:\/\/youniquebyemilie.com\/produit\/polvos-bronceadores-mate-younique-touch\/"},"modified":"2025-11-26T08:51:34","modified_gmt":"2025-11-26T07:51:34","slug":"polvos-bronceadores-mate-younique-touch","status":"publish","type":"product","link":"https:\/\/youniquebyemilie.com\/es\/produit\/polvos-bronceadores-mate-younique-touch\/","title":{"rendered":"Polvos bronceadores mate YOUNIQUE TOUCH"},"content":{"rendered":"<p><span style=\"font-weight: 400;\">Antes, siempre pensaba que los polvos bronceadores dejaban demasiada marca o parec\u00edan artificiales. Desde que descubr\u00ed los polvos bronceadores mate YOUNIQUE TOUCH, mi cutis ha adquirido una dimensi\u00f3n totalmente nueva. Su textura es    <\/span><b>cremoso y ligero<\/b><span style=\"font-weight: 400;\">se desliza <\/span><b>se desliza perfectamente sobre la piel<\/b><span style=\"font-weight: 400;\">  y se puede modular a voluntad. Tanto si quiero calentar mi tez como   <\/span><b>esculpir mis contornos<\/b><span style=\"font-weight: 400;\">Me hace la vida mucho m\u00e1s f\u00e1cil.<\/span><\/p>\n<p><span style=\"font-weight: 400;\">El tono <\/span><b>Profundo<\/b><span style=\"font-weight: 400;\"> es ideal para conseguir <\/span><b>un bonito bronceado c\u00e1lido<\/b><span style=\"font-weight: 400;\">Sin sobrecargas ni demarcaciones. Adem\u00e1s, se mantiene muy bien:   <\/span><b>sin necesidad de retoques<\/b><span style=\"font-weight: 400;\">incluso despu\u00e9s de un largo d\u00eda.<\/span><\/p>\n<p>&nbsp;<\/p>\n<h2><span style=\"font-weight: 400;\">Lo que te encantar\u00e1 del bronceador mate YOUNIQUE TOUCH:<\/span><\/h2>\n<ul>\n<li style=\"font-weight: 400;\" aria-level=\"1\"><b>Un acabado mate natural<\/b><span style=\"font-weight: 400;\"> Perfecto para dar calidez a tu tez sin efecto brillante.<\/span><\/li>\n<li style=\"font-weight: 400;\" aria-level=\"1\"><b>Textura fundente y ajustable<\/b><span style=\"font-weight: 400;\"> F\u00e1cil de aplicar, sin rayas ni grumos.<\/span><\/li>\n<li style=\"font-weight: 400;\" aria-level=\"1\"><b>Fijaci\u00f3n duradera<\/b><span style=\"font-weight: 400;\"> Hasta 12 horas, resistente al agua, a las manchas y a la transferencia.<\/span><\/li>\n<li style=\"font-weight: 400;\" aria-level=\"1\"><b>Atenci\u00f3n integrada<\/b><span style=\"font-weight: 400;\"> Enriquecido con <\/span><b>manteca de coco bio<\/b><span style=\"font-weight: 400;\"> y<\/span><b> aceite de arg\u00e1n<\/b><span style=\"font-weight: 400;\"> para cuidar tu piel.<\/span><\/li>\n<li style=\"font-weight: 400;\" aria-level=\"1\"><b>Una selecci\u00f3n de cinco tonos<\/b><span style=\"font-weight: 400;\"> que se adaptan a todos los tonos de piel <\/span><b>Profundo<\/b><span style=\"font-weight: 400;\">perfecto para los tonos de piel m\u00e1s oscuros.<\/span><\/li>\n<\/ul>\n<p>&nbsp;<\/p>\n<h3><span style=\"font-weight: 400;\">Tonos disponibles del Polvo Bronceador Mate YOUNIQUE TOUCH:<\/span><\/h3>\n<ul>\n<li style=\"font-weight: 400;\" aria-level=\"1\"><b>Escarchado<\/b><span style=\"font-weight: 400;\"> Un acabado helado y luminoso para un resplandor sutil y fresco.<\/span><\/li>\n<li style=\"font-weight: 400;\" aria-level=\"1\"><b>Dorado<\/b><span style=\"font-weight: 400;\"> Un efecto c\u00e1lido de tono champ\u00e1n, perfecto para una luminosidad instant\u00e1nea.<\/span><\/li>\n<li style=\"font-weight: 400;\" aria-level=\"1\"><b>Rubor<\/b><span style=\"font-weight: 400;\"> Un resplandor rosa fr\u00edo para un efecto fresco y suave.<\/span><\/li>\n<li style=\"font-weight: 400;\" aria-level=\"1\"><b>Bronceado<\/b><span style=\"font-weight: 400;\"> Un efecto bronceado para un aspecto luminoso y dorado.<\/span><\/li>\n<li style=\"font-weight: 400;\" aria-level=\"1\"><b>Profundo<\/b><span style=\"font-weight: 400;\"> Un bronceado c\u00e1lido e intenso, ideal para tonos de piel m\u00e1s oscuros o un aspecto m\u00e1s esculpido.<\/span><\/li>\n<\/ul>\n<h2><span style=\"font-weight: 400;\">C\u00f3mo puedes utilizarlo f\u00e1cilmente :<\/span><\/h2>\n<ul>\n<li style=\"font-weight: 400;\" aria-level=\"1\"><b>Para calentar la tez: <\/b><span style=\"font-weight: 400;\">Apl\u00edcalo ligeramente en la l\u00ednea del cabello, la mand\u00edbula y las zonas abombadas del rostro con tu <\/span><b>pincel para esculpir YOUNIQUE<\/b><span style=\"font-weight: 400;\">.<\/span><\/li>\n<li style=\"font-weight: 400;\" aria-level=\"1\"><b>Para esculpir el rostro:<\/b><span style=\"font-weight: 400;\"> Aplica los polvos bajo los p\u00f3mulos y a lo largo de la l\u00ednea de la mand\u00edbula para una mayor definici\u00f3n.<\/span><\/li>\n<\/ul>\n<h2><span style=\"font-weight: 400;\">Los ingredientes que hacen que tu piel brille:<\/span><\/h2>\n<p><span style=\"font-weight: 400;\">Los polvos bronceadores mate YOUNIQUE TOUCH hacen algo m\u00e1s que calentar tu cutis. Est\u00e1 repleto de ingredientes que cuidan tu piel y te aportan un magn\u00edfico resplandor: <\/span><\/p>\n<ul>\n<li style=\"font-weight: 400;\" aria-level=\"1\"><b>Mica<\/b><span style=\"font-weight: 400;\"> : Te da un <\/span><b>luminosidad natural<\/b><span style=\"font-weight: 400;\"> y un <\/span><b>acabado suave<\/b><span style=\"font-weight: 400;\">.<\/span><\/li>\n<li style=\"font-weight: 400;\" aria-level=\"1\"><b>Mantequilla de Aloe Vera<\/b><span style=\"font-weight: 400;\"> : <\/span><b>Calma e hidrata<\/b><span style=\"font-weight: 400;\">Calma e hidrata, dejando tu piel con una sensaci\u00f3n de confort durante todo el d\u00eda.<\/span><\/li>\n<li style=\"font-weight: 400;\" aria-level=\"1\"><b>Aceite de coco<\/b><span style=\"font-weight: 400;\"> : <\/span><b>Nutre <\/b><span style=\"font-weight: 400;\">y <\/span><b>hidrata en profundidad<\/b><span style=\"font-weight: 400;\">Sin dejar residuos grasos.<\/span><\/li>\n<li style=\"font-weight: 400;\" aria-level=\"1\"><b>Aceite de arg\u00e1n<\/b><span style=\"font-weight: 400;\"> : <\/span><b>Repara <\/b><span style=\"font-weight: 400;\">y <\/span><b>revitaliza<\/b><span style=\"font-weight: 400;\">Para una tez radiante y duradera.<\/span><\/li>\n<li style=\"font-weight: 400;\" aria-level=\"1\"><b>Extracto de grosella negra<\/b><span style=\"font-weight: 400;\"> : <\/span><b>Rellena <\/b><span style=\"font-weight: 400;\">la piel y le da un aspecto fresco y radiante.<\/span><\/li>\n<\/ul>\n<p>&nbsp;<\/p>\n<h2><span style=\"font-weight: 400;\">Por qu\u00e9 recomiendo el bronceador mate YOUNIQUE TOUCH:<\/span><\/h2>\n<p><span style=\"font-weight: 400;\">No me voy a andar con rodeos: si buscas un bronceador que te proporcione un cutis impecable durante todo el d\u00eda, \u00e9ste es el indicado. Es f\u00e1cil de aplicar, dura todo el d\u00eda y la textura se adapta perfectamente a tu piel. Es superligero y modula tu luminosidad a la perfecci\u00f3n.  <\/span><\/p>\n<p><span style=\"font-weight: 400;\">A\u00f1\u00e1delo ahora a tu cesta y disfruta de un cutis radiante sin esfuerzo, d\u00eda tras d\u00eda. Ver\u00e1s que   <\/span><b>es una compra de belleza de la que nunca te arrepentir\u00e1s<\/b><span style=\"font-weight: 400;\">.<\/span><\/p>\n<p>&nbsp;<\/p>\n","protected":false},"excerpt":{"rendered":"<p><span style=\"font-weight: 400;\">Antes, siempre pensaba que los polvos bronceadores dejaban demasiada marca o parec\u00edan artificiales. Desde que descubr\u00ed los polvos bronceadores mate YOUNIQUE TOUCH, mi cutis ha adquirido una dimensi\u00f3n totalmente nueva. Su textura es    <\/span><b>cremoso y ligero<\/b><span style=\"font-weight: 400;\">se desliza <\/span><b>se desliza perfectamente sobre la piel<\/b><span style=\"font-weight: 400;\">  y se puede modular a voluntad. Tanto si quiero calentar mi tez como   <\/span><b>esculpir mis contornos<\/b><span style=\"font-weight: 400;\">Me hace la vida mucho m\u00e1s f\u00e1cil.<\/span><\/p>\n<p><span style=\"font-weight: 400;\">El tono <\/span><b>Profundo<\/b><span style=\"font-weight: 400;\"> es ideal para conseguir <\/span><b>un bonito bronceado c\u00e1lido<\/b><span style=\"font-weight: 400;\">Sin sobrecargas ni demarcaciones. Adem\u00e1s, se mantiene muy bien:   <\/span><b>sin necesidad de retoques<\/b><span style=\"font-weight: 400;\">incluso despu\u00e9s de un largo d\u00eda.<\/span><\/p>\n","protected":false},"featured_media":8029,"comment_status":"open","ping_status":"closed","template":"","meta":{"_seopress_robots_primary_cat":"none","_seopress_titles_title":"","_seopress_titles_desc":"","_seopress_robots_index":"","site-sidebar-layout":"default","site-content-layout":"","ast-site-content-layout":"default","site-content-style":"default","site-sidebar-style":"default","ast-global-header-display":"","ast-banner-title-visibility":"","ast-main-header-display":"","ast-hfb-above-header-display":"","ast-hfb-below-header-display":"","ast-hfb-mobile-header-display":"","site-post-title":"","ast-breadcrumbs-content":"","ast-featured-img":"","footer-sml-layout":"","ast-disable-related-posts":"","theme-transparent-header-meta":"default","adv-header-id-meta":"","stick-header-meta":"","header-above-stick-meta":"","header-main-stick-meta":"","header-below-stick-meta":"","astra-migrate-meta-layouts":"default","ast-page-background-enabled":"default","ast-page-background-meta":{"desktop":{"background-color":"var(--ast-global-color-4)","background-image":"","background-repeat":"repeat","background-position":"center center","background-size":"auto","background-attachment":"scroll","background-type":"","background-media":"","overlay-type":"","overlay-color":"","overlay-opacity":"","overlay-gradient":""},"tablet":{"background-color":"","background-image":"","background-repeat":"repeat","background-position":"center center","background-size":"auto","background-attachment":"scroll","background-type":"","background-media":"","overlay-type":"","overlay-color":"","overlay-opacity":"","overlay-gradient":""},"mobile":{"background-color":"","background-image":"","background-repeat":"repeat","background-position":"center center","background-size":"auto","background-attachment":"scroll","background-type":"","background-media":"","overlay-type":"","overlay-color":"","overlay-opacity":"","overlay-gradient":""}},"ast-content-background-meta":{"desktop":{"background-color":"var(--ast-global-color-5)","background-image":"","background-repeat":"repeat","background-position":"center center","background-size":"auto","background-attachment":"scroll","background-type":"","background-media":"","overlay-type":"","overlay-color":"","overlay-opacity":"","overlay-gradient":""},"tablet":{"background-color":"var(--ast-global-color-5)","background-image":"","background-repeat":"repeat","background-position":"center center","background-size":"auto","background-attachment":"scroll","background-type":"","background-media":"","overlay-type":"","overlay-color":"","overlay-opacity":"","overlay-gradient":""},"mobile":{"background-color":"var(--ast-global-color-5)","background-image":"","background-repeat":"repeat","background-position":"center center","background-size":"auto","background-attachment":"scroll","background-type":"","background-media":"","overlay-type":"","overlay-color":"","overlay-opacity":"","overlay-gradient":""}}},"product_brand":[],"product_cat":[66],"product_tag":[],"class_list":{"0":"post-8032","1":"product","2":"type-product","3":"status-publish","4":"has-post-thumbnail","6":"product_cat-cara","7":"desktop-align-left","8":"tablet-align-left","9":"mobile-align-left","11":"first","12":"instock","13":"sale","14":"shipping-taxable","15":"product-type-external"},"_links":{"self":[{"href":"https:\/\/youniquebyemilie.com\/es\/wp-json\/wp\/v2\/product\/8032","targetHints":{"allow":["GET"]}}],"collection":[{"href":"https:\/\/youniquebyemilie.com\/es\/wp-json\/wp\/v2\/product"}],"about":[{"href":"https:\/\/youniquebyemilie.com\/es\/wp-json\/wp\/v2\/types\/product"}],"replies":[{"embeddable":true,"href":"https:\/\/youniquebyemilie.com\/es\/wp-json\/wp\/v2\/comments?post=8032"}],"wp:featuredmedia":[{"embeddable":true,"href":"https:\/\/youniquebyemilie.com\/es\/wp-json\/wp\/v2\/media\/8029"}],"wp:attachment":[{"href":"https:\/\/youniquebyemilie.com\/es\/wp-json\/wp\/v2\/media?parent=8032"}],"wp:term":[{"taxonomy":"product_brand","embeddable":true,"href":"https:\/\/youniquebyemilie.com\/es\/wp-json\/wp\/v2\/product_brand?post=8032"},{"taxonomy":"product_cat","embeddable":true,"href":"https:\/\/youniquebyemilie.com\/es\/wp-json\/wp\/v2\/product_cat?post=8032"},{"taxonomy":"product_tag","embeddable":true,"href":"https:\/\/youniquebyemilie.com\/es\/wp-json\/wp\/v2\/product_tag?post=8032"}],"curies":[{"name":"wp","href":"https:\/\/api.w.org\/{rel}","templated":true}]}}