{"id":8043,"date":"2025-07-24T18:38:17","date_gmt":"2025-07-24T16:38:17","guid":{"rendered":"https:\/\/youniquebyemilie.com\/produit\/younique-bare-you-barra-de-colorear-todo-en-uno\/"},"modified":"2025-11-26T08:51:31","modified_gmt":"2025-11-26T07:51:31","slug":"younique-bare-you-barra-de-colorear-todo-en-uno","status":"publish","type":"product","link":"https:\/\/youniquebyemilie.com\/es\/produit\/younique-bare-you-barra-de-colorear-todo-en-uno\/","title":{"rendered":"Barra multiusos para labios y mejillas BARE YOU YOUNIQUE"},"content":{"rendered":"<p><span style=\"font-weight: 400;\">Aquel d\u00eda me encontraba en una carrera contrarreloj. Hab\u00eda sido un d\u00eda largo y ten\u00eda que preparar una velada importante, pero se me acababa el tiempo. Mi neceser de maquillaje estaba a rebosar y sab\u00eda que no ten\u00eda tiempo de utilizarlo todo. Buscando un producto que lo hiciera todo, encontr\u00e9 el <strong>Stick Multiusos<\/strong>.   <\/span> <strong> color todo en uno YOUNIQUE BARE-YOU<\/strong><span style=\"font-weight: 400;\">y pens\u00e9 : <\/span><b>\u00bfPor qu\u00e9 no un solo producto para todo?<\/b><\/p>\n<p><span style=\"font-weight: 400;\">En cuanto lo prob\u00e9, \u00a1fue como una revelaci\u00f3n! En unos pocos movimientos r\u00e1pidos, tuve mi   <\/span><b>colorete<\/b><span style=\"font-weight: 400;\">mi <\/span><b>contorno<\/b><span style=\"font-weight: 400;\">mi <\/span><b>iluminador<\/b><span style=\"font-weight: 400;\">e incluso mi <\/span><b>barra de labios<\/b><span style=\"font-weight: 400;\">. Maquillaje completo y uniforme sin necesidad de mil productos. <strong>Barra multiusos<\/strong> <\/span> <strong> YOUNIQUE BARE-YOU<\/strong><span style=\"font-weight: 400;\"> se ha convertido en mi aliado, mi soluci\u00f3n de belleza r\u00e1pida pero eficaz, y ha cambiado mi rutina por completo.<\/span><\/p>\n<p><span style=\"font-weight: 400;\">Lo mejor es que no se limita a maquillar, sino que tambi\u00e9n nutre tu piel gracias a sus ingredientes naturales. No hay compromiso entre la belleza y el cuidado de la piel. Tanto si buscas un maquillaje natural durante el d\u00eda como un look m\u00e1s atrevido para la noche, puedes hacerlo todo con un \u00fanico producto sin estr\u00e9s.  <\/span><\/p>\n<p>&nbsp;<\/p>\n<h2><span style=\"font-weight: 400;\">Por qu\u00e9 te encantar\u00e1:<\/span><\/h2>\n<ul>\n<li style=\"font-weight: 400;\" aria-level=\"1\"><b>Multifuncional<\/b><span style=\"font-weight: 400;\"> :<\/span><b> Colorete, contorno, iluminador<\/b><span style=\"font-weight: 400;\"> y <\/span><b>barra de labios<\/b><span style=\"font-weight: 400;\">  en un solo producto. Un stick lo hace todo. Se acabaron los productos m\u00faltiples que abarrotan tu bolso.  <\/span>&nbsp;<\/li>\n<li style=\"font-weight: 400;\" aria-level=\"1\"><b>F\u00e1cil de aplicar<\/b><span style=\"font-weight: 400;\"> Su textura cremosa y su forma pr\u00e1ctica se aplican con suavidad y se funden perfectamente en la piel, proporcionando un acabado natural en pocas pasadas.<\/span>&nbsp;<\/li>\n<li style=\"font-weight: 400;\" aria-level=\"1\"><b>Colores para todos<\/b><span style=\"font-weight: 400;\"> Tanto si quieres una tez fresca y luminosa con <\/span><b>Rosa juguet\u00f3n<\/b><span style=\"font-weight: 400;\">un contorno sutil con <\/span><b>Apenas Bronceado<\/b><span style=\"font-weight: 400;\">o un brillo dorado con <\/span><b>Brillo Champ\u00e1n<\/b><span style=\"font-weight: 400;\">esta barra tiene algo para todo el mundo.<\/span>&nbsp;<\/li>\n<li style=\"font-weight: 400;\" aria-level=\"1\"><b>Ingredientes nutritivos<\/b><span style=\"font-weight: 400;\"> Con <\/span><b>manteca de karit\u00e9<\/b><span style=\"font-weight: 400;\">manteca<\/span><b>aceite de aguacate<\/b><span style=\"font-weight: 400;\">y<\/span><b>aceite de semillas de girasol<\/b><span style=\"font-weight: 400;\">este stick hidrata tu piel a la vez que le proporciona un brillo radiante y natural.<\/span>&nbsp;<\/li>\n<li style=\"font-weight: 400;\" aria-level=\"1\"><b>De larga duraci\u00f3n<\/b><span style=\"font-weight: 400;\"> Sujeci\u00f3n c\u00f3moda <\/span><b>hasta 10 horas<\/b><span style=\"font-weight: 400;\">Sin retoques. Perfecto para un d\u00eda ajetreado sin tener que preocuparte del maquillaje. <\/span>&nbsp;<\/li>\n<\/ul>\n<p>&nbsp;<\/p>\n<h2><span style=\"font-weight: 400;\">C\u00f3mo utilizarlo :<\/span><\/h2>\n<ol>\n<li style=\"font-weight: 400;\" aria-level=\"1\"><b>Mejillas y labios<\/b><span style=\"font-weight: 400;\">  Apl\u00edcalo directamente sobre las mejillas y los labios. Difumina con el dedo, un pincel o el aplicador para un acabado natural y luminoso. <\/span>&nbsp;<\/li>\n<li style=\"font-weight: 400;\" aria-level=\"1\"><b>Contorno<\/b><span style=\"font-weight: 400;\"> Aplique <\/span><b>Apenas bronceado<\/b><span style=\"font-weight: 400;\"> o <\/span><b>Sufl\u00e9 de Chocolate<\/b><span style=\"font-weight: 400;\"> a los lados de la nariz, por la frente y bajo la mand\u00edbula para esculpir el rostro.<\/span>&nbsp;<\/li>\n<li style=\"font-weight: 400;\" aria-level=\"1\"><b>Resaltador<\/b><span style=\"font-weight: 400;\"> Aplique <\/span><b>Escarcha<\/b><span style=\"font-weight: 400;\"> o <\/span><b>Brillo Champ\u00e1n<\/b><span style=\"font-weight: 400;\"> en los p\u00f3mulos, el arco de Cupido y debajo de las cejas para captar la luz.<\/span>&nbsp;<\/li>\n<\/ol>\n<p><b>Consejo profesional<\/b><span style=\"font-weight: 400;\"> Para un efecto esculpido m\u00e1s natural, \u00fasalo <\/span><b>antes de<\/b><span style=\"font-weight: 400;\">  tu base de maquillaje. Esto crea una base uniforme y sin costuras. <\/span><\/p>\n<p>&nbsp;<\/p>\n<p>&nbsp;<\/p>\n<h2><span style=\"font-weight: 400;\">Encuentra tu tono perfecto: colores que se adaptan a tu estilo y tono de piel<\/span><\/h2>\n<ul>\n<li style=\"font-weight: 400;\" aria-level=\"1\"><b>Playa Blush<\/b><span style=\"font-weight: 400;\">  Un rosa sutil, perfecto para un look natural y fresco. Ideal para pieles claras a medias. <\/span>&nbsp;<\/li>\n<li style=\"font-weight: 400;\" aria-level=\"1\"><b>Brisa de cobre<\/b><span style=\"font-weight: 400;\">  Un tono cobrizo que aporta calidez y luminosidad. Ideal para tonos de piel medios a oscuros. <\/span>&nbsp;<\/li>\n<li style=\"font-weight: 400;\" aria-level=\"1\"><b>Albaricoque Jugoso<\/b><span style=\"font-weight: 400;\"> Un tono melocot\u00f3n luminoso que calienta los tonos de piel claros a medios.<\/span>&nbsp;<\/li>\n<li style=\"font-weight: 400;\" aria-level=\"1\"><b>Uva Escarchada<\/b><span style=\"font-weight: 400;\"> Un tono profundo y rico, ideal para maquillajes atrevidos en pieles oscuras.<\/span>&nbsp;<\/li>\n<li style=\"font-weight: 400;\" aria-level=\"1\"><b>Magenta Loco<\/b><span style=\"font-weight: 400;\"> Un magenta vibrante para un look moderno y radiante, adecuado para tonos de piel medios a oscuros.<\/span>&nbsp;<\/li>\n<li style=\"font-weight: 400;\" aria-level=\"1\"><b>Rosa juguet\u00f3n<\/b><span style=\"font-weight: 400;\"> Un rosa brillante y alegre, perfecto para todos los tonos de piel.<\/span>&nbsp;<\/li>\n<li style=\"font-weight: 400;\" aria-level=\"1\"><b>Apenas Bronceado<\/b><span style=\"font-weight: 400;\"> Un contorno sutil y natural, perfecto para tonos de piel medios.<\/span>&nbsp;<\/li>\n<li style=\"font-weight: 400;\" aria-level=\"1\"><b>Souffl\u00e9 de chocolate<\/b><span style=\"font-weight: 400;\"> Un contorno oscuro, ideal para pieles oscuras, para esculpir y definir.<\/span>&nbsp;<\/li>\n<li style=\"font-weight: 400;\" aria-level=\"1\"><b>Escarcha Flurry<\/b><span style=\"font-weight: 400;\"> Un iluminador transl\u00facido y resplandeciente para iluminar los cutis claros a oscuros.<\/span>&nbsp;<\/li>\n<li style=\"font-weight: 400;\" aria-level=\"1\"><b>Brillo Champ\u00e1n<\/b><span style=\"font-weight: 400;\"> Un luminoso iluminador dorado, perfecto para todo tipo de pieles.<\/span>&nbsp;<\/li>\n<li style=\"font-weight: 400;\" aria-level=\"1\"><b>Apenas ruborizado<\/b><span style=\"font-weight: 400;\"> Un rosa suave y claro, perfecto para la piel clara.<\/span>&nbsp;<\/li>\n<li style=\"font-weight: 400;\" aria-level=\"1\"><b>Rosa peon\u00eda<\/b><span style=\"font-weight: 400;\"> Un rosa suave y fresco, ideal para un look rom\u00e1ntico.<\/span>&nbsp;<\/li>\n<li style=\"font-weight: 400;\" aria-level=\"1\"><b>Canela Latte<\/b><span style=\"font-weight: 400;\"> Un tono suave y neutro, ideal para tez de media a oscura.<\/span>&nbsp;<\/li>\n<li style=\"font-weight: 400;\" aria-level=\"1\"><b>Orqu\u00eddea Fresca<\/b><span style=\"font-weight: 400;\"> Un rosa fresco y delicado para un resplandor sutil.<\/span>&nbsp;<\/li>\n<\/ul>\n<p>&nbsp;<\/p>\n<h2><span style=\"font-weight: 400;\">Ingredientes que nutren y embellecen:<\/span><\/h2>\n<ul>\n<li style=\"font-weight: 400;\" aria-level=\"1\"><b>Manteca de karit\u00e9<\/b><span style=\"font-weight: 400;\"> Hidrata y nutre la piel, dej\u00e1ndola flexible y suave.<\/span>&nbsp;<\/li>\n<li style=\"font-weight: 400;\" aria-level=\"1\"><b>Aceite de aguacate<\/b><span style=\"font-weight: 400;\"> Nutre en profundidad y protege la piel contra las agresiones externas.<\/span>&nbsp;<\/li>\n<li style=\"font-weight: 400;\" aria-level=\"1\"><b>Aceite de semillas de girasol<\/b><span style=\"font-weight: 400;\"> Rico en antioxidantes, protege la piel y la mantiene hidratada.<\/span>&nbsp;<\/li>\n<li style=\"font-weight: 400;\" aria-level=\"1\"><b>Hialuronato s\u00f3dico<\/b><span style=\"font-weight: 400;\"> Un potente hidratante que mantiene la piel suave y tersa.<\/span>&nbsp;<\/li>\n<\/ul>\n<p>&nbsp;<\/p>\n<h2><span style=\"font-weight: 400;\">Lo que dicen los usuarios:<\/span><\/h2>\n<ul>\n<li style=\"font-weight: 400;\" aria-level=\"1\"><b>97%<\/b><span style=\"font-weight: 400;\"> de los usuarios consideran <\/span><b>f\u00e1cil de aplicar<\/b><span style=\"font-weight: 400;\"> y <\/span><b>incluso<\/b><span style=\"font-weight: 400;\">.<\/span>&nbsp;<\/li>\n<li style=\"font-weight: 400;\" aria-level=\"1\"><b>91%<\/b><span style=\"font-weight: 400;\"> afirman que su cutis <\/span><b>cutis est\u00e1 m\u00e1s radiante<\/b><span style=\"font-weight: 400;\"> tras su aplicaci\u00f3n.<\/span>&nbsp;<\/li>\n<li style=\"font-weight: 400;\" aria-level=\"1\"><b>85%<\/b><span style=\"font-weight: 400;\"> notan que su <\/span><b>piel est\u00e1 m\u00e1s suave<\/b><span style=\"font-weight: 400;\"> tras su uso.<\/span>&nbsp;<\/li>\n<li style=\"font-weight: 400;\" aria-level=\"1\"><b>82%<\/b><span style=\"font-weight: 400;\"> dicen que el <\/span><b>contorno es m\u00e1s natural<\/b><span style=\"font-weight: 400;\"> y <\/span><b>forma esculpida de la cara<\/b><span style=\"font-weight: 400;\">.<\/span>&nbsp;<\/li>\n<\/ul>\n<p><span style=\"font-weight: 400;\">\u00a1Es hora de brillar! A\u00f1ade este tono a tu cesta y deja que brille tu belleza. <\/span><\/p>\n","protected":false},"excerpt":{"rendered":"<p><span style=\"font-weight: 400;\">Aquel d\u00eda me encontraba en una carrera contrarreloj. Hab\u00eda sido un d\u00eda largo y ten\u00eda que preparar una velada importante, pero se me acababa el tiempo. Mi neceser de maquillaje estaba a rebosar y sab\u00eda que no ten\u00eda tiempo de utilizarlo todo. Buscando un producto que lo hiciera todo, encontr\u00e9 el     <\/span><b>YOUNIQUE BARE-YOU Barra de Color Todo en Uno<\/b><span style=\"font-weight: 400;\">y pens\u00e9 : <\/span><b>\u00bfPor qu\u00e9 no, un solo producto para todo?<\/b><\/p>\n<p><span style=\"font-weight: 400;\">En cuanto lo prob\u00e9, \u00a1fue como una revelaci\u00f3n! En unos pocos movimientos r\u00e1pidos, tuve mi   <\/span><b>colorete<\/b><span style=\"font-weight: 400;\">mi <\/span><b>contorno<\/b><span style=\"font-weight: 400;\">mi <\/span><b>iluminador<\/b><span style=\"font-weight: 400;\">e incluso mi <\/span><b>barra de labios<\/b><span style=\"font-weight: 400;\">. Maquillaje completo y uniforme, sin necesidad de mil productos. Visita   <\/span><b>YOUNIQUE BARE-YOU Stick<\/b><span style=\"font-weight: 400;\"> se ha convertido en mi aliado, mi soluci\u00f3n de belleza r\u00e1pida pero eficaz, y ha cambiado mi rutina por completo.<\/span><\/p>\n","protected":false},"featured_media":8041,"comment_status":"open","ping_status":"closed","template":"","meta":{"_seopress_robots_primary_cat":"none","_seopress_titles_title":"","_seopress_titles_desc":"","_seopress_robots_index":"","site-sidebar-layout":"default","site-content-layout":"","ast-site-content-layout":"default","site-content-style":"default","site-sidebar-style":"default","ast-global-header-display":"","ast-banner-title-visibility":"","ast-main-header-display":"","ast-hfb-above-header-display":"","ast-hfb-below-header-display":"","ast-hfb-mobile-header-display":"","site-post-title":"","ast-breadcrumbs-content":"","ast-featured-img":"","footer-sml-layout":"","ast-disable-related-posts":"","theme-transparent-header-meta":"default","adv-header-id-meta":"","stick-header-meta":"","header-above-stick-meta":"","header-main-stick-meta":"","header-below-stick-meta":"","astra-migrate-meta-layouts":"default","ast-page-background-enabled":"default","ast-page-background-meta":{"desktop":{"background-color":"var(--ast-global-color-4)","background-image":"","background-repeat":"repeat","background-position":"center center","background-size":"auto","background-attachment":"scroll","background-type":"","background-media":"","overlay-type":"","overlay-color":"","overlay-opacity":"","overlay-gradient":""},"tablet":{"background-color":"","background-image":"","background-repeat":"repeat","background-position":"center center","background-size":"auto","background-attachment":"scroll","background-type":"","background-media":"","overlay-type":"","overlay-color":"","overlay-opacity":"","overlay-gradient":""},"mobile":{"background-color":"","background-image":"","background-repeat":"repeat","background-position":"center center","background-size":"auto","background-attachment":"scroll","background-type":"","background-media":"","overlay-type":"","overlay-color":"","overlay-opacity":"","overlay-gradient":""}},"ast-content-background-meta":{"desktop":{"background-color":"var(--ast-global-color-5)","background-image":"","background-repeat":"repeat","background-position":"center center","background-size":"auto","background-attachment":"scroll","background-type":"","background-media":"","overlay-type":"","overlay-color":"","overlay-opacity":"","overlay-gradient":""},"tablet":{"background-color":"var(--ast-global-color-5)","background-image":"","background-repeat":"repeat","background-position":"center center","background-size":"auto","background-attachment":"scroll","background-type":"","background-media":"","overlay-type":"","overlay-color":"","overlay-opacity":"","overlay-gradient":""},"mobile":{"background-color":"var(--ast-global-color-5)","background-image":"","background-repeat":"repeat","background-position":"center center","background-size":"auto","background-attachment":"scroll","background-type":"","background-media":"","overlay-type":"","overlay-color":"","overlay-opacity":"","overlay-gradient":""}}},"product_brand":[],"product_cat":[68],"product_tag":[],"class_list":{"0":"post-8043","1":"product","2":"type-product","3":"status-publish","4":"has-post-thumbnail","6":"product_cat-labios","7":"desktop-align-left","8":"tablet-align-left","9":"mobile-align-left","11":"first","12":"instock","13":"sale","14":"shipping-taxable","15":"product-type-external"},"_links":{"self":[{"href":"https:\/\/youniquebyemilie.com\/es\/wp-json\/wp\/v2\/product\/8043","targetHints":{"allow":["GET"]}}],"collection":[{"href":"https:\/\/youniquebyemilie.com\/es\/wp-json\/wp\/v2\/product"}],"about":[{"href":"https:\/\/youniquebyemilie.com\/es\/wp-json\/wp\/v2\/types\/product"}],"replies":[{"embeddable":true,"href":"https:\/\/youniquebyemilie.com\/es\/wp-json\/wp\/v2\/comments?post=8043"}],"wp:featuredmedia":[{"embeddable":true,"href":"https:\/\/youniquebyemilie.com\/es\/wp-json\/wp\/v2\/media\/8041"}],"wp:attachment":[{"href":"https:\/\/youniquebyemilie.com\/es\/wp-json\/wp\/v2\/media?parent=8043"}],"wp:term":[{"taxonomy":"product_brand","embeddable":true,"href":"https:\/\/youniquebyemilie.com\/es\/wp-json\/wp\/v2\/product_brand?post=8043"},{"taxonomy":"product_cat","embeddable":true,"href":"https:\/\/youniquebyemilie.com\/es\/wp-json\/wp\/v2\/product_cat?post=8043"},{"taxonomy":"product_tag","embeddable":true,"href":"https:\/\/youniquebyemilie.com\/es\/wp-json\/wp\/v2\/product_tag?post=8043"}],"curies":[{"name":"wp","href":"https:\/\/api.w.org\/{rel}","templated":true}]}}