{"id":8076,"date":"2025-07-24T18:45:23","date_gmt":"2025-07-24T16:45:23","guid":{"rendered":"https:\/\/youniquebyemilie.com\/produit\/you-ology-exfoliante-labial-cremoso\/"},"modified":"2025-11-26T08:51:21","modified_gmt":"2025-11-26T07:51:21","slug":"you-ology-exfoliante-labial-cremoso","status":"publish","type":"product","link":"https:\/\/youniquebyemilie.com\/es\/produit\/you-ology-exfoliante-labial-cremoso\/","title":{"rendered":"Crema labial exfoliante YOU OLOGY"},"content":{"rendered":"<p><span style=\"font-weight: 400;\">Hace un tiempo, una amiga me mostr\u00f3 un peque\u00f1o problema que ten\u00eda con sus labios. Despu\u00e9s del invierno, luchaba constantemente con unos labios secos y estropeados. Me dijo que los b\u00e1lsamos habituales ya no hac\u00edan su trabajo y que se sent\u00eda realmente frustrada por no poder recuperar nunca la suavidad que deseaba. As\u00ed que le habl\u00e9 de     <\/span><b>YOU-OLOGY Crema Labial Exfoliante<\/b><span style=\"font-weight: 400;\">Acababa de descubrir este producto.<\/span><\/p>\n<p><span style=\"font-weight: 400;\">Le dije: \u00bb <\/span><b>Pru\u00e9balo, es como un soplo de aire fresco para tus labios. <\/b> <span style=\"font-weight: 400;\">\u00abY sigui\u00f3 mi consejo. En cuanto lo utiliz\u00f3 por primera vez, me llam\u00f3 muy emocionada: \u00bb   <\/span><b>\u00a1Pero es m\u00e1gico! \u00a1Mis labios est\u00e1n s\u00faper suaves y listos para mi pintalabios! <\/b> <span style=\"font-weight: 400;\"> \u00abCon su <\/span><b>fragancia de melocot\u00f3n y mango<\/b><span style=\"font-weight: 400;\">Es un aut\u00e9ntico placer aplicarlo. Este exfoliante forma parte integral de mi rutina, \u00a1y estoy convencida de que tambi\u00e9n cambiar\u00e1 la tuya! <\/span><\/p>\n<p>&nbsp;<\/p>\n<h2><span style=\"font-weight: 400;\">Por qu\u00e9 te encantar\u00e1:<\/span><\/h2>\n<ul>\n<li style=\"font-weight: 400;\" aria-level=\"1\"><b>Exfoliaci\u00f3n suave y eficaz<\/b><span style=\"font-weight: 400;\"> Este exfoliante elimina suavemente las pieles muertas dejando una agradable sensaci\u00f3n de frescor en tus labios.<\/span>&nbsp;<\/li>\n<li style=\"font-weight: 400;\" aria-level=\"1\"><b>Labios nutridos e hidratados<\/b><span style=\"font-weight: 400;\"> La manteca de karit\u00e9 y el aceite de ricino nutren en profundidad tus labios, manteni\u00e9ndolos flexibles e hidratados durante todo el d\u00eda.<\/span>&nbsp;<\/li>\n<li style=\"font-weight: 400;\" aria-level=\"1\"><b>Una sensaci\u00f3n inmediata de rejuvenecimiento<\/b><span style=\"font-weight: 400;\">  El 97% de las usuarias comprobaron que sus labios parec\u00edan m\u00e1s j\u00f3venes tras la aplicaci\u00f3n. S\u00ed, \u00a1es as\u00ed de m\u00e1gico! <\/span>&nbsp;<\/li>\n<li style=\"font-weight: 400;\" aria-level=\"1\"><b>Una fragancia deliciosa y refrescante<\/b><span style=\"font-weight: 400;\"> El aroma a melocot\u00f3n y mango hace que la aplicaci\u00f3n sea a\u00fan m\u00e1s agradable, para una experiencia reconfortante y deliciosa en el cuidado de la piel.<\/span>&nbsp;<\/li>\n<\/ul>\n<p>&nbsp;<\/p>\n<h2><span style=\"font-weight: 400;\">C\u00f3mo utilizarlo :<\/span><\/h2>\n<ol>\n<li style=\"font-weight: 400;\" aria-level=\"1\"><span style=\"font-weight: 400;\">Coge una peque\u00f1a cantidad del exfoliante y masajea los labios con peque\u00f1os movimientos circulares.<\/span>&nbsp;<\/li>\n<li style=\"font-weight: 400;\" aria-level=\"1\"><span style=\"font-weight: 400;\">Utiliza un <\/span><b>pa\u00f1o h\u00famedo<\/b><span style=\"font-weight: 400;\"> para retirar el exfoliante y dejar tus labios suaves y listos para el maquillaje.<\/span>&nbsp;<\/li>\n<li style=\"font-weight: 400;\" aria-level=\"1\"><span style=\"font-weight: 400;\">\u00dasalo antes de aplicar tu barra de labios para un acabado a\u00fan m\u00e1s suave.<\/span>&nbsp;<\/li>\n<\/ol>\n<p>&nbsp;<\/p>\n<h2><span style=\"font-weight: 400;\">Los ingredientes que hacen la magia :<\/span><\/h2>\n<ul>\n<li style=\"font-weight: 400;\" aria-level=\"1\"><b>Sacarosa<\/b><span style=\"font-weight: 400;\"> Exfolia suavemente y elimina las c\u00e9lulas muertas de la piel para <\/span><b>labios suaves y lisos<\/b><span style=\"font-weight: 400;\">.<\/span>&nbsp;<\/li>\n<li style=\"font-weight: 400;\" aria-level=\"1\"><b>Manteca de karit\u00e9<\/b><span style=\"font-weight: 400;\"> Nutre e hidrata para <\/span><b>unos labios m\u00e1s suaves y cuidados<\/b><span style=\"font-weight: 400;\">.<\/span>&nbsp;<\/li>\n<li style=\"font-weight: 400;\" aria-level=\"1\"><b>Aceite de semillas de ricino<\/b><span style=\"font-weight: 400;\"> Aporta hidrataci\u00f3n, elasticidad y suavidad <\/span><b>elasticidad y suavidad<\/b><span style=\"font-weight: 400;\">.<\/span>&nbsp;<\/li>\n<li style=\"font-weight: 400;\" aria-level=\"1\"><b>Fragancia de melocot\u00f3n y mango<\/b><span style=\"font-weight: 400;\"> Una fragancia deliciosa y agradable que transforma cada aplicaci\u00f3n en un momento de bienestar. <\/span><b>un momento de bienestar<\/b><span style=\"font-weight: 400;\">.<\/span>&nbsp;<\/li>\n<\/ul>\n<p><span style=\"font-weight: 400;\">\u00bfRecuerdas esa sensaci\u00f3n de labios suaves y rellenos, como despu\u00e9s de un <\/span><b>tratamiento de spa?<\/b><span style=\"font-weight: 400;\"> Este exfoliante te proporciona esa sensaci\u00f3n cada vez que lo usas. <\/span><b>A\u00f1\u00e1delo a tu cesta<\/b><span style=\"font-weight: 400;\"> y haz que tus labios sean un aut\u00e9ntico placer cada d\u00eda.<\/span><\/p>\n<p>&nbsp;<\/p>\n","protected":false},"excerpt":{"rendered":"<p><span style=\"font-weight: 400;\">Hace un tiempo, una amiga me mostr\u00f3 un peque\u00f1o problema que ten\u00eda con sus labios. Despu\u00e9s del invierno, luchaba constantemente con unos labios secos y estropeados. Me dijo que los b\u00e1lsamos habituales ya no hac\u00edan su trabajo y que se sent\u00eda realmente frustrada por no poder recuperar nunca la suavidad que deseaba. As\u00ed que le habl\u00e9 de     <\/span><b>YOU-OLOGY Exfoliante Labial Cremoso<\/b><span style=\"font-weight: 400;\">un producto que acababa de descubrir.<\/span><\/p>\n","protected":false},"featured_media":8074,"comment_status":"open","ping_status":"closed","template":"","meta":{"_seopress_robots_primary_cat":"none","_seopress_titles_title":"","_seopress_titles_desc":"","_seopress_robots_index":"","site-sidebar-layout":"default","site-content-layout":"","ast-site-content-layout":"default","site-content-style":"default","site-sidebar-style":"default","ast-global-header-display":"","ast-banner-title-visibility":"","ast-main-header-display":"","ast-hfb-above-header-display":"","ast-hfb-below-header-display":"","ast-hfb-mobile-header-display":"","site-post-title":"","ast-breadcrumbs-content":"","ast-featured-img":"","footer-sml-layout":"","ast-disable-related-posts":"","theme-transparent-header-meta":"default","adv-header-id-meta":"","stick-header-meta":"","header-above-stick-meta":"","header-main-stick-meta":"","header-below-stick-meta":"","astra-migrate-meta-layouts":"default","ast-page-background-enabled":"default","ast-page-background-meta":{"desktop":{"background-color":"var(--ast-global-color-4)","background-image":"","background-repeat":"repeat","background-position":"center center","background-size":"auto","background-attachment":"scroll","background-type":"","background-media":"","overlay-type":"","overlay-color":"","overlay-opacity":"","overlay-gradient":""},"tablet":{"background-color":"","background-image":"","background-repeat":"repeat","background-position":"center center","background-size":"auto","background-attachment":"scroll","background-type":"","background-media":"","overlay-type":"","overlay-color":"","overlay-opacity":"","overlay-gradient":""},"mobile":{"background-color":"","background-image":"","background-repeat":"repeat","background-position":"center center","background-size":"auto","background-attachment":"scroll","background-type":"","background-media":"","overlay-type":"","overlay-color":"","overlay-opacity":"","overlay-gradient":""}},"ast-content-background-meta":{"desktop":{"background-color":"var(--ast-global-color-5)","background-image":"","background-repeat":"repeat","background-position":"center center","background-size":"auto","background-attachment":"scroll","background-type":"","background-media":"","overlay-type":"","overlay-color":"","overlay-opacity":"","overlay-gradient":""},"tablet":{"background-color":"var(--ast-global-color-5)","background-image":"","background-repeat":"repeat","background-position":"center center","background-size":"auto","background-attachment":"scroll","background-type":"","background-media":"","overlay-type":"","overlay-color":"","overlay-opacity":"","overlay-gradient":""},"mobile":{"background-color":"var(--ast-global-color-5)","background-image":"","background-repeat":"repeat","background-position":"center center","background-size":"auto","background-attachment":"scroll","background-type":"","background-media":"","overlay-type":"","overlay-color":"","overlay-opacity":"","overlay-gradient":""}}},"product_brand":[],"product_cat":[68],"product_tag":[],"class_list":{"0":"post-8076","1":"product","2":"type-product","3":"status-publish","4":"has-post-thumbnail","6":"product_cat-labios","7":"desktop-align-left","8":"tablet-align-left","9":"mobile-align-left","11":"first","12":"instock","13":"sale","14":"shipping-taxable","15":"product-type-external"},"_links":{"self":[{"href":"https:\/\/youniquebyemilie.com\/es\/wp-json\/wp\/v2\/product\/8076","targetHints":{"allow":["GET"]}}],"collection":[{"href":"https:\/\/youniquebyemilie.com\/es\/wp-json\/wp\/v2\/product"}],"about":[{"href":"https:\/\/youniquebyemilie.com\/es\/wp-json\/wp\/v2\/types\/product"}],"replies":[{"embeddable":true,"href":"https:\/\/youniquebyemilie.com\/es\/wp-json\/wp\/v2\/comments?post=8076"}],"wp:featuredmedia":[{"embeddable":true,"href":"https:\/\/youniquebyemilie.com\/es\/wp-json\/wp\/v2\/media\/8074"}],"wp:attachment":[{"href":"https:\/\/youniquebyemilie.com\/es\/wp-json\/wp\/v2\/media?parent=8076"}],"wp:term":[{"taxonomy":"product_brand","embeddable":true,"href":"https:\/\/youniquebyemilie.com\/es\/wp-json\/wp\/v2\/product_brand?post=8076"},{"taxonomy":"product_cat","embeddable":true,"href":"https:\/\/youniquebyemilie.com\/es\/wp-json\/wp\/v2\/product_cat?post=8076"},{"taxonomy":"product_tag","embeddable":true,"href":"https:\/\/youniquebyemilie.com\/es\/wp-json\/wp\/v2\/product_tag?post=8076"}],"curies":[{"name":"wp","href":"https:\/\/api.w.org\/{rel}","templated":true}]}}