{"id":8135,"date":"2025-07-24T18:57:13","date_gmt":"2025-07-24T16:57:13","guid":{"rendered":"https:\/\/youniquebyemilie.com\/produit\/desincrustante-labial-moodstruck-hottie\/"},"modified":"2025-11-26T08:51:12","modified_gmt":"2025-11-26T07:51:12","slug":"desincrustante-labial-moodstruck-hottie","status":"publish","type":"product","link":"https:\/\/youniquebyemilie.com\/es\/produit\/desincrustante-labial-moodstruck-hottie\/","title":{"rendered":"Desincrustante labial MOODSTRUCK HOTTIE"},"content":{"rendered":"<p><span style=\"font-weight: 400;\">Labios carnosos <\/span><b>delicioso<\/b><span style=\"font-weight: 400;\">, <\/span><b>nutridos<\/b><span style=\"font-weight: 400;\"> y <\/span><b>irresistibles<\/b><span style=\"font-weight: 400;\">&#8230; sin problemas. Francamente, si no has probado el   <\/span><b>Desincrustante labial MOODSTRUCK HOTTIE<\/b><span style=\"font-weight: 400;\">te lo est\u00e1s perdiendo <\/span><b>m\u00e1gico<\/b><span style=\"font-weight: 400;\">  en tu rutina de belleza. No necesitas ser una experta en maquillaje ni pasarte horas delante del espejo. Con    <\/span><b>BOMB\u00d3N DE MAL HUMOR<\/b><span style=\"font-weight: 400;\">aplicar, rellenar y <\/span><b>bam<\/b><span style=\"font-weight: 400;\">labios <\/span><b>sensual<\/b><span style=\"font-weight: 400;\"> y <\/span><b>labios brillantes<\/b><span style=\"font-weight: 400;\">  con s\u00f3lo unos gestos. \u00bfY adivina qu\u00e9? Se quedan    <\/span><b>magn\u00edfico<\/b><span style=\"font-weight: 400;\">  todo el d\u00eda. S\u00ed,  <\/span><b>todo el d\u00eda<\/b><span style=\"font-weight: 400;\">.<\/span><\/p>\n<p>&nbsp;<\/p>\n<h2><span style=\"font-weight: 400;\">Por qu\u00e9 deber\u00edas adoptarlo:<\/span><\/h2>\n<ul>\n<li style=\"font-weight: 400;\" aria-level=\"1\"><b>Efecto rellenador instant\u00e1neo<\/b><span style=\"font-weight: 400;\"> Gracias a sus <\/span><b>p\u00e9ptidos<\/b><span style=\"font-weight: 400;\"> y <\/span><b>hialuronato s\u00f3dico<\/b><span style=\"font-weight: 400;\">hace que tus labios <\/span><b>m\u00e1s carnosos<\/b><span style=\"font-weight: 400;\"> y <\/span><b>m\u00e1s suaves<\/b><span style=\"font-weight: 400;\">.<\/span>&nbsp;<\/li>\n<li style=\"font-weight: 400;\" aria-level=\"1\"><b>Sensaci\u00f3n estimulante<\/b><span style=\"font-weight: 400;\"> La <\/span><b>mezcla de menta<\/b><span style=\"font-weight: 400;\"> y <\/span><b>resina de guindilla<\/b><span style=\"font-weight: 400;\"> te proporciona una <\/span><b>refrescante<\/b><span style=\"font-weight: 400;\"> y <\/span><b>vigorizante<\/b><span style=\"font-weight: 400;\">para unos <\/span><b>labios sensuales<\/b><span style=\"font-weight: 400;\">.<\/span>&nbsp;<\/li>\n<li style=\"font-weight: 400;\" aria-level=\"1\"><b>Hidrataci\u00f3n duradera<\/b><span style=\"font-weight: 400;\"> Contiene <\/span><b>aceite de semillas de girasol<\/b><span style=\"font-weight: 400;\"> y <\/span><b>extracto de verdolaga<\/b><span style=\"font-weight: 400;\"> para unos labios <\/span><b>nutridos<\/b><span style=\"font-weight: 400;\"> y <\/span><b>visiblemente m\u00e1s suaves<\/b><span style=\"font-weight: 400;\">.<\/span>&nbsp;<\/li>\n<li style=\"font-weight: 400;\" aria-level=\"1\"><b>F\u00e1cil aplicaci\u00f3n<\/b><span style=\"font-weight: 400;\"> Su aplicador te permite aplicarlo f\u00e1cilmente <\/span><b>r\u00e1pidamente<\/b><span style=\"font-weight: 400;\">incluso en movimiento.<\/span>&nbsp;<\/li>\n<li style=\"font-weight: 400;\" aria-level=\"1\"><b>Atenci\u00f3n de calidad<\/b><span style=\"font-weight: 400;\"> En <\/span><b>repara<\/b><span style=\"font-weight: 400;\"> y <\/span><b>mejora<\/b><span style=\"font-weight: 400;\"> el aspecto de tus labios gracias al <\/span><b>palmitoil trip\u00e9ptido-38<\/b><span style=\"font-weight: 400;\">un derivado de los amino\u00e1cidos que <\/span><b>rejuvenecen<\/b><span style=\"font-weight: 400;\"> tus labios.<\/span>&nbsp;<\/li>\n<\/ul>\n<p>&nbsp;<\/p>\n<h2><span style=\"font-weight: 400;\">C\u00f3mo utilizarlo f\u00e1cilmente :<\/span><\/h2>\n<ol>\n<li style=\"font-weight: 400;\" aria-level=\"1\"><b>Rutina nocturna<\/b><span style=\"font-weight: 400;\"> Aplica <\/span><b>rellenador de labios<\/b><span style=\"font-weight: 400;\"> despu\u00e9s de limpiarte la cara y d\u00e9jalo actuar toda la noche.<\/span>&nbsp;<\/li>\n<li style=\"font-weight: 400;\" aria-level=\"1\"><b>Rutina diaria<\/b><span style=\"font-weight: 400;\"> Apl\u00edcalo en los labios antes o despu\u00e9s de tu barra de labios favorita para <\/span><b>a\u00f1adir brillo<\/b><span style=\"font-weight: 400;\"> y <\/span><b>brillo<\/b><span style=\"font-weight: 400;\">.<\/span>&nbsp;<\/li>\n<li style=\"font-weight: 400;\" aria-level=\"1\"><span style=\"font-weight: 400;\">Si quieres un <\/span><b>efecto m\u00e1s intenso<\/b><span style=\"font-weight: 400;\">no dudes en volver a aplicarlo a lo largo del d\u00eda para conseguir unos labios a\u00fan m\u00e1s carnosos. <\/span><b>labios m\u00e1s carnosos<\/b><span style=\"font-weight: 400;\"> y <\/span><b>hidratados<\/b><span style=\"font-weight: 400;\">.<\/span>&nbsp;<\/li>\n<\/ol>\n<h2><span style=\"font-weight: 400;\">Los ingredientes que hacen brillar tus labios:<\/span><\/h2>\n<ul>\n<li style=\"font-weight: 400;\" aria-level=\"1\"><b>Aceite de girasol<\/b><span style=\"font-weight: 400;\"> : <\/span><b>Hidrata<\/b><span style=\"font-weight: 400;\"> y <\/span><b>alivia los labios<\/b><span style=\"font-weight: 400;\"> los labios.<\/span>&nbsp;<\/li>\n<li style=\"font-weight: 400;\" aria-level=\"1\"><b>Menta<\/b><span style=\"font-weight: 400;\"> Proporciona una <\/span><b>sensaci\u00f3n refrescante<\/b><span style=\"font-weight: 400;\"> y <\/span><b>sensaci\u00f3n purificante<\/b><span style=\"font-weight: 400;\"> para unos labios llenos de <\/span><b>frescor<\/b><span style=\"font-weight: 400;\">.<\/span>&nbsp;<\/li>\n<li style=\"font-weight: 400;\" aria-level=\"1\"><b>Resina de guindilla<\/b><span style=\"font-weight: 400;\"> Estimula tus labios, haci\u00e9ndolos m\u00e1s sensuales y firmes para un efecto irresistible.<\/span><\/li>\n<li style=\"font-weight: 400;\" aria-level=\"1\"><b>Extracto de verdolaga<\/b><span style=\"font-weight: 400;\"> Mejora <\/span><b>la hidrataci\u00f3n<\/b><span style=\"font-weight: 400;\"> y hace que los labios <\/span><b>m\u00e1s suaves<\/b><span style=\"font-weight: 400;\"> y <\/span><b>suaves<\/b><span style=\"font-weight: 400;\">.<\/span>&nbsp;<\/li>\n<li style=\"font-weight: 400;\" aria-level=\"1\"><b>Hialuronato s\u00f3dico<\/b><span style=\"font-weight: 400;\"> Retiene la humedad y <\/span><b>rellena los labios<\/b><span style=\"font-weight: 400;\"> para unos labios <\/span><b>m\u00e1s carnosos<\/b><span style=\"font-weight: 400;\"> y <\/span><b>suave<\/b><span style=\"font-weight: 400;\">.<\/span>&nbsp;<\/li>\n<li style=\"font-weight: 400;\" aria-level=\"1\"><b>Palmitoil trip\u00e9ptido-38<\/b><span style=\"font-weight: 400;\"> : <\/span><b>Mejora el aspecto<\/b><span style=\"font-weight: 400;\"> y ayuda a <\/span><b>rejuvenecer<\/b><span style=\"font-weight: 400;\"> labios para un <\/span><b>efecto duradero<\/b><span style=\"font-weight: 400;\">.<\/span><\/li>\n<\/ul>\n<p>&nbsp;<\/p>\n<h2><span style=\"font-weight: 400;\">Por qu\u00e9 este producto es imprescindible:<\/span><\/h2>\n<p><span style=\"font-weight: 400;\">Si quieres <\/span><b>labios carnosos<\/b><span style=\"font-weight: 400;\">, <\/span><b>sensual<\/b><span style=\"font-weight: 400;\">y <\/span><b>labios hermosos y suaves<\/b><span style=\"font-weight: 400;\">entonces el <\/span><b>Lip Plumper MOODSTRUCK HOTTIE<\/b><span style=\"font-weight: 400;\">  es imprescindible en tu rutina de belleza. Gracias a su   <\/span><b>ingredientes nutritivos<\/b><span style=\"font-weight: 400;\">, <\/span><b>efecto tensor<\/b><span style=\"font-weight: 400;\"> y su <\/span><b>fijaci\u00f3n duradera<\/b><span style=\"font-weight: 400;\">transformar\u00e1 tus labios <\/span><b>en un abrir y cerrar de ojos<\/b><span style=\"font-weight: 400;\">.<\/span><\/p>\n<p><span style=\"font-weight: 400;\">A\u00f1\u00e1delo ahora a tu cesta y revela tus <\/span><b>labios<\/b> <b>labios irresistibles<\/b><span style=\"font-weight: 400;\">, <\/span><b>nutridos <\/b><span style=\"font-weight: 400;\">y <\/span><b>deliciosos<\/b><span style=\"font-weight: 400;\"> como nunca antes.<\/span><\/p>\n<p>&nbsp;<\/p>\n","protected":false},"excerpt":{"rendered":"<p><span style=\"font-weight: 400;\">Labios carnosos <\/span><b>delicioso<\/b><span style=\"font-weight: 400;\">, <\/span><b>nutridos<\/b><span style=\"font-weight: 400;\"> y <\/span><b>irresistibles<\/b><span style=\"font-weight: 400;\">&#8230; sin problemas. Francamente, si no has probado el   <\/span><b>Desincrustante labial MOODSTRUCK HOTTIE<\/b><span style=\"font-weight: 400;\">te lo est\u00e1s perdiendo <\/span><b>m\u00e1gico<\/b><span style=\"font-weight: 400;\">  en tu rutina de belleza. No necesitas ser una experta en maquillaje ni pasarte horas delante del espejo. Con    <\/span><b>BOMB\u00d3N DE MAL HUMOR<\/b><span style=\"font-weight: 400;\">aplicar, rellenar y <\/span><b>bam<\/b><span style=\"font-weight: 400;\">labios <\/span><b>sensual<\/b><span style=\"font-weight: 400;\"> y <\/span><b>labios brillantes<\/b><span style=\"font-weight: 400;\">  con s\u00f3lo unos gestos. \u00bfY adivina qu\u00e9? Se quedan    <\/span><b>magn\u00edfico<\/b><span style=\"font-weight: 400;\">  todo el d\u00eda. S\u00ed,  <\/span><b>todo el d\u00eda<\/b><span style=\"font-weight: 400;\">.<\/span><\/p>\n","protected":false},"featured_media":8133,"comment_status":"open","ping_status":"closed","template":"","meta":{"_seopress_robots_primary_cat":"none","_seopress_titles_title":"","_seopress_titles_desc":"","_seopress_robots_index":"","site-sidebar-layout":"default","site-content-layout":"","ast-site-content-layout":"default","site-content-style":"default","site-sidebar-style":"default","ast-global-header-display":"","ast-banner-title-visibility":"","ast-main-header-display":"","ast-hfb-above-header-display":"","ast-hfb-below-header-display":"","ast-hfb-mobile-header-display":"","site-post-title":"","ast-breadcrumbs-content":"","ast-featured-img":"","footer-sml-layout":"","ast-disable-related-posts":"","theme-transparent-header-meta":"default","adv-header-id-meta":"","stick-header-meta":"","header-above-stick-meta":"","header-main-stick-meta":"","header-below-stick-meta":"","astra-migrate-meta-layouts":"default","ast-page-background-enabled":"default","ast-page-background-meta":{"desktop":{"background-color":"var(--ast-global-color-4)","background-image":"","background-repeat":"repeat","background-position":"center center","background-size":"auto","background-attachment":"scroll","background-type":"","background-media":"","overlay-type":"","overlay-color":"","overlay-opacity":"","overlay-gradient":""},"tablet":{"background-color":"","background-image":"","background-repeat":"repeat","background-position":"center center","background-size":"auto","background-attachment":"scroll","background-type":"","background-media":"","overlay-type":"","overlay-color":"","overlay-opacity":"","overlay-gradient":""},"mobile":{"background-color":"","background-image":"","background-repeat":"repeat","background-position":"center center","background-size":"auto","background-attachment":"scroll","background-type":"","background-media":"","overlay-type":"","overlay-color":"","overlay-opacity":"","overlay-gradient":""}},"ast-content-background-meta":{"desktop":{"background-color":"var(--ast-global-color-5)","background-image":"","background-repeat":"repeat","background-position":"center center","background-size":"auto","background-attachment":"scroll","background-type":"","background-media":"","overlay-type":"","overlay-color":"","overlay-opacity":"","overlay-gradient":""},"tablet":{"background-color":"var(--ast-global-color-5)","background-image":"","background-repeat":"repeat","background-position":"center center","background-size":"auto","background-attachment":"scroll","background-type":"","background-media":"","overlay-type":"","overlay-color":"","overlay-opacity":"","overlay-gradient":""},"mobile":{"background-color":"var(--ast-global-color-5)","background-image":"","background-repeat":"repeat","background-position":"center center","background-size":"auto","background-attachment":"scroll","background-type":"","background-media":"","overlay-type":"","overlay-color":"","overlay-opacity":"","overlay-gradient":""}}},"product_brand":[],"product_cat":[68],"product_tag":[],"class_list":{"0":"post-8135","1":"product","2":"type-product","3":"status-publish","4":"has-post-thumbnail","6":"product_cat-labios","7":"desktop-align-left","8":"tablet-align-left","9":"mobile-align-left","11":"first","12":"instock","13":"sale","14":"shipping-taxable","15":"product-type-external"},"_links":{"self":[{"href":"https:\/\/youniquebyemilie.com\/es\/wp-json\/wp\/v2\/product\/8135","targetHints":{"allow":["GET"]}}],"collection":[{"href":"https:\/\/youniquebyemilie.com\/es\/wp-json\/wp\/v2\/product"}],"about":[{"href":"https:\/\/youniquebyemilie.com\/es\/wp-json\/wp\/v2\/types\/product"}],"replies":[{"embeddable":true,"href":"https:\/\/youniquebyemilie.com\/es\/wp-json\/wp\/v2\/comments?post=8135"}],"wp:featuredmedia":[{"embeddable":true,"href":"https:\/\/youniquebyemilie.com\/es\/wp-json\/wp\/v2\/media\/8133"}],"wp:attachment":[{"href":"https:\/\/youniquebyemilie.com\/es\/wp-json\/wp\/v2\/media?parent=8135"}],"wp:term":[{"taxonomy":"product_brand","embeddable":true,"href":"https:\/\/youniquebyemilie.com\/es\/wp-json\/wp\/v2\/product_brand?post=8135"},{"taxonomy":"product_cat","embeddable":true,"href":"https:\/\/youniquebyemilie.com\/es\/wp-json\/wp\/v2\/product_cat?post=8135"},{"taxonomy":"product_tag","embeddable":true,"href":"https:\/\/youniquebyemilie.com\/es\/wp-json\/wp\/v2\/product_tag?post=8135"}],"curies":[{"name":"wp","href":"https:\/\/api.w.org\/{rel}","templated":true}]}}