{"id":8175,"date":"2025-07-24T19:12:55","date_gmt":"2025-07-24T17:12:55","guid":{"rendered":"https:\/\/youniquebyemilie.com\/produit\/oodstruck-precision-delineador-liquido-grafico\/"},"modified":"2025-11-26T08:50:58","modified_gmt":"2025-11-26T07:50:58","slug":"oodstruck-precision-delineador-liquido-grafico","status":"publish","type":"product","link":"https:\/\/youniquebyemilie.com\/es\/produit\/oodstruck-precision-delineador-liquido-grafico\/","title":{"rendered":"MOODSTRUCK PRECISION Delineador L\u00edquido Gr\u00e1fico"},"content":{"rendered":"<p><span style=\"font-weight: 400;\">Recuerdo la tarde en que fui a recoger a mi amiga para salir. En cuanto me vio, sus ojos cambiaron y me dijo: \u00bb \u00a1No quiero salir contigo!   <\/span><b>Vaya, \u00a1tu maquillaje es perfecto!  <\/b><span style=\"font-weight: 400;\">\u00abMe pregunt\u00f3: \u00bb  <\/span><b>Pero, \u00bfcu\u00e1l es tu secreto? \u00bfC\u00f3mo consigues una l\u00ednea tan limpia? <\/b><span style=\"font-weight: 400;\">  ? \u00bb Simplemente respond\u00ed: \u00abEs la   <\/span><b>MOODSTRUCK PRECISION Delineador L\u00edquido Gr\u00e1fico<\/b><span style=\"font-weight: 400;\">Hace todo el trabajo por m\u00ed.<\/span><\/p>\n<p><span style=\"font-weight: 400;\">Ten\u00eda una gran sonrisa en la cara y dijo: \u00ab\u00a1Venga, d\u00e1melo, yo tambi\u00e9n quiero probarlo! <\/span><b>Venga, d\u00e1melo, \u00a1yo tambi\u00e9n quiero probarlo! <\/b> <span style=\"font-weight: 400;\">\u00abY entonces le di mi delineador de ojos, como un secreto precioso. Se lo aplic\u00f3, y ni siquiera tuve que decirle nada, el resultado fue tan perfecto como el m\u00edo. Me mir\u00f3, totalmente alucinada, y dijo: \u00bb    <\/span><b>Es m\u00e1gico, \u00a1soy una fan!<\/b><span style=\"font-weight: 400;\">  \u00abAhora me llama cada vez que quiere una l\u00ednea perfecta, y nos re\u00edmos de que por fin hemos encontrado nuestro producto milagroso.<\/span><\/p>\n<p>&nbsp;<\/p>\n<h2><span style=\"font-weight: 400;\">Por qu\u00e9 te encantar\u00e1:<\/span><\/h2>\n<ul>\n<li style=\"font-weight: 400;\" aria-level=\"1\"><b>Precisi\u00f3n perfecta en cada golpe<\/b><span style=\"font-weight: 400;\"> Gracias a su aplicador <\/span><b>aplicador de rotulador<\/b><span style=\"font-weight: 400;\">puedes dibujar l\u00edneas finas o gruesas con impecable <\/span><b>precisi\u00f3n<\/b><span style=\"font-weight: 400;\">. Es ideal para los looks  <\/span><b>elegante o creativo<\/b><span style=\"font-weight: 400;\">.<\/span><\/li>\n<li style=\"font-weight: 400;\" aria-level=\"1\"><b>De larga duraci\u00f3n<\/b><span style=\"font-weight: 400;\">  Este delineador nunca te defraudar\u00e1. En   <\/span><b>se mantiene en su sitio hasta 12 horas<\/b><span style=\"font-weight: 400;\">aunque llueva o te frotes los ojos. <\/span><b>Resistente al agua<\/b><span style=\"font-weight: 400;\">no te dejar\u00e1 atr\u00e1s.<\/span><\/li>\n<li style=\"font-weight: 400;\" aria-level=\"1\"><b>Comodidad y suavidad<\/b><span style=\"font-weight: 400;\"> Su <\/span><b>f\u00f3rmula vegana<\/b><span style=\"font-weight: 400;\"> y <\/span><b>sin BHT ni parafinas<\/b><span style=\"font-weight: 400;\">  cuida tus ojos y te da un acabado intenso. Se desliza f\u00e1cil y suavemente, as\u00ed que seguro que consigues la mirada que deseas.   <\/span><b>suave y r\u00e1pido<\/b><span style=\"font-weight: 400;\">.<\/span><\/li>\n<li style=\"font-weight: 400;\" aria-level=\"1\"><b>Dise\u00f1o vers\u00e1til<\/b><span style=\"font-weight: 400;\"> Tanto si quieres una l\u00ednea fina y natural como un look m\u00e1s gr\u00e1fico, este <\/span><b>delineador<\/b><span style=\"font-weight: 400;\"> eyeliner se adapta <\/span><b>todos tus estilos<\/b><span style=\"font-weight: 400;\">. \u00a1S\u00e9 tan creativo como quieras!<\/span><\/li>\n<\/ul>\n<p>&nbsp;<\/p>\n<h2><span style=\"font-weight: 400;\">Disponible en varios colores:<\/span><\/h2>\n<ul>\n<li style=\"font-weight: 400;\" aria-level=\"1\"><b>Pintoresco<\/b><span style=\"font-weight: 400;\"> Un <\/span><b>negro intenso <\/b><span style=\"font-weight: 400;\">que realza los ojos sin dejar de ser natural, perfecto para el maquillaje diario o para dar un toque de car\u00e1cter.<\/span><\/li>\n<li style=\"font-weight: 400;\" aria-level=\"1\"><b>Loable<\/b><span style=\"font-weight: 400;\"> Un profundo <\/span><b>azul profundo<\/b><span style=\"font-weight: 400;\"> que a\u00f1ade un brillo sutil y un<\/span><b> toque moderno<\/b><span style=\"font-weight: 400;\"> a tu look cl\u00e1sico.<\/span><\/li>\n<\/ul>\n<p><span style=\"font-weight: 400;\">Estos dos colores son ideales para transformar tu look con un toque de elegancia y precisi\u00f3n. \u00a1De ti depende elegir el que mejor se adapte a tu estilo! <\/span><\/p>\n<p>&nbsp;<\/p>\n<h2><span style=\"font-weight: 400;\">C\u00f3mo utilizarlo :<\/span><\/h2>\n<ol>\n<li style=\"font-weight: 400;\" aria-level=\"1\"><span style=\"font-weight: 400;\">Dibuja una fina l\u00ednea a lo largo del borde de las pesta\u00f1as para conseguir un look natural perfecto para el d\u00eda a d\u00eda.<\/span><\/li>\n<li style=\"font-weight: 400;\" aria-level=\"1\"><span style=\"font-weight: 400;\">Alarga ligeramente la l\u00ednea en el \u00e1ngulo externo del ojo para conseguir un <\/span><b>ala<\/b><span style=\"font-weight: 400;\"> efecto.<\/span><\/li>\n<li style=\"font-weight: 400;\" aria-level=\"1\"><span style=\"font-weight: 400;\">Utiliza el aplicador para dibujar formas creativas o l\u00edneas m\u00e1s gruesas para un look art\u00edstico. <\/span><b>mira<\/b><span style=\"font-weight: 400;\">.<\/span><\/li>\n<\/ol>\n<h2><span style=\"font-weight: 400;\">Los ingredientes que marcan la diferencia :<\/span><\/h2>\n<ul>\n<li style=\"font-weight: 400;\" aria-level=\"1\"><b>Agua<\/b><span style=\"font-weight: 400;\"> Hidrata la piel al tiempo que garantiza una aplicaci\u00f3n suave y uniforme.<\/span><\/li>\n<li style=\"font-weight: 400;\" aria-level=\"1\"><b>Cera de ricino hidrogenada (aceite de ricino hidrogenado PEG-60)<\/b><span style=\"font-weight: 400;\"> Para una textura suave y duradera.<\/span><\/li>\n<li style=\"font-weight: 400;\" aria-level=\"1\"><b>Extracto de gluc\u00f3sido de coco<\/b><span style=\"font-weight: 400;\"> Limpia suavemente la piel y equilibra la f\u00f3rmula.<\/span><\/li>\n<li style=\"font-weight: 400;\" aria-level=\"1\"><b>\u00c1cido c\u00edtrico<\/b><span style=\"font-weight: 400;\"> Mantiene la estabilidad y consistencia del producto.<\/span><\/li>\n<li style=\"font-weight: 400;\" aria-level=\"1\"><b>Di\u00f3xido de titanio (CI 77891)<\/b><span style=\"font-weight: 400;\"> Para un color negro intenso y opaco.<\/span><\/li>\n<\/ul>\n<h2><span style=\"font-weight: 400;\">Lo que dicen los usuarios:<\/span><\/h2>\n<ul>\n<li style=\"font-weight: 400;\" aria-level=\"1\"><b>94%<\/b><span style=\"font-weight: 400;\"> de los usuarios dicen que este producto es <\/span><b>f\u00e1cil de aplicar<\/b><span style=\"font-weight: 400;\"> y ofrece <\/span><b>resultado<\/b><span style=\"font-weight: 400;\">.<\/span><\/li>\n<li style=\"font-weight: 400;\" aria-level=\"1\"><b>91%<\/b><span style=\"font-weight: 400;\"> considera que el producto <\/span><b>se mantiene en su sitio<\/b><span style=\"font-weight: 400;\"> todo el d\u00eda, sin correrse.<\/span><\/li>\n<li style=\"font-weight: 400;\" aria-level=\"1\"><b>88%<\/b><span style=\"font-weight: 400;\"> de los usuarios consideraron que el producto <\/span><b>suave con los ojos<\/b><span style=\"font-weight: 400;\"> y <\/span><b>irritante<\/b><span style=\"font-weight: 400;\">.<\/span><\/li>\n<\/ul>\n<p><span style=\"font-weight: 400;\">Este <\/span><b>delineador de ojos<\/b><span style=\"font-weight: 400;\"> te da <\/span><b>un control total<\/b><span style=\"font-weight: 400;\">  en la intensidad de tus ojos. Preciso, duradero y f\u00e1cil de usar.   <\/span><b>A\u00f1\u00e1delo a tu cesta<\/b><span style=\"font-weight: 400;\">\u00a1y transforma tu look en un abrir y cerrar de ojos!<\/span><\/p>\n<p>&nbsp;<\/p>\n","protected":false},"excerpt":{"rendered":"<p><span style=\"font-weight: 400;\">Recuerdo la tarde en que fui a recoger a mi amiga para salir. En cuanto me vio, sus ojos cambiaron y me dijo: \u00bb \u00a1No quiero salir contigo!   <\/span><b>Vaya, \u00a1tu maquillaje es perfecto!  <\/b><span style=\"font-weight: 400;\">\u00abMe pregunt\u00f3: \u00bb  <\/span><b>Pero, \u00bfcu\u00e1l es tu secreto? \u00bfC\u00f3mo consigues una l\u00ednea tan limpia? <\/b><span style=\"font-weight: 400;\">  ? \u00bb Simplemente respond\u00ed: \u00abEs la   <\/span><b>MOODSTRUCK PRECISION Delineador L\u00edquido Gr\u00e1fico<\/b><span style=\"font-weight: 400;\">Hace todo el trabajo por m\u00ed.<\/span><\/p>\n","protected":false},"featured_media":8174,"comment_status":"open","ping_status":"closed","template":"","meta":{"_seopress_robots_primary_cat":"none","_seopress_titles_title":"","_seopress_titles_desc":"","_seopress_robots_index":"","site-sidebar-layout":"default","site-content-layout":"","ast-site-content-layout":"default","site-content-style":"default","site-sidebar-style":"default","ast-global-header-display":"","ast-banner-title-visibility":"","ast-main-header-display":"","ast-hfb-above-header-display":"","ast-hfb-below-header-display":"","ast-hfb-mobile-header-display":"","site-post-title":"","ast-breadcrumbs-content":"","ast-featured-img":"","footer-sml-layout":"","ast-disable-related-posts":"","theme-transparent-header-meta":"default","adv-header-id-meta":"","stick-header-meta":"","header-above-stick-meta":"","header-main-stick-meta":"","header-below-stick-meta":"","astra-migrate-meta-layouts":"default","ast-page-background-enabled":"default","ast-page-background-meta":{"desktop":{"background-color":"var(--ast-global-color-4)","background-image":"","background-repeat":"repeat","background-position":"center center","background-size":"auto","background-attachment":"scroll","background-type":"","background-media":"","overlay-type":"","overlay-color":"","overlay-opacity":"","overlay-gradient":""},"tablet":{"background-color":"","background-image":"","background-repeat":"repeat","background-position":"center center","background-size":"auto","background-attachment":"scroll","background-type":"","background-media":"","overlay-type":"","overlay-color":"","overlay-opacity":"","overlay-gradient":""},"mobile":{"background-color":"","background-image":"","background-repeat":"repeat","background-position":"center center","background-size":"auto","background-attachment":"scroll","background-type":"","background-media":"","overlay-type":"","overlay-color":"","overlay-opacity":"","overlay-gradient":""}},"ast-content-background-meta":{"desktop":{"background-color":"var(--ast-global-color-5)","background-image":"","background-repeat":"repeat","background-position":"center center","background-size":"auto","background-attachment":"scroll","background-type":"","background-media":"","overlay-type":"","overlay-color":"","overlay-opacity":"","overlay-gradient":""},"tablet":{"background-color":"var(--ast-global-color-5)","background-image":"","background-repeat":"repeat","background-position":"center center","background-size":"auto","background-attachment":"scroll","background-type":"","background-media":"","overlay-type":"","overlay-color":"","overlay-opacity":"","overlay-gradient":""},"mobile":{"background-color":"var(--ast-global-color-5)","background-image":"","background-repeat":"repeat","background-position":"center center","background-size":"auto","background-attachment":"scroll","background-type":"","background-media":"","overlay-type":"","overlay-color":"","overlay-opacity":"","overlay-gradient":""}}},"product_brand":[],"product_cat":[62],"product_tag":[],"class_list":{"0":"post-8175","1":"product","2":"type-product","3":"status-publish","4":"has-post-thumbnail","6":"product_cat-ojos","7":"desktop-align-left","8":"tablet-align-left","9":"mobile-align-left","11":"first","12":"instock","13":"sale","14":"shipping-taxable","15":"product-type-external"},"_links":{"self":[{"href":"https:\/\/youniquebyemilie.com\/es\/wp-json\/wp\/v2\/product\/8175","targetHints":{"allow":["GET"]}}],"collection":[{"href":"https:\/\/youniquebyemilie.com\/es\/wp-json\/wp\/v2\/product"}],"about":[{"href":"https:\/\/youniquebyemilie.com\/es\/wp-json\/wp\/v2\/types\/product"}],"replies":[{"embeddable":true,"href":"https:\/\/youniquebyemilie.com\/es\/wp-json\/wp\/v2\/comments?post=8175"}],"wp:featuredmedia":[{"embeddable":true,"href":"https:\/\/youniquebyemilie.com\/es\/wp-json\/wp\/v2\/media\/8174"}],"wp:attachment":[{"href":"https:\/\/youniquebyemilie.com\/es\/wp-json\/wp\/v2\/media?parent=8175"}],"wp:term":[{"taxonomy":"product_brand","embeddable":true,"href":"https:\/\/youniquebyemilie.com\/es\/wp-json\/wp\/v2\/product_brand?post=8175"},{"taxonomy":"product_cat","embeddable":true,"href":"https:\/\/youniquebyemilie.com\/es\/wp-json\/wp\/v2\/product_cat?post=8175"},{"taxonomy":"product_tag","embeddable":true,"href":"https:\/\/youniquebyemilie.com\/es\/wp-json\/wp\/v2\/product_tag?post=8175"}],"curies":[{"name":"wp","href":"https:\/\/api.w.org\/{rel}","templated":true}]}}