{"id":8193,"date":"2025-07-24T19:16:53","date_gmt":"2025-07-24T17:16:53","guid":{"rendered":"https:\/\/youniquebyemilie.com\/produit\/mousse-bronceador-batido-beachfront\/"},"modified":"2025-11-26T08:50:54","modified_gmt":"2025-11-26T07:50:54","slug":"mousse-bronceador-batido-beachfront","status":"publish","type":"product","link":"https:\/\/youniquebyemilie.com\/es\/produit\/mousse-bronceador-batido-beachfront\/","title":{"rendered":"Mousse Bronceador Batido BEACHFRONT"},"content":{"rendered":"<p><span style=\"font-weight: 400;\">El verano pasado quer\u00eda broncearme, pero no ten\u00eda tiempo ni energ\u00eda para pasarme horas al sol. Y con dos ni\u00f1os que cuidar, era imposible pasar el d\u00eda en la playa. Pero, como muchas mujeres, quer\u00eda ese bronceado fresco y bronceado. As\u00ed que recurr\u00ed a     <\/span><b>Mousse Bronceadora Batida BEACHFRONT<\/b><span style=\"font-weight: 400;\">.<\/span><\/p>\n<p><span style=\"font-weight: 400;\">Para ser sincera, al principio no estaba convencida. Pero despu\u00e9s de utilizarlo, vi un   <\/span><b>diferencia inmediata<\/b><span style=\"font-weight: 400;\"> \u00a1! No s\u00f3lo mi piel <\/span><b>uniformemente bronceada<\/b><span style=\"font-weight: 400;\">sino que ten\u00eda ese <\/span><b>brillo natural<\/b><span style=\"font-weight: 400;\">  que me hab\u00eda estado perdiendo. En unos minutos, me hab\u00eda dado una   <\/span><b>bronce radiante<\/b><span style=\"font-weight: 400;\">  sin salir de casa. \u00a1Todo ello con una agradable fragancia que no deja rayas! <\/span><\/p>\n<p>&nbsp;<\/p>\n<h2><span style=\"font-weight: 400;\">Por qu\u00e9 te encantar\u00e1:<\/span><\/h2>\n<ul>\n<li style=\"font-weight: 400;\" aria-level=\"1\"><b>Bronceado instant\u00e1neo y uniforme<\/b><span style=\"font-weight: 400;\"> Esta mousse crea un <\/span><b>bronceado instant\u00e1neo<\/b><span style=\"font-weight: 400;\"> que se desarrolla en <\/span><b>24 horas<\/b><span style=\"font-weight: 400;\">para un bronceado <\/span><b>luminoso<\/b><span style=\"font-weight: 400;\"> y <\/span><b>tez uniforme<\/b><span style=\"font-weight: 400;\"> sin esfuerzo.<\/span><\/li>\n<li style=\"font-weight: 400;\" aria-level=\"1\"><b>Hidrataci\u00f3n y cuidado<\/b><span style=\"font-weight: 400;\"> Enriquecido con <\/span><b>aceite de coco<\/b><span style=\"font-weight: 400;\"> y <\/span><b>aceites de aguacate<\/b><span style=\"font-weight: 400;\">aceites, hidrata tu piel y le deja <\/span><b>una textura suave y flexible<\/b><span style=\"font-weight: 400;\">.<\/span><\/li>\n<li style=\"font-weight: 400;\" aria-level=\"1\"><b>F\u00e1cil de aplicar<\/b><span style=\"font-weight: 400;\"> La espuma es ligera y <\/span><b>f\u00e1cil de extender<\/b><span style=\"font-weight: 400;\">. Aplicaci\u00f3n r\u00e1pida con un  <\/span><b>guante autobronceador<\/b><span style=\"font-weight: 400;\">y \u00a1ya est\u00e1s lista para brillar!<\/span><\/li>\n<li style=\"font-weight: 400;\" aria-level=\"1\"><b>Una fragancia agradable<\/b><span style=\"font-weight: 400;\"> Su <\/span><b>dulce fragancia<\/b><span style=\"font-weight: 400;\"> de <\/span><b>mel\u00f3n y vainilla<\/b><span style=\"font-weight: 400;\"> te da la impresi\u00f3n de una <\/span><b>experiencia de spa<\/b><span style=\"font-weight: 400;\"> experiencia.<\/span><\/li>\n<li style=\"font-weight: 400;\" aria-level=\"1\"><b>Respetuosa con tu piel y con el planeta<\/b><span style=\"font-weight: 400;\"> Esta espuma no s\u00f3lo te proporciona un <\/span><b>bronce natural<\/b><span style=\"font-weight: 400;\">sino que adem\u00e1s est\u00e1 fabricada de forma <\/span><b>responsable<\/b><span style=\"font-weight: 400;\">con ingredientes que respetan tu piel.<\/span><\/li>\n<\/ul>\n<p>&nbsp;<\/p>\n<h2><span style=\"font-weight: 400;\">C\u00f3mo utilizarlo :<\/span><\/h2>\n<ol>\n<li style=\"font-weight: 400;\" aria-level=\"1\"><span style=\"font-weight: 400;\">Antes de aplicar la espuma, empieza por utilizar el <\/span><b>exfoliante corporal BEACHFRONT<\/b><span style=\"font-weight: 400;\"> exfoliante corporal para obtener <\/span><b>un tono de piel uniforme<\/b><span style=\"font-weight: 400;\">.<\/span><\/li>\n<li style=\"font-weight: 400;\" aria-level=\"1\"><span style=\"font-weight: 400;\">Prensa<\/span><b> de 2 a 3 dosis de mousse<\/b><span style=\"font-weight: 400;\"> en el <\/span><b>guante autobronceador BEACHFRONT<\/b><span style=\"font-weight: 400;\">. Aplica la espuma  <\/span><b>movimientos largos y fluidos<\/b><span style=\"font-weight: 400;\"> sobre la piel limpia y seca, empezando por los <\/span><b>tobillos<\/b><span style=\"font-weight: 400;\"> y hacia arriba.<\/span><\/li>\n<li style=\"font-weight: 400;\" aria-level=\"1\"><span style=\"font-weight: 400;\">Espera a que la espuma est\u00e9 completamente seca antes de vestirte. Deja que se desarrolle durante   <\/span><b>de 4 a 8 horas<\/b><span style=\"font-weight: 400;\"> antes de ducharte.<\/span><\/li>\n<li style=\"font-weight: 400;\" aria-level=\"1\"><span style=\"font-weight: 400;\">Lava el guante con<\/span><b> agua tibia<\/b><span style=\"font-weight: 400;\"> y <\/span><b>jab\u00f3n<\/b><span style=\"font-weight: 400;\"> despu\u00e9s de cada uso para mantenerlo limpio y listo para usar.<\/span><\/li>\n<\/ol>\n<p>&nbsp;<\/p>\n<h2><span style=\"font-weight: 400;\">Lo que dicen los usuarios:<\/span><\/h2>\n<ul>\n<li style=\"font-weight: 400;\" aria-level=\"1\"><b>94%<\/b><span style=\"font-weight: 400;\"> de los usuarios consideraron que la espuma se aplicaba <\/span><b>uniformemente<\/b><span style=\"font-weight: 400;\"> y <\/span><b>sin rayas<\/b><span style=\"font-weight: 400;\">.<\/span><\/li>\n<li style=\"font-weight: 400;\" aria-level=\"1\"><b>91%<\/b><span style=\"font-weight: 400;\"> dicen que su piel est\u00e1 <\/span><b>instant\u00e1neamente m\u00e1s bronceada<\/b><span style=\"font-weight: 400;\">.<\/span><\/li>\n<li style=\"font-weight: 400;\" aria-level=\"1\"><b>88%<\/b><span style=\"font-weight: 400;\"> afirman que su <\/span><b>tez es m\u00e1s uniforme<\/b><span style=\"font-weight: 400;\"> y que el color se desarrolla de forma natural.<\/span><\/li>\n<li style=\"font-weight: 400;\" aria-level=\"1\"><b>76%<\/b><span style=\"font-weight: 400;\"> de los usuarios notan un <\/span><b>m\u00e1s oscuro<\/b><span style=\"font-weight: 400;\"> que su tono de piel natural tras la aplicaci\u00f3n.<\/span><\/li>\n<\/ul>\n<p>&nbsp;<\/p>\n<h2><span style=\"font-weight: 400;\">Los ingredientes que hacen la magia del Exfoliante Corporal BEACHFRONT:<\/span><\/h2>\n<ul>\n<li style=\"font-weight: 400;\" aria-level=\"1\"><b>Dihidroxiacetona (DHA)<\/b><span style=\"font-weight: 400;\"> A <\/span><b>compuesto derivado del az\u00facar<\/b><span style=\"font-weight: 400;\"> que estimula la producci\u00f3n de <\/span><b>melanoides<\/b><span style=\"font-weight: 400;\">creando un efecto <\/span><b>temporal<\/b><span style=\"font-weight: 400;\"> sin exposici\u00f3n al sol.<\/span><\/li>\n<li style=\"font-weight: 400;\" aria-level=\"1\"><b>Aceite de coco<\/b><span style=\"font-weight: 400;\"> : <\/span><b>Hidrata<\/b><span style=\"font-weight: 400;\"> y deja la piel <\/span><b>suave<\/b><span style=\"font-weight: 400;\"> y <\/span><b>flexible<\/b><span style=\"font-weight: 400;\">mientras <\/span><b>nutre<\/b><span style=\"font-weight: 400;\"> la piel desde el interior.<\/span><\/li>\n<li style=\"font-weight: 400;\" aria-level=\"1\"><b>Aceite de aguacate<\/b><span style=\"font-weight: 400;\"> : <\/span><b>Regenera<\/b><span style=\"font-weight: 400;\"> la piel y <\/span><b>protege<\/b><span style=\"font-weight: 400;\"> contra las agresiones externas, al tiempo que mejora su <\/span><b>luminosidad<\/b><span style=\"font-weight: 400;\"> luminosidad.<\/span><\/li>\n<li style=\"font-weight: 400;\" aria-level=\"1\"><b>Glicerina<\/b><span style=\"font-weight: 400;\"> : <\/span><b>Hidrata<\/b><span style=\"font-weight: 400;\"> y mantiene el equilibrio h\u00eddrico de la piel, dej\u00e1ndola <\/span><b>suave<\/b><span style=\"font-weight: 400;\"> y <\/span><b>piel radiante<\/b><span style=\"font-weight: 400;\">.<\/span><\/li>\n<li style=\"font-weight: 400;\" aria-level=\"1\"><b>Extracto de higo chumbo<\/b><span style=\"font-weight: 400;\"> : <\/span><b>Calma<\/b><span style=\"font-weight: 400;\"> y <\/span><b>hidrata<\/b><span style=\"font-weight: 400;\">a la vez que mejora<\/span><b>la elasticidad<\/b><span style=\"font-weight: 400;\"> la elasticidad de la piel y <\/span><b>aspecto m\u00e1s firme<\/b><span style=\"font-weight: 400;\">.<\/span><\/li>\n<li style=\"font-weight: 400;\" aria-level=\"1\"><b>Extracto de pomelo<\/b><span style=\"font-weight: 400;\"> : <\/span><b>Exfolia<\/b><span style=\"font-weight: 400;\"> suavemente <\/span><b>reduce<\/b><span style=\"font-weight: 400;\"> la apariencia de los poros y da a la piel una <\/span><b>textura<\/b><span style=\"font-weight: 400;\"> y <\/span><b>luminosa<\/b><span style=\"font-weight: 400;\">.<\/span><\/li>\n<\/ul>\n<p><span style=\"font-weight: 400;\">El bronceado perfecto te est\u00e1 esperando, as\u00ed que no dejes escapar esta oportunidad. <\/span><b>A\u00f1ade la espuma bronceadora a tu cesta<\/b><span style=\"font-weight: 400;\">\u00a1y empieza a brillar incluso antes de que salga el sol!<\/span><\/p>\n<p>&nbsp;<\/p>\n<h2><span style=\"font-weight: 400;\">FAQ : Mousse Batida Bronceadora BEACHFRONT<\/span><\/h2>\n<ol>\n<li><b>  \u00bfEn qu\u00e9 se diferencia esta espuma bronceadora de los autobronceadores tradicionales?<\/b><b><br \/>\n<\/b> <span style=\"font-weight: 400;\"> Esta espuma garantiza <\/span><b>bronce instant\u00e1neo<\/b><span style=\"font-weight: 400;\"> que se desarrolla en <\/span><b>24 horas<\/b><span style=\"font-weight: 400;\"> para una <\/span><b>una tez uniforme y luminosa<\/b><span style=\"font-weight: 400;\">. A diferencia de otros productos, es  <\/span><b>f\u00e1cil de aplicar<\/b><span style=\"font-weight: 400;\"> y <\/span><b>no deja residuos<\/b><span style=\"font-weight: 400;\">. Ella  <\/span><b>hidrata<\/b><span style=\"font-weight: 400;\"> y nutre la piel con ingredientes como el<\/span><b>aceite de coco<\/b><span style=\"font-weight: 400;\"> y<\/span><b>aguacate<\/b><span style=\"font-weight: 400;\">.<\/span><\/li>\n<li><b>  \u00bfPuedo utilizarlo si tengo la piel sensible?<\/b><b><br \/>\n<\/b> <span style=\"font-weight: 400;\"> S\u00ed, la <\/span><b>Mousse Bronceadora Batida BEACHFRONT<\/b><span style=\"font-weight: 400;\">  es ideal para todo tipo de pieles, incluidas las sensibles. Es   <\/span><b>formulado con ingredientes hidratantes<\/b><span style=\"font-weight: 400;\"> y <\/span><b>ingredientes nutritivos<\/b><span style=\"font-weight: 400;\">para garantizar un bronceado <\/span><b>bronceado natural<\/b><span style=\"font-weight: 400;\"> y <\/span><b>respetuoso<\/b><span style=\"font-weight: 400;\"> tu piel.<\/span><\/li>\n<li><b>  \u00bfEl bronceado es permanente?<\/b><b><br \/>\n<\/b><span style=\"font-weight: 400;\">  No, es temporal.  <\/span><b>El bronceado dura aproximadamente de 5 a 7 d\u00edas<\/b><span style=\"font-weight: 400;\">y puedes volver a aplicar la espuma para mantener el color. Es perfecto para quienes desean un bronceado r\u00e1pido sin el compromiso del sol. <\/span><\/li>\n<li><b>  \u00bfPuedo utilizar esta mousse sin el guante autobronceador?<\/b><b><br \/>\n<\/b> <span style=\"font-weight: 400;\"> Aunque puede utilizarse sin guante, para un resultado m\u00e1s <\/span><b>resultado m\u00e1s uniforme<\/b><span style=\"font-weight: 400;\">se recomienda utilizar el <\/span><b>guante autobronceador BEACHFRONT<\/b><span style=\"font-weight: 400;\">. Garantiza  <\/span><b>aplicaci\u00f3n suave<\/b><span style=\"font-weight: 400;\"> sin rayas, facilitando a\u00fan m\u00e1s el proceso.<\/span><\/li>\n<li><b>  \u00bfDeja esta espuma una fragancia desagradable en la piel?<\/b><b><br \/>\n<\/b> <span style=\"font-weight: 400;\"> No, tiene una <\/span><b>dulce fragancia de mel\u00f3n y vainilla<\/b><span style=\"font-weight: 400;\"> que es <\/span><b>muy agradable<\/b><span style=\"font-weight: 400;\">  y no deja sensaci\u00f3n de pesadez en la piel. Te dejar\u00e1 una sensaci\u00f3n de frescor y bienestar. <\/span><\/li>\n<\/ol>\n<p>&nbsp;<\/p>\n","protected":false},"excerpt":{"rendered":"<p><span style=\"font-weight: 400;\">El verano pasado quer\u00eda broncearme, pero no ten\u00eda tiempo ni energ\u00eda para pasarme horas al sol. Y con dos ni\u00f1os que cuidar, era imposible pasar el d\u00eda en la playa. Pero, como muchas mujeres, quer\u00eda ese bronceado fresco y bronceado. As\u00ed que recurr\u00ed a     <\/span><b>Mousse Bronceadora Batida BEACHFRONT<\/b><span style=\"font-weight: 400;\">.<\/span><\/p>\n","protected":false},"featured_media":8191,"comment_status":"open","ping_status":"closed","template":"","meta":{"_seopress_robots_primary_cat":"none","_seopress_titles_title":"","_seopress_titles_desc":"","_seopress_robots_index":"","site-sidebar-layout":"default","site-content-layout":"","ast-site-content-layout":"default","site-content-style":"default","site-sidebar-style":"default","ast-global-header-display":"","ast-banner-title-visibility":"","ast-main-header-display":"","ast-hfb-above-header-display":"","ast-hfb-below-header-display":"","ast-hfb-mobile-header-display":"","site-post-title":"","ast-breadcrumbs-content":"","ast-featured-img":"","footer-sml-layout":"","ast-disable-related-posts":"","theme-transparent-header-meta":"default","adv-header-id-meta":"","stick-header-meta":"","header-above-stick-meta":"","header-main-stick-meta":"","header-below-stick-meta":"","astra-migrate-meta-layouts":"default","ast-page-background-enabled":"default","ast-page-background-meta":{"desktop":{"background-color":"var(--ast-global-color-4)","background-image":"","background-repeat":"repeat","background-position":"center center","background-size":"auto","background-attachment":"scroll","background-type":"","background-media":"","overlay-type":"","overlay-color":"","overlay-opacity":"","overlay-gradient":""},"tablet":{"background-color":"","background-image":"","background-repeat":"repeat","background-position":"center center","background-size":"auto","background-attachment":"scroll","background-type":"","background-media":"","overlay-type":"","overlay-color":"","overlay-opacity":"","overlay-gradient":""},"mobile":{"background-color":"","background-image":"","background-repeat":"repeat","background-position":"center center","background-size":"auto","background-attachment":"scroll","background-type":"","background-media":"","overlay-type":"","overlay-color":"","overlay-opacity":"","overlay-gradient":""}},"ast-content-background-meta":{"desktop":{"background-color":"var(--ast-global-color-5)","background-image":"","background-repeat":"repeat","background-position":"center center","background-size":"auto","background-attachment":"scroll","background-type":"","background-media":"","overlay-type":"","overlay-color":"","overlay-opacity":"","overlay-gradient":""},"tablet":{"background-color":"var(--ast-global-color-5)","background-image":"","background-repeat":"repeat","background-position":"center center","background-size":"auto","background-attachment":"scroll","background-type":"","background-media":"","overlay-type":"","overlay-color":"","overlay-opacity":"","overlay-gradient":""},"mobile":{"background-color":"var(--ast-global-color-5)","background-image":"","background-repeat":"repeat","background-position":"center center","background-size":"auto","background-attachment":"scroll","background-type":"","background-media":"","overlay-type":"","overlay-color":"","overlay-opacity":"","overlay-gradient":""}}},"product_brand":[],"product_cat":[70],"product_tag":[],"class_list":{"0":"post-8193","1":"product","2":"type-product","3":"status-publish","4":"has-post-thumbnail","6":"product_cat-cuerpo","7":"desktop-align-left","8":"tablet-align-left","9":"mobile-align-left","11":"first","12":"instock","13":"sale","14":"shipping-taxable","15":"product-type-external"},"_links":{"self":[{"href":"https:\/\/youniquebyemilie.com\/es\/wp-json\/wp\/v2\/product\/8193","targetHints":{"allow":["GET"]}}],"collection":[{"href":"https:\/\/youniquebyemilie.com\/es\/wp-json\/wp\/v2\/product"}],"about":[{"href":"https:\/\/youniquebyemilie.com\/es\/wp-json\/wp\/v2\/types\/product"}],"replies":[{"embeddable":true,"href":"https:\/\/youniquebyemilie.com\/es\/wp-json\/wp\/v2\/comments?post=8193"}],"wp:featuredmedia":[{"embeddable":true,"href":"https:\/\/youniquebyemilie.com\/es\/wp-json\/wp\/v2\/media\/8191"}],"wp:attachment":[{"href":"https:\/\/youniquebyemilie.com\/es\/wp-json\/wp\/v2\/media?parent=8193"}],"wp:term":[{"taxonomy":"product_brand","embeddable":true,"href":"https:\/\/youniquebyemilie.com\/es\/wp-json\/wp\/v2\/product_brand?post=8193"},{"taxonomy":"product_cat","embeddable":true,"href":"https:\/\/youniquebyemilie.com\/es\/wp-json\/wp\/v2\/product_cat?post=8193"},{"taxonomy":"product_tag","embeddable":true,"href":"https:\/\/youniquebyemilie.com\/es\/wp-json\/wp\/v2\/product_tag?post=8193"}],"curies":[{"name":"wp","href":"https:\/\/api.w.org\/{rel}","templated":true}]}}