{"id":8210,"date":"2025-07-24T19:19:39","date_gmt":"2025-07-24T17:19:39","guid":{"rendered":"https:\/\/youniquebyemilie.com\/produit\/exfoliante-corporal-beachfront\/"},"modified":"2025-11-26T08:50:50","modified_gmt":"2025-11-26T07:50:50","slug":"exfoliante-corporal-beachfront","status":"publish","type":"product","link":"https:\/\/youniquebyemilie.com\/es\/produit\/exfoliante-corporal-beachfront\/","title":{"rendered":"Exfoliante corporal BEACHFRONT"},"content":{"rendered":"<p><span style=\"font-weight: 400;\">Recuerdo que una tarde ten\u00eda mucha prisa por prepararme para un fin de semana soleado. <\/span><b>fin de semana soleado<\/b><span style=\"font-weight: 400;\">pero nunca pude conseguir esa <\/span><b>piel suave<\/b><span style=\"font-weight: 400;\"> y <\/span><b>piel sin manchas<\/b><span style=\"font-weight: 400;\">  Estaba so\u00f1ando Entre el   <\/span><b>zonas secas<\/b><span style=\"font-weight: 400;\">\u00e1spero <\/span><b>codos \u00e1speros<\/b><span style=\"font-weight: 400;\">y que <\/span><b>tono de piel desigual<\/b><span style=\"font-weight: 400;\">Me frustraba. Prob\u00e9 todo tipo de productos, pero ninguno me daba los resultados que quer\u00eda. Entonces descubr\u00ed  <\/span> <b> exfoliante corporal BEACHFRONT<\/b><span style=\"font-weight: 400;\">.**<\/span><\/p>\n<p><span style=\"font-weight: 400;\">A <\/span><b>exfoliaci\u00f3n suave<\/b><span style=\"font-weight: 400;\">pero <\/span><b>eficaz<\/b><span style=\"font-weight: 400;\">limpieza profunda, <\/span><b>exfolia sin agredir<\/b><span style=\"font-weight: 400;\">y deja la piel <\/span><b>suave y lisa<\/b><span style=\"font-weight: 400;\">. <\/span><b>Desde el primer uso<\/b><span style=\"font-weight: 400;\">Not\u00e9 la diferencia. No s\u00f3lo me dej\u00f3 un   <\/span><b>una piel incre\u00edblemente suave<\/b><span style=\"font-weight: 400;\">pero tambi\u00e9n prepar\u00f3 mi piel para un <\/span><b>bronceado uniforme<\/b><span style=\"font-weight: 400;\">. <\/span><b>Desde entonces, forma parte de mi rutina<\/b><span style=\"font-weight: 400;\"> antes de cada aplicaci\u00f3n de autobronceador y, francamente, nunca me ha decepcionado.<\/span><\/p>\n<h2><span style=\"font-weight: 400;\">Por qu\u00e9 te encantar\u00e1:<\/span><\/h2>\n<ul>\n<li style=\"font-weight: 400;\" aria-level=\"1\"><b>Exfoliaci\u00f3n suave pero eficaz<\/b><span style=\"font-weight: 400;\"> Se <\/span><b>elimina las c\u00e9lulas muertas<\/b><span style=\"font-weight: 400;\"> y <\/span><b>nutre tu piel<\/b><span style=\"font-weight: 400;\">dejando tu piel <\/span><b>una piel lisa y suave<\/b><span style=\"font-weight: 400;\">ideal para un <\/span><b>bronceado perfecto<\/b><span style=\"font-weight: 400;\">.<\/span><\/li>\n<li style=\"font-weight: 400;\" aria-level=\"1\"><b>Hidrataci\u00f3n profunda<\/b><span style=\"font-weight: 400;\"> Hidrataci\u00f3n profunda <\/span><b>manteca de karit\u00e9<\/b><span style=\"font-weight: 400;\"> y<\/span><b>aceite de coco<\/b><span style=\"font-weight: 400;\"> hidratan tu piel, d\u00e1ndole <\/span><b>flexible<\/b><span style=\"font-weight: 400;\"> y <\/span><b>nutrida<\/b><span style=\"font-weight: 400;\">.<\/span><\/li>\n<li style=\"font-weight: 400;\" aria-level=\"1\"><b>Resplandor y vitalidad<\/b><span style=\"font-weight: 400;\"> Se <\/span><b>revitaliza tu piel<\/b><span style=\"font-weight: 400;\">mejora tu <\/span><b>cutis<\/b><span style=\"font-weight: 400;\"> y prepara tu piel para un <\/span><b>bronce luminoso<\/b><span style=\"font-weight: 400;\">.<\/span><\/li>\n<li style=\"font-weight: 400;\" aria-level=\"1\"><b>Prepara tu piel para el bronceado<\/b><span style=\"font-weight: 400;\"> Hace que tu piel <\/span><b>uniforme y suave<\/b><span style=\"font-weight: 400;\">para un bronceado m\u00e1s uniforme y duradero <\/span><b>bronceado m\u00e1s uniforme y duradero<\/b><span style=\"font-weight: 400;\">.<\/span><\/li>\n<li style=\"font-weight: 400;\" aria-level=\"1\"><b>Una fragancia irresistible<\/b><span style=\"font-weight: 400;\"> : L&#8217;<\/span><b>aroma de mel\u00f3n y vainilla<\/b><span style=\"font-weight: 400;\"> te proporciona una <\/span><b>experiencia relajante<\/b><span style=\"font-weight: 400;\"> en la ducha.<\/span><\/li>\n<\/ul>\n<p>&nbsp;<\/p>\n<h2><span style=\"font-weight: 400;\">C\u00f3mo utilizarlo :<\/span><\/h2>\n<ol>\n<li style=\"font-weight: 400;\" aria-level=\"1\"><span style=\"font-weight: 400;\">Aplica una cantidad generosa de exfoliante sobre la piel limpia y h\u00fameda. <\/span><b>piel h\u00fameda<\/b><span style=\"font-weight: 400;\">. C\u00e9ntrate en zonas secas como  <\/span><b>codos<\/b><span style=\"font-weight: 400;\"> y <\/span><b>rodillas<\/b><span style=\"font-weight: 400;\">.<\/span><\/li>\n<li style=\"font-weight: 400;\" aria-level=\"1\"><span style=\"font-weight: 400;\">Frota con <\/span><b>movimientos circulares<\/b><span style=\"font-weight: 400;\"> para activar la exfoliaci\u00f3n y <\/span><b>revela una piel lisa y suave<\/b><span style=\"font-weight: 400;\">.<\/span><\/li>\n<li style=\"font-weight: 400;\" aria-level=\"1\"><span style=\"font-weight: 400;\">Aclara con agua tibia y seca tu piel dando <\/span><b>palmaditas en<\/b><span style=\"font-weight: 400;\"> ligeramente.<\/span><\/li>\n<\/ol>\n<p><b>Consejo<\/b><span style=\"font-weight: 400;\"> Para un bronceado perfecto, util\u00edzalo antes de aplicar el <\/span><b>guante bronceador BEACHFRONT<\/b><span style=\"font-weight: 400;\"> y la <\/span><b>espuma autobronceadora BEACHFRONT<\/b><span style=\"font-weight: 400;\">.<\/span><\/p>\n<p>&nbsp;<\/p>\n<h2><span style=\"font-weight: 400;\">Los ingredientes que hacen la magia del Exfoliante Corporal BEACHFRONT:<\/span><\/h2>\n<ul>\n<li style=\"font-weight: 400;\" aria-level=\"1\"><b>Sacarosa<\/b><span style=\"font-weight: 400;\"> Un exfoliante natural que <\/span><b>suavemente<\/b><span style=\"font-weight: 400;\"> las c\u00e9lulas muertas para <\/span><b>revelar<\/b><span style=\"font-weight: 400;\"> suave y tersa <\/span><b>suave y lisa<\/b><span style=\"font-weight: 400;\">.<\/span><\/li>\n<li style=\"font-weight: 400;\" aria-level=\"1\"><b>Manteca de karit\u00e9<\/b><span style=\"font-weight: 400;\"> Nutre e hidrata profundamente la piel, dej\u00e1ndola <\/span><b>flexible<\/b><span style=\"font-weight: 400;\"> y <\/span><b>reparada<\/b><span style=\"font-weight: 400;\">.<\/span><\/li>\n<li style=\"font-weight: 400;\" aria-level=\"1\"><b>Extracto de mel\u00f3n<\/b><span style=\"font-weight: 400;\"> Rico en <\/span><b>antioxidantes<\/b><span style=\"font-weight: 400;\">es <\/span><b>revitaliza<\/b><span style=\"font-weight: 400;\"> y <\/span><b>ilumina<\/b><span style=\"font-weight: 400;\"> la tez, d\u00e1ndole un resplandor natural.<\/span><\/li>\n<li style=\"font-weight: 400;\" aria-level=\"1\"><b>Extracto de pomelo<\/b><span style=\"font-weight: 400;\"> Ayuda a <\/span><b>afinar<\/b><span style=\"font-weight: 400;\"> textura de la piel y <\/span><b>reducir<\/b><span style=\"font-weight: 400;\"> la apariencia de los poros para una <\/span><b>piel m\u00e1s clara<\/b><span style=\"font-weight: 400;\">.<\/span><\/li>\n<li style=\"font-weight: 400;\" aria-level=\"1\"><b>Extracto de higo chumbo<\/b><span style=\"font-weight: 400;\"> Calma e <\/span><b>hidrata la piel<\/b><span style=\"font-weight: 400;\"> la piel, manteniendo su <\/span><b>elasticidad<\/b><span style=\"font-weight: 400;\">.<\/span><\/li>\n<li style=\"font-weight: 400;\" aria-level=\"1\"><b>Extracto de vainilla<\/b><span style=\"font-weight: 400;\"> Un antioxidante que <\/span><b>protege<\/b><span style=\"font-weight: 400;\"> la piel a la vez que proporciona una <\/span><b>sensaci\u00f3n agradable<\/b><span style=\"font-weight: 400;\"> y una <\/span><b>suave fragancia<\/b><span style=\"font-weight: 400;\">.<\/span><\/li>\n<\/ul>\n<p>&nbsp;<\/p>\n<h2><span style=\"font-weight: 400;\">Lo que dicen los usuarios:<\/span><\/h2>\n<ul>\n<li style=\"font-weight: 400;\" aria-level=\"1\"><b>94%<\/b><span style=\"font-weight: 400;\"> de los usuarios dicen que este exfoliante deja su piel <\/span><b>m\u00e1s suave<\/b><span style=\"font-weight: 400;\"> y <\/span><b>m\u00e1s suave<\/b><span style=\"font-weight: 400;\"> despu\u00e9s de la aplicaci\u00f3n.*<\/span><\/li>\n<li style=\"font-weight: 400;\" aria-level=\"1\"><b>91%<\/b><span style=\"font-weight: 400;\"> de los usuarios consideran que su piel est\u00e1 <\/span><b>hidratada<\/b><span style=\"font-weight: 400;\"> tras su uso.*<\/span><\/li>\n<li style=\"font-weight: 400;\" aria-level=\"1\"><b>85%<\/b><span style=\"font-weight: 400;\"> notaron una <\/span><b>reducci\u00f3n de la aspereza<\/b><span style=\"font-weight: 400;\"> de su piel, incluso en las zonas m\u00e1s secas.*<\/span><\/li>\n<li style=\"font-weight: 400;\" aria-level=\"1\"><b>76%<\/b><span style=\"font-weight: 400;\"> los usuarios encuentran que su tez <\/span><b>un tono de piel m\u00e1s uniforme<\/b><span style=\"font-weight: 400;\"> y <\/span><b>m\u00e1s radiante<\/b><span style=\"font-weight: 400;\">.<\/span><\/li>\n<\/ul>\n<p><span style=\"font-weight: 400;\">Nada que perder, todo que ganar. <\/span><b>A\u00f1ade este exfoliante a tu cesta<\/b><span style=\"font-weight: 400;\">y dale a tu piel un nuevo soplo de vida, para que puedas brillar sin esfuerzo.<\/span><\/p>\n<p>&nbsp;<\/p>\n","protected":false},"excerpt":{"rendered":"<p><span style=\"font-weight: 400;\">Recuerdo que una tarde ten\u00eda mucha prisa por prepararme para un fin de semana soleado. <\/span><b>fin de semana soleado<\/b><span style=\"font-weight: 400;\">pero nunca pude conseguir esa <\/span><b>piel suave<\/b><span style=\"font-weight: 400;\"> y <\/span><b>piel sin manchas<\/b><span style=\"font-weight: 400;\">  Estaba so\u00f1ando Entre el   <\/span><b>zonas secas<\/b><span style=\"font-weight: 400;\">\u00e1spero <\/span><b>codos \u00e1speros<\/b><span style=\"font-weight: 400;\">y que <\/span><b>tono de piel desigual<\/b><span style=\"font-weight: 400;\">Me frustraba. Prob\u00e9 todo tipo de productos, pero ninguno me daba los resultados que quer\u00eda. Entonces descubr\u00ed  <\/span> <b> exfoliante corporal BEACHFRONT<\/b><span style=\"font-weight: 400;\">.**<\/span><\/p>\n","protected":false},"featured_media":8208,"comment_status":"open","ping_status":"closed","template":"","meta":{"_seopress_robots_primary_cat":"none","_seopress_titles_title":"","_seopress_titles_desc":"","_seopress_robots_index":"","site-sidebar-layout":"default","site-content-layout":"","ast-site-content-layout":"default","site-content-style":"default","site-sidebar-style":"default","ast-global-header-display":"","ast-banner-title-visibility":"","ast-main-header-display":"","ast-hfb-above-header-display":"","ast-hfb-below-header-display":"","ast-hfb-mobile-header-display":"","site-post-title":"","ast-breadcrumbs-content":"","ast-featured-img":"","footer-sml-layout":"","ast-disable-related-posts":"","theme-transparent-header-meta":"default","adv-header-id-meta":"","stick-header-meta":"","header-above-stick-meta":"","header-main-stick-meta":"","header-below-stick-meta":"","astra-migrate-meta-layouts":"default","ast-page-background-enabled":"default","ast-page-background-meta":{"desktop":{"background-color":"var(--ast-global-color-4)","background-image":"","background-repeat":"repeat","background-position":"center center","background-size":"auto","background-attachment":"scroll","background-type":"","background-media":"","overlay-type":"","overlay-color":"","overlay-opacity":"","overlay-gradient":""},"tablet":{"background-color":"","background-image":"","background-repeat":"repeat","background-position":"center center","background-size":"auto","background-attachment":"scroll","background-type":"","background-media":"","overlay-type":"","overlay-color":"","overlay-opacity":"","overlay-gradient":""},"mobile":{"background-color":"","background-image":"","background-repeat":"repeat","background-position":"center center","background-size":"auto","background-attachment":"scroll","background-type":"","background-media":"","overlay-type":"","overlay-color":"","overlay-opacity":"","overlay-gradient":""}},"ast-content-background-meta":{"desktop":{"background-color":"var(--ast-global-color-5)","background-image":"","background-repeat":"repeat","background-position":"center center","background-size":"auto","background-attachment":"scroll","background-type":"","background-media":"","overlay-type":"","overlay-color":"","overlay-opacity":"","overlay-gradient":""},"tablet":{"background-color":"var(--ast-global-color-5)","background-image":"","background-repeat":"repeat","background-position":"center center","background-size":"auto","background-attachment":"scroll","background-type":"","background-media":"","overlay-type":"","overlay-color":"","overlay-opacity":"","overlay-gradient":""},"mobile":{"background-color":"var(--ast-global-color-5)","background-image":"","background-repeat":"repeat","background-position":"center center","background-size":"auto","background-attachment":"scroll","background-type":"","background-media":"","overlay-type":"","overlay-color":"","overlay-opacity":"","overlay-gradient":""}}},"product_brand":[],"product_cat":[70],"product_tag":[],"class_list":{"0":"post-8210","1":"product","2":"type-product","3":"status-publish","4":"has-post-thumbnail","6":"product_cat-cuerpo","7":"desktop-align-left","8":"tablet-align-left","9":"mobile-align-left","11":"first","12":"instock","13":"sale","14":"shipping-taxable","15":"product-type-external"},"_links":{"self":[{"href":"https:\/\/youniquebyemilie.com\/es\/wp-json\/wp\/v2\/product\/8210","targetHints":{"allow":["GET"]}}],"collection":[{"href":"https:\/\/youniquebyemilie.com\/es\/wp-json\/wp\/v2\/product"}],"about":[{"href":"https:\/\/youniquebyemilie.com\/es\/wp-json\/wp\/v2\/types\/product"}],"replies":[{"embeddable":true,"href":"https:\/\/youniquebyemilie.com\/es\/wp-json\/wp\/v2\/comments?post=8210"}],"wp:featuredmedia":[{"embeddable":true,"href":"https:\/\/youniquebyemilie.com\/es\/wp-json\/wp\/v2\/media\/8208"}],"wp:attachment":[{"href":"https:\/\/youniquebyemilie.com\/es\/wp-json\/wp\/v2\/media?parent=8210"}],"wp:term":[{"taxonomy":"product_brand","embeddable":true,"href":"https:\/\/youniquebyemilie.com\/es\/wp-json\/wp\/v2\/product_brand?post=8210"},{"taxonomy":"product_cat","embeddable":true,"href":"https:\/\/youniquebyemilie.com\/es\/wp-json\/wp\/v2\/product_cat?post=8210"},{"taxonomy":"product_tag","embeddable":true,"href":"https:\/\/youniquebyemilie.com\/es\/wp-json\/wp\/v2\/product_tag?post=8210"}],"curies":[{"name":"wp","href":"https:\/\/api.w.org\/{rel}","templated":true}]}}