{"id":8502,"date":"2025-07-24T08:48:33","date_gmt":"2025-07-24T06:48:33","guid":{"rendered":"https:\/\/youniquebyemilie.com\/produit\/pestanas-magneticas-moodstruck\/"},"modified":"2025-11-26T08:53:10","modified_gmt":"2025-11-26T07:53:10","slug":"pestanas-magneticas-moodstruck","status":"publish","type":"product","link":"https:\/\/youniquebyemilie.com\/es\/produit\/pestanas-magneticas-moodstruck\/","title":{"rendered":"Pesta\u00f1as magn\u00e9ticas MOODSTRUCK"},"content":{"rendered":"<p><span style=\"font-weight: 400;\">\u00bfQuieres unas pesta\u00f1as de ensue\u00f1o, f\u00e1ciles de aplicar y s\u00faper c\u00f3modas de llevar? Al principio era un poco esc\u00e9ptica, pero las   <\/span><b>Pesta\u00f1as postizas magn\u00e9ticas MOODSTRUCK<\/b><span style=\"font-weight: 400;\">  me ha hecho la vida m\u00e1s f\u00e1cil. Hecho de   <\/span><b>fibras de seda vegana<\/b><span style=\"font-weight: 400;\"> superligeras, te dan un <\/span><b>un aspecto natural<\/b><span style=\"font-weight: 400;\"> o <\/span><b>look ultra glamuroso<\/b><span style=\"font-weight: 400;\">sin pegarse ni da\u00f1ar tus pesta\u00f1as reales.<\/span><\/p>\n<p><span style=\"font-weight: 400;\">Con sus <\/span><b>10 miniimanes<\/b><span style=\"font-weight: 400;\"> (s\u00ed, el doble que las pesta\u00f1as magn\u00e9ticas convencionales), estas pesta\u00f1as magn\u00e9ticas reutilizables <\/span><b>pesta\u00f1as magn\u00e9ticas<\/b><span style=\"font-weight: 400;\">  Se adhieren perfectamente al delineador magn\u00e9tico MOODSTRUCK. Sujetan <\/span><b>  hasta 10 horas<\/b><span style=\"font-weight: 400;\">*incluso cuando est\u00e1 mojado. \u00bfY lo mejor? Son ajustables, modulares y f\u00e1ciles de cortar para adaptarlos a la forma \u00fanica de tus ojos.  <\/span><\/p>\n<h2><span style=\"font-weight: 400;\">Por qu\u00e9 te encantar\u00e1n tus nuevas pesta\u00f1as MOODSTRUCK<\/span><\/h2>\n<ul>\n<li style=\"font-weight: 400;\" aria-level=\"1\"><b>Sujeci\u00f3n duradera y comodidad \u00f3ptima<\/b><span style=\"font-weight: 400;\"> Una fijaci\u00f3n s\u00f3lida que no pesa ni estorba, para un d\u00eda sin preocupaciones.<\/span><\/li>\n<li style=\"font-weight: 400;\" aria-level=\"1\"><b>Dos estilos que se adaptan a cada estado de \u00e1nimo<\/b><span style=\"font-weight: 400;\"> :<\/span><span style=\"font-weight: 400;\"><br \/>\n<\/span><\/p>\n<ul>\n<li style=\"font-weight: 400;\" aria-level=\"2\"><i><br \/>\n  <span style=\"font-weight: 400;\">Favorece<\/span><br \/>\n<\/i><span style=\"font-weight: 400;\"> Un look suave y natural, perfecto para todos los d\u00edas.<\/span><\/li>\n<li style=\"font-weight: 400;\" aria-level=\"2\"><i><br \/>\n  <span style=\"font-weight: 400;\">Inspirador<\/span><br \/>\n<\/i><span style=\"font-weight: 400;\"> El glamour de Hollywood sin exageraciones.<\/span><\/li>\n<\/ul>\n<\/li>\n<li style=\"font-weight: 400;\" aria-level=\"1\"><b>Tira transparente ultradiscreta<\/b><span style=\"font-weight: 400;\"> se funde perfectamente con todo tu maquillaje para un aspecto supernatural.<\/span><\/li>\n<li style=\"font-weight: 400;\" aria-level=\"1\"><b>10 minianclajes magn\u00e9ticos<\/b><span style=\"font-weight: 400;\"> para reforzar la sujeci\u00f3n sin riesgo de deslizamiento.<\/span><\/li>\n<li style=\"font-weight: 400;\" aria-level=\"1\"><b>Estuche acr\u00edlico magn\u00e9tico<\/b><span style=\"font-weight: 400;\"> s\u00faper pr\u00e1ctico para mantener tus pesta\u00f1as con el mejor aspecto, est\u00e9s donde est\u00e9s.<\/span><\/li>\n<\/ul>\n<h2><span style=\"font-weight: 400;\">C\u00f3mo aplicar tus pesta\u00f1as magn\u00e9ticas MOODSTRUCK como un profesional<\/span><\/h2>\n<ol>\n<li style=\"font-weight: 400;\" aria-level=\"1\"><span style=\"font-weight: 400;\">Dobla suavemente la banda de tus pesta\u00f1as postizas para adaptarla a la forma de tus ojos. \u00bfDemasiado largas? C\u00f3rtalas a ras del siguiente im\u00e1n.  <\/span><\/li>\n<li style=\"font-weight: 400;\" aria-level=\"1\"><span style=\"font-weight: 400;\">Riza tus pesta\u00f1as naturales para conseguir un efecto a\u00fan m\u00e1s impactante.<\/span><\/li>\n<li style=\"font-weight: 400;\" aria-level=\"1\"><span style=\"font-weight: 400;\">Aplica<\/span><b> delineador magn\u00e9tico MOODSTRUCK<\/b><span style=\"font-weight: 400;\"> en la base de las pesta\u00f1as y deja secar <\/span><b>secar durante 2-3 minutos<\/b><span style=\"font-weight: 400;\">. <\/span> <\/li>\n<\/ol>\n<p><b>Consejo de un amigo :<\/b><span style=\"font-weight: 400;\"> mant\u00e9n los ojos cerrados mientras te secas para evitar las rayas.<\/span><\/p>\n<p>&nbsp;<\/p>\n<ol>\n<li style=\"font-weight: 400;\" aria-level=\"1\"><span style=\"font-weight: 400;\">Aplica un poco de m\u00e1scara de pesta\u00f1as si quieres m\u00e1s volumen.<\/span><\/li>\n<li style=\"font-weight: 400;\" aria-level=\"1\"><span style=\"font-weight: 400;\">Con el aplicador YOUNIQUE, aplica primero la pesta\u00f1a en el \u00e1ngulo interno y desl\u00edzala hacia el exterior, manteni\u00e9ndola a ras de la l\u00ednea de las pesta\u00f1as.  <\/span><b>M\u00edrate en el espejo, \u00a1ayuda mucho!<\/b><\/li>\n<li style=\"font-weight: 400;\" aria-level=\"1\"><span style=\"font-weight: 400;\">Presiona suavemente entre la pesta\u00f1a postiza y tu pesta\u00f1a natural con la parte curva del aplicador para fijarlas.<\/span><\/li>\n<li style=\"font-weight: 400;\" aria-level=\"1\"><span style=\"font-weight: 400;\">Peina y difumina con el lado del pincel del aplicador para un acabado ultranatural.<\/span><\/li>\n<li style=\"font-weight: 400;\" aria-level=\"1\"><span style=\"font-weight: 400;\">Para una fijaci\u00f3n m\u00e1s fuerte, a\u00f1ade los anclajes magn\u00e9ticos suministrados debajo de tus pesta\u00f1as naturales para garantizar una fijaci\u00f3n duradera sin que resbalen.<\/span><\/li>\n<li style=\"font-weight: 400;\" aria-level=\"1\"><span style=\"font-weight: 400;\">Para quitarla, tira suavemente de la banda por la esquina exterior, sin forzar.<\/span><\/li>\n<\/ol>\n<h3><span style=\"font-weight: 400;\">C\u00f3mo cuidar tus pesta\u00f1as magn\u00e9ticas MOODSTRUCK para que duren<\/span><\/h3>\n<ul>\n<li style=\"font-weight: 400;\" aria-level=\"1\"><span style=\"font-weight: 400;\">L\u00edmpialos despu\u00e9s de cada uso con un <\/span><b>bastoncillo de algod\u00f3n empapado<\/b><span style=\"font-weight: 400;\"> desmaquillante sin aceite para eliminar el maquillaje.<\/span><\/li>\n<li style=\"font-weight: 400;\" aria-level=\"1\"><span style=\"font-weight: 400;\">Desinfecta <\/span><b>el <\/b><span style=\"font-weight: 400;\">y <\/span><b>imanes <\/b><span style=\"font-weight: 400;\">con un <\/span><b>bastoncillo de algod\u00f3n<\/b><span style=\"font-weight: 400;\"> y<\/span><b> alcohol al 90<\/b><span style=\"font-weight: 400;\"> para eliminar las bacterias.<\/span><\/li>\n<li style=\"font-weight: 400;\" aria-level=\"1\"><span style=\"font-weight: 400;\">D\u00e9jalas secar al aire, p\u00e9inalas con el aplicador y gu\u00e1rdalas en su estuche acr\u00edlico para que conserven su forma.<\/span><\/li>\n<li style=\"font-weight: 400;\" aria-level=\"1\"><span style=\"font-weight: 400;\">No los expongas a la luz solar directa para preservar su calidad.<\/span><\/li>\n<\/ul>\n<h2><span style=\"font-weight: 400;\">Los peque\u00f1os extras que marcan la diferencia MOODSTRUCK<\/span><\/h2>\n<ul>\n<li style=\"font-weight: 400;\" aria-level=\"1\"><span style=\"font-weight: 400;\">Fabricado con <\/span><b>65% seda vegana (tereftalato de polibutileno), 25% nailon<\/b><span style=\"font-weight: 400;\">y <\/span><b>10% imanes de neodimio<\/b><span style=\"font-weight: 400;\"> imanes de neodimio ultrapotentes, estas pesta\u00f1as son ligeras, fuertes y conservan su forma incluso en condiciones extremas.<\/span><\/li>\n<li style=\"font-weight: 400;\" aria-level=\"1\"><span style=\"font-weight: 400;\">Tecnolog\u00eda dise\u00f1ada para adaptarse a <\/span><b>todas las formas y tama\u00f1os de ojos<\/b><span style=\"font-weight: 400;\">.<\/span><\/li>\n<li style=\"font-weight: 400;\" aria-level=\"1\"><span style=\"font-weight: 400;\">R\u00e1pido y f\u00e1cil de aplicar, incluso para principiantes.<\/span><\/li>\n<li style=\"font-weight: 400;\" aria-level=\"1\"><b>Para el 94% de los usuarios son f\u00e1ciles de quitar tras 10 horas de uso.<\/b><\/li>\n<li style=\"font-weight: 400;\" aria-level=\"1\"><b>El 91% dice que aguantan perfectamente incluso en condiciones de humedad.<\/b><\/li>\n<\/ul>\n<p>&nbsp;<\/p>\n<p><span style=\"font-weight: 400;\">Olv\u00eddate de las molestias de las pesta\u00f1as postizas convencionales y adopta la sencillez y comodidad de las pesta\u00f1as magn\u00e9ticas MOODSTRUCK. Tu rutina de belleza se convertir\u00e1 en un aut\u00e9ntico placer, r\u00e1pido, sin estr\u00e9s y siempre impecable. S\u00f3lo tienes que hacer clic, pedirlas y \u00a1prepararte para atraer todas las miradas!    <\/span><\/p>\n<h2><span style=\"font-weight: 400;\">FAQ: Todo lo que necesitas saber sobre tus pesta\u00f1as magn\u00e9ticas MOODSTRUCK<\/span><\/h2>\n<ol>\n<li> <b> \u00bfCon qu\u00e9 frecuencia puedo usar mis pesta\u00f1as magn\u00e9ticas?<\/b><b>\n<p><\/b><span style=\"font-weight: 400;\"> Con los cuidados adecuados, puedes usarlas hasta<\/span><b> 20 \u00f3 30 veces<\/b><span style=\"font-weight: 400;\">lo que las hace realmente econ\u00f3micas en comparaci\u00f3n con las pesta\u00f1as postizas convencionales.<\/span><\/li>\n<li><b>  \u00bfEl delineador magn\u00e9tico MOODSTRUCK es f\u00e1cil de quitar?<\/b><b><br \/>\n<\/b><span style=\"font-weight: 400;\">  S\u00ed, se puede eliminar como un delineador cl\u00e1sico, con un desmaquillante suave sin aceite, sin da\u00f1ar tu piel ni tus pesta\u00f1as.<\/span><\/li>\n<li><b>  \u00bfPuedo poner m\u00e1scara encima de las pesta\u00f1as magn\u00e9ticas MOODSTRUCK?<\/b><b><br \/>\n<\/b><span style=\"font-weight: 400;\">  Puedes, pero no es necesario: ya tienen un gran volumen natural. Si quieres m\u00e1s intensidad, basta con un poco de m\u00e1scara de pesta\u00f1as transparente. <\/span><\/li>\n<li><b>  \u00bfQu\u00e9 debo hacer si un im\u00e1n se desprende o pierde su fuerza?<\/b><b><br \/>\n<\/b><span style=\"font-weight: 400;\">  Ponte en contacto con el servicio de atenci\u00f3n al cliente de YOUNIQUE, que podr\u00e1 ayudarte con un recambio o aconsejarte sobre c\u00f3mo prolongar su vida \u00fatil.<\/span><\/li>\n<li><b>  \u00bfPueden combinarse los estilos Inspirar y Animar para conseguir un efecto mixto?<\/b><b><br \/>\n<\/b><span style=\"font-weight: 400;\">  \u00a1Claro que puedes! Puedes jugar con los estilos seg\u00fan tu estado de \u00e1nimo, mezclando pesta\u00f1as para conseguir un look \u00fanico y personalizado. <\/span><\/li>\n<\/ol>\n<p><span style=\"font-weight: 400;\">Simplifica tu vida, ahorra tiempo y consigue una mirada intensa, vers\u00e1til y siempre impecable con las pesta\u00f1as magn\u00e9ticas MOODSTRUCK. \u00a1P\u00eddelas ahora y convi\u00e9rtete en una profesional de los ojos sin complicaciones! <\/span><\/p>\n","protected":false},"excerpt":{"rendered":"<p><span style=\"font-weight: 400;\">\u00bfQuieres unas pesta\u00f1as de ensue\u00f1o, f\u00e1ciles de aplicar y s\u00faper c\u00f3modas de llevar? Al principio era un poco esc\u00e9ptica, pero las   <\/span><b>Pesta\u00f1as postizas magn\u00e9ticas MOODSTRUCK<\/b><span style=\"font-weight: 400;\">  me ha hecho la vida m\u00e1s f\u00e1cil. Hecho de   <\/span><b>fibras de seda vegana<\/b><span style=\"font-weight: 400;\"> superligeras, te dan un <\/span><b>un aspecto natural<\/b><span style=\"font-weight: 400;\"> o <\/span><b>look ultra glamuroso<\/b><span style=\"font-weight: 400;\">sin pegarse ni da\u00f1ar tus pesta\u00f1as reales.<\/span><\/p>\n<p><span style=\"font-weight: 400;\">Con sus <\/span><b>10 miniimanes<\/b><span style=\"font-weight: 400;\"> (s\u00ed, el doble que las pesta\u00f1as magn\u00e9ticas convencionales), estas pesta\u00f1as magn\u00e9ticas reutilizables <\/span><b>pesta\u00f1as magn\u00e9ticas<\/b><span style=\"font-weight: 400;\">  Se adhieren perfectamente al delineador magn\u00e9tico MOODSTRUCK. Sujetan <\/span><b>  hasta 10 horas<\/b><span style=\"font-weight: 400;\">*incluso cuando est\u00e1 mojado. \u00bfY lo mejor? Son ajustables, modulares y f\u00e1ciles de cortar para adaptarlos a la forma \u00fanica de tus ojos.  <\/span><\/p>\n","protected":false},"featured_media":8500,"comment_status":"open","ping_status":"closed","template":"","meta":{"_seopress_robots_primary_cat":"none","_seopress_titles_title":"","_seopress_titles_desc":"","_seopress_robots_index":"","site-sidebar-layout":"default","site-content-layout":"","ast-site-content-layout":"default","site-content-style":"default","site-sidebar-style":"default","ast-global-header-display":"","ast-banner-title-visibility":"","ast-main-header-display":"","ast-hfb-above-header-display":"","ast-hfb-below-header-display":"","ast-hfb-mobile-header-display":"","site-post-title":"","ast-breadcrumbs-content":"","ast-featured-img":"","footer-sml-layout":"","ast-disable-related-posts":"","theme-transparent-header-meta":"default","adv-header-id-meta":"","stick-header-meta":"","header-above-stick-meta":"","header-main-stick-meta":"","header-below-stick-meta":"","astra-migrate-meta-layouts":"default","ast-page-background-enabled":"default","ast-page-background-meta":{"desktop":{"background-color":"var(--ast-global-color-4)","background-image":"","background-repeat":"repeat","background-position":"center center","background-size":"auto","background-attachment":"scroll","background-type":"","background-media":"","overlay-type":"","overlay-color":"","overlay-opacity":"","overlay-gradient":""},"tablet":{"background-color":"","background-image":"","background-repeat":"repeat","background-position":"center center","background-size":"auto","background-attachment":"scroll","background-type":"","background-media":"","overlay-type":"","overlay-color":"","overlay-opacity":"","overlay-gradient":""},"mobile":{"background-color":"","background-image":"","background-repeat":"repeat","background-position":"center center","background-size":"auto","background-attachment":"scroll","background-type":"","background-media":"","overlay-type":"","overlay-color":"","overlay-opacity":"","overlay-gradient":""}},"ast-content-background-meta":{"desktop":{"background-color":"var(--ast-global-color-5)","background-image":"","background-repeat":"repeat","background-position":"center center","background-size":"auto","background-attachment":"scroll","background-type":"","background-media":"","overlay-type":"","overlay-color":"","overlay-opacity":"","overlay-gradient":""},"tablet":{"background-color":"var(--ast-global-color-5)","background-image":"","background-repeat":"repeat","background-position":"center center","background-size":"auto","background-attachment":"scroll","background-type":"","background-media":"","overlay-type":"","overlay-color":"","overlay-opacity":"","overlay-gradient":""},"mobile":{"background-color":"var(--ast-global-color-5)","background-image":"","background-repeat":"repeat","background-position":"center center","background-size":"auto","background-attachment":"scroll","background-type":"","background-media":"","overlay-type":"","overlay-color":"","overlay-opacity":"","overlay-gradient":""}}},"product_brand":[],"product_cat":[62],"product_tag":[],"class_list":{"0":"post-8502","1":"product","2":"type-product","3":"status-publish","4":"has-post-thumbnail","6":"product_cat-ojos","7":"desktop-align-left","8":"tablet-align-left","9":"mobile-align-left","11":"first","12":"instock","13":"sale","14":"shipping-taxable","15":"product-type-external"},"_links":{"self":[{"href":"https:\/\/youniquebyemilie.com\/es\/wp-json\/wp\/v2\/product\/8502","targetHints":{"allow":["GET"]}}],"collection":[{"href":"https:\/\/youniquebyemilie.com\/es\/wp-json\/wp\/v2\/product"}],"about":[{"href":"https:\/\/youniquebyemilie.com\/es\/wp-json\/wp\/v2\/types\/product"}],"replies":[{"embeddable":true,"href":"https:\/\/youniquebyemilie.com\/es\/wp-json\/wp\/v2\/comments?post=8502"}],"wp:featuredmedia":[{"embeddable":true,"href":"https:\/\/youniquebyemilie.com\/es\/wp-json\/wp\/v2\/media\/8500"}],"wp:attachment":[{"href":"https:\/\/youniquebyemilie.com\/es\/wp-json\/wp\/v2\/media?parent=8502"}],"wp:term":[{"taxonomy":"product_brand","embeddable":true,"href":"https:\/\/youniquebyemilie.com\/es\/wp-json\/wp\/v2\/product_brand?post=8502"},{"taxonomy":"product_cat","embeddable":true,"href":"https:\/\/youniquebyemilie.com\/es\/wp-json\/wp\/v2\/product_cat?post=8502"},{"taxonomy":"product_tag","embeddable":true,"href":"https:\/\/youniquebyemilie.com\/es\/wp-json\/wp\/v2\/product_tag?post=8502"}],"curies":[{"name":"wp","href":"https:\/\/api.w.org\/{rel}","templated":true}]}}