{"id":9074,"date":"2025-07-26T20:32:14","date_gmt":"2025-07-26T18:32:14","guid":{"rendered":"https:\/\/youniquebyemilie.com\/produit\/you-ology-crema-contorno-de-ojos\/"},"modified":"2025-11-26T08:49:11","modified_gmt":"2025-11-26T07:49:11","slug":"you-ology-crema-contorno-de-ojos","status":"publish","type":"product","link":"https:\/\/youniquebyemilie.com\/es\/produit\/you-ology-crema-contorno-de-ojos\/","title":{"rendered":"Crema contorno de ojos YOU OLOGY"},"content":{"rendered":"<p><span style=\"font-weight: 400;\">\u00bfConoces esos momentos en que tus ojos dicen mucho de lo cansada que est\u00e1s, con ojeras que te hacen parecer mayor de lo que realmente eres? A m\u00ed me pasaba lo mismo, hasta que conoc\u00ed el   <\/span><b>YOU-OLOGY Crema Contorno de Ojos. <\/b><span style=\"font-weight: 400;\">Lo apliqu\u00e9<\/span><b> por la ma\u00f1ana y por la noche, <\/b> <span style=\"font-weight: 400;\">y en s\u00f3lo unos d\u00edas, mis ojos parec\u00edan completamente distintos. Mis ojeras se han atenuado, y la piel del contorno de mis ojos se ha vuelto m\u00e1s firme, tersa y luminosa. Si quieres unos ojos frescos y descansados en pocas semanas, \u00a1esta crema es imprescindible!  <\/span><\/p>\n<p>&nbsp;<\/p>\n<h2><span style=\"font-weight: 400;\">Por qu\u00e9 te encantar\u00e1:<\/span><\/h2>\n<ul>\n<li style=\"font-weight: 400;\" aria-level=\"1\"><b>Reduce las ojeras y las l\u00edneas de expresi\u00f3n<\/b><span style=\"font-weight: 400;\"> En s\u00f3lo 4 semanas <\/span><b>80%<\/b><span style=\"font-weight: 400;\">  los usuarios informaron de una reducci\u00f3n visible de las ojeras y las l\u00edneas de expresi\u00f3n. \u00a1T\u00fa tambi\u00e9n puedes decir adi\u00f3s a estos signos de fatiga! <\/span><\/li>\n<li style=\"font-weight: 400;\" aria-level=\"1\"><b>Tus ojos se vuelven luminosos<\/b><span style=\"font-weight: 400;\"> : <\/span><b>83% <\/b> <span style=\"font-weight: 400;\">los usuarios han visto c\u00f3mo sus ojos se iluminaban y su piel se volv\u00eda m\u00e1s radiante. Imag\u00ednate con unos ojos frescos y radiantes todo el d\u00eda. <\/span><\/li>\n<li style=\"font-weight: 400;\" aria-level=\"1\"><b>Hidrata y reafirma tu piel<\/b><span style=\"font-weight: 400;\">  Tu piel alrededor de los ojos se sentir\u00e1 m\u00e1s firme, suave e hidratada. Notar\u00e1s la diferencia, y te encantar\u00e1 la sensaci\u00f3n de confort que te proporciona esta crema. <\/span><\/li>\n<li style=\"font-weight: 400;\" aria-level=\"1\"><b>Probado y aprobado por muchos<\/b><span style=\"font-weight: 400;\"> :<\/span><b> 94%<\/b><span style=\"font-weight: 400;\">  de las usuarias encuentran la crema suave y agradable de aplicar, sin irritaci\u00f3n. \u00a1Es hora de dar a tus ojos el cuidado que se merecen! <\/span><\/li>\n<\/ul>\n<p>&nbsp;<\/p>\n<h2><span style=\"font-weight: 400;\">Los ingredientes m\u00e1gicos para unos ojos frescos y descansados:<\/span><\/h2>\n<ul>\n<li style=\"font-weight: 400;\" aria-level=\"1\"><b>Cafe\u00edna<\/b><span style=\"font-weight: 400;\"> Estimula la circulaci\u00f3n y reduce las ojeras para unos ojos m\u00e1s frescos y din\u00e1micos.<\/span><\/li>\n<li style=\"font-weight: 400;\" aria-level=\"1\"><b>Niacinamida<\/b><span style=\"font-weight: 400;\"> Calma la piel y ayuda a reducir el enrojecimiento, al tiempo que proporciona una hidrataci\u00f3n extra.<\/span><\/li>\n<li style=\"font-weight: 400;\" aria-level=\"1\"><b>P\u00e9ptidos<\/b><span style=\"font-weight: 400;\"> Estimulan la renovaci\u00f3n celular, alisan y rejuvenecen tu piel.<\/span><\/li>\n<li style=\"font-weight: 400;\" aria-level=\"1\"><b>Extracto de camomila<\/b><span style=\"font-weight: 400;\"> Alivia y reduce la inflamaci\u00f3n para unos ojos calmados y tranquilos.<\/span><\/li>\n<li style=\"font-weight: 400;\" aria-level=\"1\"><b>Escualeno<\/b><span style=\"font-weight: 400;\"> Hidrata intensamente y repara tu piel para un confort duradero.<\/span><\/li>\n<\/ul>\n<h2><span style=\"font-weight: 400;\">C\u00f3mo utilizarlo f\u00e1cilmente :<\/span><\/h2>\n<ol>\n<li style=\"font-weight: 400;\" aria-level=\"1\"><span style=\"font-weight: 400;\">Coge una peque\u00f1a cantidad de crema (del tama\u00f1o de un guisante).<\/span><\/li>\n<li style=\"font-weight: 400;\" aria-level=\"1\"><span style=\"font-weight: 400;\">Coloca la crema bajo los ojos y masajea suavemente con movimientos circulares.<\/span><\/li>\n<li style=\"font-weight: 400;\" aria-level=\"1\"><span style=\"font-weight: 400;\">Deja que la crema penetre hasta su total absorci\u00f3n para conseguir un efecto revitalizante.<\/span><\/li>\n<li style=\"font-weight: 400;\" aria-level=\"1\"><span style=\"font-weight: 400;\">Para obtener los m\u00e1ximos resultados, apl\u00edcalo por la ma\u00f1ana y por la noche, \u00a1como hago yo todos los d\u00edas!<\/span><\/li>\n<\/ol>\n<p>&nbsp;<\/p>\n<p><span style=\"font-weight: 400;\">\u00bfTienes un aspecto cansado que te delata cada ma\u00f1ana? No dejes que los signos de fatiga se apoderen de tu luminosidad natural. Visita    <\/span><b>YOU-OLOGY Crema Contorno de Ojos  <\/b><span style=\"font-weight: 400;\">ha cambiado mi rutina y s\u00e9 que tambi\u00e9n puede transformar tu mirada. \u00a1A\u00f1\u00e1delo a tu cesta y dale a tus ojos la luminosidad y juventud que se merecen! <\/span><\/p>\n<p>&nbsp;<\/p>\n","protected":false},"excerpt":{"rendered":"<p><span style=\"font-weight: 400;\">\u00bfConoces esos momentos en que tus ojos dicen mucho de lo cansada que est\u00e1s, con ojeras que te hacen parecer mayor de lo que realmente eres? A m\u00ed me pasaba lo mismo, hasta que conoc\u00ed el   <\/span><b>YOU-OLOGY Crema Contorno de Ojos. <\/b><span style=\"font-weight: 400;\">Lo apliqu\u00e9<\/span><b> por la ma\u00f1ana y por la noche, <\/b> <span style=\"font-weight: 400;\">y en s\u00f3lo unos d\u00edas, mis ojos parec\u00edan completamente distintos. Mis ojeras se han atenuado, y la piel del contorno de mis ojos se ha vuelto m\u00e1s firme, tersa y luminosa. Si quieres unos ojos frescos y descansados en pocas semanas, \u00a1esta crema es imprescindible!  <\/span><\/p>\n","protected":false},"featured_media":8330,"comment_status":"open","ping_status":"closed","template":"","meta":{"_seopress_robots_primary_cat":"none","_seopress_titles_title":"","_seopress_titles_desc":"","_seopress_robots_index":"","site-sidebar-layout":"default","site-content-layout":"","ast-site-content-layout":"default","site-content-style":"default","site-sidebar-style":"default","ast-global-header-display":"","ast-banner-title-visibility":"","ast-main-header-display":"","ast-hfb-above-header-display":"","ast-hfb-below-header-display":"","ast-hfb-mobile-header-display":"","site-post-title":"","ast-breadcrumbs-content":"","ast-featured-img":"","footer-sml-layout":"","ast-disable-related-posts":"","theme-transparent-header-meta":"default","adv-header-id-meta":"","stick-header-meta":"","header-above-stick-meta":"","header-main-stick-meta":"","header-below-stick-meta":"","astra-migrate-meta-layouts":"default","ast-page-background-enabled":"default","ast-page-background-meta":{"desktop":{"background-color":"var(--ast-global-color-4)","background-image":"","background-repeat":"repeat","background-position":"center center","background-size":"auto","background-attachment":"scroll","background-type":"","background-media":"","overlay-type":"","overlay-color":"","overlay-opacity":"","overlay-gradient":""},"tablet":{"background-color":"","background-image":"","background-repeat":"repeat","background-position":"center center","background-size":"auto","background-attachment":"scroll","background-type":"","background-media":"","overlay-type":"","overlay-color":"","overlay-opacity":"","overlay-gradient":""},"mobile":{"background-color":"","background-image":"","background-repeat":"repeat","background-position":"center center","background-size":"auto","background-attachment":"scroll","background-type":"","background-media":"","overlay-type":"","overlay-color":"","overlay-opacity":"","overlay-gradient":""}},"ast-content-background-meta":{"desktop":{"background-color":"var(--ast-global-color-5)","background-image":"","background-repeat":"repeat","background-position":"center center","background-size":"auto","background-attachment":"scroll","background-type":"","background-media":"","overlay-type":"","overlay-color":"","overlay-opacity":"","overlay-gradient":""},"tablet":{"background-color":"var(--ast-global-color-5)","background-image":"","background-repeat":"repeat","background-position":"center center","background-size":"auto","background-attachment":"scroll","background-type":"","background-media":"","overlay-type":"","overlay-color":"","overlay-opacity":"","overlay-gradient":""},"mobile":{"background-color":"var(--ast-global-color-5)","background-image":"","background-repeat":"repeat","background-position":"center center","background-size":"auto","background-attachment":"scroll","background-type":"","background-media":"","overlay-type":"","overlay-color":"","overlay-opacity":"","overlay-gradient":""}}},"product_brand":[],"product_cat":[72],"product_tag":[],"class_list":{"0":"post-9074","1":"product","2":"type-product","3":"status-publish","4":"has-post-thumbnail","6":"product_cat-piel","7":"desktop-align-left","8":"tablet-align-left","9":"mobile-align-left","11":"first","12":"instock","13":"sale","14":"shipping-taxable","15":"product-type-external"},"_links":{"self":[{"href":"https:\/\/youniquebyemilie.com\/es\/wp-json\/wp\/v2\/product\/9074","targetHints":{"allow":["GET"]}}],"collection":[{"href":"https:\/\/youniquebyemilie.com\/es\/wp-json\/wp\/v2\/product"}],"about":[{"href":"https:\/\/youniquebyemilie.com\/es\/wp-json\/wp\/v2\/types\/product"}],"replies":[{"embeddable":true,"href":"https:\/\/youniquebyemilie.com\/es\/wp-json\/wp\/v2\/comments?post=9074"}],"wp:featuredmedia":[{"embeddable":true,"href":"https:\/\/youniquebyemilie.com\/es\/wp-json\/wp\/v2\/media\/8330"}],"wp:attachment":[{"href":"https:\/\/youniquebyemilie.com\/es\/wp-json\/wp\/v2\/media?parent=9074"}],"wp:term":[{"taxonomy":"product_brand","embeddable":true,"href":"https:\/\/youniquebyemilie.com\/es\/wp-json\/wp\/v2\/product_brand?post=9074"},{"taxonomy":"product_cat","embeddable":true,"href":"https:\/\/youniquebyemilie.com\/es\/wp-json\/wp\/v2\/product_cat?post=9074"},{"taxonomy":"product_tag","embeddable":true,"href":"https:\/\/youniquebyemilie.com\/es\/wp-json\/wp\/v2\/product_tag?post=9074"}],"curies":[{"name":"wp","href":"https:\/\/api.w.org\/{rel}","templated":true}]}}