{"id":9080,"date":"2025-07-24T20:37:19","date_gmt":"2025-07-24T18:37:19","guid":{"rendered":"https:\/\/youniquebyemilie.com\/produit\/balsamo-limpiador-you-ology\/"},"modified":"2025-11-26T08:50:22","modified_gmt":"2025-11-26T07:50:22","slug":"balsamo-limpiador-you-ology","status":"publish","type":"product","link":"https:\/\/youniquebyemilie.com\/es\/produit\/balsamo-limpiador-you-ology\/","title":{"rendered":"B\u00e1lsamo limpiador YOU OLOGY"},"content":{"rendered":"<p><span style=\"font-weight: 400;\">\u00bfSabes esas tardes en las que s\u00f3lo quieres relajarte y mimarte despu\u00e9s de un d\u00eda ajetreado? Visita   <\/span><b>YOU-OLOGY b\u00e1lsamo limpiador<\/b><span style=\"font-weight: 400;\">  es mi aliado perfecto para esto. Este b\u00e1lsamo cremoso, que se transforma en un gel suave al contacto con tu piel, elimina   <\/span><b>f\u00e1cilmente<\/b><span style=\"font-weight: 400;\"> todos los restos de maquillaje, incluido el resistente al agua, y nutre tu piel.<\/span><\/p>\n<p><span style=\"font-weight: 400;\">Su <\/span><b>f\u00f3rmula ultrasuave<\/b><span style=\"font-weight: 400;\">enriquecida con aceites vegetales como<\/span><b>aceite de pepitas de uva<\/b><span style=\"font-weight: 400;\"> y<\/span><b>aceite de oliva<\/b><span style=\"font-weight: 400;\">cuida de tu guisante. \u00bfY lo mejor? Es adecuado para    <\/span><b>todo tipo de piel<\/b><span style=\"font-weight: 400;\">incluso las m\u00e1s secas, y <\/span><b>no hace espuma<\/b><span style=\"font-weight: 400;\">. En<\/span><b>t el primer paso perfecto<\/b><span style=\"font-weight: 400;\">o una <\/span><b>limpieza profunda<\/b><span style=\"font-weight: 400;\">especialmente si quieres integrar una <\/span><b>rutina de doble limpieza<\/b><span style=\"font-weight: 400;\"> en tu rutina nocturna.<\/span><\/p>\n<p>&nbsp;<\/p>\n<h2><span style=\"font-weight: 400;\">Por qu\u00e9 te encantar\u00e1 este b\u00e1lsamo limpiador:<\/span><\/h2>\n<ul>\n<li style=\"font-weight: 400;\" aria-level=\"1\"><b>Limpieza eficaz<\/b><span style=\"font-weight: 400;\"> Elimina incluso <\/span><b>incluso el maquillaje resistente al agua<\/b><span style=\"font-weight: 400;\"> sin esfuerzo.<\/span><\/li>\n<li style=\"font-weight: 400;\" aria-level=\"1\"><b>Hidrata y nutre<\/b><span style=\"font-weight: 400;\"> Formulado con aceites vegetales, hidrata <\/span><b>hidrata<\/b><span style=\"font-weight: 400;\"> y <\/span><b>nutre<\/b><span style=\"font-weight: 400;\"> y nutre tu piel.<\/span><\/li>\n<li style=\"font-weight: 400;\" aria-level=\"1\"><b>Sensaci\u00f3n de suavidad<\/b><span style=\"font-weight: 400;\"> Deja tu piel <\/span><b>m\u00e1s suave<\/b><span style=\"font-weight: 400;\"> y <\/span><b>fresca<\/b><span style=\"font-weight: 400;\">sin tirantez.<\/span><\/li>\n<li style=\"font-weight: 400;\" aria-level=\"1\"><b>F\u00e1cil de usar<\/b><span style=\"font-weight: 400;\"> Apl\u00edcalo f\u00e1cilmente sobre <\/span><b>piel seca<\/b><span style=\"font-weight: 400;\"> y se aclara sin esfuerzo.<\/span><\/li>\n<li style=\"font-weight: 400;\" aria-level=\"1\"><b>Rutina r\u00e1pida<\/b><span style=\"font-weight: 400;\"> Ideal para una doble limpieza, prepara tu piel para recibir los <\/span><b>siguientes tratamientos<\/b><span style=\"font-weight: 400;\">.<\/span><\/li>\n<\/ul>\n<p>&nbsp;<\/p>\n<h2><span style=\"font-weight: 400;\">C\u00f3mo utilizarlo f\u00e1cilmente :<\/span><\/h2>\n<ol>\n<li style=\"font-weight: 400;\" aria-level=\"1\"><b>Coge una peque\u00f1a cantidad<\/b><span style=\"font-weight: 400;\"> de b\u00e1lsamo limpiador y apl\u00edcalo directamente sobre el rostro seco.<\/span><\/li>\n<li style=\"font-weight: 400;\" aria-level=\"1\"><b>Masajea suavemente<\/b><span style=\"font-weight: 400;\"> para que el b\u00e1lsamo se funda y elimine todo tu maquillaje, incluso el resistente al agua.<\/span><\/li>\n<li style=\"font-weight: 400;\" aria-level=\"1\"><b>Aclara<\/b><span style=\"font-weight: 400;\"> con agua tibia o un pa\u00f1o h\u00famedo para un desmaquillado perfecto.<\/span><\/li>\n<li style=\"font-weight: 400;\" aria-level=\"1\"><b>Completa<\/b><span style=\"font-weight: 400;\"> con tu limpiador YOU-OLOGY para una piel perfectamente limpia y lista para recibir los siguientes tratamientos.<\/span><\/li>\n<\/ol>\n<p>&nbsp;<\/p>\n<h2><span style=\"font-weight: 400;\">Ingredientes que cuidan tu piel:<\/span><\/h2>\n<ul>\n<li style=\"font-weight: 400;\" aria-level=\"1\"><b>Aceite de pepitas de uva<\/b><span style=\"font-weight: 400;\"> Hidrata y nutre tu piel, dej\u00e1ndola suave y radiante.<\/span><\/li>\n<li style=\"font-weight: 400;\" aria-level=\"1\"><b>Aceite de oliva<\/b><span style=\"font-weight: 400;\"> Suaviza y protege la piel manteni\u00e9ndola hidratada.<\/span><\/li>\n<li style=\"font-weight: 400;\" aria-level=\"1\"><b>Aceite de girasol<\/b><span style=\"font-weight: 400;\"> Rico en antioxidantes, ayuda a reparar y calmar la piel.<\/span><\/li>\n<li style=\"font-weight: 400;\" aria-level=\"1\"><b>Aceite de moringa<\/b><span style=\"font-weight: 400;\"> Un poderoso <\/span><b>nutritivo<\/b><span style=\"font-weight: 400;\"> para una tez radiante y revitalizada.<\/span><\/li>\n<\/ul>\n<p>&nbsp;<\/p>\n<h2><span style=\"font-weight: 400;\">Por qu\u00e9 no te lo puedes perder:<\/span><\/h2>\n<p><span style=\"font-weight: 400;\">Si quieres una <\/span><b>limpieza<\/b><span style=\"font-weight: 400;\"> eficaz y <\/span><b>suave<\/b><span style=\"font-weight: 400;\"> garantizada, el <\/span><b>YOU-OLOGY b\u00e1lsamo limpiador<\/b><span style=\"font-weight: 400;\">  est\u00e1 hecho para ti. \u00c9l   <\/span><b>desmaquilla<\/b><span style=\"font-weight: 400;\"> suavemente mientras <\/span><b>nutre<\/b><span style=\"font-weight: 400;\"> y prepara tu rostro para el <\/span><b>cuidado de la piel<\/b><span style=\"font-weight: 400;\"> de la piel. <\/span><b>Un aut\u00e9ntico favorito<\/b><span style=\"font-weight: 400;\"> para todo tipo de pieles que necesitan una <\/span><b>limpieza suave<\/b><span style=\"font-weight: 400;\"> sin comprometer su eficacia.<\/span><\/p>\n<p><span style=\"font-weight: 400;\">\u00a1Ponlo en tu cesta y mima tu piel con la luminosidad que se merece!<\/span><\/p>\n<p>&nbsp;<\/p>\n","protected":false},"excerpt":{"rendered":"<p><span style=\"font-weight: 400;\">\u00bfSabes esas tardes en las que s\u00f3lo quieres relajarte y mimarte despu\u00e9s de un d\u00eda ajetreado? Visita   <\/span><b>YOU-OLOGY b\u00e1lsamo limpiador<\/b><span style=\"font-weight: 400;\">  es mi aliado perfecto para esto. Este b\u00e1lsamo cremoso, que se transforma en un gel suave al contacto con tu piel, elimina   <\/span><b>f\u00e1cilmente<\/b><span style=\"font-weight: 400;\"> todos los restos de maquillaje, incluido el resistente al agua, y nutre tu piel.<\/span><\/p>\n<p><span style=\"font-weight: 400;\">Su <\/span><b>f\u00f3rmula ultrasuave<\/b><span style=\"font-weight: 400;\">enriquecida con aceites vegetales como<\/span><b>aceite de pepitas de uva<\/b><span style=\"font-weight: 400;\"> y<\/span><b>aceite de oliva<\/b><span style=\"font-weight: 400;\">cuida de tu guisante. \u00bfY lo mejor? Es adecuado para    <\/span><b>todo tipo de piel<\/b><span style=\"font-weight: 400;\">incluso las m\u00e1s secas, y <\/span><b>no hace espuma<\/b><span style=\"font-weight: 400;\">. En<\/span><b>t el primer paso perfecto<\/b><span style=\"font-weight: 400;\">o una <\/span><b>limpieza profunda<\/b><span style=\"font-weight: 400;\">especialmente si quieres integrar una <\/span><b>rutina de doble limpieza<\/b><span style=\"font-weight: 400;\"> en tu rutina nocturna.<\/span><\/p>\n","protected":false},"featured_media":8361,"comment_status":"open","ping_status":"closed","template":"","meta":{"_seopress_robots_primary_cat":"none","_seopress_titles_title":"","_seopress_titles_desc":"","_seopress_robots_index":"","site-sidebar-layout":"default","site-content-layout":"","ast-site-content-layout":"default","site-content-style":"default","site-sidebar-style":"default","ast-global-header-display":"","ast-banner-title-visibility":"","ast-main-header-display":"","ast-hfb-above-header-display":"","ast-hfb-below-header-display":"","ast-hfb-mobile-header-display":"","site-post-title":"","ast-breadcrumbs-content":"","ast-featured-img":"","footer-sml-layout":"","ast-disable-related-posts":"","theme-transparent-header-meta":"default","adv-header-id-meta":"","stick-header-meta":"","header-above-stick-meta":"","header-main-stick-meta":"","header-below-stick-meta":"","astra-migrate-meta-layouts":"default","ast-page-background-enabled":"default","ast-page-background-meta":{"desktop":{"background-color":"var(--ast-global-color-4)","background-image":"","background-repeat":"repeat","background-position":"center center","background-size":"auto","background-attachment":"scroll","background-type":"","background-media":"","overlay-type":"","overlay-color":"","overlay-opacity":"","overlay-gradient":""},"tablet":{"background-color":"","background-image":"","background-repeat":"repeat","background-position":"center center","background-size":"auto","background-attachment":"scroll","background-type":"","background-media":"","overlay-type":"","overlay-color":"","overlay-opacity":"","overlay-gradient":""},"mobile":{"background-color":"","background-image":"","background-repeat":"repeat","background-position":"center center","background-size":"auto","background-attachment":"scroll","background-type":"","background-media":"","overlay-type":"","overlay-color":"","overlay-opacity":"","overlay-gradient":""}},"ast-content-background-meta":{"desktop":{"background-color":"var(--ast-global-color-5)","background-image":"","background-repeat":"repeat","background-position":"center center","background-size":"auto","background-attachment":"scroll","background-type":"","background-media":"","overlay-type":"","overlay-color":"","overlay-opacity":"","overlay-gradient":""},"tablet":{"background-color":"var(--ast-global-color-5)","background-image":"","background-repeat":"repeat","background-position":"center center","background-size":"auto","background-attachment":"scroll","background-type":"","background-media":"","overlay-type":"","overlay-color":"","overlay-opacity":"","overlay-gradient":""},"mobile":{"background-color":"var(--ast-global-color-5)","background-image":"","background-repeat":"repeat","background-position":"center center","background-size":"auto","background-attachment":"scroll","background-type":"","background-media":"","overlay-type":"","overlay-color":"","overlay-opacity":"","overlay-gradient":""}}},"product_brand":[],"product_cat":[72],"product_tag":[],"class_list":{"0":"post-9080","1":"product","2":"type-product","3":"status-publish","4":"has-post-thumbnail","6":"product_cat-piel","7":"desktop-align-left","8":"tablet-align-left","9":"mobile-align-left","11":"first","12":"instock","13":"sale","14":"shipping-taxable","15":"product-type-external"},"_links":{"self":[{"href":"https:\/\/youniquebyemilie.com\/es\/wp-json\/wp\/v2\/product\/9080","targetHints":{"allow":["GET"]}}],"collection":[{"href":"https:\/\/youniquebyemilie.com\/es\/wp-json\/wp\/v2\/product"}],"about":[{"href":"https:\/\/youniquebyemilie.com\/es\/wp-json\/wp\/v2\/types\/product"}],"replies":[{"embeddable":true,"href":"https:\/\/youniquebyemilie.com\/es\/wp-json\/wp\/v2\/comments?post=9080"}],"wp:featuredmedia":[{"embeddable":true,"href":"https:\/\/youniquebyemilie.com\/es\/wp-json\/wp\/v2\/media\/8361"}],"wp:attachment":[{"href":"https:\/\/youniquebyemilie.com\/es\/wp-json\/wp\/v2\/media?parent=9080"}],"wp:term":[{"taxonomy":"product_brand","embeddable":true,"href":"https:\/\/youniquebyemilie.com\/es\/wp-json\/wp\/v2\/product_brand?post=9080"},{"taxonomy":"product_cat","embeddable":true,"href":"https:\/\/youniquebyemilie.com\/es\/wp-json\/wp\/v2\/product_cat?post=9080"},{"taxonomy":"product_tag","embeddable":true,"href":"https:\/\/youniquebyemilie.com\/es\/wp-json\/wp\/v2\/product_tag?post=9080"}],"curies":[{"name":"wp","href":"https:\/\/api.w.org\/{rel}","templated":true}]}}