{"id":9083,"date":"2025-07-24T20:29:36","date_gmt":"2025-07-24T18:29:36","guid":{"rendered":"https:\/\/youniquebyemilie.com\/produit\/crema-contorno-de-ojos-you-niversal\/"},"modified":"2025-11-26T08:50:25","modified_gmt":"2025-11-26T07:50:25","slug":"crema-contorno-de-ojos-you-niversal","status":"publish","type":"product","link":"https:\/\/youniquebyemilie.com\/es\/produit\/crema-contorno-de-ojos-you-niversal\/","title":{"rendered":"Crema contorno de ojos YOU-NIVERSAL"},"content":{"rendered":"<p><span style=\"font-weight: 400;\">\u00bfCansada de esas ojeras y bolsas que te hacen parecer m\u00e1s cansada de lo que realmente est\u00e1s? Esa era tambi\u00e9n mi rutina diaria, antes de descubrir <\/span><b>  Crema Contorno de Ojos YOU-NIVERSAL.<\/b><span style=\"font-weight: 400;\">  Mis ojos parec\u00edan completamente distintos tras unos pocos d\u00edas de uso. Esta crema va conmigo a todas partes, porque no s\u00f3lo trata los signos de fatiga.  Ella<\/span> <b> hidr\u00e1tate<\/b><span style=\"font-weight: 400;\">,<\/span><b> reafirma<\/b><span style=\"font-weight: 400;\">y<\/span><b> ilumina al instante<\/b><span style=\"font-weight: 400;\">  la piel de debajo de los ojos. Gracias a su   <\/span><b>aplicador cer\u00e1mico<\/b><span style=\"font-weight: 400;\">El aplicador de cer\u00e1mica convierte la aplicaci\u00f3n en un momento de relajaci\u00f3n, frescor y cuidados intensivos.<\/span><\/p>\n<h2><span style=\"font-weight: 400;\">Por qu\u00e9 te encantar\u00e1:<\/span><\/h2>\n<ul>\n<li style=\"font-weight: 400;\" aria-level=\"1\"><b>Reducci\u00f3n visible de las ojeras y las l\u00edneas de expresi\u00f3n<\/b><span style=\"font-weight: 400;\">  Tras 4 semanas de uso, el 85% de los usuarios declararon una piel m\u00e1s firme. En pocas semanas, dir\u00e1s adi\u00f3s a los signos de fatiga. <\/span>&nbsp;<\/li>\n<li style=\"font-weight: 400;\" aria-level=\"1\"><b>Ojos m\u00e1s brillantes<\/b><span style=\"font-weight: 400;\">  El 83% de los usuarios vieron que sus ojos se iluminaban tras 4 semanas de uso. \u00a1Tu piel de debajo de los ojos recuperar\u00e1 su luminosidad natural! <\/span>&nbsp;<\/li>\n<li style=\"font-weight: 400;\" aria-level=\"1\"><b>Hidratante y reafirmante<\/b><span style=\"font-weight: 400;\">  La piel de debajo de los ojos no s\u00f3lo estar\u00e1 m\u00e1s firme, sino tambi\u00e9n incre\u00edblemente suave y bien hidratada. La sensaci\u00f3n de confort es inmediata y duradera. <\/span>&nbsp;<\/li>\n<li style=\"font-weight: 400;\" aria-level=\"1\"><b>F\u00f3rmula suave y agradable<\/b><span style=\"font-weight: 400;\">  El 94% de los usuarios consideran que esta crema es agradable de usar, sin irritaciones. Tu piel queda mimada con cada aplicaci\u00f3n. <\/span>&nbsp;<\/li>\n<\/ul>\n<h2><span style=\"font-weight: 400;\">Los ingredientes secretos para unos ojos m\u00e1s frescos y j\u00f3venes:<\/span><\/h2>\n<ul>\n<li style=\"font-weight: 400;\" aria-level=\"1\"><b>Extracto de ginseng<\/b><span style=\"font-weight: 400;\"> Estimula la circulaci\u00f3n para unos ojos m\u00e1s frescos y tonificados, llenos de vida.<\/span>&nbsp;<\/li>\n<li style=\"font-weight: 400;\" aria-level=\"1\"><b>Niacinamida<\/b><span style=\"font-weight: 400;\"> Calma la piel e hidrata en profundidad, para una piel m\u00e1s lisa y uniforme alrededor de los ojos.<\/span>&nbsp;<\/li>\n<li style=\"font-weight: 400;\" aria-level=\"1\"><b>Haloxyl<\/b><span style=\"font-weight: 400;\"> Ayuda a reducir la apariencia de las ojeras y las bolsas para un aspecto m\u00e1s descansado.<\/span>&nbsp;<\/li>\n<li style=\"font-weight: 400;\" aria-level=\"1\"><b>Vitamina C<\/b><span style=\"font-weight: 400;\"> Ilumina la piel y reduce los signos visibles de fatiga para una piel m\u00e1s luminosa y tonificada.<\/span>&nbsp;<\/li>\n<\/ul>\n<h2><span style=\"font-weight: 400;\">C\u00f3mo utilizarlo f\u00e1cilmente :<\/span><\/h2>\n<ol>\n<li style=\"font-weight: 400;\" aria-level=\"1\"><b>Aplica<\/b><span style=\"font-weight: 400;\"> una peque\u00f1a cantidad de crema (del tama\u00f1o de un guisante) bajo los ojos utilizando el aplicador cer\u00e1mico.<\/span>&nbsp;<\/li>\n<li style=\"font-weight: 400;\" aria-level=\"1\"><b>Masajea<\/b><span style=\"font-weight: 400;\"> la crema suavemente con movimientos circulares para mejorar la absorci\u00f3n y estimular la circulaci\u00f3n.<\/span>&nbsp;<\/li>\n<li style=\"font-weight: 400;\" aria-level=\"1\"><b>Repite<\/b><span style=\"font-weight: 400;\">  por la ma\u00f1ana y por la noche para obtener resultados visibles y duraderos. Para una frescura m\u00e1xima, \u00a1conserva la crema en un lugar fresco! <\/span>&nbsp;<\/li>\n<\/ol>\n<p><span style=\"font-weight: 400;\">Quieres un <\/span><b>un aspecto fresco y radiante <\/b> <span style=\"font-weight: 400;\">sin tener que preocuparte por las ojeras? La Crema Contorno de Ojos YOU-NIVERSAL es el secreto que estabas esperando. \u00a1Di adi\u00f3s a los signos de cansancio y deja paso a unos ojos frescos, descansados y luminosos!  <\/span><\/p>\n<p><span style=\"font-weight: 400;\">Haz que tus ojos brillen, \u00a1a\u00f1\u00e1delo ahora a tu cesta y disfruta de labios y ojos sublimados!<\/span><\/p>\n<p>&nbsp;<\/p>\n<h2><span style=\"font-weight: 400;\">FAQ : CREMA CONTORNO DE OJOS YOU-NIVERSAL<\/span><\/h2>\n<ol>\n<li style=\"font-weight: 400;\" aria-level=\"1\"><b>\u00bfLa Crema Contorno de Ojos YOU-NIVERSAL es adecuada para todo tipo de pieles?<\/b><b><br \/>\n<\/b><span style=\"font-weight: 400;\">  S\u00ed, esta crema est\u00e1 formulada para adaptarse a todo tipo de pieles, incluso a las m\u00e1s sensibles. Est\u00e1 dermatol\u00f3gicamente probada y no contiene fragancias sint\u00e9ticas, por lo que es ideal para pieles delicadas. <\/span>&nbsp;<\/li>\n<li style=\"font-weight: 400;\" aria-level=\"1\"><b>\u00bfPuedo utilizar la Crema Contorno de Ojos YOU-NIVERSAL si llevo lentillas?<\/b><b><br \/>\n<\/b><span style=\"font-weight: 400;\">  S\u00ed, esta crema es perfectamente adecuada para los usuarios de lentes de contacto. Su f\u00f3rmula suave y calmante no irritar\u00e1 tus ojos ni interferir\u00e1 con tus lentillas. <\/span>&nbsp;<\/li>\n<li style=\"font-weight: 400;\" aria-level=\"1\"><b>\u00bfCu\u00e1ndo puedo empezar a ver resultados con la Crema Contorno de Ojos YOU-NIVERSAL?<\/b><b><br \/>\n<\/b><span style=\"font-weight: 400;\">  Seg\u00fan un estudio independiente, la mayor\u00eda de los usuarios notan resultados visibles tras 4 semanas de uso regular. Las ojeras y las l\u00edneas de expresi\u00f3n empiezan a desvanecerse, y los ojos parecen m\u00e1s brillantes y descansados. <\/span>&nbsp;<\/li>\n<li style=\"font-weight: 400;\" aria-level=\"1\"><b>\u00bfPuedo utilizar la crema durante el d\u00eda debajo del maquillaje?<\/b><b><br \/>\n<\/b><span style=\"font-weight: 400;\">  \u00a1Por supuesto! La Crema Contorno de Ojos YOU-NIVERSAL no es grasa y se difumina bien bajo el maquillaje. Hidrata y prepara la piel para una aplicaci\u00f3n m\u00e1s suave del maquillaje, sin dejar una pel\u00edcula grasa.  <\/span>&nbsp;<\/li>\n<li style=\"font-weight: 400;\" aria-level=\"1\"><b>\u00bfSe puede utilizar la Crema Contorno de Ojos YOU-NIVERSAL en otras zonas del rostro?<\/b><b><br \/>\n<\/b><span style=\"font-weight: 400;\">  Esta crema est\u00e1 dise\u00f1ada espec\u00edficamente para el contorno de los ojos, pero su f\u00f3rmula suave tambi\u00e9n puede utilizarse en las l\u00edneas finas del contorno de la boca si es necesario.<\/span>&nbsp;<\/li>\n<li style=\"font-weight: 400;\" aria-level=\"1\"><b>\u00bfContiene la crema productos qu\u00edmicos agresivos?<\/b><b><br \/>\n<\/b><span style=\"font-weight: 400;\">  No, la Crema Contorno de Ojos YOU-NIVERSAL est\u00e1 formulada con ingredientes seguros y naturales. No contiene   <\/span><b>parabenos<\/b><span style=\"font-weight: 400;\">parabenos<\/span><b> sulfatos<\/b><span style=\"font-weight: 400;\"> o <\/span><b>ftalatos.<\/b><span style=\"font-weight: 400;\"> Su formulaci\u00f3n limpia y respetuosa con el medio ambiente es una ventaja para tu piel.<\/span>&nbsp;<\/li>\n<li style=\"font-weight: 400;\" aria-level=\"1\"><b>\u00bfCu\u00e1nto dura la olla?<\/b><b><br \/>\n<\/b><span style=\"font-weight: 400;\">  Un tarro de Crema Contorno de Ojos YOU-NIVERSAL dura aproximadamente de 2 a 3 meses con un uso diario. Por tanto, es una excelente inversi\u00f3n para un cuidado duradero de la piel. <\/span><span style=\"font-weight: 400;\"><br \/>\n<\/span>&nbsp;<\/li>\n<\/ol>\n<p>&nbsp;<\/p>\n","protected":false},"excerpt":{"rendered":"<p><span style=\"font-weight: 400;\">\u00bfCansada de esas ojeras y bolsas que te hacen parecer m\u00e1s cansada de lo que realmente est\u00e1s? As\u00ed era tambi\u00e9n mi d\u00eda a d\u00eda, antes de descubrir <\/span><b>  Crema Contorno de Ojos YOU-NIVERSAL.<\/b><span style=\"font-weight: 400;\">  Mis ojos parec\u00edan completamente distintos tras unos pocos d\u00edas de uso. Esta crema va conmigo a todas partes, porque no s\u00f3lo trata los signos de fatiga.  Ella<\/span> <b> hidr\u00e1tate<\/b><span style=\"font-weight: 400;\">,<\/span><b> reafirma<\/b><span style=\"font-weight: 400;\">y<\/span><b> ilumina al instante<\/b><span style=\"font-weight: 400;\">  la piel de debajo de los ojos. Gracias a su   <\/span><b>aplicador cer\u00e1mico<\/b><span style=\"font-weight: 400;\">El aplicador de cer\u00e1mica convierte la aplicaci\u00f3n en un momento de relajaci\u00f3n, frescor y cuidados intensivos.<\/span><\/p>\n","protected":false},"featured_media":8314,"comment_status":"open","ping_status":"closed","template":"","meta":{"_seopress_robots_primary_cat":"none","_seopress_titles_title":"","_seopress_titles_desc":"","_seopress_robots_index":"","site-sidebar-layout":"default","site-content-layout":"","ast-site-content-layout":"default","site-content-style":"default","site-sidebar-style":"default","ast-global-header-display":"","ast-banner-title-visibility":"","ast-main-header-display":"","ast-hfb-above-header-display":"","ast-hfb-below-header-display":"","ast-hfb-mobile-header-display":"","site-post-title":"","ast-breadcrumbs-content":"","ast-featured-img":"","footer-sml-layout":"","ast-disable-related-posts":"","theme-transparent-header-meta":"default","adv-header-id-meta":"","stick-header-meta":"","header-above-stick-meta":"","header-main-stick-meta":"","header-below-stick-meta":"","astra-migrate-meta-layouts":"default","ast-page-background-enabled":"default","ast-page-background-meta":{"desktop":{"background-color":"var(--ast-global-color-4)","background-image":"","background-repeat":"repeat","background-position":"center center","background-size":"auto","background-attachment":"scroll","background-type":"","background-media":"","overlay-type":"","overlay-color":"","overlay-opacity":"","overlay-gradient":""},"tablet":{"background-color":"","background-image":"","background-repeat":"repeat","background-position":"center center","background-size":"auto","background-attachment":"scroll","background-type":"","background-media":"","overlay-type":"","overlay-color":"","overlay-opacity":"","overlay-gradient":""},"mobile":{"background-color":"","background-image":"","background-repeat":"repeat","background-position":"center center","background-size":"auto","background-attachment":"scroll","background-type":"","background-media":"","overlay-type":"","overlay-color":"","overlay-opacity":"","overlay-gradient":""}},"ast-content-background-meta":{"desktop":{"background-color":"var(--ast-global-color-5)","background-image":"","background-repeat":"repeat","background-position":"center center","background-size":"auto","background-attachment":"scroll","background-type":"","background-media":"","overlay-type":"","overlay-color":"","overlay-opacity":"","overlay-gradient":""},"tablet":{"background-color":"var(--ast-global-color-5)","background-image":"","background-repeat":"repeat","background-position":"center center","background-size":"auto","background-attachment":"scroll","background-type":"","background-media":"","overlay-type":"","overlay-color":"","overlay-opacity":"","overlay-gradient":""},"mobile":{"background-color":"var(--ast-global-color-5)","background-image":"","background-repeat":"repeat","background-position":"center center","background-size":"auto","background-attachment":"scroll","background-type":"","background-media":"","overlay-type":"","overlay-color":"","overlay-opacity":"","overlay-gradient":""}}},"product_brand":[],"product_cat":[72],"product_tag":[],"class_list":{"0":"post-9083","1":"product","2":"type-product","3":"status-publish","4":"has-post-thumbnail","6":"product_cat-piel","7":"desktop-align-left","8":"tablet-align-left","9":"mobile-align-left","11":"first","12":"instock","13":"sale","14":"shipping-taxable","15":"product-type-external"},"_links":{"self":[{"href":"https:\/\/youniquebyemilie.com\/es\/wp-json\/wp\/v2\/product\/9083","targetHints":{"allow":["GET"]}}],"collection":[{"href":"https:\/\/youniquebyemilie.com\/es\/wp-json\/wp\/v2\/product"}],"about":[{"href":"https:\/\/youniquebyemilie.com\/es\/wp-json\/wp\/v2\/types\/product"}],"replies":[{"embeddable":true,"href":"https:\/\/youniquebyemilie.com\/es\/wp-json\/wp\/v2\/comments?post=9083"}],"wp:featuredmedia":[{"embeddable":true,"href":"https:\/\/youniquebyemilie.com\/es\/wp-json\/wp\/v2\/media\/8314"}],"wp:attachment":[{"href":"https:\/\/youniquebyemilie.com\/es\/wp-json\/wp\/v2\/media?parent=9083"}],"wp:term":[{"taxonomy":"product_brand","embeddable":true,"href":"https:\/\/youniquebyemilie.com\/es\/wp-json\/wp\/v2\/product_brand?post=9083"},{"taxonomy":"product_cat","embeddable":true,"href":"https:\/\/youniquebyemilie.com\/es\/wp-json\/wp\/v2\/product_cat?post=9083"},{"taxonomy":"product_tag","embeddable":true,"href":"https:\/\/youniquebyemilie.com\/es\/wp-json\/wp\/v2\/product_tag?post=9083"}],"curies":[{"name":"wp","href":"https:\/\/api.w.org\/{rel}","templated":true}]}}