{"id":9087,"date":"2025-07-24T20:22:25","date_gmt":"2025-07-24T18:22:25","guid":{"rendered":"https:\/\/youniquebyemilie.com\/produit\/youthplexion-crema-de-noche\/"},"modified":"2025-11-26T08:50:31","modified_gmt":"2025-11-26T07:50:31","slug":"youthplexion-crema-de-noche","status":"publish","type":"product","link":"https:\/\/youniquebyemilie.com\/es\/produit\/youthplexion-crema-de-noche\/","title":{"rendered":"YOUTHPLEXION Crema de Noche"},"content":{"rendered":"<p><span style=\"font-weight: 400;\">\u00bfConoces esas ma\u00f1anas en las que has dormido como un beb\u00e9, pero tu piel te dice lo contrario? A m\u00ed tambi\u00e9n me pasaba. Desde que    <\/span><b>Crema de noche YOUTHPLEXION  <\/b><span style=\"font-weight: 400;\">forma parte de mi rutina, mi piel nunca ha vuelto a ser la misma. Act\u00faa mientras duermo para reparar profundamente mi piel y darle un brillo juvenil por la ma\u00f1ana. <\/span><\/p>\n<p><span style=\"font-weight: 400;\">Todas las noches, despu\u00e9s de aplicarme el suero, me lo aplico en el<\/span><b> cara<\/b><span style=\"font-weight: 400;\"> y el <\/span><b>cuello<\/b><span style=\"font-weight: 400;\">. Por la ma\u00f1ana, siento la piel  <\/span><b>m\u00e1s suave<\/b><span style=\"font-weight: 400;\">, <\/span><b>m\u00e1s suave<\/b><span style=\"font-weight: 400;\">Y, sobre todo, bien nutrida. Esta crema ha transformado realmente mi piel. Gracias a sus potentes ingredientes como    <\/span><b>Gatuline\u00ae Renovar<\/b><span style=\"font-weight: 400;\"> y <\/span><b>SKI-Influx\u00ae V MB<\/b><span style=\"font-weight: 400;\">nutre mi piel en profundidad, la reafirma y la protege de las agresiones externas.<\/span><\/p>\n<h2><span style=\"font-weight: 400;\">Por qu\u00e9 te encantar\u00e1:<\/span><\/h2>\n<ul>\n<li style=\"font-weight: 400;\" aria-level=\"1\"><b>Reparaci\u00f3n nocturna:<\/b><span style=\"font-weight: 400;\"> La crema favorece el proceso de reparaci\u00f3n nocturna de la piel, para un cutis radiante por la ma\u00f1ana.<\/span><\/li>\n<li style=\"font-weight: 400;\" aria-level=\"1\"><b>Hidrataci\u00f3n duradera :<\/b><span style=\"font-weight: 400;\"> SKI-Influx\u00ae V MB protege e hidrata tu piel durante toda la noche.<\/span><\/li>\n<li style=\"font-weight: 400;\" aria-level=\"1\"><b>Piel m\u00e1s firme y tersa:<\/b><span style=\"font-weight: 400;\"> La piel est\u00e1 m\u00e1s firme, m\u00e1s lisa y parece m\u00e1s joven por la ma\u00f1ana.<\/span><\/li>\n<li style=\"font-weight: 400;\" aria-level=\"1\"><b>Protecci\u00f3n de la barrera cut\u00e1nea :<\/b><span style=\"font-weight: 400;\"> La combinaci\u00f3n de <\/span><b>Gatuline\u00ae Renovar<\/b><span style=\"font-weight: 400;\"> con otros ingredientes potencia la restauraci\u00f3n de la barrera cut\u00e1nea mientras duermes.<\/span><\/li>\n<li style=\"font-weight: 400;\" aria-level=\"1\"><b>Cuidado de calidad superior:<\/b><span style=\"font-weight: 400;\"> Una f\u00f3rmula limpia, dermatol\u00f3gicamente probada y sin crueldad, en un envase ecorresponsable.<\/span><\/li>\n<\/ul>\n<h2><span style=\"font-weight: 400;\">Los ingredientes que transforman tu piel :<\/span><\/h2>\n<ul>\n<li style=\"font-weight: 400;\" aria-level=\"1\"><b>Gatuline\u00ae Renovar<\/b><span style=\"font-weight: 400;\"> Restaura la barrera de la piel, dej\u00e1ndola reparada y protegida de las agresiones externas.<\/span><\/li>\n<li style=\"font-weight: 400;\" aria-level=\"1\"><b>SKI-Influx\u00ae V MB<\/b><span style=\"font-weight: 400;\"> Activo hidratante que retiene la humedad, proporcionando a tu piel un confort duradero.<\/span><\/li>\n<li style=\"font-weight: 400;\" aria-level=\"1\"><b>Ceramidas y Escualeno<\/b><span style=\"font-weight: 400;\"> Proporcionan una hidrataci\u00f3n intensa, nutren y revitalizan tu piel.<\/span><\/li>\n<li style=\"font-weight: 400;\" aria-level=\"1\"><b>Extracto de yema de Cryptomeria Japonica<\/b><span style=\"font-weight: 400;\"> Un extracto rico en antioxidantes que protege y mejora la textura de la piel.<\/span><\/li>\n<\/ul>\n<h2><span style=\"font-weight: 400;\">C\u00f3mo utilizarlo f\u00e1cilmente :<\/span><\/h2>\n<ol>\n<li style=\"font-weight: 400;\" aria-level=\"1\"><span style=\"font-weight: 400;\">Coge una peque\u00f1a cantidad de crema del tama\u00f1o de una perla.<\/span><\/li>\n<li style=\"font-weight: 400;\" aria-level=\"1\"><span style=\"font-weight: 400;\">Masajea suavemente tu <\/span><b>cara<\/b><span style=\"font-weight: 400;\"> y el <\/span><b>cuello<\/b><span style=\"font-weight: 400;\"> con movimientos circulares.<\/span><\/li>\n<li style=\"font-weight: 400;\" aria-level=\"1\"><span style=\"font-weight: 400;\">Util\u00edzalo cada noche despu\u00e9s del s\u00e9rum YOUTHPLEXION para obtener unos resultados \u00f3ptimos.<\/span><\/li>\n<\/ol>\n<p><span style=\"font-weight: 400;\">\u00a1Despi\u00e9rtate con una piel m\u00e1s fresca, suave y radiante cada ma\u00f1ana! A\u00f1ade <\/span> <b> YOUTHPLEXION crema de noche <\/b><span style=\"font-weight: 400;\">a tu cesta y dale a tu piel el cuidado reparador que se merece.<\/span><\/p>\n<p>&nbsp;<\/p>\n<h2><span style=\"font-weight: 400;\">FAQ : Crema de noche YOUTHPLEXION<\/span><\/h2>\n<ol>\n<li style=\"font-weight: 400;\" aria-level=\"1\"><b>\u00bfEsta crema es adecuada para todos los tipos de piel?<\/b><b><br \/>\n<\/b><span style=\"font-weight: 400;\">  S\u00ed, es adecuada para todo tipo de pieles, incluidas las sensibles, secas, grasas y mixtas. Su f\u00f3rmula suave y no grasa hidrata sin obstruir los poros. <\/span><\/li>\n<li style=\"font-weight: 400;\" aria-level=\"1\"><b>\u00bfCu\u00e1nto tiempo se tarda en ver resultados visibles?<\/b><b><br \/>\n<\/b><span style=\"font-weight: 400;\">  Los primeros resultados son visibles tras unas pocas aplicaciones. Al cabo de 4 semanas, ver\u00e1s una piel m\u00e1s firme, tersa e hidratada. Para obtener resultados \u00f3ptimos, sigue utilizando esta crema todas las noches.  <\/span><\/li>\n<li style=\"font-weight: 400;\" aria-level=\"1\"><b>\u00bfEsta crema deja la piel grasa?<\/b><b><br \/>\n<\/b><span style=\"font-weight: 400;\">  No, tiene una textura ligera que penetra r\u00e1pidamente sin dejar una pel\u00edcula grasa. Hidrata y nutre tu piel, manteni\u00e9ndola suave y confortable durante toda la noche. <\/span><\/li>\n<li style=\"font-weight: 400;\" aria-level=\"1\"><b>\u00bfSe ha probado la crema en animales?<\/b><b><br \/>\n<\/b><span style=\"font-weight: 400;\">  No, la crema de noche YOUTHPLEXION es 100% libre de crueldad. Est\u00e1 dermatol\u00f3gicamente testada, pero nunca en animales. <\/span><\/li>\n<li style=\"font-weight: 400;\" aria-level=\"1\"><b>\u00bfAyuda esta crema a reducir las arrugas?<\/b><b>\n<p><\/b><span style=\"font-weight: 400;\"> S\u00ed, ayuda a alisar las l\u00edneas finas y las arrugas gracias a ingredientes como <\/span><b>Fision\u00ae Lifting Instant\u00e1neo<\/b><span style=\"font-weight: 400;\"> y <\/span><b>Gatuline\u00ae Renovar<\/b><span style=\"font-weight: 400;\">que reafirman la piel y ayudan a reducir los signos del envejecimiento.<\/span><\/li>\n<li style=\"font-weight: 400;\" aria-level=\"1\"><b>\u00bfContiene la crema productos qu\u00edmicos agresivos?<\/b><b><br \/>\n<\/b><span style=\"font-weight: 400;\">  No, la f\u00f3rmula es limpia y no contiene parabenos, sulfatos ni ftalatos. Est\u00e1 dise\u00f1ada para ser suave y respetuosa con tu piel. <\/span><\/li>\n<li style=\"font-weight: 400;\" aria-level=\"1\"><b>\u00bfCu\u00e1nto dura un tarro de Crema de Noche YOUTHPLEXION?<\/b><b>\n<p><\/b><span style=\"font-weight: 400;\"> Un tarro de 30 ml dura aproximadamente <\/span><b>2 \u00f3 3 meses <\/b><span style=\"font-weight: 400;\">con el uso diario, lo que la convierte en una excelente inversi\u00f3n para una piel bella y sana.<\/span><\/li>\n<\/ol>\n<p><span style=\"font-weight: 400;\">\u00bfUn cutis radiante y m\u00e1s firme a primera hora de la ma\u00f1ana? \u00a1Es posible! A\u00f1ade    <\/span><b>YOUTHPLEXION Crema de Noche <\/b><span style=\"font-weight: 400;\">a tu cesta y descubre una piel m\u00e1s firme y tersa cada d\u00eda.<\/span><\/p>\n<p>&nbsp;<\/p>\n<p>&nbsp;<\/p>\n<p>&nbsp;<\/p>\n","protected":false},"excerpt":{"rendered":"<p><span style=\"font-weight: 400;\">\u00bfConoces esas ma\u00f1anas en las que has dormido como un beb\u00e9, pero tu piel te dice lo contrario? A m\u00ed tambi\u00e9n me pasaba. Desde que    <\/span><b>Crema de noche YOUTHPLEXION  <\/b><span style=\"font-weight: 400;\">forma parte de mi rutina, mi piel nunca ha vuelto a ser la misma. Act\u00faa mientras duermo para reparar profundamente mi piel y darle un brillo juvenil por la ma\u00f1ana. <\/span><\/p>\n<p><span style=\"font-weight: 400;\">Todas las noches, despu\u00e9s de aplicarme el suero, me lo aplico en el<\/span><b> cara<\/b><span style=\"font-weight: 400;\"> y el <\/span><b>cuello<\/b><span style=\"font-weight: 400;\">. Por la ma\u00f1ana, siento la piel  <\/span><b>m\u00e1s suave<\/b><span style=\"font-weight: 400;\">, <\/span><b>m\u00e1s suave<\/b><span style=\"font-weight: 400;\">Y, sobre todo, bien nutrida. Esta crema ha transformado realmente mi piel. Gracias a sus potentes ingredientes como    <\/span><b>Gatuline\u00ae Renovar<\/b><span style=\"font-weight: 400;\"> y <\/span><b>SKI-Influx\u00ae V MB<\/b><span style=\"font-weight: 400;\">nutre mi piel en profundidad, la reafirma y la protege de las agresiones externas.<\/span><\/p>\n","protected":false},"featured_media":8282,"comment_status":"open","ping_status":"closed","template":"","meta":{"_seopress_robots_primary_cat":"none","_seopress_titles_title":"","_seopress_titles_desc":"","_seopress_robots_index":"","site-sidebar-layout":"default","site-content-layout":"","ast-site-content-layout":"default","site-content-style":"default","site-sidebar-style":"default","ast-global-header-display":"","ast-banner-title-visibility":"","ast-main-header-display":"","ast-hfb-above-header-display":"","ast-hfb-below-header-display":"","ast-hfb-mobile-header-display":"","site-post-title":"","ast-breadcrumbs-content":"","ast-featured-img":"","footer-sml-layout":"","ast-disable-related-posts":"","theme-transparent-header-meta":"default","adv-header-id-meta":"","stick-header-meta":"","header-above-stick-meta":"","header-main-stick-meta":"","header-below-stick-meta":"","astra-migrate-meta-layouts":"default","ast-page-background-enabled":"default","ast-page-background-meta":{"desktop":{"background-color":"var(--ast-global-color-4)","background-image":"","background-repeat":"repeat","background-position":"center center","background-size":"auto","background-attachment":"scroll","background-type":"","background-media":"","overlay-type":"","overlay-color":"","overlay-opacity":"","overlay-gradient":""},"tablet":{"background-color":"","background-image":"","background-repeat":"repeat","background-position":"center center","background-size":"auto","background-attachment":"scroll","background-type":"","background-media":"","overlay-type":"","overlay-color":"","overlay-opacity":"","overlay-gradient":""},"mobile":{"background-color":"","background-image":"","background-repeat":"repeat","background-position":"center center","background-size":"auto","background-attachment":"scroll","background-type":"","background-media":"","overlay-type":"","overlay-color":"","overlay-opacity":"","overlay-gradient":""}},"ast-content-background-meta":{"desktop":{"background-color":"var(--ast-global-color-5)","background-image":"","background-repeat":"repeat","background-position":"center center","background-size":"auto","background-attachment":"scroll","background-type":"","background-media":"","overlay-type":"","overlay-color":"","overlay-opacity":"","overlay-gradient":""},"tablet":{"background-color":"var(--ast-global-color-5)","background-image":"","background-repeat":"repeat","background-position":"center center","background-size":"auto","background-attachment":"scroll","background-type":"","background-media":"","overlay-type":"","overlay-color":"","overlay-opacity":"","overlay-gradient":""},"mobile":{"background-color":"var(--ast-global-color-5)","background-image":"","background-repeat":"repeat","background-position":"center center","background-size":"auto","background-attachment":"scroll","background-type":"","background-media":"","overlay-type":"","overlay-color":"","overlay-opacity":"","overlay-gradient":""}}},"product_brand":[],"product_cat":[72],"product_tag":[],"class_list":{"0":"post-9087","1":"product","2":"type-product","3":"status-publish","4":"has-post-thumbnail","6":"product_cat-piel","7":"desktop-align-left","8":"tablet-align-left","9":"mobile-align-left","11":"first","12":"instock","13":"sale","14":"shipping-taxable","15":"product-type-external"},"_links":{"self":[{"href":"https:\/\/youniquebyemilie.com\/es\/wp-json\/wp\/v2\/product\/9087","targetHints":{"allow":["GET"]}}],"collection":[{"href":"https:\/\/youniquebyemilie.com\/es\/wp-json\/wp\/v2\/product"}],"about":[{"href":"https:\/\/youniquebyemilie.com\/es\/wp-json\/wp\/v2\/types\/product"}],"replies":[{"embeddable":true,"href":"https:\/\/youniquebyemilie.com\/es\/wp-json\/wp\/v2\/comments?post=9087"}],"wp:featuredmedia":[{"embeddable":true,"href":"https:\/\/youniquebyemilie.com\/es\/wp-json\/wp\/v2\/media\/8282"}],"wp:attachment":[{"href":"https:\/\/youniquebyemilie.com\/es\/wp-json\/wp\/v2\/media?parent=9087"}],"wp:term":[{"taxonomy":"product_brand","embeddable":true,"href":"https:\/\/youniquebyemilie.com\/es\/wp-json\/wp\/v2\/product_brand?post=9087"},{"taxonomy":"product_cat","embeddable":true,"href":"https:\/\/youniquebyemilie.com\/es\/wp-json\/wp\/v2\/product_cat?post=9087"},{"taxonomy":"product_tag","embeddable":true,"href":"https:\/\/youniquebyemilie.com\/es\/wp-json\/wp\/v2\/product_tag?post=9087"}],"curies":[{"name":"wp","href":"https:\/\/api.w.org\/{rel}","templated":true}]}}