{"id":9090,"date":"2025-07-24T20:25:48","date_gmt":"2025-07-24T18:25:48","guid":{"rendered":"https:\/\/youniquebyemilie.com\/produit\/youthplexion-crema-hidratante-de-dia\/"},"modified":"2025-11-26T08:50:28","modified_gmt":"2025-11-26T07:50:28","slug":"youthplexion-crema-hidratante-de-dia","status":"publish","type":"product","link":"https:\/\/youniquebyemilie.com\/es\/produit\/youthplexion-crema-hidratante-de-dia\/","title":{"rendered":"YOUTHPLEXION Crema Hidratante de D\u00eda"},"content":{"rendered":"<p><span style=\"font-weight: 400;\">Ver\u00e1s, yo tambi\u00e9n luchaba contra una piel que carec\u00eda de firmeza y<\/span><b>luminosidad<\/b><span style=\"font-weight: 400;\">. Buscaba un producto para el cuidado de la piel que realmente me diera ese impulso que mi piel hab\u00eda perdido con el tiempo. Entonces   <\/span><b>YOUTHPLEXION crema hidratante de d\u00eda<\/b><span style=\"font-weight: 400;\"> La crema hidratante de d\u00eda pas\u00f3 a formar parte de mi rutina, y se ha convertido en el producto de cuidado de la piel que ha transformado mi piel por completo.<\/span><\/p>\n<p><span style=\"font-weight: 400;\">Me lo aplico todas las ma\u00f1anas y en muy poco tiempo mi piel se ha vuelto <\/span><b>m\u00e1s suave<\/b><span style=\"font-weight: 400;\">, <\/span><b>m\u00e1s firme<\/b><span style=\"font-weight: 400;\"> y <\/span><b>radiante<\/b><span style=\"font-weight: 400;\">  de salud. Es el tipo de crema que no deja pel\u00edcula grasa e hidrata sin apelmazar. Y con su    <\/span><b>ligera fragancia de pepino<\/b><span style=\"font-weight: 400;\"> y<\/span><b>aloe vera<\/b><span style=\"font-weight: 400;\">Es como un soplo de aire fresco que despierta mi piel con cada aplicaci\u00f3n. Cr\u00e9eme, este tratamiento se ha convertido en una parte esencial de mi rutina, \u00a1y s\u00e9 que tambi\u00e9n puede hacer maravillas contigo! <\/span><\/p>\n<h2><span style=\"font-weight: 400;\">Por qu\u00e9 te encantar\u00e1:<\/span><\/h2>\n<ul>\n<li style=\"font-weight: 400;\" aria-level=\"1\"><b>Hidrataci\u00f3n duradera<\/b><span style=\"font-weight: 400;\"> Tu piel estar\u00e1 profundamente nutrida, sin sensaci\u00f3n grasa.<\/span>&nbsp;<\/li>\n<li style=\"font-weight: 400;\" aria-level=\"1\"><b>Efecto lifting visible<\/b><span style=\"font-weight: 400;\"> Fision\u00ae Lifting Instant\u00e1neo ayuda a reafirmar y alisar tu piel, dej\u00e1ndola flexible.<\/span>&nbsp;<\/li>\n<li style=\"font-weight: 400;\" aria-level=\"1\"><b>Piel suave y lisa<\/b><span style=\"font-weight: 400;\"> Inmediatamente despu\u00e9s de la aplicaci\u00f3n, tu piel se vuelve m\u00e1s suave y tersa.<\/span>&nbsp;<\/li>\n<li style=\"font-weight: 400;\" aria-level=\"1\"><b>Resplandor natural<\/b><span style=\"font-weight: 400;\"> La mezcla de ingredientes activos proporciona a tu piel un resplandor luminoso y natural.<\/span>&nbsp;<\/li>\n<li style=\"font-weight: 400;\" aria-level=\"1\"><b>Respetuoso con el planeta<\/b><span style=\"font-weight: 400;\"> Su envase ecorresponsable demuestra que cuidas tu piel, pero tambi\u00e9n el planeta.<\/span>&nbsp;<\/li>\n<\/ul>\n<p>&nbsp;<\/p>\n<h2><span style=\"font-weight: 400;\">Los principios activos que transformar\u00e1n tu piel  <\/span><\/h2>\n<ul>\n<li style=\"font-weight: 400;\" aria-level=\"1\"><b>Hydrosella<\/b><span style=\"font-weight: 400;\"> Proporciona una hidrataci\u00f3n duradera para mantener tu piel suave y calmada durante todo el d\u00eda.<\/span>&nbsp;<\/li>\n<li style=\"font-weight: 400;\" aria-level=\"1\"><b>Fision\u00ae Lifting Instant\u00e1neo<\/b><span style=\"font-weight: 400;\"> Un potente activo antienvejecimiento que reafirma tu piel y reduce los signos de la edad, para un cutis m\u00e1s joven y terso.<\/span>&nbsp;<\/li>\n<li style=\"font-weight: 400;\" aria-level=\"1\"><b>Escualeno<\/b><span style=\"font-weight: 400;\"> Mantiene tu piel hidratada y profundamente nutrida, sin sensaci\u00f3n grasa, para un confort inmediato.<\/span>&nbsp;<\/li>\n<li style=\"font-weight: 400;\" aria-level=\"1\"><b>Goma de acacia de Senegal<\/b><span style=\"font-weight: 400;\"> Aporta flexibilidad y elasticidad a tu piel, haci\u00e9ndola m\u00e1s firme y tonificada.<\/span>&nbsp;<\/li>\n<li style=\"font-weight: 400;\" aria-level=\"1\"><b>Extracto de Hibisco Sabdariffa<\/b><span style=\"font-weight: 400;\"> Aporta un resplandor natural y revitaliza tu piel, haci\u00e9ndola m\u00e1s luminosa y radiante.<\/span><\/li>\n<\/ul>\n<p><span style=\"font-weight: 400;\">Una combinaci\u00f3n perfecta de ingredientes para dar a tu piel todo lo que necesita: hidrataci\u00f3n duradera <\/span><b>hidrataci\u00f3n duradera<\/b><span style=\"font-weight: 400;\">hidrataci\u00f3n <\/span><b>efecto lifting inmediato<\/b><span style=\"font-weight: 400;\">y un<\/span><b> luminosidad<\/b><span style=\"font-weight: 400;\">. <\/span> <\/p>\n<p>&nbsp;<\/p>\n<h2><span style=\"font-weight: 400;\">C\u00f3mo utilizarlo f\u00e1cilmente :<\/span><\/h2>\n<ol>\n<li style=\"font-weight: 400;\" aria-level=\"1\"><span style=\"font-weight: 400;\">Aplica un poco de la crema hidratante de d\u00eda YOUTHPLEXION.<\/span>&nbsp;<\/li>\n<li style=\"font-weight: 400;\" aria-level=\"1\"><span style=\"font-weight: 400;\">Masajea suavemente el rostro y el cuello con movimientos circulares.<\/span>&nbsp;<\/li>\n<li style=\"font-weight: 400;\" aria-level=\"1\"><span style=\"font-weight: 400;\">Para obtener mejores resultados, apl\u00edcalo despu\u00e9s de tu limpiador YOUTHPLEXION, por la ma\u00f1ana y por la noche.<\/span>&nbsp;<\/li>\n<\/ol>\n<p><span style=\"font-weight: 400;\">\u00a1A\u00f1\u00e1delo ahora a tu cesta de la compra y descubre una piel m\u00e1s firme, tersa y radiante cada d\u00eda!<\/span><\/p>\n<p>&nbsp;<\/p>\n<h2><span style=\"font-weight: 400;\">FAQ : YOUTHPLEXION crema hidratante de d\u00eda<\/span><\/h2>\n<ol>\n<li style=\"font-weight: 400;\" aria-level=\"1\"><b>\u00bfEs  <\/b><span style=\"font-weight: 400;\"> <\/span><b>YOUTHPLEXION\u00ae crema hidratante de d\u00eda<\/b> <b> \u00bfapta para todo tipo de pieles?<\/b><b><br \/>\n<\/b><span style=\"font-weight: 400;\">  S\u00ed, la crema hidratante YOUTHPLEXION es adecuada para todo tipo de pieles, incluidas las secas, grasas, mixtas y sensibles. Su f\u00f3rmula ligera e hidratante es adecuada para todo el mundo, sin obstruir los poros ni dejar sensaci\u00f3n grasa. <\/span>&nbsp;<\/li>\n<li style=\"font-weight: 400;\" aria-level=\"1\"><b>\u00bfCu\u00e1nto tiempo se tarda en ver resultados visibles?<\/b><b><br \/>\n<\/b><span style=\"font-weight: 400;\">  Los resultados son r\u00e1pidamente visibles. En los primeros d\u00edas, notar\u00e1s la piel m\u00e1s suave e hidratada. Al cabo de unas semanas, empezar\u00e1s a notar un cutis m\u00e1s uniforme y firme gracias al efecto lifting de Fision\u00ae Instant Lift.  <\/span>&nbsp;<\/li>\n<li style=\"font-weight: 400;\" aria-level=\"1\"><b>\u00bfContiene esta crema fragancias artificiales?<\/b><b><br \/>\n<\/b><span style=\"font-weight: 400;\">  No, la crema YOUTHPLEXION no tiene fragancia artificial. Su fragancia natural procede de los extractos de pepino y aloe vera, que proporcionan una sensaci\u00f3n de frescor sin agredir tu piel. <\/span>&nbsp;<\/li>\n<li style=\"font-weight: 400;\" aria-level=\"1\"><b>\u00bfPuedo utilizar esta crema si tengo imperfecciones?<\/b><b><br \/>\n<\/b><span style=\"font-weight: 400;\">  \u00a1Sin duda! Esta crema hidrata en profundidad sin obstruir los poros, por lo que es adecuada para pieles con imperfecciones. Ayuda a equilibrar la piel y a restaurar su luminosidad natural sin dejar una pel\u00edcula grasa.  <\/span>&nbsp;<\/li>\n<li style=\"font-weight: 400;\" aria-level=\"1\"><b>\u00bfSe puede utilizar esta crema debajo del maquillaje?<\/b><b><br \/>\n<\/b><span style=\"font-weight: 400;\">  S\u00ed, \u00a1\u00e9sa es una de las grandes ventajas de esta crema! No deja pel\u00edcula grasa, por lo que es ideal para usar debajo del maquillaje. Prepara perfectamente la piel hidrat\u00e1ndola sin dejar de ser ligera, por lo que tu maquillaje se mantendr\u00e1 mejor durante todo el d\u00eda.  <\/span>&nbsp;<\/li>\n<li style=\"font-weight: 400;\" aria-level=\"1\"><b>\u00bfSe ha probado la crema en animales?<\/b><b><br \/>\n<\/b><span style=\"font-weight: 400;\">  No, la crema hidratante de d\u00eda YOUTHPLEXION es 100% libre de crueldad. Est\u00e1 dermatol\u00f3gicamente testada, pero nunca en animales, en l\u00ednea con el compromiso de Younique con las pr\u00e1cticas \u00e9ticas y responsables. <\/span>&nbsp;<\/li>\n<\/ol>\n<p><span style=\"font-weight: 400;\">\u00a1No dejes que a tu piel le falte firmeza y luminosidad! Pon la crema YOUTHPLEXION en tu cesta y empieza hoy mismo tu transformaci\u00f3n. <\/span><\/p>\n","protected":false},"excerpt":{"rendered":"<p><span style=\"font-weight: 400;\">Ver\u00e1s, yo tambi\u00e9n luchaba contra una piel que carec\u00eda de firmeza y<\/span><b>luminosidad<\/b><span style=\"font-weight: 400;\">. Buscaba un producto para el cuidado de la piel que realmente me diera ese impulso que mi piel hab\u00eda perdido con el tiempo. Entonces   <\/span><b>YOUTHPLEXION crema hidratante de d\u00eda<\/b><span style=\"font-weight: 400;\"> La crema hidratante de d\u00eda pas\u00f3 a formar parte de mi rutina, y se ha convertido en el producto de cuidado de la piel que ha transformado mi piel por completo.<\/span><\/p>\n","protected":false},"featured_media":8298,"comment_status":"open","ping_status":"closed","template":"","meta":{"_seopress_robots_primary_cat":"none","_seopress_titles_title":"","_seopress_titles_desc":"","_seopress_robots_index":"","site-sidebar-layout":"default","site-content-layout":"","ast-site-content-layout":"default","site-content-style":"default","site-sidebar-style":"default","ast-global-header-display":"","ast-banner-title-visibility":"","ast-main-header-display":"","ast-hfb-above-header-display":"","ast-hfb-below-header-display":"","ast-hfb-mobile-header-display":"","site-post-title":"","ast-breadcrumbs-content":"","ast-featured-img":"","footer-sml-layout":"","ast-disable-related-posts":"","theme-transparent-header-meta":"default","adv-header-id-meta":"","stick-header-meta":"","header-above-stick-meta":"","header-main-stick-meta":"","header-below-stick-meta":"","astra-migrate-meta-layouts":"default","ast-page-background-enabled":"default","ast-page-background-meta":{"desktop":{"background-color":"var(--ast-global-color-4)","background-image":"","background-repeat":"repeat","background-position":"center center","background-size":"auto","background-attachment":"scroll","background-type":"","background-media":"","overlay-type":"","overlay-color":"","overlay-opacity":"","overlay-gradient":""},"tablet":{"background-color":"","background-image":"","background-repeat":"repeat","background-position":"center center","background-size":"auto","background-attachment":"scroll","background-type":"","background-media":"","overlay-type":"","overlay-color":"","overlay-opacity":"","overlay-gradient":""},"mobile":{"background-color":"","background-image":"","background-repeat":"repeat","background-position":"center center","background-size":"auto","background-attachment":"scroll","background-type":"","background-media":"","overlay-type":"","overlay-color":"","overlay-opacity":"","overlay-gradient":""}},"ast-content-background-meta":{"desktop":{"background-color":"var(--ast-global-color-5)","background-image":"","background-repeat":"repeat","background-position":"center center","background-size":"auto","background-attachment":"scroll","background-type":"","background-media":"","overlay-type":"","overlay-color":"","overlay-opacity":"","overlay-gradient":""},"tablet":{"background-color":"var(--ast-global-color-5)","background-image":"","background-repeat":"repeat","background-position":"center center","background-size":"auto","background-attachment":"scroll","background-type":"","background-media":"","overlay-type":"","overlay-color":"","overlay-opacity":"","overlay-gradient":""},"mobile":{"background-color":"var(--ast-global-color-5)","background-image":"","background-repeat":"repeat","background-position":"center center","background-size":"auto","background-attachment":"scroll","background-type":"","background-media":"","overlay-type":"","overlay-color":"","overlay-opacity":"","overlay-gradient":""}}},"product_brand":[],"product_cat":[72],"product_tag":[],"class_list":{"0":"post-9090","1":"product","2":"type-product","3":"status-publish","4":"has-post-thumbnail","6":"product_cat-piel","7":"desktop-align-left","8":"tablet-align-left","9":"mobile-align-left","11":"first","12":"instock","13":"sale","14":"shipping-taxable","15":"product-type-external"},"_links":{"self":[{"href":"https:\/\/youniquebyemilie.com\/es\/wp-json\/wp\/v2\/product\/9090","targetHints":{"allow":["GET"]}}],"collection":[{"href":"https:\/\/youniquebyemilie.com\/es\/wp-json\/wp\/v2\/product"}],"about":[{"href":"https:\/\/youniquebyemilie.com\/es\/wp-json\/wp\/v2\/types\/product"}],"replies":[{"embeddable":true,"href":"https:\/\/youniquebyemilie.com\/es\/wp-json\/wp\/v2\/comments?post=9090"}],"wp:featuredmedia":[{"embeddable":true,"href":"https:\/\/youniquebyemilie.com\/es\/wp-json\/wp\/v2\/media\/8298"}],"wp:attachment":[{"href":"https:\/\/youniquebyemilie.com\/es\/wp-json\/wp\/v2\/media?parent=9090"}],"wp:term":[{"taxonomy":"product_brand","embeddable":true,"href":"https:\/\/youniquebyemilie.com\/es\/wp-json\/wp\/v2\/product_brand?post=9090"},{"taxonomy":"product_cat","embeddable":true,"href":"https:\/\/youniquebyemilie.com\/es\/wp-json\/wp\/v2\/product_cat?post=9090"},{"taxonomy":"product_tag","embeddable":true,"href":"https:\/\/youniquebyemilie.com\/es\/wp-json\/wp\/v2\/product_tag?post=9090"}],"curies":[{"name":"wp","href":"https:\/\/api.w.org\/{rel}","templated":true}]}}