{"id":9093,"date":"2025-07-26T23:59:50","date_gmt":"2025-07-26T21:59:50","guid":{"rendered":"https:\/\/youniquebyemilie.com\/produit\/younique-glowplexion-crema-hidratante\/"},"modified":"2025-11-28T15:49:57","modified_gmt":"2025-11-28T14:49:57","slug":"younique-glowplexion-crema-hidratante","status":"publish","type":"product","link":"https:\/\/youniquebyemilie.com\/es\/produit\/younique-glowplexion-crema-hidratante\/","title":{"rendered":"YOUNIQUE GLOWPLEXION crema hidratante"},"content":{"rendered":"<p><span style=\"font-weight: 400;\">Ver\u00e1s, hace unos meses, mi piel me daba muchos problemas. Entre los d\u00edas ajetreados, el estr\u00e9s y el cansancio, ten\u00eda la sensaci\u00f3n de que mi piel estaba demasiado seca.   <\/span><b>deshidratado<\/b><span style=\"font-weight: 400;\">, <\/span><b>sin brillo<\/b><span style=\"font-weight: 400;\">Era como si hubiera perdido ese atisbo de frescura. Era frustrante. Mi ansiedad desapareci\u00f3 en cuanto nuestros caminos se cruzaron:    <\/span><b>Crema Hidratante GLOWPLEXION<\/b><span style=\"font-weight: 400;\">  y yo. Desde entonces, mi piel <\/span> <b> m\u00e1s suave<\/b><span style=\"font-weight: 400;\">, <\/span><b>m\u00e1s suave<\/b><span style=\"font-weight: 400;\"> y <\/span><b>lista para brillar <\/b><span style=\"font-weight: 400;\">\u00a1!<\/span><\/p>\n<p><span style=\"font-weight: 400;\">\u00bfY lo mejor? Ella  <\/span><b>reacciona bien<\/b><span style=\"font-weight: 400;\">la <\/span><b>manteca de karit\u00e9<\/b><span style=\"font-weight: 400;\"> nutre mi piel y el<\/span><b>\u00e1cido glic\u00f3lico<\/b><span style=\"font-weight: 400;\">  simplemente ha borrado las peque\u00f1as irregularidades. Es   <\/span><b>deslumbrante<\/b><span style=\"font-weight: 400;\"> y <\/span><b>incluso<\/b><span style=\"font-weight: 400;\">. \u00a1Ahora s\u00e9 que mi piel est\u00e1 en buenas manos! Y lo que es m\u00e1s   <\/span><b>este producto es ecorresponsable<\/b><span style=\"font-weight: 400;\">con su botella rellenable. Esto es   <\/span><b>cuidado de la piel de lujo<\/b><span style=\"font-weight: 400;\"> que respeta el planeta, \u00a1y eso me encanta!<\/span><\/p>\n<h2><span style=\"font-weight: 400;\">Por qu\u00e9 te encantar\u00e1:<\/span><\/h2>\n<ul>\n<li style=\"font-weight: 400;\" aria-level=\"1\"><b>Hidrataci\u00f3n profunda<\/b><span style=\"font-weight: 400;\"> Desde la primera aplicaci\u00f3n, tu piel est\u00e1 <\/span><b>nutrida<\/b><span style=\"font-weight: 400;\">, <\/span><b>suave<\/b><span style=\"font-weight: 400;\"> y <\/span><b>rehidratada<\/b><span style=\"font-weight: 400;\"> gracias a potentes ingredientes como<\/span><b>Acquacell<\/b><span style=\"font-weight: 400;\"> y<\/span><b>hialuronato s\u00f3dico<\/b><span style=\"font-weight: 400;\">.<\/span>&nbsp;<\/li>\n<li style=\"font-weight: 400;\" aria-level=\"1\"><b>F\u00f3rmula premium, suave y respetuosa<\/b><span style=\"font-weight: 400;\"> Su textura <\/span><b>suave<\/b><span style=\"font-weight: 400;\"> y <\/span><b>aterciopelada<\/b><span style=\"font-weight: 400;\"> es perfecta para calmar y <\/span><b>reparar<\/b><span style=\"font-weight: 400;\">  tu piel. Tu cutis se vuelve   <\/span><b>m\u00e1s brillante<\/b><span style=\"font-weight: 400;\"> y <\/span><b>m\u00e1s uniforme<\/b><span style=\"font-weight: 400;\">.<\/span>&nbsp;<\/li>\n<li style=\"font-weight: 400;\" aria-level=\"1\"><b>Eco-responsable<\/b><span style=\"font-weight: 400;\"> La botella est\u00e1 hecha de <\/span><b>resina reciclada<\/b><span style=\"font-weight: 400;\">para que cuides tu piel y el medio ambiente.<\/span>&nbsp;<\/li>\n<li style=\"font-weight: 400;\" aria-level=\"1\"><b>R\u00e1pido y sencillo<\/b><span style=\"font-weight: 400;\"> En s\u00f3lo unos segundos <\/span><b>una peque\u00f1a cantidad<\/b><span style=\"font-weight: 400;\">  es todo lo que necesitas para nutrir e hidratar tu piel, sin esfuerzo. \u00a1Es sencillo, r\u00e1pido y eficaz! <\/span>&nbsp;<\/li>\n<\/ul>\n<h2><span style=\"font-weight: 400;\">Ingredientes que marcan la diferencia :<\/span><\/h2>\n<p><span style=\"font-weight: 400;\">Donde realmente destaca este producto es en la calidad de sus <\/span><b>ingredientes<\/b><span style=\"font-weight: 400;\">cuidadosamente seleccionados para <\/span><b>las necesidades de tu piel<\/b><span style=\"font-weight: 400;\"> :<\/span><\/p>\n<ul>\n<li style=\"font-weight: 400;\" aria-level=\"1\"><b>Niacinamida<\/b><span style=\"font-weight: 400;\"> Este potente ingrediente regula la producci\u00f3n de sebo y <\/span><b>mejora la textura de la piel<\/b><span style=\"font-weight: 400;\">. Ideal para  <\/span><b>reducir las imperfecciones<\/b><span style=\"font-weight: 400;\"> y unifica tu cutis.<\/span>&nbsp;<\/li>\n<li style=\"font-weight: 400;\" aria-level=\"1\"><b>Acquacell<\/b><span style=\"font-weight: 400;\"> A <\/span><b>fuente de hidrataci\u00f3n intensa<\/b><span style=\"font-weight: 400;\">  que ayuda a tu piel a retener la hidrataci\u00f3n al tiempo que mejora visiblemente su aspecto. \u00a1M\u00e1s agua, m\u00e1s confort! <\/span>&nbsp;<\/li>\n<li style=\"font-weight: 400;\" aria-level=\"1\"><b>Higo chumbo<\/b><span style=\"font-weight: 400;\"> Un ingrediente clave para <\/span><b>calmar<\/b><span style=\"font-weight: 400;\"> y <\/span><b>hidratar<\/b><span style=\"font-weight: 400;\"> al tiempo que ofrece una fragancia fresca y natural <\/span><b>fragancia natural<\/b><span style=\"font-weight: 400;\"> que te recuerda a la naturaleza.<\/span>&nbsp;<\/li>\n<li style=\"font-weight: 400;\" aria-level=\"1\"><b>Manteca de karit\u00e9<\/b><span style=\"font-weight: 400;\"> Es muy conocida por sus <\/span><b>nutritiva<\/b><span style=\"font-weight: 400;\"> y <\/span><b>propiedades reparadoras<\/b><span style=\"font-weight: 400;\">. Deja tu piel  <\/span><b>m\u00e1s suave<\/b><span style=\"font-weight: 400;\">m\u00e1s flexible y bien protegida.<\/span>&nbsp;<\/li>\n<li style=\"font-weight: 400;\" aria-level=\"1\"><b>HydraBeet SF<\/b><span style=\"font-weight: 400;\"> y <\/span><b>Fision Wrinklefix<\/b><span style=\"font-weight: 400;\"> Estos <\/span><b>complejos activos<\/b><span style=\"font-weight: 400;\"> tienen propiedades antienvejecimiento <\/span><b>alisan<\/b><span style=\"font-weight: 400;\"> y <\/span><b>reducen<\/b><span style=\"font-weight: 400;\"> la aparici\u00f3n de <\/span><b>arrugas<\/b><span style=\"font-weight: 400;\"> arrugas <\/span><b>l\u00edneas finas<\/b><span style=\"font-weight: 400;\">.<\/span>&nbsp;<\/li>\n<\/ul>\n<p>&nbsp;<\/p>\n<h2><span style=\"font-weight: 400;\">C\u00f3mo utilizarlo :<\/span><\/h2>\n<ol>\n<li style=\"font-weight: 400;\" aria-level=\"1\"><b>Exprime<\/b><span style=\"font-weight: 400;\"> una peque\u00f1a cantidad de crema (del tama\u00f1o de una perla) en las manos.<\/span>&nbsp;<\/li>\n<li style=\"font-weight: 400;\" aria-level=\"1\"><b>Aplica<\/b><span style=\"font-weight: 400;\"> suavemente sobre la cara y el cuello <\/span><b>con movimientos circulares<\/b><span style=\"font-weight: 400;\"> para ayudar a que penetre.<\/span>&nbsp;<\/li>\n<li style=\"font-weight: 400;\" aria-level=\"1\"><b>Contin\u00faa<\/b><span style=\"font-weight: 400;\"> con tu rutina de cuidado de la piel, o aplica tu <\/span><b>SPF<\/b><span style=\"font-weight: 400;\"> si lo usas por la ma\u00f1ana.<\/span>&nbsp;<\/li>\n<\/ol>\n<p><b>Consejo:  <\/b><span style=\"font-weight: 400;\">Para unos resultados a\u00fan m\u00e1s impresionantes, apl\u00edcalo por la ma\u00f1ana y por la noche. Y para una rutina completa, comb\u00ednalo con otros productos para el cuidado de la piel.   <\/span><b>Gama GLOWPLEXION<\/b><span style=\"font-weight: 400;\">.<\/span><\/p>\n<p>&nbsp;<\/p>\n<h2><span style=\"font-weight: 400;\">Lo que dicen los usuarios:<\/span><\/h2>\n<ul>\n<li style=\"font-weight: 400;\" aria-level=\"1\"><b>82%<\/b><span style=\"font-weight: 400;\"> de los usuarios dicen que este producto proporciona <\/span><b>una hidrataci\u00f3n profunda<\/b><span style=\"font-weight: 400;\">.*<\/span>&nbsp;<\/li>\n<li style=\"font-weight: 400;\" aria-level=\"1\"><b>85%<\/b><span style=\"font-weight: 400;\"> de los usuarios encuentran su piel <\/span><b>m\u00e1s suave<\/b><span style=\"font-weight: 400;\"> y <\/span><b>m\u00e1s suave<\/b><span style=\"font-weight: 400;\"> tras su uso.*<\/span>&nbsp;<\/li>\n<li style=\"font-weight: 400;\" aria-level=\"1\"><b>91%<\/b><span style=\"font-weight: 400;\"> cree que <\/span><b>se absorbe r\u00e1pidamente<\/b><span style=\"font-weight: 400;\"> y no deja pel\u00edcula grasa*.<\/span>&nbsp;<\/li>\n<li style=\"font-weight: 400;\" aria-level=\"1\"><b>76%<\/b><span style=\"font-weight: 400;\"> de los usuarios confirman que este producto <\/span><b>no reseca la piel<\/b><span style=\"font-weight: 400;\">sino que la deja <\/span><b>nutrida<\/b><span style=\"font-weight: 400;\">.<\/span>&nbsp;<\/li>\n<\/ul>\n<p><span style=\"font-weight: 400;\">No es s\u00f3lo un tratamiento, es una transformaci\u00f3n. <\/span><b>A\u00f1ade ahora este limpiador a tu cesta<\/b><span style=\"font-weight: 400;\">\u00a1y haz que tu piel brille d\u00eda tras d\u00eda!<\/span><\/p>\n<p>&nbsp;<\/p>\n<p>&nbsp;<\/p>\n<h2><span style=\"font-weight: 400;\">FAQ : YOUNIQUE GLOWPLEXION Crema Hidratante<\/span><\/h2>\n<ol>\n<li><b>  \u00bfEsta crema es adecuada para pieles sensibles?<\/b><b><br \/>\n<\/b><span style=\"font-weight: 400;\">  S\u00ed, \u00a1por supuesto! La   <\/span><b>La Crema Hidratante GLOWPLEXION<\/b><span style=\"font-weight: 400;\"> ha sido probada dermatol\u00f3gicamente y es ideal para <\/span><b>pieles sensibles<\/b><span style=\"font-weight: 400;\">. Su f\u00f3rmula suave, enriquecida con  <\/span><b>manteca de karit\u00e9<\/b><span style=\"font-weight: 400;\"> y <\/span><b>higo chumbo<\/b><span style=\"font-weight: 400;\">Calma y nutre sin irritar.<\/span><\/li>\n<li><b>  \u00bfPuedo utilizarlo en pieles grasas?<\/b><b><br \/>\n<\/b><span style=\"font-weight: 400;\">  \u00a1Claro que puedes! El producto se ha dise\u00f1ado para   <\/span><b>todos los tipos de piel<\/b><span style=\"font-weight: 400;\">incluyendo <\/span><b>piel grasa<\/b><span style=\"font-weight: 400;\">. Gracias a la<\/span><b>\u00e1cido glic\u00f3lico<\/b><span style=\"font-weight: 400;\"> y <\/span><b>niacinamida<\/b><span style=\"font-weight: 400;\">Ayuda a regular el exceso de sebo manteniendo la hidrataci\u00f3n. Tu piel estar\u00e1 nutrida sin sentirse pesada. <\/span><\/li>\n<li><b>  \u00bfCu\u00e1les son las ventajas de utilizar resina reciclada en los envases?<\/b><b><br \/>\n<\/b> <span style=\"font-weight: 400;\"> Envases fabricados con <\/span><b>resina reciclada<\/b><span style=\"font-weight: 400;\">  reduce nuestro impacto medioambiental. Es una forma sencilla pero poderosa de contribuir a un mundo m\u00e1s sostenible.   <\/span><b>sostenible<\/b><span style=\"font-weight: 400;\">Disfruta de los beneficios de un producto de calidad que cuida tu piel y el planeta.<\/span><\/li>\n<li><b>  \u00bfCu\u00e1nto dura un bote de Crema Hidratante GLOWPLEXION?<\/b><b><br \/>\n<\/b> <span style=\"font-weight: 400;\"> Una botella de <\/span><b>50 ml<\/b><span style=\"font-weight: 400;\"> dura aproximadamente <\/span><b>60 d\u00edas<\/b><span style=\"font-weight: 400;\">  con el uso regular por la ma\u00f1ana y por la noche. Una peque\u00f1a cantidad es suficiente para nutrir e hidratar eficazmente tu piel, por lo que su relaci\u00f3n calidad-precio es excelente. <\/span><\/li>\n<li><b>  \u00bfPuedo utilizarlo por la ma\u00f1ana antes de maquillarme?<\/b><b><br \/>\n<\/b><span style=\"font-weight: 400;\">  S\u00ed, \u00a1por supuesto! En   <\/span><b>Crema Hidratante GLOWPLEXION<\/b><span style=\"font-weight: 400;\"> constituye una excelente <\/span><b>base hidratante<\/b><span style=\"font-weight: 400;\">  antes de maquillarte. Deja la piel lisa y suave, lista para recibir tu base de maquillaje o BB cream. No deja pel\u00edcula grasa y se absorbe r\u00e1pidamente.  <\/span><\/li>\n<li><b>  \u00bfTiene esta crema una fragancia fuerte?<\/b><b><br \/>\n<\/b> <span style=\"font-weight: 400;\"> No, la crema tiene una sutil <\/span><b>fragancia natural<\/b><span style=\"font-weight: 400;\"> de ingredientes como <\/span><b>higo chumbo<\/b><span style=\"font-weight: 400;\"> y<\/span><b>aceite de oliva<\/b><span style=\"font-weight: 400;\">. Es ligero y agradable, perfecto para quienes prefieren un cuidado de la piel no invasivo.<\/span><\/li>\n<\/ol>\n<p>&nbsp;<\/p>\n<p><span style=\"font-weight: 400;\">Tu piel, tu resplandor. <\/span><b>Haz clic aqu\u00ed para a\u00f1adir este producto a tu cesta<\/b><span style=\"font-weight: 400;\">\u00a1y comienza tu transformaci\u00f3n esta misma noche!<\/span><\/p>\n<p>&nbsp;<\/p>\n","protected":false},"excerpt":{"rendered":"<p><span style=\"font-weight: 400;\">Ver\u00e1s, hace unos meses, mi piel me daba muchos problemas. Entre los d\u00edas ajetreados, el estr\u00e9s y el cansancio, ten\u00eda la sensaci\u00f3n de que mi piel estaba demasiado seca.   <\/span><b>deshidratado<\/b><span style=\"font-weight: 400;\">, <\/span><b>sin brillo<\/b><span style=\"font-weight: 400;\">Era como si hubiera perdido ese atisbo de frescura. Era frustrante. Mi ansiedad desapareci\u00f3 en cuanto nuestros caminos se cruzaron:    <\/span><b>Crema Hidratante GLOWPLEXION<\/b><span style=\"font-weight: 400;\">  y yo. Desde entonces, mi piel <\/span> <b> m\u00e1s suave<\/b><span style=\"font-weight: 400;\">, <\/span><b>m\u00e1s suave<\/b><span style=\"font-weight: 400;\"> y <\/span><b>lista para brillar <\/b><span style=\"font-weight: 400;\">\u00a1!<\/span><\/p>\n<p><span style=\"font-weight: 400;\">\u00bfY lo mejor? Ella  <\/span><b>reacciona bien<\/b><span style=\"font-weight: 400;\">la <\/span><b>manteca de karit\u00e9<\/b><span style=\"font-weight: 400;\"> nutre mi piel y el<\/span><b>\u00e1cido glic\u00f3lico<\/b><span style=\"font-weight: 400;\">  simplemente ha borrado las peque\u00f1as irregularidades. Es   <\/span><b>deslumbrante<\/b><span style=\"font-weight: 400;\"> y <\/span><b>incluso<\/b><span style=\"font-weight: 400;\">. \u00a1Ahora s\u00e9 que mi piel est\u00e1 en buenas manos! Y lo que es m\u00e1s   <\/span><b>este producto es ecorresponsable<\/b><span style=\"font-weight: 400;\">con su botella rellenable. Esto es   <\/span><b>cuidado de la piel de lujo<\/b><span style=\"font-weight: 400;\"> que respeta el planeta, \u00a1y eso me encanta!<\/span><\/p>\n","protected":false},"featured_media":8380,"comment_status":"open","ping_status":"closed","template":"","meta":{"_seopress_robots_primary_cat":"none","_seopress_titles_title":"","_seopress_titles_desc":"","_seopress_robots_index":"","site-sidebar-layout":"default","site-content-layout":"","ast-site-content-layout":"default","site-content-style":"default","site-sidebar-style":"default","ast-global-header-display":"","ast-banner-title-visibility":"","ast-main-header-display":"","ast-hfb-above-header-display":"","ast-hfb-below-header-display":"","ast-hfb-mobile-header-display":"","site-post-title":"","ast-breadcrumbs-content":"","ast-featured-img":"","footer-sml-layout":"","ast-disable-related-posts":"","theme-transparent-header-meta":"default","adv-header-id-meta":"","stick-header-meta":"","header-above-stick-meta":"","header-main-stick-meta":"","header-below-stick-meta":"","astra-migrate-meta-layouts":"default","ast-page-background-enabled":"default","ast-page-background-meta":{"desktop":{"background-color":"var(--ast-global-color-4)","background-image":"","background-repeat":"repeat","background-position":"center center","background-size":"auto","background-attachment":"scroll","background-type":"","background-media":"","overlay-type":"","overlay-color":"","overlay-opacity":"","overlay-gradient":""},"tablet":{"background-color":"","background-image":"","background-repeat":"repeat","background-position":"center center","background-size":"auto","background-attachment":"scroll","background-type":"","background-media":"","overlay-type":"","overlay-color":"","overlay-opacity":"","overlay-gradient":""},"mobile":{"background-color":"","background-image":"","background-repeat":"repeat","background-position":"center center","background-size":"auto","background-attachment":"scroll","background-type":"","background-media":"","overlay-type":"","overlay-color":"","overlay-opacity":"","overlay-gradient":""}},"ast-content-background-meta":{"desktop":{"background-color":"var(--ast-global-color-5)","background-image":"","background-repeat":"repeat","background-position":"center center","background-size":"auto","background-attachment":"scroll","background-type":"","background-media":"","overlay-type":"","overlay-color":"","overlay-opacity":"","overlay-gradient":""},"tablet":{"background-color":"var(--ast-global-color-5)","background-image":"","background-repeat":"repeat","background-position":"center center","background-size":"auto","background-attachment":"scroll","background-type":"","background-media":"","overlay-type":"","overlay-color":"","overlay-opacity":"","overlay-gradient":""},"mobile":{"background-color":"var(--ast-global-color-5)","background-image":"","background-repeat":"repeat","background-position":"center center","background-size":"auto","background-attachment":"scroll","background-type":"","background-media":"","overlay-type":"","overlay-color":"","overlay-opacity":"","overlay-gradient":""}}},"product_brand":[],"product_cat":[72],"product_tag":[],"class_list":{"0":"post-9093","1":"product","2":"type-product","3":"status-publish","4":"has-post-thumbnail","6":"product_cat-piel","7":"desktop-align-left","8":"tablet-align-left","9":"mobile-align-left","11":"first","12":"instock","13":"sale","14":"shipping-taxable","15":"product-type-external"},"_links":{"self":[{"href":"https:\/\/youniquebyemilie.com\/es\/wp-json\/wp\/v2\/product\/9093","targetHints":{"allow":["GET"]}}],"collection":[{"href":"https:\/\/youniquebyemilie.com\/es\/wp-json\/wp\/v2\/product"}],"about":[{"href":"https:\/\/youniquebyemilie.com\/es\/wp-json\/wp\/v2\/types\/product"}],"replies":[{"embeddable":true,"href":"https:\/\/youniquebyemilie.com\/es\/wp-json\/wp\/v2\/comments?post=9093"}],"wp:featuredmedia":[{"embeddable":true,"href":"https:\/\/youniquebyemilie.com\/es\/wp-json\/wp\/v2\/media\/8380"}],"wp:attachment":[{"href":"https:\/\/youniquebyemilie.com\/es\/wp-json\/wp\/v2\/media?parent=9093"}],"wp:term":[{"taxonomy":"product_brand","embeddable":true,"href":"https:\/\/youniquebyemilie.com\/es\/wp-json\/wp\/v2\/product_brand?post=9093"},{"taxonomy":"product_cat","embeddable":true,"href":"https:\/\/youniquebyemilie.com\/es\/wp-json\/wp\/v2\/product_cat?post=9093"},{"taxonomy":"product_tag","embeddable":true,"href":"https:\/\/youniquebyemilie.com\/es\/wp-json\/wp\/v2\/product_tag?post=9093"}],"curies":[{"name":"wp","href":"https:\/\/api.w.org\/{rel}","templated":true}]}}