{"id":9102,"date":"2025-07-24T20:20:29","date_gmt":"2025-07-24T18:20:29","guid":{"rendered":"https:\/\/youniquebyemilie.com\/produit\/you-niversal-gel-limpiador-suave\/"},"modified":"2025-11-26T08:50:35","modified_gmt":"2025-11-26T07:50:35","slug":"you-niversal-gel-limpiador-suave","status":"publish","type":"product","link":"https:\/\/youniquebyemilie.com\/es\/produit\/you-niversal-gel-limpiador-suave\/","title":{"rendered":"YOU NIVERSAL Gel Limpiador Suave"},"content":{"rendered":"<p><span style=\"font-weight: 400;\">\u00bfConoces esos d\u00edas en los que tu piel te traiciona, en los que incluso despu\u00e9s de una buena noche de sue\u00f1o sigues sinti\u00e9ndote cansado? Yo tambi\u00e9n luch\u00e9 contra eso. Francamente, me cost\u00f3 mucho encontrar el limpiador perfecto. Mi piel era demasiado seca o demasiado grasa, y nada parec\u00eda funcionar. Hasta que prob\u00e9 el      <\/span><b>YOU-NIVERSAL gel limpiador suave<\/b><span style=\"font-weight: 400;\">. Se ha convertido en una parte esencial de mi rutina.<\/span><\/p>\n<p><span style=\"font-weight: 400;\">Su textura es tan <\/span><b>suave y agradable<\/b><span style=\"font-weight: 400;\">Se transforma en una espuma ligera en cuanto la aplicas. Lo que m\u00e1s me gusta es que no deja la piel tirante despu\u00e9s de la limpieza. Cada vez que la utilizo, siento la piel    <\/span><b>dulce<\/b><span style=\"font-weight: 400;\">, <\/span><b>hidratado<\/b><span style=\"font-weight: 400;\">Y perfectamente preparado para mi rutina de cuidado de la piel. Este gel es como un soplo de aire fresco para m\u00ed cada ma\u00f1ana. <\/span><\/p>\n<p>&nbsp;<\/p>\n<h2><span style=\"font-weight: 400;\">Por qu\u00e9 te encantar\u00e1:<\/span><\/h2>\n<ul>\n<li style=\"font-weight: 400;\" aria-level=\"1\"><b>Limpieza suave y eficaz:<\/b><span style=\"font-weight: 400;\">  El 89% de los usuarios confirman que elimina suavemente todas las impurezas, sin irritar tu piel. Te encantar\u00e1 esa sensaci\u00f3n de limpieza. <\/span>&nbsp;<\/li>\n<li style=\"font-weight: 400;\" aria-level=\"1\"><b>Hidrataci\u00f3n instant\u00e1nea :<\/b><span style=\"font-weight: 400;\"> Tu piel queda hidratada y suave al instante, sin la menor sensaci\u00f3n de tirantez.<\/span>&nbsp;<\/li>\n<li style=\"font-weight: 400;\" aria-level=\"1\"><b>F\u00f3rmula calmante :<\/b><span style=\"font-weight: 400;\"> Perfecta incluso para las pieles m\u00e1s sensibles, calma y reequilibra tu piel sin resecarla.<\/span>&nbsp;<\/li>\n<li style=\"font-weight: 400;\" aria-level=\"1\"><b>Respetuoso con la piel y el medio ambiente:<\/b><span style=\"font-weight: 400;\"> F\u00f3rmula sin crueldad y sin perfume, y sus envases est\u00e1n fabricados con materiales reciclados (PCR).<\/span>&nbsp;<\/li>\n<\/ul>\n<h2><span style=\"font-weight: 400;\">Los ingredientes m\u00e1gicos que miman tu piel:<\/span><\/h2>\n<ul>\n<li style=\"font-weight: 400;\" aria-level=\"1\"><b>Glicerina:<\/b><span style=\"font-weight: 400;\"> Atrae y retiene la humedad para una piel visiblemente hidratada y rellena.<\/span>&nbsp;<\/li>\n<li style=\"font-weight: 400;\" aria-level=\"1\"><b>Pureact :<\/b><span style=\"font-weight: 400;\"> Un limpiador suave y respetuoso, ideal para purificar suavemente incluso las pieles m\u00e1s sensibles.<\/span>&nbsp;<\/li>\n<li style=\"font-weight: 400;\" aria-level=\"1\"><b>Natrlquest :<\/b><span style=\"font-weight: 400;\"> Un potente antioxidante que protege tu piel y favorece sus defensas naturales.<\/span>&nbsp;<\/li>\n<\/ul>\n<h2><span style=\"font-weight: 400;\">C\u00f3mo utilizarlo f\u00e1cilmente :<\/span><\/h2>\n<ol>\n<li style=\"font-weight: 400;\" aria-level=\"1\"><b>M\u00f3jate la cara<\/b><span style=\"font-weight: 400;\"> con agua tibia para preparar la piel.<\/span>&nbsp;<\/li>\n<li style=\"font-weight: 400;\" aria-level=\"1\"><b>Aplica una peque\u00f1a cantidad<\/b><span style=\"font-weight: 400;\"> de gel limpiador en las manos y masajea suavemente el rostro con movimientos circulares.<\/span>&nbsp;<\/li>\n<li style=\"font-weight: 400;\" aria-level=\"1\"><b>Aclara abundantemente<\/b><span style=\"font-weight: 400;\"> con agua y s\u00e9cate suavemente la cara.<\/span>&nbsp;<\/li>\n<\/ol>\n<p><span style=\"font-weight: 400;\">Para una limpieza a\u00fan m\u00e1s profunda, recomiendo combinar este gel limpiador con un <\/span><b>desmaquillante<\/b><span style=\"font-weight: 400;\">como un doble ritual de limpieza. \u00a1Ver\u00e1s la diferencia! <\/span><\/p>\n<p>&nbsp;<\/p>\n<p><b>\u00a1Despi\u00e9rtate con una piel limpia, suave y perfectamente hidratada todos los d\u00edas!<\/b><span style=\"font-weight: 400;\">  A\u00f1\u00e1delo ahora a tu cesta de la compra y dale a tu piel el cuidado que se merece.<\/span><\/p>\n<p>&nbsp;<\/p>\n<h2><span style=\"font-weight: 400;\">FAQ : YOU-NIVERSAL Gel Limpiador Suave<\/span><\/h2>\n<ol>\n<li style=\"font-weight: 400;\" aria-level=\"1\"><b>\u00bfEste gel limpiador es adecuado para mi piel sensible?<\/b><b><br \/>\n<\/b><span style=\"font-weight: 400;\">  S\u00ed, \u00a1por supuesto! El Gel Limpiador Suave YOU-NIVERSAL est\u00e1 especialmente formulado para pieles sensibles. Limpia suavemente sin causar irritaci\u00f3n, por lo que es perfecto para pieles fr\u00e1giles y delicadas.  <\/span>&nbsp;<\/li>\n<li style=\"font-weight: 400;\" aria-level=\"1\"><b>\u00bfPuedo utilizarlo si tengo la piel seca?<\/b><b><br \/>\n<\/b><span style=\"font-weight: 400;\">  S\u00ed, \u00a1este gel es ideal para la piel seca! Ayuda a mantener la piel hidratada mientras elimina las impurezas. La glicerina y otros agentes hidratantes nutren tu piel para mantenerla suave y flexible.  <\/span>&nbsp;<\/li>\n<li style=\"font-weight: 400;\" aria-level=\"1\"><b>\u00bfEste gel limpiador es adecuado para pieles mixtas y grasas?<\/b><b><br \/>\n<\/b><span style=\"font-weight: 400;\">  \u00a1Por supuesto! Este suave gel limpiador est\u00e1 dise\u00f1ado para ser eficaz en todo tipo de pieles. Purifica la piel grasa sin resecarla y ayuda a equilibrar las zonas m\u00e1s secas, a la vez que controla el exceso de sebo.  <\/span>&nbsp;<\/li>\n<li style=\"font-weight: 400;\" aria-level=\"1\"><b>\u00bfSe ha probado el gel limpiador en animales?<\/b><b><br \/>\n<\/b><span style=\"font-weight: 400;\">  No, el Gel Limpiador Suave YOU-NIVERSAL es 100% libre de crueldad. No se ha probado en animales y cumple las normas \u00e9ticas de Younique para el desarrollo de productos. <\/span>&nbsp;<\/li>\n<li style=\"font-weight: 400;\" aria-level=\"1\"><b>\u00bfSe puede utilizar el gel limpiador en la piel del contorno de los ojos?<\/b><b><br \/>\n<\/b><span style=\"font-weight: 400;\">  S\u00ed, es lo bastante suave como para utilizarlo alrededor de los ojos, incluso para desmaquillarlos. Sin embargo, ten cuidado de evitar el contacto directo con los ojos. <\/span>&nbsp;<\/li>\n<li style=\"font-weight: 400;\" aria-level=\"1\"><b>\u00bfCu\u00e1nto tiempo se tarda en ver los primeros resultados?<\/b><b><br \/>\n<\/b><span style=\"font-weight: 400;\">  Desde la primera aplicaci\u00f3n, notar\u00e1s que tu piel est\u00e1 m\u00e1s fresca y suave. Tras unos d\u00edas de uso, tu piel estar\u00e1 visiblemente m\u00e1s clara, suave e hidratada. Para obtener resultados \u00f3ptimos, se recomienda su uso diario.  <\/span>&nbsp;<\/li>\n<li style=\"font-weight: 400;\" aria-level=\"1\"><b>\u00bfC\u00f3mo puedo maximizar los efectos de este gel limpiador?<\/b><b><br \/>\n<\/b><span style=\"font-weight: 400;\">  Para una limpieza profunda, recomiendo utilizar este gel limpiador dos veces. Empieza con un desmaquillante para eliminar el maquillaje y, a continuaci\u00f3n, aplica el gel limpiador suave para purificar e hidratar la piel. Esto optimizar\u00e1 la eficacia de los dem\u00e1s productos Younique que utilices.  <\/span>&nbsp;<\/li>\n<\/ol>\n<p><span style=\"font-weight: 400;\">\u00a1No dejes que a tu piel le falte suavidad e hidrataci\u00f3n! A\u00f1ade la   <\/span><b>YOU-NIVERSAL gel limpiador suave <\/b><span style=\"font-weight: 400;\">a tu cesta ahora y \u00a1descubre una piel como nunca antes!<\/span><\/p>\n<p>&nbsp;<\/p>\n","protected":false},"excerpt":{"rendered":"<p><span style=\"font-weight: 400;\">\u00bfSabes esos d\u00edas en los que tu piel te traiciona, en los que incluso despu\u00e9s de dormir bien por la noche sigues sinti\u00e9ndote cansada? Yo tambi\u00e9n luch\u00e9 contra eso. Francamente, me cost\u00f3 mucho encontrar el limpiador perfecto. Mi piel era demasiado seca o demasiado grasa, y nada parec\u00eda funcionar. Hasta que prob\u00e9 el      <\/span><b>YOU-NIVERSAL gel limpiador suave<\/b><span style=\"font-weight: 400;\">. Se ha convertido en una parte esencial de mi rutina.<\/span><\/p>\n","protected":false},"featured_media":8267,"comment_status":"open","ping_status":"closed","template":"","meta":{"_seopress_robots_primary_cat":"none","_seopress_titles_title":"","_seopress_titles_desc":"","_seopress_robots_index":"","site-sidebar-layout":"default","site-content-layout":"","ast-site-content-layout":"default","site-content-style":"default","site-sidebar-style":"default","ast-global-header-display":"","ast-banner-title-visibility":"","ast-main-header-display":"","ast-hfb-above-header-display":"","ast-hfb-below-header-display":"","ast-hfb-mobile-header-display":"","site-post-title":"","ast-breadcrumbs-content":"","ast-featured-img":"","footer-sml-layout":"","ast-disable-related-posts":"","theme-transparent-header-meta":"default","adv-header-id-meta":"","stick-header-meta":"","header-above-stick-meta":"","header-main-stick-meta":"","header-below-stick-meta":"","astra-migrate-meta-layouts":"default","ast-page-background-enabled":"default","ast-page-background-meta":{"desktop":{"background-color":"var(--ast-global-color-4)","background-image":"","background-repeat":"repeat","background-position":"center center","background-size":"auto","background-attachment":"scroll","background-type":"","background-media":"","overlay-type":"","overlay-color":"","overlay-opacity":"","overlay-gradient":""},"tablet":{"background-color":"","background-image":"","background-repeat":"repeat","background-position":"center center","background-size":"auto","background-attachment":"scroll","background-type":"","background-media":"","overlay-type":"","overlay-color":"","overlay-opacity":"","overlay-gradient":""},"mobile":{"background-color":"","background-image":"","background-repeat":"repeat","background-position":"center center","background-size":"auto","background-attachment":"scroll","background-type":"","background-media":"","overlay-type":"","overlay-color":"","overlay-opacity":"","overlay-gradient":""}},"ast-content-background-meta":{"desktop":{"background-color":"var(--ast-global-color-5)","background-image":"","background-repeat":"repeat","background-position":"center center","background-size":"auto","background-attachment":"scroll","background-type":"","background-media":"","overlay-type":"","overlay-color":"","overlay-opacity":"","overlay-gradient":""},"tablet":{"background-color":"var(--ast-global-color-5)","background-image":"","background-repeat":"repeat","background-position":"center center","background-size":"auto","background-attachment":"scroll","background-type":"","background-media":"","overlay-type":"","overlay-color":"","overlay-opacity":"","overlay-gradient":""},"mobile":{"background-color":"var(--ast-global-color-5)","background-image":"","background-repeat":"repeat","background-position":"center center","background-size":"auto","background-attachment":"scroll","background-type":"","background-media":"","overlay-type":"","overlay-color":"","overlay-opacity":"","overlay-gradient":""}}},"product_brand":[],"product_cat":[72],"product_tag":[],"class_list":{"0":"post-9102","1":"product","2":"type-product","3":"status-publish","4":"has-post-thumbnail","6":"product_cat-piel","7":"desktop-align-left","8":"tablet-align-left","9":"mobile-align-left","11":"first","12":"instock","13":"sale","14":"shipping-taxable","15":"product-type-external"},"_links":{"self":[{"href":"https:\/\/youniquebyemilie.com\/es\/wp-json\/wp\/v2\/product\/9102","targetHints":{"allow":["GET"]}}],"collection":[{"href":"https:\/\/youniquebyemilie.com\/es\/wp-json\/wp\/v2\/product"}],"about":[{"href":"https:\/\/youniquebyemilie.com\/es\/wp-json\/wp\/v2\/types\/product"}],"replies":[{"embeddable":true,"href":"https:\/\/youniquebyemilie.com\/es\/wp-json\/wp\/v2\/comments?post=9102"}],"wp:featuredmedia":[{"embeddable":true,"href":"https:\/\/youniquebyemilie.com\/es\/wp-json\/wp\/v2\/media\/8267"}],"wp:attachment":[{"href":"https:\/\/youniquebyemilie.com\/es\/wp-json\/wp\/v2\/media?parent=9102"}],"wp:term":[{"taxonomy":"product_brand","embeddable":true,"href":"https:\/\/youniquebyemilie.com\/es\/wp-json\/wp\/v2\/product_brand?post=9102"},{"taxonomy":"product_cat","embeddable":true,"href":"https:\/\/youniquebyemilie.com\/es\/wp-json\/wp\/v2\/product_cat?post=9102"},{"taxonomy":"product_tag","embeddable":true,"href":"https:\/\/youniquebyemilie.com\/es\/wp-json\/wp\/v2\/product_tag?post=9102"}],"curies":[{"name":"wp","href":"https:\/\/api.w.org\/{rel}","templated":true}]}}