{"id":9108,"date":"2025-07-24T20:12:48","date_gmt":"2025-07-24T18:12:48","guid":{"rendered":"https:\/\/youniquebyemilie.com\/produit\/toallitas-limpiadoras-you-ology\/"},"modified":"2025-11-26T08:50:41","modified_gmt":"2025-11-26T07:50:41","slug":"toallitas-limpiadoras-you-ology","status":"publish","type":"product","link":"https:\/\/youniquebyemilie.com\/es\/produit\/toallitas-limpiadoras-you-ology\/","title":{"rendered":"Toallitas limpiadoras YOU OLOGY"},"content":{"rendered":"<p><span style=\"font-weight: 400;\">\u00bfCansada de las toallitas desmaquillantes que te dejan la piel seca e irritada? A m\u00ed me pasaba lo mismo antes de <\/span><b>  Toallitas limpiadoras YOU-OLOGY<\/b><span style=\"font-weight: 400;\">. Estas peque\u00f1as maravillas hacen todo lo que cabr\u00eda esperar de ellas: hacen  <\/span><b>limpia<\/b><span style=\"font-weight: 400;\">, <\/span><b>purificar<\/b><span style=\"font-weight: 400;\">y <\/span><b>nutrir<\/b><span style=\"font-weight: 400;\"> todo en un solo paso.<\/span><\/p>\n<p><span style=\"font-weight: 400;\">Formulados con aceites naturales como el de girasol, oliva y jojoba, dejan mi piel suave, fresca y perfectamente hidratada. Ya no hay tirantez, sino una piel lista para brillar y recibir los dem\u00e1s tratamientos de mi rutina. <\/span><\/p>\n<p>&nbsp;<\/p>\n<h2><span style=\"font-weight: 400;\">Por qu\u00e9 te encantar\u00e1n:<\/span><\/h2>\n<ul>\n<li style=\"font-weight: 400;\" aria-level=\"1\"><b>Limpieza suave y nutritiva<\/b><span style=\"font-weight: 400;\"> Estas toallitas eliminan todas las impurezas sin da\u00f1ar ni deshidratar tu piel.<\/span><\/li>\n<li style=\"font-weight: 400;\" aria-level=\"1\"><b>Hidrataci\u00f3n inmediata<\/b><span style=\"font-weight: 400;\"> Tu piel queda nutrida, suave e hidratada al instante, sin pel\u00edcula grasa.<\/span><\/li>\n<li style=\"font-weight: 400;\" aria-level=\"1\"><b>Pr\u00e1ctico y eficaz<\/b><span style=\"font-weight: 400;\"> Ideal para desmaquillarse r\u00e1pidamente, incluso en movimiento.<\/span><\/li>\n<li style=\"font-weight: 400;\" aria-level=\"1\"><b>F\u00f3rmula para el cuidado de la piel<\/b><span style=\"font-weight: 400;\"> Enriquecidas con aceites naturales, proporcionan un cuidado completo a tu piel.<\/span><\/li>\n<\/ul>\n<p>&nbsp;<\/p>\n<h2><span style=\"font-weight: 400;\">Los ingredientes que hacen que estas toallitas sean m\u00e1gicas:<\/span><\/h2>\n<ul>\n<li style=\"font-weight: 400;\" aria-level=\"1\"><b>Aceite de girasol<\/b><span style=\"font-weight: 400;\"> Nutre y calma la piel, manteniendo su nivel de hidrataci\u00f3n.<\/span>&nbsp;<\/li>\n<li style=\"font-weight: 400;\" aria-level=\"1\"><b>Aceite de oliva<\/b><span style=\"font-weight: 400;\"> Refuerza la barrera cut\u00e1nea y nutre tu piel en profundidad.<\/span>&nbsp;<\/li>\n<li style=\"font-weight: 400;\" aria-level=\"1\"><b>Aceite de jojoba<\/b><span style=\"font-weight: 400;\"> Hidrata y regula el exceso de sebo manteniendo el equilibrio de la piel.<\/span>&nbsp;<\/li>\n<li style=\"font-weight: 400;\" aria-level=\"1\"><b>Romero<\/b><span style=\"font-weight: 400;\"> Aporta luminosidad y revitaliza la piel a la vez que la purifica.<\/span>&nbsp;<\/li>\n<li style=\"font-weight: 400;\" aria-level=\"1\"><b>Vitamina E<\/b><span style=\"font-weight: 400;\"> Un potente antioxidante que protege la piel y favorece su reparaci\u00f3n.<\/span>&nbsp;<\/li>\n<\/ul>\n<h2><span style=\"font-weight: 400;\">C\u00f3mo utilizarlos f\u00e1cilmente :<\/span><\/h2>\n<ol>\n<li style=\"font-weight: 400;\" aria-level=\"1\"><b>Abre<\/b><span style=\"font-weight: 400;\"> el envase y saca una toallita de limpieza prehumedecida.<\/span>&nbsp;<\/li>\n<li style=\"font-weight: 400;\" aria-level=\"1\"><b>Limpia<\/b><span style=\"font-weight: 400;\"> suavemente sobre el rostro y los ojos para eliminar todo rastro de maquillaje.<\/span>&nbsp;<\/li>\n<li style=\"font-weight: 400;\" aria-level=\"1\"><b>Cierra<\/b><span style=\"font-weight: 400;\"> la etiqueta para mantener frescas las toallitas.<\/span>&nbsp;<\/li>\n<li style=\"font-weight: 400;\" aria-level=\"1\"><b>Completa<\/b><span style=\"font-weight: 400;\"> tu rutina con tus productos habituales para el cuidado de la piel.<\/span>&nbsp;<\/li>\n<\/ol>\n<p><span style=\"font-weight: 400;\">No dejes que las impurezas apaguen tu piel. A\u00f1ade estas toallitas limpiadoras a tu cesta y disfruta de una limpieza suave e hidratante est\u00e9s donde est\u00e9s. <\/span><\/p>\n<p>&nbsp;<\/p>\n","protected":false},"excerpt":{"rendered":"<p><span style=\"font-weight: 400;\">\u00bfCansada de las toallitas desmaquillantes que te dejan la piel seca e irritada? A m\u00ed me pasaba lo mismo antes de <\/span><b>  Toallitas limpiadoras YOU-OLOGY<\/b><span style=\"font-weight: 400;\">. Estas peque\u00f1as maravillas hacen todo lo que cabr\u00eda esperar de ellas: hacen  <\/span><b>limpia<\/b><span style=\"font-weight: 400;\">, <\/span><b>purificar<\/b><span style=\"font-weight: 400;\">y <\/span><b>nutrir<\/b><span style=\"font-weight: 400;\"> todo en un solo paso.<\/span><\/p>\n<p><span style=\"font-weight: 400;\">Formulados con aceites naturales como el de girasol, oliva y jojoba, dejan mi piel suave, fresca y perfectamente hidratada. Ya no hay tirantez, sino una piel lista para brillar y recibir los dem\u00e1s tratamientos de mi rutina. <\/span><\/p>\n","protected":false},"featured_media":8237,"comment_status":"open","ping_status":"closed","template":"","meta":{"_seopress_robots_primary_cat":"none","_seopress_titles_title":"","_seopress_titles_desc":"","_seopress_robots_index":"","site-sidebar-layout":"default","site-content-layout":"","ast-site-content-layout":"default","site-content-style":"default","site-sidebar-style":"default","ast-global-header-display":"","ast-banner-title-visibility":"","ast-main-header-display":"","ast-hfb-above-header-display":"","ast-hfb-below-header-display":"","ast-hfb-mobile-header-display":"","site-post-title":"","ast-breadcrumbs-content":"","ast-featured-img":"","footer-sml-layout":"","ast-disable-related-posts":"","theme-transparent-header-meta":"default","adv-header-id-meta":"","stick-header-meta":"","header-above-stick-meta":"","header-main-stick-meta":"","header-below-stick-meta":"","astra-migrate-meta-layouts":"default","ast-page-background-enabled":"default","ast-page-background-meta":{"desktop":{"background-color":"var(--ast-global-color-4)","background-image":"","background-repeat":"repeat","background-position":"center center","background-size":"auto","background-attachment":"scroll","background-type":"","background-media":"","overlay-type":"","overlay-color":"","overlay-opacity":"","overlay-gradient":""},"tablet":{"background-color":"","background-image":"","background-repeat":"repeat","background-position":"center center","background-size":"auto","background-attachment":"scroll","background-type":"","background-media":"","overlay-type":"","overlay-color":"","overlay-opacity":"","overlay-gradient":""},"mobile":{"background-color":"","background-image":"","background-repeat":"repeat","background-position":"center center","background-size":"auto","background-attachment":"scroll","background-type":"","background-media":"","overlay-type":"","overlay-color":"","overlay-opacity":"","overlay-gradient":""}},"ast-content-background-meta":{"desktop":{"background-color":"var(--ast-global-color-5)","background-image":"","background-repeat":"repeat","background-position":"center center","background-size":"auto","background-attachment":"scroll","background-type":"","background-media":"","overlay-type":"","overlay-color":"","overlay-opacity":"","overlay-gradient":""},"tablet":{"background-color":"var(--ast-global-color-5)","background-image":"","background-repeat":"repeat","background-position":"center center","background-size":"auto","background-attachment":"scroll","background-type":"","background-media":"","overlay-type":"","overlay-color":"","overlay-opacity":"","overlay-gradient":""},"mobile":{"background-color":"var(--ast-global-color-5)","background-image":"","background-repeat":"repeat","background-position":"center center","background-size":"auto","background-attachment":"scroll","background-type":"","background-media":"","overlay-type":"","overlay-color":"","overlay-opacity":"","overlay-gradient":""}}},"product_brand":[],"product_cat":[72],"product_tag":[],"class_list":{"0":"post-9108","1":"product","2":"type-product","3":"status-publish","4":"has-post-thumbnail","6":"product_cat-piel","7":"desktop-align-left","8":"tablet-align-left","9":"mobile-align-left","11":"first","12":"instock","13":"sale","14":"shipping-taxable","15":"product-type-external"},"_links":{"self":[{"href":"https:\/\/youniquebyemilie.com\/es\/wp-json\/wp\/v2\/product\/9108","targetHints":{"allow":["GET"]}}],"collection":[{"href":"https:\/\/youniquebyemilie.com\/es\/wp-json\/wp\/v2\/product"}],"about":[{"href":"https:\/\/youniquebyemilie.com\/es\/wp-json\/wp\/v2\/types\/product"}],"replies":[{"embeddable":true,"href":"https:\/\/youniquebyemilie.com\/es\/wp-json\/wp\/v2\/comments?post=9108"}],"wp:featuredmedia":[{"embeddable":true,"href":"https:\/\/youniquebyemilie.com\/es\/wp-json\/wp\/v2\/media\/8237"}],"wp:attachment":[{"href":"https:\/\/youniquebyemilie.com\/es\/wp-json\/wp\/v2\/media?parent=9108"}],"wp:term":[{"taxonomy":"product_brand","embeddable":true,"href":"https:\/\/youniquebyemilie.com\/es\/wp-json\/wp\/v2\/product_brand?post=9108"},{"taxonomy":"product_cat","embeddable":true,"href":"https:\/\/youniquebyemilie.com\/es\/wp-json\/wp\/v2\/product_cat?post=9108"},{"taxonomy":"product_tag","embeddable":true,"href":"https:\/\/youniquebyemilie.com\/es\/wp-json\/wp\/v2\/product_tag?post=9108"}],"curies":[{"name":"wp","href":"https:\/\/api.w.org\/{rel}","templated":true}]}}