{"id":9115,"date":"2025-07-25T08:19:40","date_gmt":"2025-07-25T06:19:40","guid":{"rendered":"https:\/\/youniquebyemilie.com\/produit\/mascarilla-hidratante-de-noche-you-niversal\/"},"modified":"2025-11-26T08:49:55","modified_gmt":"2025-11-26T07:49:55","slug":"mascarilla-hidratante-de-noche-you-niversal","status":"publish","type":"product","link":"https:\/\/youniquebyemilie.com\/es\/produit\/mascarilla-hidratante-de-noche-you-niversal\/","title":{"rendered":"Mascarilla hidratante de noche YOU NIVERSAL"},"content":{"rendered":"<p><span style=\"font-weight: 400;\">Despi\u00e9rtate cada ma\u00f1ana con una<\/span><b> un cutis resplandeciente<\/b><span style=\"font-weight: 400;\">y<\/span><b> y una piel perfectamente hidratada<\/b><span style=\"font-weight: 400;\"> gracias a la <\/span><b>mascarilla hidratante de noche YOU-NIVERSAL<\/b><span style=\"font-weight: 400;\">. Yo tambi\u00e9n buscaba una mascarilla que hiciera el trabajo, sin complicaciones, potenciara la hidrataci\u00f3n y transformara mi piel de la noche a la ma\u00f1ana.<\/span><\/p>\n<p><span style=\"font-weight: 400;\">Se<\/span><b> hidrata<\/b><span style=\"font-weight: 400;\">, <\/span><b>alisa las l\u00edneas de expresi\u00f3n<\/b><span style=\"font-weight: 400;\">y <\/span><b>reduce las rojeces<\/b><span style=\"font-weight: 400;\">. \u00bfQu\u00e9 es lo que m\u00e1s me gusta? No deja una pel\u00edcula grasa. Puedo dormir tranquilamente, sin preocuparme de tener la piel pegajosa. Por la ma\u00f1ana, me despierto con una piel tersa y suave, lista para brillar. Para una aplicaci\u00f3n agradable y uniforme, utilizo el      <\/span><b>Cepillo para mascarilla YOUNIQUE<\/b><span style=\"font-weight: 400;\">. Este tratamiento se ha convertido en un  <\/span><b>imprescindible<\/b><span style=\"font-weight: 400;\"> para m\u00ed y estoy segura de que se convertir\u00e1 en tu aliado para una piel revitalizada y sin preocupaciones.<\/span><\/p>\n<p>&nbsp;<\/p>\n<h2><span style=\"font-weight: 400;\">Por qu\u00e9 te encantar\u00e1:<\/span><\/h2>\n<ul>\n<li style=\"font-weight: 400;\" aria-level=\"1\"><b>Hidrataci\u00f3n intensa<\/b><span style=\"font-weight: 400;\">  Despi\u00e9rtate con una piel perfectamente hidratada y lista para brillar. El 93% de las usuarias lo notaron a primera hora de la ma\u00f1ana. <\/span><\/li>\n<li style=\"font-weight: 400;\" aria-level=\"1\"><b>Piel suave y sana<\/b><span style=\"font-weight: 400;\"> : Disfruta de una piel nutrida y m\u00e1s suave, como atestiguan el 96% de las usuarias despu\u00e9s de cada aplicaci\u00f3n.<\/span><\/li>\n<li style=\"font-weight: 400;\" aria-level=\"1\"><b>Alisa las l\u00edneas de expresi\u00f3n<\/b><span style=\"font-weight: 400;\"> Reduce los signos de fatiga para un cutis fresco y descansado.<\/span><\/li>\n<li style=\"font-weight: 400;\" aria-level=\"1\"><b>Reduce las rojeces<\/b><span style=\"font-weight: 400;\"> Calma la piel y unifica la tez gracias a la niacinamida.<\/span><\/li>\n<li style=\"font-weight: 400;\" aria-level=\"1\"><b>R\u00e1pido y f\u00e1cil<\/b><span style=\"font-weight: 400;\"> Aplicaci\u00f3n sencilla antes de acostarte, con resultados inmediatos al despertar.<\/span><\/li>\n<\/ul>\n<p>&nbsp;<\/p>\n<h2><span style=\"font-weight: 400;\">Lo que hace que esta mascarilla sea imprescindible: sus potentes ingredientes<\/span><\/h2>\n<ul>\n<li style=\"font-weight: 400;\" aria-level=\"1\"><b>Niacinamida<\/b><span style=\"font-weight: 400;\"> Este potente ingrediente calma e hidrata la piel, reduciendo las rojeces para un cutis m\u00e1s uniforme y luminoso.<\/span><\/li>\n<li style=\"font-weight: 400;\" aria-level=\"1\"><b>Hialuronato s\u00f3dico<\/b><span style=\"font-weight: 400;\"> Atrae la humedad y mantiene tu piel perfectamente hidratada, para una piel suave y rellena por la ma\u00f1ana.<\/span><\/li>\n<li style=\"font-weight: 400;\" aria-level=\"1\"><b>P\u00e9ptidos<\/b><span style=\"font-weight: 400;\"> Estimulan la producci\u00f3n de col\u00e1geno, alisan las l\u00edneas de expresi\u00f3n y reducen los signos del envejecimiento para conseguir un cutis m\u00e1s joven y radiante.<\/span><\/li>\n<li style=\"font-weight: 400;\" aria-level=\"1\"><b>Beta\u00edna<\/b><span style=\"font-weight: 400;\"> Este hidratante natural calma y suaviza tu piel, al tiempo que mantiene una hidrataci\u00f3n \u00f3ptima durante toda la noche.<\/span><\/li>\n<\/ul>\n<p>&nbsp;<\/p>\n<h2><span style=\"font-weight: 400;\">C\u00f3mo utilizarlo :<\/span><\/h2>\n<ol>\n<li style=\"font-weight: 400;\" aria-level=\"1\"><b>Aplica una capa uniforme<\/b><span style=\"font-weight: 400;\"> de mascarilla hidratante de noche sobre el rostro limpio.<\/span>&nbsp;<\/li>\n<li style=\"font-weight: 400;\" aria-level=\"1\"><b>Deja actuar toda la noche<\/b><span style=\"font-weight: 400;\"> para una hidrataci\u00f3n y unos beneficios intensos.<\/span>&nbsp;<\/li>\n<li style=\"font-weight: 400;\" aria-level=\"1\"><b>Aclara<\/b><span style=\"font-weight: 400;\"> por la ma\u00f1ana para conseguir una piel hidratada y radiante.<\/span>&nbsp;<\/li>\n<\/ol>\n<p><span style=\"font-weight: 400;\">Incorpora esta mascarilla a tu rutina nocturna y haz de cada noche un momento de cuidado reparador de la piel. \u00a1A\u00f1\u00e1dela ahora a tu cesta y disfruta de una piel revitalizada con cada aplicaci\u00f3n!   <\/span><\/p>\n<p>&nbsp;<\/p>\n","protected":false},"excerpt":{"rendered":"<p><span style=\"font-weight: 400;\">Despi\u00e9rtate cada ma\u00f1ana con una<\/span><b> un cutis resplandeciente<\/b><span style=\"font-weight: 400;\">y<\/span><b> y una piel perfectamente hidratada<\/b><span style=\"font-weight: 400;\"> gracias a la <\/span><b>mascarilla hidratante de noche YOU-NIVERSAL<\/b><span style=\"font-weight: 400;\">. Yo tambi\u00e9n buscaba una mascarilla que hiciera el trabajo, sin complicaciones, potenciara la hidrataci\u00f3n y transformara mi piel de la noche a la ma\u00f1ana.<\/span><\/p>\n<p><span style=\"font-weight: 400;\">Se<\/span><b> hidrata<\/b><span style=\"font-weight: 400;\">, <\/span><b>alisa las l\u00edneas de expresi\u00f3n<\/b><span style=\"font-weight: 400;\">y <\/span><b>reduce las rojeces<\/b><span style=\"font-weight: 400;\">. \u00bfQu\u00e9 es lo que m\u00e1s me gusta? No deja una pel\u00edcula grasa. Puedo dormir tranquilamente, sin preocuparme de tener la piel pegajosa. Por la ma\u00f1ana, me despierto con la piel tersa y suave, lista para brillar. Para una aplicaci\u00f3n agradable y uniforme, utilizo el      <\/span><b>Cepillo para mascarilla YOUNIQUE<\/b><span style=\"font-weight: 400;\">. Este tratamiento se ha convertido en un  <\/span><b>imprescindible<\/b><span style=\"font-weight: 400;\"> para m\u00ed y estoy segura de que se convertir\u00e1 en tu aliado para una piel revitalizada y sin preocupaciones.<\/span><\/p>\n","protected":false},"featured_media":8442,"comment_status":"open","ping_status":"closed","template":"","meta":{"_seopress_robots_primary_cat":"none","_seopress_titles_title":"","_seopress_titles_desc":"","_seopress_robots_index":"","site-sidebar-layout":"default","site-content-layout":"","ast-site-content-layout":"default","site-content-style":"default","site-sidebar-style":"default","ast-global-header-display":"","ast-banner-title-visibility":"","ast-main-header-display":"","ast-hfb-above-header-display":"","ast-hfb-below-header-display":"","ast-hfb-mobile-header-display":"","site-post-title":"","ast-breadcrumbs-content":"","ast-featured-img":"","footer-sml-layout":"","ast-disable-related-posts":"","theme-transparent-header-meta":"default","adv-header-id-meta":"","stick-header-meta":"","header-above-stick-meta":"","header-main-stick-meta":"","header-below-stick-meta":"","astra-migrate-meta-layouts":"default","ast-page-background-enabled":"default","ast-page-background-meta":{"desktop":{"background-color":"var(--ast-global-color-4)","background-image":"","background-repeat":"repeat","background-position":"center center","background-size":"auto","background-attachment":"scroll","background-type":"","background-media":"","overlay-type":"","overlay-color":"","overlay-opacity":"","overlay-gradient":""},"tablet":{"background-color":"","background-image":"","background-repeat":"repeat","background-position":"center center","background-size":"auto","background-attachment":"scroll","background-type":"","background-media":"","overlay-type":"","overlay-color":"","overlay-opacity":"","overlay-gradient":""},"mobile":{"background-color":"","background-image":"","background-repeat":"repeat","background-position":"center center","background-size":"auto","background-attachment":"scroll","background-type":"","background-media":"","overlay-type":"","overlay-color":"","overlay-opacity":"","overlay-gradient":""}},"ast-content-background-meta":{"desktop":{"background-color":"var(--ast-global-color-5)","background-image":"","background-repeat":"repeat","background-position":"center center","background-size":"auto","background-attachment":"scroll","background-type":"","background-media":"","overlay-type":"","overlay-color":"","overlay-opacity":"","overlay-gradient":""},"tablet":{"background-color":"var(--ast-global-color-5)","background-image":"","background-repeat":"repeat","background-position":"center center","background-size":"auto","background-attachment":"scroll","background-type":"","background-media":"","overlay-type":"","overlay-color":"","overlay-opacity":"","overlay-gradient":""},"mobile":{"background-color":"var(--ast-global-color-5)","background-image":"","background-repeat":"repeat","background-position":"center center","background-size":"auto","background-attachment":"scroll","background-type":"","background-media":"","overlay-type":"","overlay-color":"","overlay-opacity":"","overlay-gradient":""}}},"product_brand":[],"product_cat":[72],"product_tag":[],"class_list":{"0":"post-9115","1":"product","2":"type-product","3":"status-publish","4":"has-post-thumbnail","6":"product_cat-piel","7":"desktop-align-left","8":"tablet-align-left","9":"mobile-align-left","11":"first","12":"instock","13":"sale","14":"shipping-taxable","15":"product-type-external"},"_links":{"self":[{"href":"https:\/\/youniquebyemilie.com\/es\/wp-json\/wp\/v2\/product\/9115","targetHints":{"allow":["GET"]}}],"collection":[{"href":"https:\/\/youniquebyemilie.com\/es\/wp-json\/wp\/v2\/product"}],"about":[{"href":"https:\/\/youniquebyemilie.com\/es\/wp-json\/wp\/v2\/types\/product"}],"replies":[{"embeddable":true,"href":"https:\/\/youniquebyemilie.com\/es\/wp-json\/wp\/v2\/comments?post=9115"}],"wp:featuredmedia":[{"embeddable":true,"href":"https:\/\/youniquebyemilie.com\/es\/wp-json\/wp\/v2\/media\/8442"}],"wp:attachment":[{"href":"https:\/\/youniquebyemilie.com\/es\/wp-json\/wp\/v2\/media?parent=9115"}],"wp:term":[{"taxonomy":"product_brand","embeddable":true,"href":"https:\/\/youniquebyemilie.com\/es\/wp-json\/wp\/v2\/product_brand?post=9115"},{"taxonomy":"product_cat","embeddable":true,"href":"https:\/\/youniquebyemilie.com\/es\/wp-json\/wp\/v2\/product_cat?post=9115"},{"taxonomy":"product_tag","embeddable":true,"href":"https:\/\/youniquebyemilie.com\/es\/wp-json\/wp\/v2\/product_tag?post=9115"}],"curies":[{"name":"wp","href":"https:\/\/api.w.org\/{rel}","templated":true}]}}