{"id":9118,"date":"2025-07-25T08:24:18","date_gmt":"2025-07-25T06:24:18","guid":{"rendered":"https:\/\/youniquebyemilie.com\/produit\/mascara-ocular-you-ology-30-pares\/"},"modified":"2025-11-26T08:49:49","modified_gmt":"2025-11-26T07:49:49","slug":"mascara-ocular-you-ology-30-pares","status":"publish","type":"product","link":"https:\/\/youniquebyemilie.com\/es\/produit\/mascara-ocular-you-ology-30-pares\/","title":{"rendered":"M\u00e1scara ocular YOU OLOGY - 30 pares"},"content":{"rendered":"<p><span style=\"font-weight: 400;\">\u00bfSabes esas ma\u00f1anas en las que a\u00fan te sientes un poco agotado, con esas bolsas bajo los ojos que te hacen parecer cansado? Eso ya no es un problema con   <\/span><b>M\u00e1scara de ojos YOU-OLOGY.<\/b><span style=\"font-weight: 400;\"> Este tratamiento r\u00e1pido y eficaz est\u00e1 dise\u00f1ado para transformar tu mirada en s\u00f3lo unos minutos, con una<\/span><b> f\u00f3rmula de alta gama <\/b><span style=\"font-weight: 400;\">que act\u00faa en profundidad.<\/span><\/p>\n<p><span style=\"font-weight: 400;\">Esta mascarilla hidratante para los ojos es la soluci\u00f3n ideal cuando tienes poco tiempo pero quieres una mirada fresca y luminosa. Reduce las ojeras y las bolsas en un abrir y cerrar de ojos. Y gracias a su    <\/span><b>f\u00f3rmula no grasa<\/b><span style=\"font-weight: 400;\">Puedes maquillarte inmediatamente despu\u00e9s. Con<\/span> <b> 30 pares por bote<\/b><span style=\"font-weight: 400;\">Obtendr\u00e1s un tratamiento completo para semanas de suavidad e hidrataci\u00f3n.<\/span><\/p>\n<h2><span style=\"font-weight: 400;\">Por qu\u00e9 te encantar\u00e1:<\/span><\/h2>\n<ul>\n<li style=\"font-weight: 400;\" aria-level=\"1\"><b>Adi\u00f3s a las ojeras y bolsas bajo los ojos<\/b><span style=\"font-weight: 400;\">  En s\u00f3lo unos minutos, tus ojos tendr\u00e1n un aspecto m\u00e1s terso y fresco. Di adi\u00f3s a los ojos de aspecto cansado y observa c\u00f3mo se transforma tu piel por debajo. <\/span>&nbsp;<\/li>\n<li style=\"font-weight: 400;\" aria-level=\"1\"><b>Hidrataci\u00f3n instant\u00e1nea<\/b><span style=\"font-weight: 400;\">  Esta mascarilla act\u00faa en profundidad, dejando tu piel no s\u00f3lo hidratada sino tambi\u00e9n calmada. Sentir\u00e1s una diferencia inmediata, y tu piel estar\u00e1 lista para brillar. <\/span>&nbsp;<\/li>\n<li style=\"font-weight: 400;\" aria-level=\"1\"><b>Un aspecto luminoso y descansado<\/b><span style=\"font-weight: 400;\"> En s\u00f3lo<\/span><b> 15 minutos<\/b><span style=\"font-weight: 400;\">Encontrar\u00e1s tu piel resplandeciente y tus ojos con un aspecto renovado. Es el tratamiento expr\u00e9s que necesitas para tener un cutis m\u00e1s fresco por la ma\u00f1ana. <\/span>&nbsp;<\/li>\n<li style=\"font-weight: 400;\" aria-level=\"1\"><b>Ultrapr\u00e1ctico y no graso<\/b><span style=\"font-weight: 400;\">  Apl\u00edcala, disfruta de su acci\u00f3n refrescante y maqu\u00edllate inmediatamente despu\u00e9s. Sin residuos, sin pel\u00edcula grasa, s\u00f3lo una piel suave lista para brillar. <\/span>&nbsp;<\/li>\n<\/ul>\n<h2><span style=\"font-weight: 400;\">Los ingredientes clave que marcan la diferencia :<\/span><\/h2>\n<ul>\n<li style=\"font-weight: 400;\" aria-level=\"1\"><b>Cafe\u00edna:<\/b><span style=\"font-weight: 400;\"> Da a tus ojos un aspecto m\u00e1s despierto reduciendo la hinchaz\u00f3n y las ojeras gracias a su efecto tonificante.<\/span>&nbsp;<\/li>\n<li style=\"font-weight: 400;\" aria-level=\"1\"><b>Vitamina C :<\/b><span style=\"font-weight: 400;\"> Ilumina la mirada combatiendo los signos de fatiga y unificando la tez.<\/span>&nbsp;<\/li>\n<li style=\"font-weight: 400;\" aria-level=\"1\"><b>Extracto de ra\u00edz de regaliz:<\/b><span style=\"font-weight: 400;\"> Reduce el aspecto de las imperfecciones y proporciona un brillo natural y saludable.<\/span>&nbsp;<\/li>\n<li style=\"font-weight: 400;\" aria-level=\"1\"><b>Hialuronato s\u00f3dico :<\/b><span style=\"font-weight: 400;\"> Hidrata intensamente tu piel y mantiene una sensaci\u00f3n de confort duradera.<\/span>&nbsp;<\/li>\n<li style=\"font-weight: 400;\" aria-level=\"1\"><b>Niacinamida :<\/b><span style=\"font-weight: 400;\"> Suaviza la piel, reduce la irritaci\u00f3n y unifica el tono de la piel para unos ojos radiantes.<\/span>&nbsp;<\/li>\n<\/ul>\n<h2><span style=\"font-weight: 400;\">C\u00f3mo utilizar f\u00e1cilmente tu m\u00e1scara ocular YOU-OLOGY  <\/span><\/h2>\n<ol>\n<li style=\"font-weight: 400;\" aria-level=\"1\"><span style=\"font-weight: 400;\">Coge una mascarilla y apl\u00edcala suavemente bajo los ojos.  <\/span><b>P\u00falsalo<\/b><span style=\"font-weight: 400;\">  ligeramente para que se ajuste bien a tu piel y descanses. Puedes ajustarlo si es necesario para una comodidad \u00f3ptima. <\/span>&nbsp;<\/li>\n<li style=\"font-weight: 400;\" aria-level=\"1\"><span style=\"font-weight: 400;\">Deja la mascarilla en la cara durante <\/span><b>de 10 a 15 minutos<\/b><span style=\"font-weight: 400;\">. T\u00f3mate este momento para relajarte y dejar que el producto act\u00fae. En s\u00f3lo unos minutos, ver\u00e1s y notar\u00e1s la diferencia. <\/span>&nbsp;<\/li>\n<li style=\"font-weight: 400;\" aria-level=\"1\"><span style=\"font-weight: 400;\">Despu\u00e9s de <\/span><b>15 minutos<\/b><span style=\"font-weight: 400;\">Retira suavemente la mascarilla y masajea la piel con el producto restante. No es necesario aclarar, la hidrataci\u00f3n y los beneficios permanecer\u00e1n. Contin\u00faa con tu rutina de cuidado de la piel Younique y disfruta de un aspecto fresco y descansado.  <\/span>&nbsp;<\/li>\n<\/ol>\n<p><b>A continuaci\u00f3n te explicamos c\u00f3mo incorporar la m\u00e1scara de ojos YOU-OLOGY a tu rutina diaria:<\/b><\/p>\n<h3><span style=\"font-weight: 400;\">Empieza el d\u00eda con energ\u00eda:<\/span><\/h3>\n<ol>\n<li style=\"font-weight: 400;\" aria-level=\"1\"><b>Despierta tu piel: <\/b><span style=\"font-weight: 400;\">Empieza con tu <\/span><b>limpiador personalizado YOU-OLOGY<\/b><span style=\"font-weight: 400;\">.<\/span>&nbsp;<\/li>\n<li style=\"font-weight: 400;\" aria-level=\"1\"><b>Tonifica : <\/b><span style=\"font-weight: 400;\">Aplica la <\/span><b>YOU-OLOGY Bruma Tonificante de Agua de Rosas<\/b><span style=\"font-weight: 400;\"> para potenciar el frescor.<\/span>&nbsp;<\/li>\n<li style=\"font-weight: 400;\" aria-level=\"1\"><b>Se dirige a \u00e1reas espec\u00edficas: <\/b><span style=\"font-weight: 400;\"> Aplicar YOU-OLOGY<\/span><b> YOU-OLOGY\u00ae crema contorno de ojos<\/b><span style=\"font-weight: 400;\"> y su <\/span><b>suero antiedad<\/b><span style=\"font-weight: 400;\"> o <\/span><b>suero iluminador<\/b><span style=\"font-weight: 400;\"> seg\u00fan tus necesidades.<\/span>&nbsp;<\/li>\n<li style=\"font-weight: 400;\" aria-level=\"1\"><b>Hidrata en profundidad : <\/b><span style=\"font-weight: 400;\"> Utiliza tu <\/span><b>YOU-OLOGY<\/b><span style=\"font-weight: 400;\"> para preparar tu piel para el d\u00eda.<\/span>&nbsp;<\/li>\n<li style=\"font-weight: 400;\" aria-level=\"1\"><b>Potenciador de m\u00e1scaras : <\/b><span style=\"font-weight: 400;\"> Ponte tu <\/span><b>YOU-OLOGY m\u00e1scara para los ojos<\/b><span style=\"font-weight: 400;\">  y deja que act\u00fae. Estar\u00e1s lista para afrontar el d\u00eda con unos ojos luminosos. <\/span>&nbsp;<\/li>\n<li style=\"font-weight: 400;\" aria-level=\"1\"><b>Apl\u00edcate el maquillaje:  <\/b><span style=\"font-weight: 400;\">  \u00a1Listo! Est\u00e1s lista para maquillar tu aspecto fresco y rejuvenecido. <\/span>&nbsp;<\/li>\n<\/ol>\n<p>&nbsp;<\/p>\n<h2><span style=\"font-weight: 400;\">Prep\u00e1rate para una noche de cuidados reparadores:<\/span><\/h2>\n<ol>\n<li style=\"font-weight: 400;\" aria-level=\"1\"><b>Elimina el maquillaje:<\/b><span style=\"font-weight: 400;\"> Utiliza YOUOLOGY <\/span><b>YOU-OLOGY\u00ae desmaquillante l\u00edquido<\/b><span style=\"font-weight: 400;\"> desmaquillante l\u00edquido para eliminar todo el maquillaje y las impurezas del d\u00eda.<\/span>&nbsp;<\/li>\n<li style=\"font-weight: 400;\" aria-level=\"1\"><b>Limpieza profunda :<\/b><span style=\"font-weight: 400;\"> Aplica tu <\/span><b>limpiador YOU-OLOGY<\/b><span style=\"font-weight: 400;\"> limpiador para una piel limpia y suave.<\/span>&nbsp;<\/li>\n<li style=\"font-weight: 400;\" aria-level=\"1\"><b>Tonifica y relaja:<\/b><span style=\"font-weight: 400;\"> Roc\u00eda tu rostro con<\/span><b> spray tonificante de agua de rosas<\/b> <b>YOU-OLOGY<\/b><span style=\"font-weight: 400;\">.<\/span>&nbsp;<\/li>\n<li style=\"font-weight: 400;\" aria-level=\"1\"><b>Hidrata y nutre: <\/b><span style=\"font-weight: 400;\"> Masajea una<\/span><b> gota de YOU-OLOGY UPLIFT<\/b><span style=\"font-weight: 400;\"> sobre el rostro para una piel suave.<\/span>&nbsp;<\/li>\n<li style=\"font-weight: 400;\" aria-level=\"1\"><b>Apunta a las zonas sensibles: <\/b><span style=\"font-weight: 400;\"> Volver a aplicar YOU-OLOGY<\/span><b> YOU-OLOGY\u00ae crema contorno de ojos<\/b><span style=\"font-weight: 400;\">contorno de ojos <\/span><b>suero antiedad<\/b><span style=\"font-weight: 400;\"> suero y tu<\/span><b> suero personalizado<\/b><span style=\"font-weight: 400;\">.<\/span>&nbsp;<\/li>\n<li style=\"font-weight: 400;\" aria-level=\"1\"><b>Hidr\u00e1tate por la noche: <\/b><span style=\"font-weight: 400;\"> Antes de irte a dormir, aplica tu crema de noche para un cuidado \u00f3ptimo.<\/span>&nbsp;<\/li>\n<\/ol>\n<p><span style=\"font-weight: 400;\">\u00a1Te mereces un aspecto renovado! A\u00f1ade el   <\/span><b>M\u00e1scara ocular YOU-OLOGY<\/b><span style=\"font-weight: 400;\"> A\u00f1ade un antifaz YOU-OLOGY a tu cesta de la compra para un tratamiento r\u00e1pido, eficaz y sin complicaciones.<\/span><\/p>\n<p>&nbsp;<\/p>\n<p>&nbsp;<\/p>\n<h2><span style=\"font-weight: 400;\">FAQ : M\u00e1scara ocular YOU-OLOGY<\/span><\/h2>\n<ol>\n<li style=\"font-weight: 400;\" aria-level=\"1\"><b>\u00bfLa m\u00e1scara de ojos YOU-OLOGY es adecuada para pieles sensibles?<\/b><b><br \/>\n<\/b><span style=\"font-weight: 400;\">  S\u00ed, la mascarilla est\u00e1 especialmente formulada para ser suave y calmante, incluso para las pieles m\u00e1s sensibles. No contiene perfume ni alcohol, por lo que es ideal para la delicada piel del contorno de los ojos. <\/span>&nbsp;<\/li>\n<li style=\"font-weight: 400;\" aria-level=\"1\"><b>\u00bfC\u00f3mo s\u00e9 si esta mascarilla me funciona realmente?<\/b><b><br \/>\n<\/b> <span style=\"font-weight: 400;\"> Gracias a su f\u00f3rmula enriquecida con ingredientes calmantes como la manzanilla y la cafe\u00edna, puedes esperar resultados visibles al cabo de <\/span><b>10-15 minutos<\/b><span style=\"font-weight: 400;\">  aplicaci\u00f3n. Muchos usuarios han informado de una piel m\u00e1s suave, hidratada y radiante tras un solo uso. <\/span>&nbsp;<\/li>\n<li style=\"font-weight: 400;\" aria-level=\"1\"><b>\u00bfEsta mascarilla es adecuada para usuarios de lentes de contacto?<\/b><b><br \/>\n<\/b><span style=\"font-weight: 400;\">  \u00a1Por supuesto! Esta mascarilla no contiene ingredientes que irriten a los usuarios de lentes de contacto. Puede utilizarse con seguridad, siempre que se evite el contacto directo con los ojos.  <\/span>&nbsp;<\/li>\n<li style=\"font-weight: 400;\" aria-level=\"1\"><b>\u00bfEs reutilizable la mascarilla?<\/b><b><br \/>\n<\/b><span style=\"font-weight: 400;\">  No, esta mascarilla est\u00e1 dise\u00f1ada para un solo uso. Una vez que te hayas quitado la mascarilla, es mejor desecharla y masajear el exceso de producto en la piel para obtener el m\u00e1ximo beneficio. <\/span>&nbsp;<\/li>\n<li style=\"font-weight: 400;\" aria-level=\"1\"><b>\u00bfSe puede utilizar la mascarilla antes o despu\u00e9s de maquillarse?<\/b><b><br \/>\n<\/b><span style=\"font-weight: 400;\">  La mascarilla no es grasa y se seca r\u00e1pidamente, por lo que puedes utilizarla por la ma\u00f1ana antes del maquillaje para refrescar e hidratar la piel. No deja residuos, por lo que es una opci\u00f3n excelente antes de aplicar tus productos de maquillaje. <\/span>&nbsp;<\/li>\n<li style=\"font-weight: 400;\" aria-level=\"1\"><b>\u00bfC\u00f3mo puedo maximizar los beneficios de la mascarilla para los ojos YOU-OLOGY?<\/b><b><br \/>\n<\/b><span style=\"font-weight: 400;\">  Para un tratamiento completo, incorp\u00f3rala a tu rutina diaria de cuidado de la piel. Tras aplicar la mascarilla, no olvides seguir con una crema hidratante para el contorno de ojos y un s\u00e9rum adecuado a tu tipo de piel para conseguir un efecto duradero. <\/span><\/li>\n<\/ol>\n<p>&nbsp;<\/p>\n<p><span style=\"font-weight: 400;\">\u00bfEl secreto de unos ojos radiantes? El   <\/span><b>M\u00e1scara ocular YOU-OLOGY<\/b><span style=\"font-weight: 400;\">. A\u00f1\u00e1delo ahora a tu cesta para  <\/span><b>una piel m\u00e1s suave e hidratada<\/b><span style=\"font-weight: 400;\"> en s\u00f3lo 15 minutos.<\/span><\/p>\n","protected":false},"excerpt":{"rendered":"<p><span style=\"font-weight: 400;\">\u00bfSabes esas ma\u00f1anas en las que a\u00fan te sientes un poco agotado, con esas bolsas bajo los ojos que te hacen parecer cansado? Eso ya no es un problema con   <\/span><b>M\u00e1scara de ojos YOU-OLOGY.<\/b><span style=\"font-weight: 400;\"> Este tratamiento r\u00e1pido y eficaz est\u00e1 dise\u00f1ado para transformar tu mirada en s\u00f3lo unos minutos, con una<\/span><b> f\u00f3rmula de alta gama <\/b><span style=\"font-weight: 400;\">que act\u00faa en profundidad.<\/span><\/p>\n<p><span style=\"font-weight: 400;\">Esta mascarilla hidratante para los ojos es la soluci\u00f3n ideal cuando tienes poco tiempo pero quieres una mirada fresca y luminosa. Reduce las ojeras y las bolsas en un abrir y cerrar de ojos. Y gracias a su    <\/span><b>f\u00f3rmula no grasa<\/b><span style=\"font-weight: 400;\">Puedes maquillarte inmediatamente despu\u00e9s. Con<\/span> <b> 30 pares por bote<\/b><span style=\"font-weight: 400;\">Obtendr\u00e1s un tratamiento completo para semanas de suavidad e hidrataci\u00f3n.<\/span><\/p>\n","protected":false},"featured_media":8463,"comment_status":"open","ping_status":"closed","template":"","meta":{"_seopress_robots_primary_cat":"none","_seopress_titles_title":"","_seopress_titles_desc":"","_seopress_robots_index":"","site-sidebar-layout":"default","site-content-layout":"","ast-site-content-layout":"default","site-content-style":"default","site-sidebar-style":"default","ast-global-header-display":"","ast-banner-title-visibility":"","ast-main-header-display":"","ast-hfb-above-header-display":"","ast-hfb-below-header-display":"","ast-hfb-mobile-header-display":"","site-post-title":"","ast-breadcrumbs-content":"","ast-featured-img":"","footer-sml-layout":"","ast-disable-related-posts":"","theme-transparent-header-meta":"default","adv-header-id-meta":"","stick-header-meta":"","header-above-stick-meta":"","header-main-stick-meta":"","header-below-stick-meta":"","astra-migrate-meta-layouts":"default","ast-page-background-enabled":"default","ast-page-background-meta":{"desktop":{"background-color":"var(--ast-global-color-4)","background-image":"","background-repeat":"repeat","background-position":"center center","background-size":"auto","background-attachment":"scroll","background-type":"","background-media":"","overlay-type":"","overlay-color":"","overlay-opacity":"","overlay-gradient":""},"tablet":{"background-color":"","background-image":"","background-repeat":"repeat","background-position":"center center","background-size":"auto","background-attachment":"scroll","background-type":"","background-media":"","overlay-type":"","overlay-color":"","overlay-opacity":"","overlay-gradient":""},"mobile":{"background-color":"","background-image":"","background-repeat":"repeat","background-position":"center center","background-size":"auto","background-attachment":"scroll","background-type":"","background-media":"","overlay-type":"","overlay-color":"","overlay-opacity":"","overlay-gradient":""}},"ast-content-background-meta":{"desktop":{"background-color":"var(--ast-global-color-5)","background-image":"","background-repeat":"repeat","background-position":"center center","background-size":"auto","background-attachment":"scroll","background-type":"","background-media":"","overlay-type":"","overlay-color":"","overlay-opacity":"","overlay-gradient":""},"tablet":{"background-color":"var(--ast-global-color-5)","background-image":"","background-repeat":"repeat","background-position":"center center","background-size":"auto","background-attachment":"scroll","background-type":"","background-media":"","overlay-type":"","overlay-color":"","overlay-opacity":"","overlay-gradient":""},"mobile":{"background-color":"var(--ast-global-color-5)","background-image":"","background-repeat":"repeat","background-position":"center center","background-size":"auto","background-attachment":"scroll","background-type":"","background-media":"","overlay-type":"","overlay-color":"","overlay-opacity":"","overlay-gradient":""}}},"product_brand":[],"product_cat":[72],"product_tag":[],"class_list":{"0":"post-9118","1":"product","2":"type-product","3":"status-publish","4":"has-post-thumbnail","6":"product_cat-piel","7":"desktop-align-left","8":"tablet-align-left","9":"mobile-align-left","11":"first","12":"instock","13":"sale","14":"shipping-taxable","15":"product-type-external"},"_links":{"self":[{"href":"https:\/\/youniquebyemilie.com\/es\/wp-json\/wp\/v2\/product\/9118","targetHints":{"allow":["GET"]}}],"collection":[{"href":"https:\/\/youniquebyemilie.com\/es\/wp-json\/wp\/v2\/product"}],"about":[{"href":"https:\/\/youniquebyemilie.com\/es\/wp-json\/wp\/v2\/types\/product"}],"replies":[{"embeddable":true,"href":"https:\/\/youniquebyemilie.com\/es\/wp-json\/wp\/v2\/comments?post=9118"}],"wp:featuredmedia":[{"embeddable":true,"href":"https:\/\/youniquebyemilie.com\/es\/wp-json\/wp\/v2\/media\/8463"}],"wp:attachment":[{"href":"https:\/\/youniquebyemilie.com\/es\/wp-json\/wp\/v2\/media?parent=9118"}],"wp:term":[{"taxonomy":"product_brand","embeddable":true,"href":"https:\/\/youniquebyemilie.com\/es\/wp-json\/wp\/v2\/product_brand?post=9118"},{"taxonomy":"product_cat","embeddable":true,"href":"https:\/\/youniquebyemilie.com\/es\/wp-json\/wp\/v2\/product_cat?post=9118"},{"taxonomy":"product_tag","embeddable":true,"href":"https:\/\/youniquebyemilie.com\/es\/wp-json\/wp\/v2\/product_tag?post=9118"}],"curies":[{"name":"wp","href":"https:\/\/api.w.org\/{rel}","templated":true}]}}