{"id":9124,"date":"2025-07-25T08:17:14","date_gmt":"2025-07-25T06:17:14","guid":{"rendered":"https:\/\/youniquebyemilie.com\/produit\/mascarilla-rejuvenecedora-you-niversal\/"},"modified":"2025-11-26T08:49:59","modified_gmt":"2025-11-26T07:49:59","slug":"mascarilla-rejuvenecedora-you-niversal","status":"publish","type":"product","link":"https:\/\/youniquebyemilie.com\/es\/produit\/mascarilla-rejuvenecedora-you-niversal\/","title":{"rendered":"Mascarilla Rejuvenecedora YOU NIVERSAL"},"content":{"rendered":"<p><span style=\"font-weight: 400;\">A mi piel le faltaba suavidad y frescura, con irregularidades que hac\u00edan que mi cutis pareciera cansado. Quer\u00eda un tratamiento que despertara todo eso. No empec\u00e9 con el    <\/span><b>Mascarilla Rejuvenecedora YOU-NIVERSAL<\/b><span style=\"font-weight: 400;\">Resurfacing Mask, pero ahora forma parte de mi rutina para siempre.<\/span><\/p>\n<p><span style=\"font-weight: 400;\">Esta mascarilla es mi secreto para dar a mi piel ese brillo juvenil que cre\u00eda que hab\u00eda perdido. En s\u00f3lo   <\/span><b>10 minutos<\/b><span style=\"font-weight: 400;\">Transforma completamente mi cutis. Lo aplico f\u00e1cilmente, lo dejo actuar y \u00a1boom! Mi piel est\u00e1    <\/span><b>suave<\/b><span style=\"font-weight: 400;\">, <\/span><b>deslumbrante<\/b><span style=\"font-weight: 400;\">y <\/span><b>super suave<\/b><span style=\"font-weight: 400;\">lista para afrontar el d\u00eda. Si me lo aplico por la noche, me despierto con un cutis m\u00e1s radiante, como si hubiera ido al balneario, \u00a1pero sin el tiempo de viaje! <\/span><\/p>\n<p>&nbsp;<\/p>\n<h2><span style=\"font-weight: 400;\">Por qu\u00e9 te encantar\u00e1:<\/span><\/h2>\n<ul>\n<li style=\"font-weight: 400;\" aria-level=\"1\"><b>Revelaci\u00f3n instant\u00e1nea:<\/b><span style=\"font-weight: 400;\"> En s\u00f3lo 10 minutos, tu cutis est\u00e1 visiblemente m\u00e1s liso y luminoso, listo para afrontar el d\u00eda sin esfuerzo.<\/span><\/li>\n<li style=\"font-weight: 400;\" aria-level=\"1\"><b>Alisado expr\u00e9s:<\/b><span style=\"font-weight: 400;\"> Tu piel se vuelve m\u00e1s suave y uniforme desde la primera aplicaci\u00f3n, con una sensaci\u00f3n inmediata de frescor.<\/span><\/li>\n<li style=\"font-weight: 400;\" aria-level=\"1\"><b>Una tez radiante garantizada:<\/b><span style=\"font-weight: 400;\"> Enriquecido con <\/span><b>niacinamida<\/b><span style=\"font-weight: 400;\"> y <\/span><b>\u00e1cidos<\/b><span style=\"font-weight: 400;\">Elimina las imperfecciones y devuelve a tu piel su luminosidad natural. \u00a1Resultados visibles desde el primer uso! <\/span><\/li>\n<li style=\"font-weight: 400;\" aria-level=\"1\"><b>Eficacia probada:<\/b><span style=\"font-weight: 400;\"> El 96% de los usuarios declararon una piel m\u00e1s suave y tersa despu\u00e9s de<\/span><b> 4 semanas<\/b><span style=\"font-weight: 400;\">. \u00a1Un tratamiento transformador del cuidado de la piel del que no te arrepentir\u00e1s!<\/span><\/li>\n<\/ul>\n<p>&nbsp;<\/p>\n<h2><span style=\"font-weight: 400;\">Los ingredientes que lo hacen todo :<\/span><\/h2>\n<ul>\n<li style=\"font-weight: 400;\" aria-level=\"1\"><b>Niacinamida :<\/b><span style=\"font-weight: 400;\">  \u00a1Un superh\u00e9roe para tu cutis! Reduce las rojeces y equilibra tu piel, para un cutis m\u00e1s uniforme y radiante. <\/span><\/li>\n<li style=\"font-weight: 400;\" aria-level=\"1\"><b>\u00c1cidos glic\u00f3lico y salic\u00edlico:<\/b><span style=\"font-weight: 400;\"> Deja que estos \u00e1cidos act\u00faen y observa c\u00f3mo tu piel se alisa, elimina las c\u00e9lulas muertas y las imperfecciones.<\/span><\/li>\n<li style=\"font-weight: 400;\" aria-level=\"1\"><b>P\u00e9ptidos :<\/b><span style=\"font-weight: 400;\"> Estimula la producci\u00f3n de col\u00e1geno para una piel m\u00e1s firme y tersa, menos marcada por el paso del tiempo.<\/span><\/li>\n<li style=\"font-weight: 400;\" aria-level=\"1\"><b>Extracto de uva y jengibre:<\/b><span style=\"font-weight: 400;\"> Estos antioxidantes potencian tu piel, hidrat\u00e1ndola en profundidad y dej\u00e1ndola resplandeciente de salud.<\/span><\/li>\n<\/ul>\n<p>&nbsp;<\/p>\n<h2><span style=\"font-weight: 400;\">C\u00f3mo utilizarlo f\u00e1cilmente :<\/span><\/h2>\n<ol>\n<li style=\"font-weight: 400;\" aria-level=\"1\"><b>Aplica una capa uniforme<\/b><span style=\"font-weight: 400;\"> sobre la piel limpia.<\/span><\/li>\n<li style=\"font-weight: 400;\" aria-level=\"1\"><b>Deja actuar<\/b><span style=\"font-weight: 400;\"> de 10 a 15 minutos para que act\u00faen los ingredientes.<\/span><\/li>\n<li style=\"font-weight: 400;\" aria-level=\"1\"><b>Aclara<\/b><span style=\"font-weight: 400;\"> y deja que tu piel respire.<\/span><\/li>\n<\/ol>\n<p><span style=\"font-weight: 400;\">La <\/span><b>Mascarilla Rejuvenecedora YOU-NIVERSAL<\/b><span style=\"font-weight: 400;\">Es exactamente lo que buscaba: un tratamiento sencillo, r\u00e1pido pero ultraeficaz. Est\u00e1 transformando mi piel sin complicaciones, y s\u00e9 que a ti tambi\u00e9n te va a encantar. No esperes m\u00e1s, a\u00f1ade la mascarilla rejuvenecedora YOU-NIVERSAL a tu cesta y consigue un cutis perfectamente liso en un abrir y cerrar de ojos.  <\/span><\/p>\n<p>&nbsp;<\/p>\n","protected":false},"excerpt":{"rendered":"<p><span style=\"font-weight: 400;\">A mi piel le faltaba suavidad y frescura, con irregularidades que hac\u00edan que mi cutis pareciera cansado. Quer\u00eda un tratamiento que despertara todo eso. No empec\u00e9 con el    <\/span><b>Mascarilla Rejuvenecedora YOU-NIVERSAL<\/b><span style=\"font-weight: 400;\">Resurfacing Mask, pero ahora forma parte de mi rutina para siempre.<\/span><\/p>\n<p><span style=\"font-weight: 400;\">Esta mascarilla es mi secreto para dar a mi piel ese brillo juvenil que cre\u00eda que hab\u00eda perdido. En s\u00f3lo   <\/span><b>10 minutos<\/b><span style=\"font-weight: 400;\">Transforma completamente mi cutis. Lo aplico f\u00e1cilmente, lo dejo actuar y \u00a1boom! Mi piel est\u00e1    <\/span><b>suave<\/b><span style=\"font-weight: 400;\">, <\/span><b>deslumbrante<\/b><span style=\"font-weight: 400;\">y <\/span><b>super suave<\/b><span style=\"font-weight: 400;\">lista para afrontar el d\u00eda. Si me lo aplico por la noche, me despierto con un cutis m\u00e1s radiante, como si hubiera ido al balneario, \u00a1pero sin el tiempo de viaje! <\/span><\/p>\n","protected":false},"featured_media":8435,"comment_status":"open","ping_status":"closed","template":"","meta":{"_seopress_robots_primary_cat":"none","_seopress_titles_title":"","_seopress_titles_desc":"","_seopress_robots_index":"","site-sidebar-layout":"default","site-content-layout":"","ast-site-content-layout":"default","site-content-style":"default","site-sidebar-style":"default","ast-global-header-display":"","ast-banner-title-visibility":"","ast-main-header-display":"","ast-hfb-above-header-display":"","ast-hfb-below-header-display":"","ast-hfb-mobile-header-display":"","site-post-title":"","ast-breadcrumbs-content":"","ast-featured-img":"","footer-sml-layout":"","ast-disable-related-posts":"","theme-transparent-header-meta":"default","adv-header-id-meta":"","stick-header-meta":"","header-above-stick-meta":"","header-main-stick-meta":"","header-below-stick-meta":"","astra-migrate-meta-layouts":"default","ast-page-background-enabled":"default","ast-page-background-meta":{"desktop":{"background-color":"var(--ast-global-color-4)","background-image":"","background-repeat":"repeat","background-position":"center center","background-size":"auto","background-attachment":"scroll","background-type":"","background-media":"","overlay-type":"","overlay-color":"","overlay-opacity":"","overlay-gradient":""},"tablet":{"background-color":"","background-image":"","background-repeat":"repeat","background-position":"center center","background-size":"auto","background-attachment":"scroll","background-type":"","background-media":"","overlay-type":"","overlay-color":"","overlay-opacity":"","overlay-gradient":""},"mobile":{"background-color":"","background-image":"","background-repeat":"repeat","background-position":"center center","background-size":"auto","background-attachment":"scroll","background-type":"","background-media":"","overlay-type":"","overlay-color":"","overlay-opacity":"","overlay-gradient":""}},"ast-content-background-meta":{"desktop":{"background-color":"var(--ast-global-color-5)","background-image":"","background-repeat":"repeat","background-position":"center center","background-size":"auto","background-attachment":"scroll","background-type":"","background-media":"","overlay-type":"","overlay-color":"","overlay-opacity":"","overlay-gradient":""},"tablet":{"background-color":"var(--ast-global-color-5)","background-image":"","background-repeat":"repeat","background-position":"center center","background-size":"auto","background-attachment":"scroll","background-type":"","background-media":"","overlay-type":"","overlay-color":"","overlay-opacity":"","overlay-gradient":""},"mobile":{"background-color":"var(--ast-global-color-5)","background-image":"","background-repeat":"repeat","background-position":"center center","background-size":"auto","background-attachment":"scroll","background-type":"","background-media":"","overlay-type":"","overlay-color":"","overlay-opacity":"","overlay-gradient":""}}},"product_brand":[],"product_cat":[72],"product_tag":[],"class_list":{"0":"post-9124","1":"product","2":"type-product","3":"status-publish","4":"has-post-thumbnail","6":"product_cat-piel","7":"desktop-align-left","8":"tablet-align-left","9":"mobile-align-left","11":"first","12":"instock","13":"sale","14":"shipping-taxable","15":"product-type-external"},"_links":{"self":[{"href":"https:\/\/youniquebyemilie.com\/es\/wp-json\/wp\/v2\/product\/9124","targetHints":{"allow":["GET"]}}],"collection":[{"href":"https:\/\/youniquebyemilie.com\/es\/wp-json\/wp\/v2\/product"}],"about":[{"href":"https:\/\/youniquebyemilie.com\/es\/wp-json\/wp\/v2\/types\/product"}],"replies":[{"embeddable":true,"href":"https:\/\/youniquebyemilie.com\/es\/wp-json\/wp\/v2\/comments?post=9124"}],"wp:featuredmedia":[{"embeddable":true,"href":"https:\/\/youniquebyemilie.com\/es\/wp-json\/wp\/v2\/media\/8435"}],"wp:attachment":[{"href":"https:\/\/youniquebyemilie.com\/es\/wp-json\/wp\/v2\/media?parent=9124"}],"wp:term":[{"taxonomy":"product_brand","embeddable":true,"href":"https:\/\/youniquebyemilie.com\/es\/wp-json\/wp\/v2\/product_brand?post=9124"},{"taxonomy":"product_cat","embeddable":true,"href":"https:\/\/youniquebyemilie.com\/es\/wp-json\/wp\/v2\/product_cat?post=9124"},{"taxonomy":"product_tag","embeddable":true,"href":"https:\/\/youniquebyemilie.com\/es\/wp-json\/wp\/v2\/product_tag?post=9124"}],"curies":[{"name":"wp","href":"https:\/\/api.w.org\/{rel}","templated":true}]}}