{"id":9126,"date":"2025-07-26T00:02:52","date_gmt":"2025-07-25T22:02:52","guid":{"rendered":"https:\/\/youniquebyemilie.com\/produit\/limpiador-younique-glowplexion\/"},"modified":"2025-11-26T08:49:41","modified_gmt":"2025-11-26T07:49:41","slug":"limpiador-younique-glowplexion","status":"publish","type":"product","link":"https:\/\/youniquebyemilie.com\/es\/produit\/limpiador-younique-glowplexion\/","title":{"rendered":"Limpiador YOUNIQUE GLOWPLEXION"},"content":{"rendered":"<p><span style=\"font-weight: 400;\">Hace poco, una amiga me habl\u00f3 de un problema que ten\u00eda con su piel. Entre su estresante trabajo, sus hijos y sus interminables jornadas, siempre se sent\u00eda cansada, y se le notaba en la cara. Su piel parec\u00eda deprimida,    <\/span><b>apagado<\/b><span style=\"font-weight: 400;\">y ya no era capaz de recuperar el resplandor natural que sol\u00eda tener.<\/span><\/p>\n<p><span style=\"font-weight: 400;\">Me dijo que hab\u00eda probado muchos limpiadores sin \u00e9xito. Hasta que un d\u00eda le recomend\u00e9 el   <\/span><b>Limpiador GLOWPLEXION<\/b><span style=\"font-weight: 400;\">. Se arriesg\u00f3 y lo prob\u00f3. A los pocos d\u00edas, me dijo que su piel estaba   <\/span><b>completamente transformado<\/b><span style=\"font-weight: 400;\">. No s\u00f3lo hab\u00eda recuperado la tez  <\/span><b>m\u00e1s brillante<\/b><span style=\"font-weight: 400;\"> y m\u00e1s suave <\/span><b>suave<\/b><span style=\"font-weight: 400;\">pero tambi\u00e9n se sent\u00eda <\/span><b>fresca<\/b><span style=\"font-weight: 400;\"> y <\/span><b>revitalizada<\/b><span style=\"font-weight: 400;\">. Era como si el producto hubiera  <\/span><b>un reinicio<\/b><span style=\"font-weight: 400;\">  para tu piel. Y lo mejor de todo es que tambi\u00e9n es respetuoso con el medio ambiente, con envases fabricados con materiales reciclados.   <\/span><b>resina reciclada<\/b><span style=\"font-weight: 400;\">. Desde entonces, ha jurado por este limpiador.  <\/span><\/p>\n<p>&nbsp;<\/p>\n<h2><span style=\"font-weight: 400;\">Te encantar\u00e1 este limpiador, y he aqu\u00ed por qu\u00e9<\/span><\/h2>\n<ul>\n<li style=\"font-weight: 400;\" aria-level=\"1\"><b>Limpieza profunda y reducci\u00f3n de poros<\/b><span style=\"font-weight: 400;\">  Este limpiador elimina suavemente todas las impurezas y el exceso de sebo. Tu piel queda   <\/span><b>limpiado<\/b><span style=\"font-weight: 400;\">, <\/span><b>liso<\/b><span style=\"font-weight: 400;\"> y lista para irradiar.<\/span><\/li>\n<li style=\"font-weight: 400;\" aria-level=\"1\"><b>F\u00f3rmula premium que respeta tu piel<\/b><span style=\"font-weight: 400;\"> nutre e hidrata tu piel, dej\u00e1ndola <\/span><b>un resultado radiante<\/b><span style=\"font-weight: 400;\">. Cada aplicaci\u00f3n es un momento de bienestar.<\/span><\/li>\n<li style=\"font-weight: 400;\" aria-level=\"1\"><b>Eco-responsable<\/b><span style=\"font-weight: 400;\"> Con su botella hecha de <\/span><b>resina reciclada<\/b><span style=\"font-weight: 400;\">har\u00e1s un bien a tu piel y al planeta.<\/span><\/li>\n<li style=\"font-weight: 400;\" aria-level=\"1\"><b>Pr\u00e1ctico y eficaz<\/b><span style=\"font-weight: 400;\">  Una peque\u00f1a cantidad es todo lo que necesitas para cada aplicaci\u00f3n. R\u00e1pido y f\u00e1cil de usar.   <\/span><b>Menos tiempo, m\u00e1s resultados.<\/b><\/li>\n<\/ul>\n<h2><span style=\"font-weight: 400;\">C\u00f3mo utilizarlo  <\/span><\/h2>\n<ol>\n<li style=\"font-weight: 400;\" aria-level=\"1\"><b>Presiona<\/b><span style=\"font-weight: 400;\"> una peque\u00f1a cantidad de limpiador en las manos.<\/span><\/li>\n<li style=\"font-weight: 400;\" aria-level=\"1\"><b>Aplica<\/b><span style=\"font-weight: 400;\"> delicadamente sobre el rostro con <\/span><b>movimientos circulares<\/b><span style=\"font-weight: 400;\">.<\/span><\/li>\n<li style=\"font-weight: 400;\" aria-level=\"1\"><b>Aclara<\/b><span style=\"font-weight: 400;\">  con abundante agua tibia. Tu piel est\u00e1   <\/span><b>fresco<\/b><span style=\"font-weight: 400;\"> y <\/span><b>lista para brillar<\/b><span style=\"font-weight: 400;\">.<\/span><\/li>\n<\/ol>\n<p><b>Consejo<\/b><span style=\"font-weight: 400;\">  Util\u00edzala por la ma\u00f1ana y por la noche para obtener resultados \u00f3ptimos. Y para una rutina completa de cuidado de la piel, comb\u00ednalo con otros productos de la gama   <\/span><b>GLOWPLEXION<\/b><span style=\"font-weight: 400;\">.<\/span><\/p>\n<p>&nbsp;<\/p>\n<h2><span style=\"font-weight: 400;\">Lo que dicen los usuarios  <\/span><\/h2>\n<ul>\n<li style=\"font-weight: 400;\" aria-level=\"1\"><b>85%<\/b><span style=\"font-weight: 400;\"> de los usuarios notaron que su piel se sent\u00eda <\/span><b>aliviada<\/b><span style=\"font-weight: 400;\"> tras su uso.*<\/span><\/li>\n<li style=\"font-weight: 400;\" aria-level=\"1\"><b>82%<\/b><span style=\"font-weight: 400;\"> dicen que les limpia la cara perfectamente <\/span><b>perfectamente<\/b><span style=\"font-weight: 400;\">.*<\/span><\/li>\n<li style=\"font-weight: 400;\" aria-level=\"1\"><b>91%<\/b><span style=\"font-weight: 400;\"> lo encuentran <\/span><b>suave<\/b><span style=\"font-weight: 400;\"> y <\/span><b>no irritante<\/b><span style=\"font-weight: 400;\"> para su piel*.<\/span><\/li>\n<li style=\"font-weight: 400;\" aria-level=\"1\"><b>76%<\/b><span style=\"font-weight: 400;\"> de los usuarios consideran que este producto <\/span><b>no reseca la piel.<\/b><\/li>\n<\/ul>\n<p><span style=\"font-weight: 400;\">Transforma tu piel, limpiador a limpiador. <\/span><b>A\u00f1\u00e1delo a tu cesta de la compra<\/b><span style=\"font-weight: 400;\"> y descubre resultados visibles que hablan por s\u00ed solos.<\/span><\/p>\n<p>&nbsp;<\/p>\n<h2><span style=\"font-weight: 400;\">FAQ : Limpiador YOUNIQUE GLOWPLEXION<\/span><\/h2>\n<ol>\n<li><b>  \u00bfEl Limpiador GLOWPLEXION es adecuado para todo tipo de pieles?<\/b><b><br \/>\n<\/b> <span style=\"font-weight: 400;\"> S\u00ed, el <\/span><b>Limpiador GLOWPLEXION<\/b><span style=\"font-weight: 400;\">  est\u00e1 especialmente dise\u00f1ado para adaptarse a todo tipo de pieles, ya sean secas, grasas, mixtas o sensibles. Su f\u00f3rmula suave limpia en profundidad respetando el equilibrio natural de la piel. Hidrata y nutre sin irritar incluso las pieles m\u00e1s delicadas.  <\/span><\/li>\n<li><b>  \u00bfCu\u00e1les son los principales principios activos del Limpiador GLOWPLEXION?<\/b><b><br \/>\n<\/b><span style=\"font-weight: 400;\">  El limpiador est\u00e1 formulado con potentes ingredientes como :<\/span><\/li>\n<\/ol>\n<ul>\n<li style=\"font-weight: 400;\" aria-level=\"1\"><b>Niacinamida<\/b><span style=\"font-weight: 400;\"> Reduce las imperfecciones y mejora la textura de la piel.<\/span><\/li>\n<li style=\"font-weight: 400;\" aria-level=\"1\"><b>\u00c1cido glic\u00f3lico<\/b><span style=\"font-weight: 400;\"> Exfolia suavemente para conseguir un cutis luminoso y terso.<\/span><\/li>\n<li style=\"font-weight: 400;\" aria-level=\"1\"><b>Higo chumbo<\/b><span style=\"font-weight: 400;\"> Calma e hidrata la piel al tiempo que ofrece una fragancia natural.<\/span><\/li>\n<li style=\"font-weight: 400;\" aria-level=\"1\"><b>Hialuronato s\u00f3dico<\/b><span style=\"font-weight: 400;\"> Mantiene una hidrataci\u00f3n \u00f3ptima y aporta suavidad.<\/span><\/li>\n<\/ul>\n<ol start=\"3\">\n<li><b>  \u00bfEste producto es adecuado para el uso diario?<\/b><b><br \/>\n<\/b><span style=\"font-weight: 400;\">  S\u00ed, el Limpiador GLOWPLEXION est\u00e1 dise\u00f1ado para usarse todos los d\u00edas, por la ma\u00f1ana y por la noche. Limpia sin resecar y ayuda a mantener una piel clara y radiante todos los d\u00edas. <\/span><\/li>\n<li><b>  \u00bfPuedo utilizarlo con otros productos para el cuidado de la piel?<\/b><b><br \/>\n<\/b><span style=\"font-weight: 400;\">  \u00a1Por supuesto! Visita   <\/span><b>Limpiador GLOWPLEXION<\/b><span style=\"font-weight: 400;\"> El limpiador es perfectamente compatible con otros productos de la gama <\/span><b>GLOWPLEXION<\/b><span style=\"font-weight: 400;\">. Puedes incorporarlo a tu rutina diaria antes de aplicar tu crema hidratante o s\u00e9rum para obtener mejores resultados.<\/span><\/li>\n<li><b>  \u00bfCu\u00e1nto dura un bote de Limpiador GLOWPLEXION?<\/b><b><br \/>\n<\/b> <span style=\"font-weight: 400;\"> Una botella de <\/span><b>125 ml<\/b><span style=\"font-weight: 400;\"> dura aproximadamente <\/span><b>60 d\u00edas<\/b><span style=\"font-weight: 400;\">  para uso diario por la ma\u00f1ana y por la noche. Una peque\u00f1a cantidad es todo lo que necesitas, por lo que es un producto duradero y econ\u00f3mico. <\/span><\/li>\n<li><b>  \u00bfPuedo utilizar este limpiador para desmaquillarme?<\/b><b><br \/>\n<\/b> <span style=\"font-weight: 400;\"> Aunque <\/span><b>Limpiador GLOWPLEXION<\/b><span style=\"font-weight: 400;\">  Limpia eficazmente, por lo que recomendamos utilizarlo despu\u00e9s del desmaquillante. Para una limpieza completa, util\u00edzalo despu\u00e9s del desmaquillante o del aceite limpiador para conseguir una piel perfectamente limpia y radiante. <\/span><\/li>\n<\/ol>\n<p>&nbsp;<\/p>\n<p><span style=\"font-weight: 400;\">Tu cutis te lo agradecer\u00e1 con cada pulverizaci\u00f3n. <\/span><b>Haz clic para a\u00f1adir este limpiador a tu cesta<\/b><span style=\"font-weight: 400;\"> \u00a1y deja que tu piel brille!<\/span><\/p>\n","protected":false},"excerpt":{"rendered":"<p><span style=\"font-weight: 400;\">Hace poco, una amiga me habl\u00f3 de un problema que ten\u00eda con su piel. Entre su estresante trabajo, sus hijos y sus interminables jornadas, siempre se sent\u00eda cansada, y se le notaba en la cara. Su piel parec\u00eda deprimida,    <\/span><b>apagado<\/b><span style=\"font-weight: 400;\">y ya no era capaz de recuperar el resplandor natural que sol\u00eda tener.<\/span><\/p>\n<p><span style=\"font-weight: 400;\">Me dijo que hab\u00eda probado muchos limpiadores sin \u00e9xito. Hasta que un d\u00eda le recomend\u00e9 el   <\/span><b>Limpiador GLOWPLEXION<\/b><span style=\"font-weight: 400;\">. Se arriesg\u00f3 y lo prob\u00f3. A los pocos d\u00edas, me dijo que su piel estaba   <\/span><b>completamente transformado<\/b><span style=\"font-weight: 400;\">. No s\u00f3lo hab\u00eda recuperado la tez  <\/span><b>m\u00e1s brillante<\/b><span style=\"font-weight: 400;\"> y m\u00e1s suave <\/span><b>suave<\/b><span style=\"font-weight: 400;\">pero tambi\u00e9n se sent\u00eda <\/span><b>fresca<\/b><span style=\"font-weight: 400;\"> y <\/span><b>revitalizada<\/b><span style=\"font-weight: 400;\">. Era como si el producto hubiera  <\/span><b>un reinicio<\/b><span style=\"font-weight: 400;\">  para tu piel. Y lo mejor de todo es que tambi\u00e9n es respetuoso con el medio ambiente, con envases fabricados con materiales reciclados.   <\/span><b>resina reciclada<\/b><span style=\"font-weight: 400;\">. Desde entonces, ha jurado por este limpiador.  <\/span><\/p>\n","protected":false},"featured_media":8387,"comment_status":"open","ping_status":"closed","template":"","meta":{"_seopress_robots_primary_cat":"none","_seopress_titles_title":"","_seopress_titles_desc":"","_seopress_robots_index":"","site-sidebar-layout":"default","site-content-layout":"","ast-site-content-layout":"default","site-content-style":"default","site-sidebar-style":"default","ast-global-header-display":"","ast-banner-title-visibility":"","ast-main-header-display":"","ast-hfb-above-header-display":"","ast-hfb-below-header-display":"","ast-hfb-mobile-header-display":"","site-post-title":"","ast-breadcrumbs-content":"","ast-featured-img":"","footer-sml-layout":"","ast-disable-related-posts":"","theme-transparent-header-meta":"default","adv-header-id-meta":"","stick-header-meta":"","header-above-stick-meta":"","header-main-stick-meta":"","header-below-stick-meta":"","astra-migrate-meta-layouts":"default","ast-page-background-enabled":"default","ast-page-background-meta":{"desktop":{"background-color":"var(--ast-global-color-4)","background-image":"","background-repeat":"repeat","background-position":"center center","background-size":"auto","background-attachment":"scroll","background-type":"","background-media":"","overlay-type":"","overlay-color":"","overlay-opacity":"","overlay-gradient":""},"tablet":{"background-color":"","background-image":"","background-repeat":"repeat","background-position":"center center","background-size":"auto","background-attachment":"scroll","background-type":"","background-media":"","overlay-type":"","overlay-color":"","overlay-opacity":"","overlay-gradient":""},"mobile":{"background-color":"","background-image":"","background-repeat":"repeat","background-position":"center center","background-size":"auto","background-attachment":"scroll","background-type":"","background-media":"","overlay-type":"","overlay-color":"","overlay-opacity":"","overlay-gradient":""}},"ast-content-background-meta":{"desktop":{"background-color":"var(--ast-global-color-5)","background-image":"","background-repeat":"repeat","background-position":"center center","background-size":"auto","background-attachment":"scroll","background-type":"","background-media":"","overlay-type":"","overlay-color":"","overlay-opacity":"","overlay-gradient":""},"tablet":{"background-color":"var(--ast-global-color-5)","background-image":"","background-repeat":"repeat","background-position":"center center","background-size":"auto","background-attachment":"scroll","background-type":"","background-media":"","overlay-type":"","overlay-color":"","overlay-opacity":"","overlay-gradient":""},"mobile":{"background-color":"var(--ast-global-color-5)","background-image":"","background-repeat":"repeat","background-position":"center center","background-size":"auto","background-attachment":"scroll","background-type":"","background-media":"","overlay-type":"","overlay-color":"","overlay-opacity":"","overlay-gradient":""}}},"product_brand":[],"product_cat":[72],"product_tag":[],"class_list":{"0":"post-9126","1":"product","2":"type-product","3":"status-publish","4":"has-post-thumbnail","6":"product_cat-piel","7":"desktop-align-left","8":"tablet-align-left","9":"mobile-align-left","11":"first","12":"instock","13":"sale","14":"shipping-taxable","15":"product-type-external"},"_links":{"self":[{"href":"https:\/\/youniquebyemilie.com\/es\/wp-json\/wp\/v2\/product\/9126","targetHints":{"allow":["GET"]}}],"collection":[{"href":"https:\/\/youniquebyemilie.com\/es\/wp-json\/wp\/v2\/product"}],"about":[{"href":"https:\/\/youniquebyemilie.com\/es\/wp-json\/wp\/v2\/types\/product"}],"replies":[{"embeddable":true,"href":"https:\/\/youniquebyemilie.com\/es\/wp-json\/wp\/v2\/comments?post=9126"}],"wp:featuredmedia":[{"embeddable":true,"href":"https:\/\/youniquebyemilie.com\/es\/wp-json\/wp\/v2\/media\/8387"}],"wp:attachment":[{"href":"https:\/\/youniquebyemilie.com\/es\/wp-json\/wp\/v2\/media?parent=9126"}],"wp:term":[{"taxonomy":"product_brand","embeddable":true,"href":"https:\/\/youniquebyemilie.com\/es\/wp-json\/wp\/v2\/product_brand?post=9126"},{"taxonomy":"product_cat","embeddable":true,"href":"https:\/\/youniquebyemilie.com\/es\/wp-json\/wp\/v2\/product_cat?post=9126"},{"taxonomy":"product_tag","embeddable":true,"href":"https:\/\/youniquebyemilie.com\/es\/wp-json\/wp\/v2\/product_tag?post=9126"}],"curies":[{"name":"wp","href":"https:\/\/api.w.org\/{rel}","templated":true}]}}