{"id":9133,"date":"2025-07-25T08:11:39","date_gmt":"2025-07-25T06:11:39","guid":{"rendered":"https:\/\/youniquebyemilie.com\/produit\/pincel-aplicador-de-mascarilla-younique\/"},"modified":"2025-11-26T08:50:06","modified_gmt":"2025-11-26T07:50:06","slug":"pincel-aplicador-de-mascarilla-younique","status":"publish","type":"product","link":"https:\/\/youniquebyemilie.com\/es\/produit\/pincel-aplicador-de-mascarilla-younique\/","title":{"rendered":"Pincel aplicador de mascarilla Younique"},"content":{"rendered":"<p><span style=\"font-weight: 400;\">\u00bfSabes lo que me molesta de las rutinas de belleza cl\u00e1sicas? El despilfarro. Con la    <\/span><b>Pincel Mascarilla Younique<\/b><span style=\"font-weight: 400;\">Me desped\u00ed de eso. Este cepillo   <\/span><b>100% vegano<\/b><span style=\"font-weight: 400;\"> y <\/span><b>ultrasuave <\/b> <span style=\"font-weight: 400;\">me facilita la aplicaci\u00f3n de la mascarilla. Puedo utilizarla sin sentimiento de culpa, sabiendo que est\u00e1 fabricada con cerdas veganas y que es f\u00e1cil de limpiar despu\u00e9s de cada uso. <\/span><\/p>\n<p><span style=\"font-weight: 400;\">Esta peque\u00f1a herramienta lo cambia todo, sobre todo para las mujeres que, como yo, buscan pasos sencillos pero eficaces. Si quieres una aplicaci\u00f3n precisa, una m\u00e1scara distribuida uniformemente y una rutina que respete tus valores, has encontrado lo que necesitas.   <\/span><b>No pierdas m\u00e1s tiempo y a\u00f1\u00e1delo a tu cesta<\/b><span style=\"font-weight: 400;\"> \u00a1!<\/span><\/p>\n<h2><span style=\"font-weight: 400;\">Por qu\u00e9 te encantar\u00e1:<\/span><\/h2>\n<ul>\n<li style=\"font-weight: 400;\" aria-level=\"1\"><b>Aplicaci\u00f3n uniforme y precisa<\/b><span style=\"font-weight: 400;\">  Este cepillo aplica tu mascarilla de forma uniforme, para que no necesites demasiado producto. Cada aplicaci\u00f3n se optimiza y tu mascarilla se distribuye uniformemente. <\/span>&nbsp;<\/li>\n<li style=\"font-weight: 400;\" aria-level=\"1\"><b>Pelo vegano suave<\/b><span style=\"font-weight: 400;\">  Las cerdas del cepillo son veganas, ultrasuaves y agradables al tacto. La aplicaci\u00f3n se convierte en un verdadero momento de bienestar. <\/span>&nbsp;<\/li>\n<li style=\"font-weight: 400;\" aria-level=\"1\"><b>F\u00e1cil de limpiar<\/b><span style=\"font-weight: 400;\">  El mantenimiento es un juego de ni\u00f1os. Se limpia f\u00e1cilmente con   <\/span><b>agua caliente<\/b><span style=\"font-weight: 400;\"> y <\/span><b>jab\u00f3n suave<\/b><span style=\"font-weight: 400;\">para que puedas volver a utilizarla r\u00e1pidamente, limpia y lista para usar.<\/span>&nbsp;<\/li>\n<li style=\"font-weight: 400;\" aria-level=\"1\"><b>Forma anat\u00f3mica<\/b><span style=\"font-weight: 400;\"> Su forma est\u00e1 especialmente dise\u00f1ada para una aplicaci\u00f3n fluida y sin esfuerzo, adapt\u00e1ndose perfectamente a tu cara, sea cual sea el tipo de m\u00e1scara que utilices.<\/span>&nbsp;<\/li>\n<\/ul>\n<h2><span style=\"font-weight: 400;\">C\u00f3mo utilizarlo :<\/span><\/h2>\n<ol>\n<li style=\"font-weight: 400;\" aria-level=\"1\"><b>Aplica<\/b><span style=\"font-weight: 400;\"> Sumerge el pincel en la mascarilla que elijas y desl\u00edzalo por el rostro para obtener una capa uniforme.<\/span>&nbsp;<\/li>\n<li style=\"font-weight: 400;\" aria-level=\"1\"><b>Alisa<\/b><span style=\"font-weight: 400;\"> Utiliza el lado plano para perfeccionar las zonas de dif\u00edcil acceso o irregulares.<\/span>&nbsp;<\/li>\n<li style=\"font-weight: 400;\" aria-level=\"1\"><b>Limpia<\/b><span style=\"font-weight: 400;\">  Aclara con agua tibia y jab\u00f3n suave despu\u00e9s de cada uso. \u00a1Ya est\u00e1 lista para tu pr\u00f3xima mascarilla! <\/span>&nbsp;<\/li>\n<\/ol>\n<p>&nbsp;<\/p>\n<h2><span style=\"font-weight: 400;\">Por qu\u00e9 lo necesitas en tu rutina de belleza:<\/span><\/h2>\n<p><span style=\"font-weight: 400;\">Si, como a m\u00ed, te gusta cuidarte a la vez que obtienes resultados perfectos, el <\/span><b>cepillo para mascarillas Younique<\/b><span style=\"font-weight: 400;\">  es imprescindible. Optimiza la aplicaci\u00f3n de tus mascarillas, las distribuye m\u00e1s uniformemente y te permite utilizar menos producto.   <\/span><b>A\u00f1\u00e1delo ahora a tu cesta<\/b><span style=\"font-weight: 400;\"> \u00a1y descubre una nueva forma de aplicar tus mascarillas con precisi\u00f3n y sencillez!<\/span><\/p>\n<p>&nbsp;<\/p>\n","protected":false},"excerpt":{"rendered":"<p><span style=\"font-weight: 400;\">\u00bfSabes lo que me molesta de las rutinas de belleza cl\u00e1sicas? El despilfarro. Con la    <\/span><b>Pincel Mascarilla Younique<\/b><span style=\"font-weight: 400;\">Me desped\u00ed de eso. Este cepillo   <\/span><b>100% vegano<\/b><span style=\"font-weight: 400;\"> y <\/span><b>ultrasuave <\/b> <span style=\"font-weight: 400;\">me facilita la aplicaci\u00f3n de la mascarilla. Puedo utilizarla sin sentimiento de culpa, sabiendo que est\u00e1 fabricada con cerdas veganas y que es f\u00e1cil de limpiar despu\u00e9s de cada uso. <\/span><\/p>\n<p><span style=\"font-weight: 400;\">Esta peque\u00f1a herramienta lo cambia todo, sobre todo para las mujeres que, como yo, buscan pasos sencillos pero eficaces. Si quieres una aplicaci\u00f3n precisa, una m\u00e1scara distribuida uniformemente y una rutina que respete tus valores, has encontrado lo que necesitas.   <\/span><b>No pierdas m\u00e1s tiempo y a\u00f1\u00e1delo a tu cesta<\/b><span style=\"font-weight: 400;\"> \u00a1!<\/span><\/p>\n","protected":false},"featured_media":8414,"comment_status":"open","ping_status":"closed","template":"","meta":{"_seopress_robots_primary_cat":"none","_seopress_titles_title":"","_seopress_titles_desc":"","_seopress_robots_index":"","site-sidebar-layout":"default","site-content-layout":"","ast-site-content-layout":"default","site-content-style":"default","site-sidebar-style":"default","ast-global-header-display":"","ast-banner-title-visibility":"","ast-main-header-display":"","ast-hfb-above-header-display":"","ast-hfb-below-header-display":"","ast-hfb-mobile-header-display":"","site-post-title":"","ast-breadcrumbs-content":"","ast-featured-img":"","footer-sml-layout":"","ast-disable-related-posts":"","theme-transparent-header-meta":"default","adv-header-id-meta":"","stick-header-meta":"","header-above-stick-meta":"","header-main-stick-meta":"","header-below-stick-meta":"","astra-migrate-meta-layouts":"default","ast-page-background-enabled":"default","ast-page-background-meta":{"desktop":{"background-color":"var(--ast-global-color-4)","background-image":"","background-repeat":"repeat","background-position":"center center","background-size":"auto","background-attachment":"scroll","background-type":"","background-media":"","overlay-type":"","overlay-color":"","overlay-opacity":"","overlay-gradient":""},"tablet":{"background-color":"","background-image":"","background-repeat":"repeat","background-position":"center center","background-size":"auto","background-attachment":"scroll","background-type":"","background-media":"","overlay-type":"","overlay-color":"","overlay-opacity":"","overlay-gradient":""},"mobile":{"background-color":"","background-image":"","background-repeat":"repeat","background-position":"center center","background-size":"auto","background-attachment":"scroll","background-type":"","background-media":"","overlay-type":"","overlay-color":"","overlay-opacity":"","overlay-gradient":""}},"ast-content-background-meta":{"desktop":{"background-color":"var(--ast-global-color-5)","background-image":"","background-repeat":"repeat","background-position":"center center","background-size":"auto","background-attachment":"scroll","background-type":"","background-media":"","overlay-type":"","overlay-color":"","overlay-opacity":"","overlay-gradient":""},"tablet":{"background-color":"var(--ast-global-color-5)","background-image":"","background-repeat":"repeat","background-position":"center center","background-size":"auto","background-attachment":"scroll","background-type":"","background-media":"","overlay-type":"","overlay-color":"","overlay-opacity":"","overlay-gradient":""},"mobile":{"background-color":"var(--ast-global-color-5)","background-image":"","background-repeat":"repeat","background-position":"center center","background-size":"auto","background-attachment":"scroll","background-type":"","background-media":"","overlay-type":"","overlay-color":"","overlay-opacity":"","overlay-gradient":""}}},"product_brand":[],"product_cat":[72],"product_tag":[],"class_list":{"0":"post-9133","1":"product","2":"type-product","3":"status-publish","4":"has-post-thumbnail","6":"product_cat-piel","7":"desktop-align-left","8":"tablet-align-left","9":"mobile-align-left","11":"first","12":"instock","13":"sale","14":"shipping-taxable","15":"product-type-external"},"_links":{"self":[{"href":"https:\/\/youniquebyemilie.com\/es\/wp-json\/wp\/v2\/product\/9133","targetHints":{"allow":["GET"]}}],"collection":[{"href":"https:\/\/youniquebyemilie.com\/es\/wp-json\/wp\/v2\/product"}],"about":[{"href":"https:\/\/youniquebyemilie.com\/es\/wp-json\/wp\/v2\/types\/product"}],"replies":[{"embeddable":true,"href":"https:\/\/youniquebyemilie.com\/es\/wp-json\/wp\/v2\/comments?post=9133"}],"wp:featuredmedia":[{"embeddable":true,"href":"https:\/\/youniquebyemilie.com\/es\/wp-json\/wp\/v2\/media\/8414"}],"wp:attachment":[{"href":"https:\/\/youniquebyemilie.com\/es\/wp-json\/wp\/v2\/media?parent=9133"}],"wp:term":[{"taxonomy":"product_brand","embeddable":true,"href":"https:\/\/youniquebyemilie.com\/es\/wp-json\/wp\/v2\/product_brand?post=9133"},{"taxonomy":"product_cat","embeddable":true,"href":"https:\/\/youniquebyemilie.com\/es\/wp-json\/wp\/v2\/product_cat?post=9133"},{"taxonomy":"product_tag","embeddable":true,"href":"https:\/\/youniquebyemilie.com\/es\/wp-json\/wp\/v2\/product_tag?post=9133"}],"curies":[{"name":"wp","href":"https:\/\/api.w.org\/{rel}","templated":true}]}}