{"id":9141,"date":"2025-07-24T20:54:25","date_gmt":"2025-07-24T18:54:25","guid":{"rendered":"https:\/\/youniquebyemilie.com\/produit\/suero-younique-glowplexion\/"},"modified":"2025-11-26T08:50:15","modified_gmt":"2025-11-26T07:50:15","slug":"suero-younique-glowplexion","status":"publish","type":"product","link":"https:\/\/youniquebyemilie.com\/es\/produit\/suero-younique-glowplexion\/","title":{"rendered":"Suero YOUNIQUE GLOWPLEXION"},"content":{"rendered":"<p><span style=\"font-weight: 400;\">Recuerdo una conversaci\u00f3n con una amiga que me dijo que ya no ten\u00eda una rutina de cuidado de la piel. Entre sus muchas responsabilidades, hab\u00eda abandonado la idea de cuidar su piel. Se dec\u00eda a s\u00ed misma: \u00bb    <\/span><b>\u00bfPor qu\u00e9 perder el tiempo? <\/b><span style=\"font-weight: 400;\">\u00abPero un d\u00eda, cuando se mir\u00f3 al espejo, vio lo que hab\u00eda temido: la piel cansada. <\/span><b>piel cansada<\/b><span style=\"font-weight: 400;\">, <\/span><b>falta de tono<\/b><span style=\"font-weight: 400;\"> y <\/span><b>luz<\/b><span style=\"font-weight: 400;\">. Ten\u00eda una tez que parec\u00eda  <\/span><b>un poco demasiado plano<\/b><span style=\"font-weight: 400;\">.<\/span><\/p>\n<p><span style=\"font-weight: 400;\">Fue entonces cuando le habl\u00e9 del <\/span><b>Suero GLOWPLEXION<\/b><span style=\"font-weight: 400;\">. Decidi\u00f3 probarlo, y al cabo de pocos d\u00edas me dijo: \u00abEs como si mi piel estuviera  <\/span><b>despierta<\/b><span style=\"font-weight: 400;\">. No s\u00f3lo es m\u00e1s  <\/span><b>hidratado<\/b><span style=\"font-weight: 400;\">sino tambi\u00e9n <\/span><b>m\u00e1s radiante<\/b><span style=\"font-weight: 400;\">. \u00abEste suero ha marcado la diferencia. No s\u00f3lo ha nutrido su piel, sino que le ha revelado una luminosidad natural que cre\u00eda haber perdido para siempre. Es el efecto GLOWPLEXION:    <\/span><b>una piel que recupera su vitalidad<\/b><span style=\"font-weight: 400;\">.<\/span><\/p>\n<p>&nbsp;<\/p>\n<h2><span style=\"font-weight: 400;\">Por qu\u00e9 te encantar\u00e1:<\/span><\/h2>\n<ul>\n<li style=\"font-weight: 400;\" aria-level=\"1\"><b>Reduce las l\u00edneas de expresi\u00f3n y alisa la piel<\/b><span style=\"font-weight: 400;\"> Este suero es el remedio ideal para reducir la aparici\u00f3n de <\/span><b>l\u00edneas de expresi\u00f3n<\/b><span style=\"font-weight: 400;\"> y dar a tu piel un <\/span><b>tono m\u00e1s uniforme<\/b><span style=\"font-weight: 400;\"> y <\/span><b>un aspecto m\u00e1s joven<\/b><span style=\"font-weight: 400;\">.<\/span><\/li>\n<li style=\"font-weight: 400;\" aria-level=\"1\"><b>Hidrataci\u00f3n profunda<\/b><span style=\"font-weight: 400;\"> Gracias a su <\/span><b>hialuronato s\u00f3dico<\/b><span style=\"font-weight: 400;\">este suero hidrata <\/span><b>en profundidad<\/b><span style=\"font-weight: 400;\">proporcionando a tu piel <\/span><b>confort inmediato<\/b><span style=\"font-weight: 400;\"> e hidrataci\u00f3n <\/span><b>hidrataci\u00f3n duradera<\/b><span style=\"font-weight: 400;\">.<\/span><\/li>\n<li style=\"font-weight: 400;\" aria-level=\"1\"><b>Mejora la textura y la luminosidad de la tez<\/b><span style=\"font-weight: 400;\"> Formulado con <\/span><b>vitamina C<\/b><span style=\"font-weight: 400;\">y <\/span><b>higo chumbo<\/b><span style=\"font-weight: 400;\">y <\/span><b>niacinamida<\/b><span style=\"font-weight: 400;\">este suero <\/span><b>ilumina<\/b><span style=\"font-weight: 400;\"> tu piel y mejora visiblemente su textura.<\/span><\/li>\n<li style=\"font-weight: 400;\" aria-level=\"1\"><b>Respeta el planeta<\/b><span style=\"font-weight: 400;\"> Con sus <\/span><b>envase rellenable<\/b><span style=\"font-weight: 400;\">Con su envase rellenable, este suero te permite cuidar tu piel al tiempo que reduces los residuos: un peque\u00f1o gesto que marca una gran diferencia.<\/span><\/li>\n<li style=\"font-weight: 400;\" aria-level=\"1\"><b>Pr\u00e1ctico y eficaz<\/b><span style=\"font-weight: 400;\"> Con s\u00f3lo uno o dos apretones, este suero <\/span><b>se absorbe r\u00e1pidamente<\/b><span style=\"font-weight: 400;\">sin dejar una pel\u00edcula grasa. <\/span><b>Una acci\u00f3n r\u00e1pida para una piel radiante, ma\u00f1ana y noche.<\/b><\/li>\n<\/ul>\n<h2><span style=\"font-weight: 400;\">Los ingredientes que hacen la magia :<\/span><\/h2>\n<ul>\n<li style=\"font-weight: 400;\" aria-level=\"1\"><b>Niacinamida<\/b><span style=\"font-weight: 400;\"> Este ingrediente superestrella reduce <\/span><b>las imperfecciones<\/b><span style=\"font-weight: 400;\">unifica el tono de la piel y mejora <\/span><b>la textura de la piel<\/b><span style=\"font-weight: 400;\">. Es perfecto para restaurar la piel  <\/span><b>suave<\/b><span style=\"font-weight: 400;\"> y <\/span><b>uniforme<\/b><span style=\"font-weight: 400;\">.<\/span><\/li>\n<li style=\"font-weight: 400;\" aria-level=\"1\"><b>Vitamina C<\/b><span style=\"font-weight: 400;\"> Gracias a sus <\/span><b>propiedades antioxidantes<\/b><span style=\"font-weight: 400;\">es <\/span><b>ilumina<\/b><span style=\"font-weight: 400;\">  y protege tu piel de las agresiones externas. Una piel   <\/span><b>radiante<\/b><span style=\"font-weight: 400;\"> y <\/span><b>a salvo de los radicales libres<\/b><span style=\"font-weight: 400;\">.<\/span><\/li>\n<li style=\"font-weight: 400;\" aria-level=\"1\"><b>Higo chumbo<\/b><span style=\"font-weight: 400;\"> Esta fruta m\u00e1gica es rica en <\/span><b>vitaminas<\/b><span style=\"font-weight: 400;\"> y <\/span><b>antioxidantes<\/b><span style=\"font-weight: 400;\">calma e hidrata profundamente tu piel, al tiempo que ofrece una delicada <\/span><b>delicada fragancia<\/b><span style=\"font-weight: 400;\"> fragancia.<\/span><\/li>\n<li style=\"font-weight: 400;\" aria-level=\"1\"><b>Hialuronato s\u00f3dico<\/b><span style=\"font-weight: 400;\"> A <\/span><b>potente hidratante<\/b><span style=\"font-weight: 400;\"> que atrae y retiene el agua, manteniendo la piel <\/span><b>piel bien hidratada<\/b><span style=\"font-weight: 400;\"> y <\/span><b>regordeta<\/b><span style=\"font-weight: 400;\"> durante todo el d\u00eda.<\/span><\/li>\n<li style=\"font-weight: 400;\" aria-level=\"1\"><b>AcquaCell<\/b><span style=\"font-weight: 400;\"> Un potente complejo hidratante que ayuda a restablecer el equilibrio <\/span><b>manteniendo la hidrataci\u00f3n<\/b><span style=\"font-weight: 400;\"> y reduciendo la apariencia de <\/span><b>poros<\/b><span style=\"font-weight: 400;\">.<\/span><\/li>\n<\/ul>\n<h2><span style=\"font-weight: 400;\">C\u00f3mo utilizarlo :<\/span><\/h2>\n<ol>\n<li style=\"font-weight: 400;\" aria-level=\"1\"><b>Presiona<\/b><span style=\"font-weight: 400;\"> una o dos peque\u00f1as presiones en la palma de la mano.<\/span><\/li>\n<li style=\"font-weight: 400;\" aria-level=\"1\"><b>Aplica suavemente<\/b><span style=\"font-weight: 400;\"> en la cara y el cuello, masajeando suavemente.<\/span><\/li>\n<li style=\"font-weight: 400;\" aria-level=\"1\"><b>Deja que el suero penetre<\/b><span style=\"font-weight: 400;\">  durante 1 \u00f3 2 minutos. Ahora tu piel est\u00e1   <\/span><b>listo para brillar<\/b><span style=\"font-weight: 400;\"> \u00a1!<\/span><\/li>\n<\/ol>\n<p><b>Consejo<\/b><span style=\"font-weight: 400;\">  Util\u00edzala por la ma\u00f1ana y por la noche para obtener unos resultados espectaculares. Para una luminosidad duradera, a\u00f1ade FPS por la ma\u00f1ana para proteger tu piel durante todo el d\u00eda. <\/span><\/p>\n<p>&nbsp;<\/p>\n<h2><span style=\"font-weight: 400;\">Lo que dicen los usuarios:<\/span><\/h2>\n<ul>\n<li style=\"font-weight: 400;\" aria-level=\"1\"><b>100%<\/b><span style=\"font-weight: 400;\"> de los usuarios afirman que su piel est\u00e1 <\/span><b>m\u00e1s suave<\/b><span style=\"font-weight: 400;\"> y <\/span><b>m\u00e1s suave<\/b><span style=\"font-weight: 400;\"> despu\u00e9s de la aplicaci\u00f3n.*<\/span><\/li>\n<li style=\"font-weight: 400;\" aria-level=\"1\"><b>91%<\/b><span style=\"font-weight: 400;\"> encuentran su cutis <\/span><b>m\u00e1s brillante<\/b><span style=\"font-weight: 400;\"> y <\/span><b>radiante<\/b><span style=\"font-weight: 400;\">.*<\/span><\/li>\n<li style=\"font-weight: 400;\" aria-level=\"1\"><b>85%<\/b><span style=\"font-weight: 400;\"> notan una <\/span><b>reducci\u00f3n de las l\u00edneas de expresi\u00f3n<\/b><span style=\"font-weight: 400;\"> y <\/span><b>imperfecciones<\/b><span style=\"font-weight: 400;\"> tras su uso.*<\/span><\/li>\n<li style=\"font-weight: 400;\" aria-level=\"1\"><b>76%<\/b><span style=\"font-weight: 400;\"> de los usuarios afirman que este suero <\/span><b>no irrita la piel<\/b><span style=\"font-weight: 400;\"> y <\/span><b>calma<\/b><span style=\"font-weight: 400;\">.<\/span><\/li>\n<\/ul>\n<p><span style=\"font-weight: 400;\">Este suero no hace promesas vac\u00edas. <\/span><b>Haz clic aqu\u00ed para a\u00f1adirlo a tu cesta<\/b><span style=\"font-weight: 400;\">Observa c\u00f3mo tu cutis se transforma ante tus ojos, como una piel nueva, cada d\u00eda. <\/span> <\/p>\n<p>&nbsp;<\/p>\n<h2><span style=\"font-weight: 400;\">FAQ : Suero YOUNIQUE GLOWPLEXION<\/span><\/h2>\n<ol>\n<li><b>  \u00bfC\u00f3mo act\u00faa este suero sobre las l\u00edneas de expresi\u00f3n?<\/b><b><br \/>\n<\/b> <span style=\"font-weight: 400;\"> El <\/span><b>Suero YOUNIQUE GLOWPLEXION<\/b><span style=\"font-weight: 400;\"> est\u00e1 dise\u00f1ado para <\/span><b>reducir el aspecto de las l\u00edneas de expresi\u00f3n<\/b><span style=\"font-weight: 400;\"> con potentes ingredientes como <\/span><b>niacinamida<\/b><span style=\"font-weight: 400;\"> y<\/span><b>\u00e1cido glic\u00f3lico<\/b><span style=\"font-weight: 400;\">. Colaboran para  <\/span><b>alisar<\/b><span style=\"font-weight: 400;\"> piel y <\/span><b>mejorar la textura de<\/b><span style=\"font-weight: 400;\"> la textura, haciendo que las l\u00edneas de expresi\u00f3n sean menos visibles con el uso regular.<\/span><\/li>\n<li><b>  \u00bfEste suero es adecuado para todo tipo de pieles?<\/b><b><br \/>\n<\/b> <span style=\"font-weight: 400;\"> S\u00ed, este suero es <\/span><b>adecuado para todo tipo de pieles<\/b><span style=\"font-weight: 400;\">incluidas las pieles sensibles. Hidrata, calma y   <\/span><b>nutre la piel<\/b><span style=\"font-weight: 400;\">l, gracias a ingredientes suaves pero eficaces como el <\/span><b>higo chumbo<\/b><span style=\"font-weight: 400;\"> y<\/span><b>hialuronato s\u00f3dico<\/b><span style=\"font-weight: 400;\">.<\/span><\/li>\n<li><b>  \u00bfPuedo utilizarlo si tengo manchas o puntos oscuros?<\/b><b><br \/>\n<\/b><span style=\"font-weight: 400;\">  Por supuesto. El   <\/span><b>vitamina C<\/b><span style=\"font-weight: 400;\"> y <\/span><b>niacinamida<\/b><span style=\"font-weight: 400;\"> de este suero ayudan a <\/span><b>reducir las imperfecciones<\/b><span style=\"font-weight: 400;\"> y <\/span><b>el tono de la piel<\/b><span style=\"font-weight: 400;\">. L&#8217;<\/span><b>\u00e1cido glic\u00f3lico<\/b><span style=\"font-weight: 400;\"> ayuda a exfoliar suavemente la piel para una <\/span><b>tez m\u00e1s uniforme, luminosa<\/b><span style=\"font-weight: 400;\"> y luminosa.<\/span><\/li>\n<li><b>  \u00bfCu\u00e1l es la diferencia entre este s\u00e9rum y otros productos hidratantes?<\/b><\/li>\n<\/ol>\n<p><span style=\"font-weight: 400;\">\u00bfCu\u00e1l es la diferencia? Este s\u00e9rum no es s\u00f3lo una crema hidratante.  Es  <\/span><b>revolucionario<\/b><span style=\"font-weight: 400;\">. Adem\u00e1s de hidratar en profundidad  <\/span><b>reduce las imperfecciones<\/b><span style=\"font-weight: 400;\">, <\/span><b>alisa la piel<\/b><span style=\"font-weight: 400;\"> la piel y <\/span><b>potencia la luminosidad natural de la piel<\/b><span style=\"font-weight: 400;\"> gracias a potentes ingredientes como la <\/span><b>vitamina C<\/b><span style=\"font-weight: 400;\"> y <\/span><b>higo chumbo<\/b><span style=\"font-weight: 400;\">. Es m\u00e1s que una crema hidratante, es  <\/span><b>piel radiante<\/b><span style=\"font-weight: 400;\">, <\/span><b>m\u00e1s tersa<\/b><span style=\"font-weight: 400;\">y <\/span><b>aspecto m\u00e1s joven<\/b><span style=\"font-weight: 400;\">en un solo paso. <\/span> <\/p>\n<ol start=\"5\">\n<li><b>  \u00bfPuedo utilizar este suero con otros productos para el cuidado de la piel?<\/b><b><br \/>\n<\/b> <span style=\"font-weight: 400;\"> S\u00ed, el <\/span><b>Suero GLOWPLEXION<\/b><span style=\"font-weight: 400;\"> Serum est\u00e1 dise\u00f1ado para integrarse en todas las <\/span><b>rutina de cuidado de la piel<\/b><span style=\"font-weight: 400;\">. Combina perfectamente con otros productos de la gama  <\/span><b>GLOWPLEXION<\/b><span style=\"font-weight: 400;\">as\u00ed como <\/span><b>sueros<\/b><span style=\"font-weight: 400;\"> o <\/span><b>cremas de noche<\/b><span style=\"font-weight: 400;\"> para <\/span><b>potenciar la hidrataci\u00f3n<\/b><span style=\"font-weight: 400;\"> y<\/span><b>luminosidad<\/b><span style=\"font-weight: 400;\"> y luminosidad.<\/span><\/li>\n<li><b>  \u00bfCu\u00e1nto dura un frasco de Suero GLOWPLEXION?<\/b><b><br \/>\n<\/b> <span style=\"font-weight: 400;\"> Una botella de <\/span><b>30 ml<\/b><span style=\"font-weight: 400;\"> dura aproximadamente <\/span><b>60 d\u00edas<\/b><span style=\"font-weight: 400;\">con un uso regular de <\/span><b>1 \u00f3 2 exprimidos al d\u00eda<\/b><span style=\"font-weight: 400;\">. Esto representa una excelente  <\/span><b>relaci\u00f3n calidad-precio<\/b><span style=\"font-weight: 400;\"> para una <\/span><b>eficaz<\/b><span style=\"font-weight: 400;\"> y <\/span><b>duradero<\/b><span style=\"font-weight: 400;\">.<\/span><\/li>\n<\/ol>\n<p><span style=\"font-weight: 400;\">No esperes a ma\u00f1ana para tener una piel radiante. A\u00f1ade este suero a tu cesta y   <\/span><b>prep\u00e1rate para brillar a partir de ma\u00f1ana<\/b><span style=\"font-weight: 400;\"> \u00a1!<\/span><\/p>\n","protected":false},"excerpt":{"rendered":"<p><span style=\"font-weight: 400;\">Recuerdo una conversaci\u00f3n con una amiga que me dijo que ya no ten\u00eda una rutina de cuidado de la piel. Entre sus muchas responsabilidades, hab\u00eda abandonado la idea de cuidar su piel. Se dec\u00eda a s\u00ed misma: \u00bb    <\/span><b>\u00bfPor qu\u00e9 perder el tiempo? <\/b><span style=\"font-weight: 400;\">\u00abPero un d\u00eda, cuando se mir\u00f3 en el espejo, vio lo que hab\u00eda temido: la piel cansada. <\/span><b>piel cansada<\/b><span style=\"font-weight: 400;\">, <\/span><b>falta de tono<\/b><span style=\"font-weight: 400;\"> y <\/span><b>luz<\/b><span style=\"font-weight: 400;\">. Ten\u00eda una tez que parec\u00eda  <\/span><b>un poco demasiado plano<\/b><span style=\"font-weight: 400;\">.<\/span><\/p>\n<p><span style=\"font-weight: 400;\">Fue entonces cuando le habl\u00e9 del <\/span><b>Suero GLOWPLEXION<\/b><span style=\"font-weight: 400;\">. Decidi\u00f3 probarlo, y al cabo de pocos d\u00edas me dijo: \u00abEs como si mi piel estuviera  <\/span><b>despierta<\/b><span style=\"font-weight: 400;\">. No s\u00f3lo es m\u00e1s  <\/span><b>hidratado<\/b><span style=\"font-weight: 400;\">pero tambi\u00e9n <\/span><b>m\u00e1s radiante<\/b><span style=\"font-weight: 400;\">. \u00abEste suero ha marcado la diferencia. No s\u00f3lo ha nutrido su piel, sino que le ha revelado una luminosidad natural que cre\u00eda haber perdido para siempre. Es el efecto GLOWPLEXION:    <\/span><b>una piel que recupera su vitalidad<\/b><span style=\"font-weight: 400;\">.<\/span><\/p>\n","protected":false},"featured_media":8373,"comment_status":"open","ping_status":"closed","template":"","meta":{"_seopress_robots_primary_cat":"none","_seopress_titles_title":"","_seopress_titles_desc":"","_seopress_robots_index":"","site-sidebar-layout":"default","site-content-layout":"","ast-site-content-layout":"default","site-content-style":"default","site-sidebar-style":"default","ast-global-header-display":"","ast-banner-title-visibility":"","ast-main-header-display":"","ast-hfb-above-header-display":"","ast-hfb-below-header-display":"","ast-hfb-mobile-header-display":"","site-post-title":"","ast-breadcrumbs-content":"","ast-featured-img":"","footer-sml-layout":"","ast-disable-related-posts":"","theme-transparent-header-meta":"default","adv-header-id-meta":"","stick-header-meta":"","header-above-stick-meta":"","header-main-stick-meta":"","header-below-stick-meta":"","astra-migrate-meta-layouts":"default","ast-page-background-enabled":"default","ast-page-background-meta":{"desktop":{"background-color":"var(--ast-global-color-4)","background-image":"","background-repeat":"repeat","background-position":"center center","background-size":"auto","background-attachment":"scroll","background-type":"","background-media":"","overlay-type":"","overlay-color":"","overlay-opacity":"","overlay-gradient":""},"tablet":{"background-color":"","background-image":"","background-repeat":"repeat","background-position":"center center","background-size":"auto","background-attachment":"scroll","background-type":"","background-media":"","overlay-type":"","overlay-color":"","overlay-opacity":"","overlay-gradient":""},"mobile":{"background-color":"","background-image":"","background-repeat":"repeat","background-position":"center center","background-size":"auto","background-attachment":"scroll","background-type":"","background-media":"","overlay-type":"","overlay-color":"","overlay-opacity":"","overlay-gradient":""}},"ast-content-background-meta":{"desktop":{"background-color":"var(--ast-global-color-5)","background-image":"","background-repeat":"repeat","background-position":"center center","background-size":"auto","background-attachment":"scroll","background-type":"","background-media":"","overlay-type":"","overlay-color":"","overlay-opacity":"","overlay-gradient":""},"tablet":{"background-color":"var(--ast-global-color-5)","background-image":"","background-repeat":"repeat","background-position":"center center","background-size":"auto","background-attachment":"scroll","background-type":"","background-media":"","overlay-type":"","overlay-color":"","overlay-opacity":"","overlay-gradient":""},"mobile":{"background-color":"var(--ast-global-color-5)","background-image":"","background-repeat":"repeat","background-position":"center center","background-size":"auto","background-attachment":"scroll","background-type":"","background-media":"","overlay-type":"","overlay-color":"","overlay-opacity":"","overlay-gradient":""}}},"product_brand":[],"product_cat":[72],"product_tag":[],"class_list":{"0":"post-9141","1":"product","2":"type-product","3":"status-publish","4":"has-post-thumbnail","6":"product_cat-piel","7":"desktop-align-left","8":"tablet-align-left","9":"mobile-align-left","11":"first","12":"instock","13":"sale","14":"shipping-taxable","15":"product-type-external"},"_links":{"self":[{"href":"https:\/\/youniquebyemilie.com\/es\/wp-json\/wp\/v2\/product\/9141","targetHints":{"allow":["GET"]}}],"collection":[{"href":"https:\/\/youniquebyemilie.com\/es\/wp-json\/wp\/v2\/product"}],"about":[{"href":"https:\/\/youniquebyemilie.com\/es\/wp-json\/wp\/v2\/types\/product"}],"replies":[{"embeddable":true,"href":"https:\/\/youniquebyemilie.com\/es\/wp-json\/wp\/v2\/comments?post=9141"}],"wp:featuredmedia":[{"embeddable":true,"href":"https:\/\/youniquebyemilie.com\/es\/wp-json\/wp\/v2\/media\/8373"}],"wp:attachment":[{"href":"https:\/\/youniquebyemilie.com\/es\/wp-json\/wp\/v2\/media?parent=9141"}],"wp:term":[{"taxonomy":"product_brand","embeddable":true,"href":"https:\/\/youniquebyemilie.com\/es\/wp-json\/wp\/v2\/product_brand?post=9141"},{"taxonomy":"product_cat","embeddable":true,"href":"https:\/\/youniquebyemilie.com\/es\/wp-json\/wp\/v2\/product_cat?post=9141"},{"taxonomy":"product_tag","embeddable":true,"href":"https:\/\/youniquebyemilie.com\/es\/wp-json\/wp\/v2\/product_tag?post=9141"}],"curies":[{"name":"wp","href":"https:\/\/api.w.org\/{rel}","templated":true}]}}