{"id":9143,"date":"2025-07-25T00:10:40","date_gmt":"2025-07-24T22:10:40","guid":{"rendered":"https:\/\/youniquebyemilie.com\/produit\/you-ology-spray-tonificante-agua-de-rosas\/"},"modified":"2025-11-26T08:50:12","modified_gmt":"2025-11-26T07:50:12","slug":"you-ology-spray-tonificante-agua-de-rosas","status":"publish","type":"product","link":"https:\/\/youniquebyemilie.com\/es\/produit\/you-ology-spray-tonificante-agua-de-rosas\/","title":{"rendered":"YOU OLOGY Spray Tonificante Agua de Rosas"},"content":{"rendered":"<p><span style=\"font-weight: 400;\">Hace unos meses empec\u00e9 a notar el cansancio en mi piel. Entre   <\/span><b>el trabajo, los ni\u00f1os y mi ajetreado d\u00eda<\/b><span style=\"font-weight: 400;\">Ya no ten\u00eda esa sensaci\u00f3n de frescor y bienestar. Mi piel parec\u00eda apagada y sin brillo. As\u00ed que busqu\u00e9 un producto sencillo pero eficaz que me diera un impulso instant\u00e1neo de energ\u00eda. Prob\u00e9 el     <\/span><b>YOU-OLOGY Spray Tonificante de Agua de Rosas<\/b><span style=\"font-weight: 400;\">y desde entonces, mi piel siempre est\u00e1 lista para afrontar el d\u00eda, pase lo que pase.<\/span><\/p>\n<p><span style=\"font-weight: 400;\">Es realmente el salvador de mi rutina. Despu\u00e9s de un largo d\u00eda o incluso cuando me despierto, con un poco de spray es como si acabara de salir de un spa. No es s\u00f3lo una cuesti\u00f3n de frescor, es una aut\u00e9ntica inyecci\u00f3n de revitalizaci\u00f3n, y me siento aliviada al instante. Si t\u00fa tambi\u00e9n quieres tener esa sensaci\u00f3n de piel fresca, suave y lista para brillar, \u00a1ya sabes lo que tienes que hacer!   <\/span><\/p>\n<h2><span style=\"font-weight: 400;\">Por qu\u00e9 te encantar\u00e1:<\/span><\/h2>\n<ul>\n<li style=\"font-weight: 400;\" aria-level=\"1\"><b>Frescura instant\u00e1nea<\/b><span style=\"font-weight: 400;\"> El <\/span><b>Spray Tonificante con Agua de Rosas<\/b><span style=\"font-weight: 400;\">  te proporciona una piel fresca y calmada en segundos. Ideal despu\u00e9s de un largo d\u00eda o para poner en marcha tu rutina. <\/span>&nbsp;<\/li>\n<li style=\"font-weight: 400;\" aria-level=\"1\"><b>Hidrata y nutre<\/b><span style=\"font-weight: 400;\"> Con <\/span><b>rosa<\/b><span style=\"font-weight: 400;\">y <\/span><b>azahar<\/b><span style=\"font-weight: 400;\"> y<\/span><b>hialuronato s\u00f3dico<\/b><span style=\"font-weight: 400;\">Hidrata y nutre tu piel en profundidad.<\/span>&nbsp;<\/li>\n<li style=\"font-weight: 400;\" aria-level=\"1\"><b>Fragancia natural<\/b><span style=\"font-weight: 400;\"> Un delicado perfume de rosa y azahar para un momento de bienestar con cada aplicaci\u00f3n.<\/span>&nbsp;<\/li>\n<\/ul>\n<h2><span style=\"font-weight: 400;\">C\u00f3mo utilizarlo :<\/span><\/h2>\n<ol>\n<li style=\"font-weight: 400;\" aria-level=\"1\"><b>Limpia<\/b><span style=\"font-weight: 400;\"> tu rostro con tu limpiador personalizado YOU-OLOGY.<\/span>&nbsp;<\/li>\n<li style=\"font-weight: 400;\" aria-level=\"1\"><b>Pulveriza<\/b><span style=\"font-weight: 400;\"> YOU-OLOGY Spray Tonificante de Agua de Rosas aproximadamente<\/span><b> 15 a 20 cm<\/b><span style=\"font-weight: 400;\">  en la cara. Cierra los ojos, pulveriza y deja que el frescor te inunde. <\/span>&nbsp;<\/li>\n<li style=\"font-weight: 400;\" aria-level=\"1\"><b>Contin\u00faa<\/b><span style=\"font-weight: 400;\"> con tu rutina personalizada de cuidado de la piel YOU-OLOGY para una piel a\u00fan m\u00e1s radiante.<\/span>&nbsp;<\/li>\n<\/ol>\n<h2><span style=\"font-weight: 400;\">Lo que dicen los usuarios:<\/span><\/h2>\n<ul>\n<li style=\"font-weight: 400;\" aria-level=\"1\"><b>El 100% de los usuarios<\/b><span style=\"font-weight: 400;\"> dicen que su piel se siente <\/span><b>m\u00e1s fresca y calmada<\/b><span style=\"font-weight: 400;\"> despu\u00e9s de su uso*.<\/span>&nbsp;<\/li>\n<li style=\"font-weight: 400;\" aria-level=\"1\"><b>El 96% de los usuarios<\/b><span style=\"font-weight: 400;\"> encuentran que su piel est\u00e1 <\/span><b>m\u00e1s hidratada<\/b><span style=\"font-weight: 400;\"> y <\/span><b>m\u00e1s suave<\/b><span style=\"font-weight: 400;\">.<\/span>&nbsp;<\/li>\n<li style=\"font-weight: 400;\" aria-level=\"1\"><b>93%<\/b><span style=\"font-weight: 400;\"> notan una piel <\/span><b>visiblemente revitalizada<\/b><span style=\"font-weight: 400;\"> y radiante tras su aplicaci\u00f3n*.<\/span><\/li>\n<\/ul>\n<p>&nbsp;<\/p>\n<p><span style=\"font-weight: 400;\">S\u00f3lo tienes que probarlo y estar\u00e1s entre los <\/span><b>100% satisfechos<\/b><span style=\"font-weight: 400;\"> \u00a1! A\u00f1\u00e1delo ahora a tu cesta y deja que este spray revitalice tu piel desde la primera pulverizaci\u00f3n.<\/span><\/p>\n<p>&nbsp;<\/p>\n","protected":false},"excerpt":{"rendered":"<p><span style=\"font-weight: 400;\">Hace unos meses empec\u00e9 a notar el cansancio en mi piel. Entre   <\/span><b>el trabajo, los ni\u00f1os y mi ajetreado d\u00eda<\/b><span style=\"font-weight: 400;\">Ya no ten\u00eda esa sensaci\u00f3n de frescor y bienestar. Mi piel parec\u00eda apagada y sin brillo. As\u00ed que busqu\u00e9 un producto sencillo pero eficaz que me diera un impulso instant\u00e1neo de energ\u00eda. Prob\u00e9 el     <\/span><b>YOU-OLOGY Spray Tonificante de Agua de Rosas<\/b><span style=\"font-weight: 400;\">y desde entonces, mi piel siempre est\u00e1 lista para afrontar el d\u00eda, pase lo que pase.<\/span><\/p>\n<p><span style=\"font-weight: 400;\">Es realmente el salvador de mi rutina. Despu\u00e9s de un largo d\u00eda o incluso cuando me despierto, con un poco de spray es como si acabara de salir de un spa. No es s\u00f3lo una cuesti\u00f3n de frescor, es una aut\u00e9ntica inyecci\u00f3n de revitalizaci\u00f3n, y me siento aliviada al instante. Si t\u00fa tambi\u00e9n quieres tener esa sensaci\u00f3n de piel fresca, suave y lista para brillar, \u00a1ya sabes lo que tienes que hacer!   <\/span><\/p>\n","protected":false},"featured_media":8393,"comment_status":"open","ping_status":"closed","template":"","meta":{"_seopress_robots_primary_cat":"none","_seopress_titles_title":"","_seopress_titles_desc":"","_seopress_robots_index":"","site-sidebar-layout":"default","site-content-layout":"","ast-site-content-layout":"default","site-content-style":"default","site-sidebar-style":"default","ast-global-header-display":"","ast-banner-title-visibility":"","ast-main-header-display":"","ast-hfb-above-header-display":"","ast-hfb-below-header-display":"","ast-hfb-mobile-header-display":"","site-post-title":"","ast-breadcrumbs-content":"","ast-featured-img":"","footer-sml-layout":"","ast-disable-related-posts":"","theme-transparent-header-meta":"default","adv-header-id-meta":"","stick-header-meta":"","header-above-stick-meta":"","header-main-stick-meta":"","header-below-stick-meta":"","astra-migrate-meta-layouts":"default","ast-page-background-enabled":"default","ast-page-background-meta":{"desktop":{"background-color":"var(--ast-global-color-4)","background-image":"","background-repeat":"repeat","background-position":"center center","background-size":"auto","background-attachment":"scroll","background-type":"","background-media":"","overlay-type":"","overlay-color":"","overlay-opacity":"","overlay-gradient":""},"tablet":{"background-color":"","background-image":"","background-repeat":"repeat","background-position":"center center","background-size":"auto","background-attachment":"scroll","background-type":"","background-media":"","overlay-type":"","overlay-color":"","overlay-opacity":"","overlay-gradient":""},"mobile":{"background-color":"","background-image":"","background-repeat":"repeat","background-position":"center center","background-size":"auto","background-attachment":"scroll","background-type":"","background-media":"","overlay-type":"","overlay-color":"","overlay-opacity":"","overlay-gradient":""}},"ast-content-background-meta":{"desktop":{"background-color":"var(--ast-global-color-5)","background-image":"","background-repeat":"repeat","background-position":"center center","background-size":"auto","background-attachment":"scroll","background-type":"","background-media":"","overlay-type":"","overlay-color":"","overlay-opacity":"","overlay-gradient":""},"tablet":{"background-color":"var(--ast-global-color-5)","background-image":"","background-repeat":"repeat","background-position":"center center","background-size":"auto","background-attachment":"scroll","background-type":"","background-media":"","overlay-type":"","overlay-color":"","overlay-opacity":"","overlay-gradient":""},"mobile":{"background-color":"var(--ast-global-color-5)","background-image":"","background-repeat":"repeat","background-position":"center center","background-size":"auto","background-attachment":"scroll","background-type":"","background-media":"","overlay-type":"","overlay-color":"","overlay-opacity":"","overlay-gradient":""}}},"product_brand":[],"product_cat":[72],"product_tag":[],"class_list":{"0":"post-9143","1":"product","2":"type-product","3":"status-publish","4":"has-post-thumbnail","6":"product_cat-piel","7":"desktop-align-left","8":"tablet-align-left","9":"mobile-align-left","11":"first","12":"instock","13":"sale","14":"shipping-taxable","15":"product-type-external"},"_links":{"self":[{"href":"https:\/\/youniquebyemilie.com\/es\/wp-json\/wp\/v2\/product\/9143","targetHints":{"allow":["GET"]}}],"collection":[{"href":"https:\/\/youniquebyemilie.com\/es\/wp-json\/wp\/v2\/product"}],"about":[{"href":"https:\/\/youniquebyemilie.com\/es\/wp-json\/wp\/v2\/types\/product"}],"replies":[{"embeddable":true,"href":"https:\/\/youniquebyemilie.com\/es\/wp-json\/wp\/v2\/comments?post=9143"}],"wp:featuredmedia":[{"embeddable":true,"href":"https:\/\/youniquebyemilie.com\/es\/wp-json\/wp\/v2\/media\/8393"}],"wp:attachment":[{"href":"https:\/\/youniquebyemilie.com\/es\/wp-json\/wp\/v2\/media?parent=9143"}],"wp:term":[{"taxonomy":"product_brand","embeddable":true,"href":"https:\/\/youniquebyemilie.com\/es\/wp-json\/wp\/v2\/product_brand?post=9143"},{"taxonomy":"product_cat","embeddable":true,"href":"https:\/\/youniquebyemilie.com\/es\/wp-json\/wp\/v2\/product_cat?post=9143"},{"taxonomy":"product_tag","embeddable":true,"href":"https:\/\/youniquebyemilie.com\/es\/wp-json\/wp\/v2\/product_tag?post=9143"}],"curies":[{"name":"wp","href":"https:\/\/api.w.org\/{rel}","templated":true}]}}