{"id":10441,"date":"2025-07-24T16:52:21","date_gmt":"2025-07-24T14:52:21","guid":{"rendered":"https:\/\/youniquebyemilie.com\/produit\/palette-per-sopracciglia-duo-moodstruck\/"},"modified":"2025-07-24T16:52:21","modified_gmt":"2025-07-24T14:52:21","slug":"palette-per-sopracciglia-duo-moodstruck","status":"publish","type":"product","link":"https:\/\/youniquebyemilie.com\/it\/produit\/palette-per-sopracciglia-duo-moodstruck\/","title":{"rendered":"Palette per sopracciglia duo MOODSTRUCK"},"content":{"rendered":"<p><span style=\"font-weight: 400;\">Hai presente quel momento in cui guardi le tue sopracciglia allo specchio e dici a te stesso &#8221; <\/span><b>manca qualcosa <\/b> <span style=\"font-weight: 400;\">&#8221; ? \u00c8 successo anche a me molte volte. Poi ho scoperto la palette per sopracciglia duo MOODSTRUCK e tutto \u00e8 cambiato. Questa palette \u00e8 il kit perfetto per     <\/span><b>progettare, compilare<\/b><span style=\"font-weight: 400;\"> e <\/span><b>scolpire <\/b> <span style=\"font-weight: 400;\">le tue sopracciglia in pochissimo tempo. Il vero bonus? Puoi personalizzare la tua palette con due polveri iperpigmentate per un risultato ultra-naturale o audace, a seconda del tuo umore e dello stile della giornata.  <\/span><\/p>\n<p><span style=\"font-weight: 400;\">Niente pi\u00f9 sopracciglia rade che non sanno dove andare. Con MOODSTRUCK otterrai densit\u00e0, volume e definizione. Inoltre, ti prenderai cura della tua pelle e dei tuoi capelli grazie a ingredienti nutrienti come l&#8217;olio di ricino e la vitamina E.  <\/span><\/p>\n<h2><span style=\"font-weight: 400;\">Cosa ottieni con la palette di sopracciglia duo MOODSTRUCK<\/span><\/h2>\n<ul>\n<li style=\"font-weight: 400;\" aria-level=\"1\"><b>Personalizzazione completa<\/b><span style=\"font-weight: 400;\"> Scegli e mescola due polveri per ottenere un risultato perfettamente adatto al tono della tua pelle e alla forma delle tue sopracciglia.<\/span>&nbsp;<\/li>\n<li style=\"font-weight: 400;\" aria-level=\"1\"><b>Una polvere ultra-fine e pigmentata<\/b><span style=\"font-weight: 400;\"> che si applica facilmente, modula senza sovraccaricare e dura tutto il giorno senza sbiadire.<\/span>&nbsp;<\/li>\n<li style=\"font-weight: 400;\" aria-level=\"1\"><b>Tenuta a lunga durata<\/b><span style=\"font-weight: 400;\"> che sfida il tempo e il sudore, per un look fresco da mattina a sera.<\/span>&nbsp;<\/li>\n<li style=\"font-weight: 400;\" aria-level=\"1\"><b>Una formula arricchita con olio di ricino e vitamina E<\/b><span style=\"font-weight: 400;\">per nutrire i tuoi capelli e promuoverne la salute e la naturale lucentezza.<\/span>&nbsp;<\/li>\n<li style=\"font-weight: 400;\" aria-level=\"1\"><b>Controllo totale<\/b><span style=\"font-weight: 400;\"> per passare da un effetto discreto e naturale a un sopracciglio audace e grafico, come desideri.<\/span>&nbsp;<\/li>\n<li style=\"font-weight: 400;\" aria-level=\"1\"><b>Ricaricabile e di lunga durata<\/b><span style=\"font-weight: 400;\">Per una bellezza responsabile ed economica che rispetta la tua pelle e il pianeta.<\/span>&nbsp;<\/li>\n<\/ul>\n<h2><span style=\"font-weight: 400;\">Come usare la tua palette per sopracciglia duo MOODSTRUCK<\/span><\/h2>\n<ol>\n<li style=\"font-weight: 400;\" aria-level=\"1\"><b>Immergi<\/b><span style=\"font-weight: 400;\"> l&#8217;estremit\u00e0 smussata del pennello YOUNIQUE Spoolie Brow Brush nella polvere scelta.<\/span>&nbsp;<\/li>\n<li style=\"font-weight: 400;\" aria-level=\"1\"><b>Disegna e riempi<\/b><span style=\"font-weight: 400;\"> Le sopracciglia si disegnano con piccoli e delicati tratti, muovendosi dal basso verso l&#8217;alto, come se fossero capelli naturali.<\/span>&nbsp;<\/li>\n<li style=\"font-weight: 400;\" aria-level=\"1\"><b>Sovrapponi<\/b><span style=\"font-weight: 400;\"> le due polveri per creare ombre, rilievi e sfumature, per un effetto 3D naturale e strutturato.<\/span>&nbsp;<\/li>\n<li style=\"font-weight: 400;\" aria-level=\"1\"><b>Pettina<\/b><span style=\"font-weight: 400;\"> le sopracciglia con il pennello a rocchetto per sfumare, disciplinare e sfumare i colori.<\/span>&nbsp;<\/li>\n<li style=\"font-weight: 400;\" aria-level=\"1\"><b>Aggiungi<\/b><span style=\"font-weight: 400;\"> Aggiungi un tocco finale con un gel fissante se vuoi una tenuta ancora pi\u00f9 duratura.<\/span>&nbsp;<\/li>\n<\/ol>\n<h2><span style=\"font-weight: 400;\">Ingredienti chiave per la cura delle sopracciglia<\/span><\/h2>\n<ul>\n<li style=\"font-weight: 400;\" aria-level=\"1\"><b>Olio di ricino<\/b><span style=\"font-weight: 400;\"> Ricco di ricinoleina, nutre intensamente i follicoli per sopracciglia pi\u00f9 folte e lucenti.<\/span>&nbsp;<\/li>\n<li style=\"font-weight: 400;\" aria-level=\"1\"><b>Vitamina E<\/b><span style=\"font-weight: 400;\"> Potente antiossidante, protegge la pelle e i capelli dalle aggressioni esterne.<\/span>&nbsp;<\/li>\n<li style=\"font-weight: 400;\" aria-level=\"1\"><b>Ialuronato di sodio<\/b><span style=\"font-weight: 400;\"> : idrata profondamente per una pelle elastica intorno alle sopracciglia.<\/span>&nbsp;<\/li>\n<li style=\"font-weight: 400;\" aria-level=\"1\"><b>Polveri sottili e pigmenti selezionati<\/b><span style=\"font-weight: 400;\"> Per un finish ultra-naturale, modulabile e di lunga durata.<\/span>&nbsp;<\/li>\n<\/ul>\n<h2><span style=\"font-weight: 400;\">Perch\u00e9 amerai questa palette<\/span><\/h2>\n<p><span style=\"font-weight: 400;\">Perch\u00e9 combina tutto ci\u00f2 che desideri da un prodotto per sopracciglia: <\/span><b>facilit\u00e0 di applicazione, massima personalizzazione, tenuta impeccabile e cura dei capelli.<\/b><span style=\"font-weight: 400;\">. Che tu sia un&#8217;esperta di make-up o una principiante, questa palette \u00e8 il tuo alleato di bellezza essenziale.  <\/span><b>Ricaricabile e pratico<\/b><span style=\"font-weight: 400;\">Si adatta al tuo stile e alle tue esigenze, per sopracciglia perfette in un batter d&#8217;occhio. Lo inserisco nel mio kit ogni giorno e non mi abbandona mai! <\/span><\/p>\n<p><span style=\"font-weight: 400;\">Ordina subito la tua palette per sopracciglia duo MOODSTRUCK e trasforma il tuo look con eleganza e semplicit\u00e0!<\/span><\/p>\n<h2><span style=\"font-weight: 400;\">FAQ: Tutto quello che devi sapere sulla tua palette per sopracciglia duo MOODSTRUCK<\/span><\/h2>\n<ol>\n<li><b>  Qual \u00e8 il modo migliore per scegliere le due polveri per la palette?<\/b><b><br \/>\n<\/b><span style=\"font-weight: 400;\">  Usa una tonalit\u00e0 vicina al tuo colore naturale per la base e una tonalit\u00e0 pi\u00f9 scura per definire e strutturare le sopracciglia. Non esitare a sperimentare per trovare l&#8217;equilibrio perfetto per te. <\/span><\/li>\n<li><b>  La palette \u00e8 adatta alla pelle sensibile del contorno occhi?<\/b><b><br \/>\n<\/b><span style=\"font-weight: 400;\">  Assolutamente s\u00ec. La formula contiene ingredienti delicati come la vitamina E e l&#8217;olio di ricino, che nutrono e proteggono senza irritare. <\/span><\/li>\n<li><b>  Come posso pulire il mio pennello a rocchetto per un&#8217;applicazione ottimale?<\/b><b><br \/>\n<\/b><span style=\"font-weight: 400;\">  Lavala regolarmente con un sapone neutro o un detergente speciale per spazzole, poi lasciala asciugare all&#8217;aria per evitare i batteri.<\/span><\/li>\n<li> <b> Per quanto tempo posso conservare la polvere dopo l&#8217;apertura?<\/b><b><br \/>\n<\/b><span style=\"font-weight: 400;\"> Circa <\/span><b>12-18 mesi<\/b><span style=\"font-weight: 400;\"> se la confezione \u00e8 ben chiusa e conservata in un luogo asciutto.<\/span><\/li>\n<\/ol>\n<p><span style=\"font-weight: 400;\">Ordina la tua palette per sopracciglia duo MOODSTRUCK e crea il tuo look perfetto in un attimo. Il tuo specchio ti amer\u00e0, e anche tu! <\/span><\/p>\n","protected":false},"excerpt":{"rendered":"<p><span style=\"font-weight: 400;\">Hai presente quel momento in cui guardi le tue sopracciglia allo specchio e dici a te stesso &#8221; <\/span><b>manca qualcosa <\/b> <span style=\"font-weight: 400;\">&#8221; ? \u00c8 successo anche a me molte volte. Poi ho scoperto la palette per sopracciglia duo MOODSTRUCK e tutto \u00e8 cambiato. Questa palette \u00e8 il kit perfetto per     <\/span><b>progettare, compilare<\/b><span style=\"font-weight: 400;\"> e <\/span><b>scolpire <\/b> <span style=\"font-weight: 400;\">le tue sopracciglia in pochissimo tempo. Il vero bonus? Puoi personalizzare la tua palette con due polveri iperpigmentate per un risultato ultra-naturale o audace, a seconda del tuo umore e dello stile della giornata.  <\/span><\/p>\n<p><span style=\"font-weight: 400;\">Niente pi\u00f9 sopracciglia rade che non sanno dove andare. Con MOODSTRUCK, otterrai densit\u00e0, volume e definizione. Inoltre, puoi prenderti cura della tua pelle e dei tuoi capelli con ingredienti nutrienti come l&#8217;olio di ricino e la vitamina E.  <\/span><\/p>\n","protected":false},"featured_media":10445,"comment_status":"open","ping_status":"closed","template":"","meta":{"_seopress_robots_primary_cat":"none","_seopress_titles_title":"","_seopress_titles_desc":"","_seopress_robots_index":"","site-sidebar-layout":"default","site-content-layout":"","ast-site-content-layout":"default","site-content-style":"default","site-sidebar-style":"default","ast-global-header-display":"","ast-banner-title-visibility":"","ast-main-header-display":"","ast-hfb-above-header-display":"","ast-hfb-below-header-display":"","ast-hfb-mobile-header-display":"","site-post-title":"","ast-breadcrumbs-content":"","ast-featured-img":"","footer-sml-layout":"","ast-disable-related-posts":"","theme-transparent-header-meta":"default","adv-header-id-meta":"","stick-header-meta":"","header-above-stick-meta":"","header-main-stick-meta":"","header-below-stick-meta":"","astra-migrate-meta-layouts":"default","ast-page-background-enabled":"default","ast-page-background-meta":{"desktop":{"background-color":"var(--ast-global-color-4)","background-image":"","background-repeat":"repeat","background-position":"center center","background-size":"auto","background-attachment":"scroll","background-type":"","background-media":"","overlay-type":"","overlay-color":"","overlay-opacity":"","overlay-gradient":""},"tablet":{"background-color":"","background-image":"","background-repeat":"repeat","background-position":"center center","background-size":"auto","background-attachment":"scroll","background-type":"","background-media":"","overlay-type":"","overlay-color":"","overlay-opacity":"","overlay-gradient":""},"mobile":{"background-color":"","background-image":"","background-repeat":"repeat","background-position":"center center","background-size":"auto","background-attachment":"scroll","background-type":"","background-media":"","overlay-type":"","overlay-color":"","overlay-opacity":"","overlay-gradient":""}},"ast-content-background-meta":{"desktop":{"background-color":"var(--ast-global-color-5)","background-image":"","background-repeat":"repeat","background-position":"center center","background-size":"auto","background-attachment":"scroll","background-type":"","background-media":"","overlay-type":"","overlay-color":"","overlay-opacity":"","overlay-gradient":""},"tablet":{"background-color":"var(--ast-global-color-5)","background-image":"","background-repeat":"repeat","background-position":"center center","background-size":"auto","background-attachment":"scroll","background-type":"","background-media":"","overlay-type":"","overlay-color":"","overlay-opacity":"","overlay-gradient":""},"mobile":{"background-color":"var(--ast-global-color-5)","background-image":"","background-repeat":"repeat","background-position":"center center","background-size":"auto","background-attachment":"scroll","background-type":"","background-media":"","overlay-type":"","overlay-color":"","overlay-opacity":"","overlay-gradient":""}}},"product_brand":[],"product_cat":[94],"product_tag":[],"class_list":{"0":"post-10441","1":"product","2":"type-product","3":"status-publish","4":"has-post-thumbnail","6":"product_cat-occhi","7":"desktop-align-left","8":"tablet-align-left","9":"mobile-align-left","11":"first","12":"instock","13":"shipping-taxable","14":"product-type-external"},"_links":{"self":[{"href":"https:\/\/youniquebyemilie.com\/it\/wp-json\/wp\/v2\/product\/10441","targetHints":{"allow":["GET"]}}],"collection":[{"href":"https:\/\/youniquebyemilie.com\/it\/wp-json\/wp\/v2\/product"}],"about":[{"href":"https:\/\/youniquebyemilie.com\/it\/wp-json\/wp\/v2\/types\/product"}],"replies":[{"embeddable":true,"href":"https:\/\/youniquebyemilie.com\/it\/wp-json\/wp\/v2\/comments?post=10441"}],"wp:featuredmedia":[{"embeddable":true,"href":"https:\/\/youniquebyemilie.com\/it\/wp-json\/wp\/v2\/media\/10445"}],"wp:attachment":[{"href":"https:\/\/youniquebyemilie.com\/it\/wp-json\/wp\/v2\/media?parent=10441"}],"wp:term":[{"taxonomy":"product_brand","embeddable":true,"href":"https:\/\/youniquebyemilie.com\/it\/wp-json\/wp\/v2\/product_brand?post=10441"},{"taxonomy":"product_cat","embeddable":true,"href":"https:\/\/youniquebyemilie.com\/it\/wp-json\/wp\/v2\/product_cat?post=10441"},{"taxonomy":"product_tag","embeddable":true,"href":"https:\/\/youniquebyemilie.com\/it\/wp-json\/wp\/v2\/product_tag?post=10441"}],"curies":[{"name":"wp","href":"https:\/\/api.w.org\/{rel}","templated":true}]}}