{"id":10464,"date":"2025-07-26T13:47:09","date_gmt":"2025-07-26T11:47:09","guid":{"rendered":"https:\/\/youniquebyemilie.com\/produit\/younique-daily-you-per-capelli-pelle-e-unghie\/"},"modified":"2025-07-26T13:47:09","modified_gmt":"2025-07-26T11:47:09","slug":"younique-daily-you-per-capelli-pelle-e-unghie","status":"publish","type":"product","link":"https:\/\/youniquebyemilie.com\/it\/produit\/younique-daily-you-per-capelli-pelle-e-unghie\/","title":{"rendered":"YOUNIQUE DAILY-YOU per capelli, pelle e unghie"},"content":{"rendered":"<p><span style=\"font-weight: 400;\">Francamente, non ne potevo pi\u00f9 dei miei capelli radi, della mia pelle spenta e delle mie unghie che si rompevano sempre. Anche tu stai lottando contro questo problema? Beh, ho una grande notizia per te.  <\/span><\/p>\n<p><span style=\"font-weight: 400;\">Ho testato le gomme <\/span><b>YOUNIQUE DAILY-YOU<\/b><span style=\"font-weight: 400;\">E credimi, \u00e8 diventata la mia delizia mattutina. Il gusto   <\/span><b>mango-agrumi<\/b><span style=\"font-weight: 400;\"> \u00e8 fresco e delizioso, ma la parte migliore \u00e8 che funziona davvero! <\/span><b>Due gommine al giorno<\/b><span style=\"font-weight: 400;\">\u00c8 facile e veloce e ho notato la differenza: i miei capelli sono pi\u00f9 corposi, la mia pelle \u00e8 pi\u00f9 luminosa e le mie unghie sono pi\u00f9 forti, senza pi\u00f9 rotture. Se anche tu vuoi ritrovare forza, luminosit\u00e0 e vitalit\u00e0, sai cosa devi fare.   <\/span><\/p>\n<h3><span style=\"font-weight: 400;\">Cosa ottieni con YOUNIQUE DAILY-YOU  <\/span><\/h3>\n<ul>\n<li style=\"font-weight: 400;\" aria-level=\"1\"><span style=\"font-weight: 400;\">Da<\/span><b> capelli visibilmente pi\u00f9 spessi e forti<\/b><span style=\"font-weight: 400;\">Con un volume naturale che fa la differenza.<\/span><\/li>\n<li style=\"font-weight: 400;\" aria-level=\"1\"><span style=\"font-weight: 400;\">A <\/span><b>una pelle pi\u00f9 luminosa e radiosa<\/b><span style=\"font-weight: 400;\">Come se avessi appena fatto un trattamento professionale.<\/span><\/li>\n<li style=\"font-weight: 400;\" aria-level=\"1\"><span style=\"font-weight: 400;\">A <\/span><b>unghie forti<\/b><span style=\"font-weight: 400;\">che finalmente smettono di rompersi e spaccarsi.<\/span><\/li>\n<li style=\"font-weight: 400;\" aria-level=\"1\"><b>Meno cadute<\/b><span style=\"font-weight: 400;\"> e anche <\/span><b>meno capelli bianchi,<\/b><span style=\"font-weight: 400;\"> cos\u00ec potrai mantenere un aspetto giovane pi\u00f9 a lungo.<\/span><\/li>\n<li style=\"font-weight: 400;\" aria-level=\"1\"><span style=\"font-weight: 400;\">A <\/span><b>gusto fruttato<\/b><span style=\"font-weight: 400;\"> Adoro morderlo ogni mattina, un vero piacere ogni giorno.<\/span><\/li>\n<li style=\"font-weight: 400;\" aria-level=\"1\"><span style=\"font-weight: 400;\">Una composizione pulita e vegana, priva di glutine e dei principali allergeni, per permetterti di prenderti cura di te stesso senza compromessi.<\/span><\/li>\n<\/ul>\n<h2><span style=\"font-weight: 400;\">Gli ingredienti chiave che fanno la differenza<\/span><\/h2>\n<ul>\n<li style=\"font-weight: 400;\" aria-level=\"1\"><b>Biotina<\/b><span style=\"font-weight: 400;\"> Per capelli forti e voluminosi di grande impatto.<\/span><\/li>\n<li style=\"font-weight: 400;\" aria-level=\"1\"><b>Piselli verdi germogliati<\/b><span style=\"font-weight: 400;\"> Arresta la caduta dei capelli e riporta in vita la tua chioma.<\/span><\/li>\n<li style=\"font-weight: 400;\" aria-level=\"1\"><b>Selenio<\/b><span style=\"font-weight: 400;\"> Protegge il tuo colore naturale e respinge i capelli bianchi.<\/span><\/li>\n<li style=\"font-weight: 400;\" aria-level=\"1\"><b>Zinco e acido folico<\/b><span style=\"font-weight: 400;\"> ravviva la pelle e rafforza le unghie, fin dalle prime settimane.<\/span><\/li>\n<li style=\"font-weight: 400;\" aria-level=\"1\"><b>Peptidi di collagene marino<\/b><span style=\"font-weight: 400;\"> rassodano la pelle e illuminano i capelli, proprio come dopo un trattamento professionale.<\/span><\/li>\n<\/ul>\n<p><span style=\"font-weight: 400;\">Immagina di essere radioso e pieno di energia ogni mattina. Con   <\/span><b>YOUNIQUE DAILY-YOU<\/b><span style=\"font-weight: 400;\">\u00e8 possibile. Ordina rapidamente e trasforma la tua bellezza in un semplice piacere quotidiano. <\/span><\/p>\n<h3><span style=\"font-weight: 400;\">Adotta YOUNIQUE DAILY-YOU e mostra il tuo lato migliore ogni giorno.<\/span><\/h3>\n<p><b>Due gomme da masticare ogni mattina<\/b><span style=\"font-weight: 400;\">\u00c8 cos\u00ec semplice. Da solo o con il   <\/span><b>shot di collagene liquido<\/b><span style=\"font-weight: 400;\">Si integrano senza sforzo nella tua routine e ti danno risultati visibili. E onestamente, amerai questa routine di bellezza, un piccolo piacere da godere ogni giorno. <\/span><\/p>\n<h3><span style=\"font-weight: 400;\">Perch\u00e9 scegliere YOUNIQUE DAILY-YOU?<\/span><\/h3>\n<p><span style=\"font-weight: 400;\">Perch\u00e9 \u00e8 <\/span><b>semplice, efficace<\/b><span style=\"font-weight: 400;\">e <\/span><b>rispetta i tuoi valori<\/b><span style=\"font-weight: 400;\">. Prodotto in uno stabilimento certificato  <\/span><b>Halal <\/b><span style=\"font-weight: 400;\">e <\/span><b>Kosher<\/b><span style=\"font-weight: 400;\">YOUNIQUE DAILY-YOU \u00e8 dermatologicamente testato, privo di glutine e non contiene allergeni importanti, quindi si adatta perfettamente alla tua routine quotidiana. Un prodotto che rispetta la tua salute e ti d\u00e0 risultati visibili, senza compromessi. <\/span><\/p>\n<p><b>La decisione migliore per la tua bellezza \u00e8 YOUNIQUE DAILY-YOU.<\/b><span style=\"font-weight: 400;\">  Una formula semplice ma potente che funziona davvero su capelli, pelle e unghie. Non perdere l&#8217;occasione di ordinare ora e concederti questo lusso a prezzi accessibili. Te lo meriti!  <\/span><\/p>\n<p>&nbsp;<\/p>\n<h3><b>FAQ :  <\/b><\/h3>\n<ol>\n<li><b>  YOUNIQUE DAILY-YOU \u00e8 adatto a tutti i tipi di capelli?<\/b><b><br \/>\n<\/b><span style=\"font-weight: 400;\">  S\u00ec, la sua formula funziona efficacemente su tutti i tipi di capelli, sia fini che fragili o normali, per un volume e una forza extra.<\/span><\/li>\n<li><b>  Queste gomme sono adatte alla pelle sensibile?<\/b><b><br \/>\n<\/b><span style=\"font-weight: 400;\">  Assolutamente s\u00ec, sono dermatologicamente testati e formulati senza allergeni importanti per rispettare anche le pelli sensibili.<\/span><\/li>\n<li><b>  Quanto tempo ci vuole per vedere una differenza visibile sulla pelle?<\/b><b><br \/>\n<\/b><span style=\"font-weight: 400;\">I peptidi di collagene marino stimolano naturalmente la produzione di collagene. Da   <\/span><b>4 settimane<\/b><span style=\"font-weight: 400;\">La pelle diventa pi\u00f9 soda e luminosa. Questi risultati si intensificano con l&#8217;uso regolare, per una carnagione visibilmente pi\u00f9 radiosa. <\/span><\/li>\n<li><b>  Queste gomme aiutano anche a rafforzare le sopracciglia e le ciglia?<\/b><b><br \/>\n<\/b><span style=\"font-weight: 400;\">  S\u00ec, la loro formula mirata agisce anche sulla densit\u00e0 e sulla salute di sopracciglia, ciglia, barba e baffi.<\/span><\/li>\n<li><b>  Questo integratore pu\u00f2 essere utilizzato come trattamento ripetuto?<\/b><b><br \/>\n<\/b><span style=\"font-weight: 400;\">S\u00ec, questo integratore pu\u00f2 essere utilizzato come corso di rinnovo. Aiuta a mantenere e rafforzare i risultati ottenuti. L&#8217;uso regolare garantisce una bellezza duratura e costante.  <\/span><\/li>\n<\/ol>\n","protected":false},"excerpt":{"rendered":"<p><span style=\"font-weight: 400;\">Ho testato le gomme <\/span><b>YOUNIQUE DAILY-YOU<\/b><span style=\"font-weight: 400;\">E credimi, \u00e8 diventata la mia delizia mattutina. Il gusto   <\/span><b>mango-agrumi<\/b><span style=\"font-weight: 400;\"> \u00e8 fresco e delizioso, ma la parte migliore \u00e8 che funziona davvero! <\/span><b>Due gommine al giorno<\/b><span style=\"font-weight: 400;\">\u00c8 facile e veloce e ho notato la differenza: i miei capelli sono pi\u00f9 corposi, la mia pelle \u00e8 pi\u00f9 luminosa e le mie unghie sono pi\u00f9 forti, senza pi\u00f9 rotture. Se anche tu vuoi ritrovare forza, luminosit\u00e0 e vitalit\u00e0, sai cosa devi fare.   <\/span><\/p>\n","protected":false},"featured_media":10470,"comment_status":"open","ping_status":"closed","template":"","meta":{"_seopress_robots_primary_cat":"none","_seopress_titles_title":"","_seopress_titles_desc":"","_seopress_robots_index":"","site-sidebar-layout":"default","site-content-layout":"","ast-site-content-layout":"default","site-content-style":"default","site-sidebar-style":"default","ast-global-header-display":"","ast-banner-title-visibility":"","ast-main-header-display":"","ast-hfb-above-header-display":"","ast-hfb-below-header-display":"","ast-hfb-mobile-header-display":"","site-post-title":"","ast-breadcrumbs-content":"","ast-featured-img":"","footer-sml-layout":"","ast-disable-related-posts":"","theme-transparent-header-meta":"default","adv-header-id-meta":"","stick-header-meta":"","header-above-stick-meta":"","header-main-stick-meta":"","header-below-stick-meta":"","astra-migrate-meta-layouts":"default","ast-page-background-enabled":"default","ast-page-background-meta":{"desktop":{"background-color":"var(--ast-global-color-4)","background-image":"","background-repeat":"repeat","background-position":"center center","background-size":"auto","background-attachment":"scroll","background-type":"","background-media":"","overlay-type":"","overlay-color":"","overlay-opacity":"","overlay-gradient":""},"tablet":{"background-color":"","background-image":"","background-repeat":"repeat","background-position":"center center","background-size":"auto","background-attachment":"scroll","background-type":"","background-media":"","overlay-type":"","overlay-color":"","overlay-opacity":"","overlay-gradient":""},"mobile":{"background-color":"","background-image":"","background-repeat":"repeat","background-position":"center center","background-size":"auto","background-attachment":"scroll","background-type":"","background-media":"","overlay-type":"","overlay-color":"","overlay-opacity":"","overlay-gradient":""}},"ast-content-background-meta":{"desktop":{"background-color":"var(--ast-global-color-5)","background-image":"","background-repeat":"repeat","background-position":"center center","background-size":"auto","background-attachment":"scroll","background-type":"","background-media":"","overlay-type":"","overlay-color":"","overlay-opacity":"","overlay-gradient":""},"tablet":{"background-color":"var(--ast-global-color-5)","background-image":"","background-repeat":"repeat","background-position":"center center","background-size":"auto","background-attachment":"scroll","background-type":"","background-media":"","overlay-type":"","overlay-color":"","overlay-opacity":"","overlay-gradient":""},"mobile":{"background-color":"var(--ast-global-color-5)","background-image":"","background-repeat":"repeat","background-position":"center center","background-size":"auto","background-attachment":"scroll","background-type":"","background-media":"","overlay-type":"","overlay-color":"","overlay-opacity":"","overlay-gradient":""}}},"product_brand":[],"product_cat":[96],"product_tag":[],"class_list":{"0":"post-10464","1":"product","2":"type-product","3":"status-publish","4":"has-post-thumbnail","6":"product_cat-integratori","7":"desktop-align-left","8":"tablet-align-left","9":"mobile-align-left","11":"first","12":"instock","13":"sale","14":"shipping-taxable","15":"product-type-external"},"_links":{"self":[{"href":"https:\/\/youniquebyemilie.com\/it\/wp-json\/wp\/v2\/product\/10464","targetHints":{"allow":["GET"]}}],"collection":[{"href":"https:\/\/youniquebyemilie.com\/it\/wp-json\/wp\/v2\/product"}],"about":[{"href":"https:\/\/youniquebyemilie.com\/it\/wp-json\/wp\/v2\/types\/product"}],"replies":[{"embeddable":true,"href":"https:\/\/youniquebyemilie.com\/it\/wp-json\/wp\/v2\/comments?post=10464"}],"wp:featuredmedia":[{"embeddable":true,"href":"https:\/\/youniquebyemilie.com\/it\/wp-json\/wp\/v2\/media\/10470"}],"wp:attachment":[{"href":"https:\/\/youniquebyemilie.com\/it\/wp-json\/wp\/v2\/media?parent=10464"}],"wp:term":[{"taxonomy":"product_brand","embeddable":true,"href":"https:\/\/youniquebyemilie.com\/it\/wp-json\/wp\/v2\/product_brand?post=10464"},{"taxonomy":"product_cat","embeddable":true,"href":"https:\/\/youniquebyemilie.com\/it\/wp-json\/wp\/v2\/product_cat?post=10464"},{"taxonomy":"product_tag","embeddable":true,"href":"https:\/\/youniquebyemilie.com\/it\/wp-json\/wp\/v2\/product_tag?post=10464"}],"curies":[{"name":"wp","href":"https:\/\/api.w.org\/{rel}","templated":true}]}}