{"id":10571,"date":"2025-07-24T17:41:00","date_gmt":"2025-07-24T15:41:00","guid":{"rendered":"https:\/\/youniquebyemilie.com\/produit\/fondotinta-in-crema-younique-touch\/"},"modified":"2025-07-24T17:41:00","modified_gmt":"2025-07-24T15:41:00","slug":"fondotinta-in-crema-younique-touch","status":"publish","type":"product","link":"https:\/\/youniquebyemilie.com\/it\/produit\/fondotinta-in-crema-younique-touch\/","title":{"rendered":"Fondotinta in crema YOUNIQUE TOUCH"},"content":{"rendered":"<p><span style=\"font-weight: 400;\">Trova un fondotinta che combini <\/span><b>copertura<\/b><span style=\"font-weight: 400;\">, <\/span><b>idratazione <\/b><span style=\"font-weight: 400;\">e <\/span><b>leggerezza<\/b><span style=\"font-weight: 400;\">Non \u00e8 sempre facile. Ma da quando ho scoperto   <\/span><b>Fondotinta in crema YOUNIQUE TOUCH<\/b><span style=\"font-weight: 400;\">Non riesco a liberarmene. Ha tutto quello che cercavo: una texture leggera che si fonde perfettamente con la mia pelle, una coprenza modulabile e soprattutto mi dona un incarnato luminoso e satinato, pur rimanendo traspirante. \u00c8 il fondotinta ideale se vuoi un trucco naturale che duri tutto il giorno, senza effetto maschera.  <\/span><\/p>\n<p><span style=\"font-weight: 400;\">Ti consiglio questo fondotinta, soprattutto se sei alla ricerca di un prodotto che idrati, abbellisca e dia una sana luminosit\u00e0, senza dare l&#8217;impressione di essere truccata.<\/span><\/p>\n<h2><span style=\"font-weight: 400;\">Cosa ti piacer\u00e0 di YOUNIQUE TOUCH Fondotinta in Crema<\/span><\/h2>\n<ul>\n<li style=\"font-weight: 400;\" aria-level=\"1\"><b>Una texture leggera e traspirante<\/b><b><br \/>\n<\/b><span style=\"font-weight: 400;\"> A differenza di altri fondotinta in crema, questo non sovraccarica la pelle e mantiene un aspetto naturale per tutto il giorno.<\/span>&nbsp;<\/li>\n<li style=\"font-weight: 400;\" aria-level=\"1\"><b>Una copertura totale che nasconde le imperfezioni e l&#8217;iperpigmentazione.<\/b><b><br \/>\n<\/b><span style=\"font-weight: 400;\"> Ti dona un colorito uniforme e luminoso senza effetto maschera.<\/span>&nbsp;<\/li>\n<li style=\"font-weight: 400;\" aria-level=\"1\"><b>Una finitura sana e satinata<\/b><b><br \/>\n<\/b><span style=\"font-weight: 400;\"> Grazie a ingredienti nutrienti come l&#8217;olio di girasole, idrata la pelle e la abbellisce.<\/span>&nbsp;<\/li>\n<li style=\"font-weight: 400;\" aria-level=\"1\"><b>Un fondotinta a lunga durata<\/b><b><br \/>\n<\/b><span style=\"font-weight: 400;\"> La sua formula rimane intatta fino a <\/span><b>16 ore<\/b><span style=\"font-weight: 400;\"> senza trasferimenti e senza danneggiare il trucco.<\/span>&nbsp;<\/li>\n<\/ul>\n<h2><span style=\"font-weight: 400;\">Come si applica il fondotinta in crema YOUNIQUE TOUCH?<\/span><\/h2>\n<h3><span style=\"font-weight: 400;\">Preparazione e base :<\/span><\/h3>\n<ol>\n<li style=\"font-weight: 400;\" aria-level=\"1\"><span style=\"font-weight: 400;\">Usa il <\/span><b>pulitore<\/b><span style=\"font-weight: 400;\">il <\/span><b>siero<\/b><span style=\"font-weight: 400;\">e <\/span><b>crema idratante GLOWPLEXION<\/b><span style=\"font-weight: 400;\"> per preparare la pelle.<\/span>&nbsp;<\/li>\n<li style=\"font-weight: 400;\" aria-level=\"1\"><span style=\"font-weight: 400;\">Applica la base illuminante <\/span><b>YOUNIQUE BARE-YOU<\/b><span style=\"font-weight: 400;\"> per una maggiore idratazione e luminosit\u00e0.<\/span>&nbsp;<\/li>\n<\/ol>\n<h3><span style=\"font-weight: 400;\">Applicazione:<\/span><\/h3>\n<ol>\n<li style=\"font-weight: 400;\" aria-level=\"1\"><span style=\"font-weight: 400;\">Usa un pennello <\/span><b>pennello kabuki YOUNIQUE<\/b><span style=\"font-weight: 400;\"> o una spugna di bellezza inumidita per applicare il fondotinta in crema.<\/span>&nbsp;<\/li>\n<li style=\"font-weight: 400;\" aria-level=\"1\"><span style=\"font-weight: 400;\">Inizia dal centro del viso e sfuma verso l&#8217;esterno.<\/span>&nbsp;<\/li>\n<li style=\"font-weight: 400;\" aria-level=\"1\"><span style=\"font-weight: 400;\">Picchietta, premi e rotola per un&#8217;applicazione uniforme. Se necessario, aggiungi altro prodotto per una copertura pi\u00f9 completa. <\/span>&nbsp;<\/li>\n<\/ol>\n<h3><span style=\"font-weight: 400;\">Montaggio :<\/span><\/h3>\n<ol>\n<li style=\"font-weight: 400;\" aria-level=\"1\"><span style=\"font-weight: 400;\">Spruzza la <\/span><b>TOUCH BEHOLD\u00ae e la nebbia di fissaggio<\/b><span style=\"font-weight: 400;\"> per una tenuta ottimale.<\/span>&nbsp;<\/li>\n<li style=\"font-weight: 400;\" aria-level=\"1\"><span style=\"font-weight: 400;\">Applica il <\/span><b>TOUCH BEHOLD<\/b><span style=\"font-weight: 400;\"> per opacizzare l&#8217;incarnato, se lo desideri.<\/span>&nbsp;<\/li>\n<\/ol>\n<h2><span style=\"font-weight: 400;\">Ingredienti chiave e loro benefici<\/span><\/h2>\n<ul>\n<li style=\"font-weight: 400;\" aria-level=\"1\"><b>Olio di girasole<\/b><span style=\"font-weight: 400;\"> Fornisce un&#8217;intensa idratazione e protezione grazie alle sue propriet\u00e0 antiossidanti, per una pelle nutrita e protetta per tutto il giorno.<\/span>&nbsp;<\/li>\n<li style=\"font-weight: 400;\" aria-level=\"1\"><b>Estratto di semi di caff\u00e8<\/b><span style=\"font-weight: 400;\"> Ti rivitalizza e rinfresca, fornendo allo stesso tempo propriet\u00e0 antiossidanti per mantenere la tua pelle in condizioni ottimali.<\/span>&nbsp;<\/li>\n<li style=\"font-weight: 400;\" aria-level=\"1\"><b>Estratto di foglie di rosmarino<\/b><span style=\"font-weight: 400;\"> Aiuta a rafforzare la barriera cutanea e a lenire la pelle, per un&#8217;immediata sensazione di comfort.<\/span>&nbsp;<\/li>\n<li style=\"font-weight: 400;\" aria-level=\"1\"><b>Estratto di corteccia di Magnolia Grandiflora<\/b><span style=\"font-weight: 400;\"> Lenisce i rossori e mantiene la pelle liscia e luminosa, per un colorito uniforme e fresco.<\/span><\/li>\n<\/ul>\n<h2><span style=\"font-weight: 400;\">FAQ: Fondotinta in crema YOUNIQUE TOUCH<\/span><\/h2>\n<ol>\n<li><b>  Qual \u00e8 la differenza tra il fondotinta in crema e quello liquido?<\/b><b><br \/>\n<\/b> <span style=\"font-weight: 400;\"> Fondotinta in crema <\/span><b>YOUNIQUE TOUCH<\/b><span style=\"font-weight: 400;\">  offre una texture pi\u00f9 ricca e una maggiore copertura, ideale per uniformare l&#8217;incarnato e nascondere le imperfezioni. \u00c8 anche pi\u00f9 idratante e lascia una finitura luminosa. <\/span><\/li>\n<li><b>  Per quali tipi di pelle \u00e8 pi\u00f9 adatto questo fondotinta?<\/b><b><br \/>\n<\/b><span style=\"font-weight: 400;\">  \u00c8 ideale per le pelli da normali a secche. La sua formula idratante \u00e8 perfetta per mantenere l&#8217;idratazione e fornire una finitura luminosa e satinata. <\/span><\/li>\n<\/ol>\n<p>&nbsp;<\/p>\n<ol start=\"3\">\n<li><b>  Il fondotinta ha una fragranza?<\/b><b><br \/>\n<\/b><span style=\"font-weight: 400;\">  No, \u00e8 privo di profumo, quindi \u00e8 ideale per le pelli sensibili o per chi preferisce prodotti senza profumi aggiunti.<\/span><\/li>\n<li> <b> Quante tonalit\u00e0 sono disponibili per questo fondotinta?<\/b><b><br \/>\n<\/b><span style=\"font-weight: 400;\"> \u00c8 disponibile in <\/span><b>27 tonalit\u00e0<\/b><span style=\"font-weight: 400;\"> con 9 livelli di intensit\u00e0, ognuno dei quali ha 3 sottotoni: freddo, neutro e caldo, per adattarsi perfettamente al tono della tua pelle.<\/span><\/li>\n<\/ol>\n<p><span style=\"font-weight: 400;\">Ottieni un colorito fresco e luminoso per tutto il giorno. Ordina il tuo fondotinta in crema YOUNIQUE TOUCH e scoprirai una pelle radiosa, liscia e perfettamente uniforme senza sforzo. <\/span><\/p>\n","protected":false},"excerpt":{"rendered":"<p><span style=\"font-weight: 400;\">Trova un fondotinta che combini <\/span><b>copertura<\/b><span style=\"font-weight: 400;\">, <\/span><b>idratazione <\/b><span style=\"font-weight: 400;\">e <\/span><b>leggerezza<\/b><span style=\"font-weight: 400;\">Non \u00e8 sempre facile. Ma da quando ho scoperto   <\/span><b>Fondotinta in crema YOUNIQUE TOUCH<\/b><span style=\"font-weight: 400;\">Non riesco a liberarmene. Ha tutto quello che cercavo: una texture leggera che si fonde perfettamente con la mia pelle, una coprenza modulabile e soprattutto mi dona un incarnato luminoso e satinato, pur rimanendo traspirante. \u00c8 il fondotinta ideale se vuoi un trucco naturale che duri tutto il giorno, senza effetto maschera.  <\/span><\/p>\n<p><span style=\"font-weight: 400;\">Ti consiglio questo fondotinta, soprattutto se sei alla ricerca di un prodotto che idrati, abbellisca e dia una sana luminosit\u00e0, senza dare l&#8217;impressione di essere truccata.<\/span><\/p>\n","protected":false},"featured_media":10573,"comment_status":"open","ping_status":"closed","template":"","meta":{"_seopress_robots_primary_cat":"none","_seopress_titles_title":"","_seopress_titles_desc":"","_seopress_robots_index":"","site-sidebar-layout":"default","site-content-layout":"","ast-site-content-layout":"default","site-content-style":"default","site-sidebar-style":"default","ast-global-header-display":"","ast-banner-title-visibility":"","ast-main-header-display":"","ast-hfb-above-header-display":"","ast-hfb-below-header-display":"","ast-hfb-mobile-header-display":"","site-post-title":"","ast-breadcrumbs-content":"","ast-featured-img":"","footer-sml-layout":"","ast-disable-related-posts":"","theme-transparent-header-meta":"default","adv-header-id-meta":"","stick-header-meta":"","header-above-stick-meta":"","header-main-stick-meta":"","header-below-stick-meta":"","astra-migrate-meta-layouts":"default","ast-page-background-enabled":"default","ast-page-background-meta":{"desktop":{"background-color":"var(--ast-global-color-4)","background-image":"","background-repeat":"repeat","background-position":"center center","background-size":"auto","background-attachment":"scroll","background-type":"","background-media":"","overlay-type":"","overlay-color":"","overlay-opacity":"","overlay-gradient":""},"tablet":{"background-color":"","background-image":"","background-repeat":"repeat","background-position":"center center","background-size":"auto","background-attachment":"scroll","background-type":"","background-media":"","overlay-type":"","overlay-color":"","overlay-opacity":"","overlay-gradient":""},"mobile":{"background-color":"","background-image":"","background-repeat":"repeat","background-position":"center center","background-size":"auto","background-attachment":"scroll","background-type":"","background-media":"","overlay-type":"","overlay-color":"","overlay-opacity":"","overlay-gradient":""}},"ast-content-background-meta":{"desktop":{"background-color":"var(--ast-global-color-5)","background-image":"","background-repeat":"repeat","background-position":"center center","background-size":"auto","background-attachment":"scroll","background-type":"","background-media":"","overlay-type":"","overlay-color":"","overlay-opacity":"","overlay-gradient":""},"tablet":{"background-color":"var(--ast-global-color-5)","background-image":"","background-repeat":"repeat","background-position":"center center","background-size":"auto","background-attachment":"scroll","background-type":"","background-media":"","overlay-type":"","overlay-color":"","overlay-opacity":"","overlay-gradient":""},"mobile":{"background-color":"var(--ast-global-color-5)","background-image":"","background-repeat":"repeat","background-position":"center center","background-size":"auto","background-attachment":"scroll","background-type":"","background-media":"","overlay-type":"","overlay-color":"","overlay-opacity":"","overlay-gradient":""}}},"product_brand":[],"product_cat":[106],"product_tag":[],"class_list":{"0":"post-10571","1":"product","2":"type-product","3":"status-publish","4":"has-post-thumbnail","6":"product_cat-il-viso","7":"desktop-align-left","8":"tablet-align-left","9":"mobile-align-left","11":"first","12":"instock","13":"sale","14":"shipping-taxable","15":"product-type-external"},"_links":{"self":[{"href":"https:\/\/youniquebyemilie.com\/it\/wp-json\/wp\/v2\/product\/10571","targetHints":{"allow":["GET"]}}],"collection":[{"href":"https:\/\/youniquebyemilie.com\/it\/wp-json\/wp\/v2\/product"}],"about":[{"href":"https:\/\/youniquebyemilie.com\/it\/wp-json\/wp\/v2\/types\/product"}],"replies":[{"embeddable":true,"href":"https:\/\/youniquebyemilie.com\/it\/wp-json\/wp\/v2\/comments?post=10571"}],"wp:featuredmedia":[{"embeddable":true,"href":"https:\/\/youniquebyemilie.com\/it\/wp-json\/wp\/v2\/media\/10573"}],"wp:attachment":[{"href":"https:\/\/youniquebyemilie.com\/it\/wp-json\/wp\/v2\/media?parent=10571"}],"wp:term":[{"taxonomy":"product_brand","embeddable":true,"href":"https:\/\/youniquebyemilie.com\/it\/wp-json\/wp\/v2\/product_brand?post=10571"},{"taxonomy":"product_cat","embeddable":true,"href":"https:\/\/youniquebyemilie.com\/it\/wp-json\/wp\/v2\/product_cat?post=10571"},{"taxonomy":"product_tag","embeddable":true,"href":"https:\/\/youniquebyemilie.com\/it\/wp-json\/wp\/v2\/product_tag?post=10571"}],"curies":[{"name":"wp","href":"https:\/\/api.w.org\/{rel}","templated":true}]}}