{"id":10592,"date":"2025-07-24T17:37:13","date_gmt":"2025-07-24T15:37:13","guid":{"rendered":"https:\/\/youniquebyemilie.com\/produit\/moodstruck-fard-compatto\/"},"modified":"2025-07-24T17:37:13","modified_gmt":"2025-07-24T15:37:13","slug":"moodstruck-fard-compatto","status":"publish","type":"product","link":"https:\/\/youniquebyemilie.com\/it\/produit\/moodstruck-fard-compatto\/","title":{"rendered":"MOODSTRUCK Fard compatto"},"content":{"rendered":"<h1><span style=\"font-weight: 400;\">MOODSTRUCK Fard compatto<\/span><\/h1>\n<p><span style=\"font-weight: 400;\">So quanto pu\u00f2 essere difficile trovare un fard che offra una luminosit\u00e0 naturale e una facile applicazione. Da quando ho scoperto <\/span><b>  Fard compatto MOODSTRUCK<\/b><span style=\"font-weight: 400;\">\u00c8 diventato un must-have nella mia trousse. La sua texture leggera, la sua incredibile tenuta e le sue tonalit\u00e0 perfettamente naturali sono un vero e proprio gioco da ragazzi. <\/span><\/p>\n<p><span style=\"font-weight: 400;\">Te lo consiglio vivamente se vuoi un fard che esalti la tua carnagione senza sforzo, con una finitura fresca e una luminosit\u00e0 sana garantita.<\/span><\/p>\n<h2><span style=\"font-weight: 400;\">Cosa ottieni davvero con il blush compatto MOODSTRUCK<\/span><\/h2>\n<ul>\n<li style=\"font-weight: 400;\" aria-level=\"1\"><b>Un fard ultra facile da applicare che pu\u00f2 essere regolato in base al tuo umore:<\/b><span style=\"font-weight: 400;\"> Questo fard si adatta al tuo stile, sia che tu voglia un look fresco e leggero sia che tu voglia qualcosa di pi\u00f9 intenso e strutturato.<\/span>&nbsp;<\/li>\n<li style=\"font-weight: 400;\" aria-level=\"1\"><b>Una carnagione naturalmente radiosa senza effetto cerotto:<\/b><span style=\"font-weight: 400;\"> Ti dona una fresca luminosit\u00e0 che dura tutto il giorno, senza alcun eccesso.<\/span>&nbsp;<\/li>\n<li style=\"font-weight: 400;\" aria-level=\"1\"><b>Una polvere morbida che rispetta la tua pelle e allo stesso tempo valorizza il tuo make-up:<\/b><span style=\"font-weight: 400;\"> La texture vellutata sfuma le imperfezioni, regalandoti un incarnato uniforme e radioso.<\/span>&nbsp;<\/li>\n<li style=\"font-weight: 400;\" aria-level=\"1\"><b>Tenuta a lunga durata, da mattina a sera <\/b><span style=\"font-weight: 400;\">il tuo fard rimane impeccabile, senza sbiadire o spostarsi.<\/span>&nbsp;<\/li>\n<\/ul>\n<h2><span style=\"font-weight: 400;\">Come si applica il fard MOODSTRUCK?<\/span><\/h2>\n<ol>\n<li style=\"font-weight: 400;\" aria-level=\"1\"><span style=\"font-weight: 400;\">Prendi un pennello da fard pulito e fallo scorrere delicatamente sulla polvere pressata.<\/span>&nbsp;<\/li>\n<li style=\"font-weight: 400;\" aria-level=\"1\"><span style=\"font-weight: 400;\">Applica delicatamente il colore sulla parte superiore degli zigomi.<\/span>&nbsp;<\/li>\n<li style=\"font-weight: 400;\" aria-level=\"1\"><span style=\"font-weight: 400;\">Sfuma il fard verso le tempie per un effetto naturale e rosato.<\/span>&nbsp;<\/li>\n<li style=\"font-weight: 400;\" aria-level=\"1\"><span style=\"font-weight: 400;\">Assicura una transizione armoniosa con il resto del trucco per un risultato perfetto.<\/span>&nbsp;<\/li>\n<\/ol>\n<p><span style=\"font-weight: 400;\">Sublima il tuo incarnato con il fard compatto MOODSTRUCK. <\/span><b>Ordinalo subito<\/b><span style=\"font-weight: 400;\"> e dona al tuo viso una luminosit\u00e0 naturale, fresca e duratura che ti accompagner\u00e0 per tutto il giorno.<\/span><\/p>\n<p>&nbsp;<\/p>\n<h2><span style=\"font-weight: 400;\">Ingredienti chiave del blush MOODSTRUCK  <\/span><\/h2>\n<ul>\n<li style=\"font-weight: 400;\" aria-level=\"1\"><b>Talco e dimeticone<\/b><span style=\"font-weight: 400;\"> ti regalano una texture morbida e setosa che si fonde perfettamente con la pelle per un effetto vellutato.<\/span>&nbsp;<\/li>\n<li style=\"font-weight: 400;\" aria-level=\"1\"><b>Tocoferolo (vitamina E)<\/b><span style=\"font-weight: 400;\"> Rivitalizza e protegge la pelle, fornendo al contempo propriet\u00e0 antiossidanti che combattono i segni della stanchezza.<\/span>&nbsp;<\/li>\n<li style=\"font-weight: 400;\" aria-level=\"1\"><b>Palmitato di ascorbile (vitamina C)<\/b><span style=\"font-weight: 400;\"> D\u00e0 una spinta istantanea alla luminosit\u00e0 e aiuta la pelle a combattere i segni della fatica, per un incarnato luminoso.<\/span>&nbsp;<\/li>\n<li style=\"font-weight: 400;\" aria-level=\"1\"><b>Tecnologia ottica<\/b><span style=\"font-weight: 400;\"> sfuma le imperfezioni, lasciandoti un incarnato uniforme e senza difetti, come un filtro naturale.<\/span><\/li>\n<\/ul>\n<h2><span style=\"font-weight: 400;\">FAQ : Fard compatto MOODSTRUCK<\/span><\/h2>\n<ol>\n<li><b>  Questo fard \u00e8 adatto a tutti i tipi di pelle?<\/b><b><br \/>\n<\/b><span style=\"font-weight: 400;\">S\u00ec, \u00e8 perfettamente adatta a tutti i tipi di pelle, anche le pi\u00f9 sensibili. La sua texture leggera e setosa non secca la pelle, rendendola piacevole da usare per tutto il giorno. <\/span><\/li>\n<li><b>  Posso usarlo per creare un look pi\u00f9 intenso?<\/b><b><br \/>\n<\/b><span style=\"font-weight: 400;\">  S\u00ec, \u00e8 possibile! Puoi sovrapporre gli strati per ottenere un risultato pi\u00f9 intenso e una luminosit\u00e0 pi\u00f9 marcata, oppure applicarlo leggermente per un effetto pi\u00f9 naturale. <\/span><\/li>\n<li><b>  Quanto fard devo usare?<\/b><b><br \/>\n<\/b><span style=\"font-weight: 400;\">  Inizia con una piccola quantit\u00e0 e sfuma bene. La texture \u00e8 modulabile, quindi puoi regolare l&#8217;intensit\u00e0 in base al tuo look del giorno. <\/span><\/li>\n<li><b>  Questo fard \u00e8 dermatologicamente testato?<\/b><b><br \/>\n<\/b><span style=\"font-weight: 400;\">  S\u00ec, \u00e8 dermatologicamente testato e formulato per essere delicato sulla pelle, anche per le pelli pi\u00f9 sensibili.<\/span><\/li>\n<li><b>  Questo fard contiene ingredienti dannosi?<\/b><b><br \/>\n<\/b><span style=\"font-weight: 400;\">  No, \u00e8 formulato con ingredienti di qualit\u00e0, privo di parabeni e solfati e totalmente cruelty-free.<\/span><\/li>\n<\/ol>\n<p><span style=\"font-weight: 400;\">Sublima il tuo incarnato con il fard compatto MOODSTRUCK. Ordinalo oggi stesso e dona al tuo viso una luminosit\u00e0 naturale, fresca e duratura. <\/span><\/p>\n<p>&nbsp;<\/p>\n","protected":false},"excerpt":{"rendered":"<p><span style=\"font-weight: 400;\">So quanto pu\u00f2 essere difficile trovare un fard che offra una luminosit\u00e0 naturale e una facile applicazione. Da quando ho scoperto <\/span><b>  Fard compatto MOODSTRUCK<\/b><span style=\"font-weight: 400;\">\u00c8 diventato un must-have nella mia trousse. La sua texture leggera, la sua incredibile tenuta e le sue tonalit\u00e0 perfettamente naturali sono un vero e proprio gioco da ragazzi. <\/span><\/p>\n<p><span style=\"font-weight: 400;\">Te lo consiglio vivamente se vuoi un fard che esalti la tua carnagione senza sforzo, con una finitura fresca e una luminosit\u00e0 sana garantita.<\/span><\/p>\n","protected":false},"featured_media":10596,"comment_status":"open","ping_status":"closed","template":"","meta":{"_seopress_robots_primary_cat":"none","_seopress_titles_title":"","_seopress_titles_desc":"","_seopress_robots_index":"","site-sidebar-layout":"default","site-content-layout":"","ast-site-content-layout":"default","site-content-style":"default","site-sidebar-style":"default","ast-global-header-display":"","ast-banner-title-visibility":"","ast-main-header-display":"","ast-hfb-above-header-display":"","ast-hfb-below-header-display":"","ast-hfb-mobile-header-display":"","site-post-title":"","ast-breadcrumbs-content":"","ast-featured-img":"","footer-sml-layout":"","ast-disable-related-posts":"","theme-transparent-header-meta":"default","adv-header-id-meta":"","stick-header-meta":"","header-above-stick-meta":"","header-main-stick-meta":"","header-below-stick-meta":"","astra-migrate-meta-layouts":"default","ast-page-background-enabled":"default","ast-page-background-meta":{"desktop":{"background-color":"var(--ast-global-color-4)","background-image":"","background-repeat":"repeat","background-position":"center center","background-size":"auto","background-attachment":"scroll","background-type":"","background-media":"","overlay-type":"","overlay-color":"","overlay-opacity":"","overlay-gradient":""},"tablet":{"background-color":"","background-image":"","background-repeat":"repeat","background-position":"center center","background-size":"auto","background-attachment":"scroll","background-type":"","background-media":"","overlay-type":"","overlay-color":"","overlay-opacity":"","overlay-gradient":""},"mobile":{"background-color":"","background-image":"","background-repeat":"repeat","background-position":"center center","background-size":"auto","background-attachment":"scroll","background-type":"","background-media":"","overlay-type":"","overlay-color":"","overlay-opacity":"","overlay-gradient":""}},"ast-content-background-meta":{"desktop":{"background-color":"var(--ast-global-color-5)","background-image":"","background-repeat":"repeat","background-position":"center center","background-size":"auto","background-attachment":"scroll","background-type":"","background-media":"","overlay-type":"","overlay-color":"","overlay-opacity":"","overlay-gradient":""},"tablet":{"background-color":"var(--ast-global-color-5)","background-image":"","background-repeat":"repeat","background-position":"center center","background-size":"auto","background-attachment":"scroll","background-type":"","background-media":"","overlay-type":"","overlay-color":"","overlay-opacity":"","overlay-gradient":""},"mobile":{"background-color":"var(--ast-global-color-5)","background-image":"","background-repeat":"repeat","background-position":"center center","background-size":"auto","background-attachment":"scroll","background-type":"","background-media":"","overlay-type":"","overlay-color":"","overlay-opacity":"","overlay-gradient":""}}},"product_brand":[],"product_cat":[106],"product_tag":[],"class_list":{"0":"post-10592","1":"product","2":"type-product","3":"status-publish","4":"has-post-thumbnail","6":"product_cat-il-viso","7":"desktop-align-left","8":"tablet-align-left","9":"mobile-align-left","11":"first","12":"instock","13":"sale","14":"shipping-taxable","15":"product-type-external"},"_links":{"self":[{"href":"https:\/\/youniquebyemilie.com\/it\/wp-json\/wp\/v2\/product\/10592","targetHints":{"allow":["GET"]}}],"collection":[{"href":"https:\/\/youniquebyemilie.com\/it\/wp-json\/wp\/v2\/product"}],"about":[{"href":"https:\/\/youniquebyemilie.com\/it\/wp-json\/wp\/v2\/types\/product"}],"replies":[{"embeddable":true,"href":"https:\/\/youniquebyemilie.com\/it\/wp-json\/wp\/v2\/comments?post=10592"}],"wp:featuredmedia":[{"embeddable":true,"href":"https:\/\/youniquebyemilie.com\/it\/wp-json\/wp\/v2\/media\/10596"}],"wp:attachment":[{"href":"https:\/\/youniquebyemilie.com\/it\/wp-json\/wp\/v2\/media?parent=10592"}],"wp:term":[{"taxonomy":"product_brand","embeddable":true,"href":"https:\/\/youniquebyemilie.com\/it\/wp-json\/wp\/v2\/product_brand?post=10592"},{"taxonomy":"product_cat","embeddable":true,"href":"https:\/\/youniquebyemilie.com\/it\/wp-json\/wp\/v2\/product_cat?post=10592"},{"taxonomy":"product_tag","embeddable":true,"href":"https:\/\/youniquebyemilie.com\/it\/wp-json\/wp\/v2\/product_tag?post=10592"}],"curies":[{"name":"wp","href":"https:\/\/api.w.org\/{rel}","templated":true}]}}