{"id":10669,"date":"2025-07-24T17:00:32","date_gmt":"2025-07-24T15:00:32","guid":{"rendered":"https:\/\/youniquebyemilie.com\/produit\/moodstruck-beloved-palette-di-ombretti-compatti-volume-3\/"},"modified":"2025-07-24T17:00:32","modified_gmt":"2025-07-24T15:00:32","slug":"moodstruck-beloved-palette-di-ombretti-compatti-volume-3","status":"publish","type":"product","link":"https:\/\/youniquebyemilie.com\/it\/produit\/moodstruck-beloved-palette-di-ombretti-compatti-volume-3\/","title":{"rendered":"MOODSTRUCK BELOVED Palette di ombretti compatti - Volume 3"},"content":{"rendered":"<p><span style=\"font-weight: 400;\">Sai, ho sempre amato i prodotti che combinano <\/span><b>fascino<\/b><span style=\"font-weight: 400;\"> e <\/span><b>audacia<\/b><span style=\"font-weight: 400;\">e questa <\/span><b>palette di ombretti MOODSTRUCK BELOVED, volume 3<\/b><span style=\"font-weight: 400;\">\u00e8 esattamente questo. Ispirato ai metalli preziosi, ti offre <\/span><b>  sei ombretti ultra-pigmentati<\/b><span style=\"font-weight: 400;\">  con una finitura metallica fusa, per occhi tanto potenti quanto affascinanti. La sua texture \u00e8 una vera gioia da lavorare:   <\/span><b>cremoso<\/b><span style=\"font-weight: 400;\">, <\/span><b>ricco<\/b><span style=\"font-weight: 400;\">e <\/span><b>facile da miscelare<\/b><span style=\"font-weight: 400;\">. E soprattutto, dura tutto il giorno senza perdere la sua brillantezza. Se cerchi una palette che ti accompagni ovunque e che ti faccia risplendere in ogni occasione, questa \u00e8 quella che fa per te. <\/span><\/p>\n<h2><span style=\"font-weight: 400;\">Cosa ottieni con la palette MOODSTRUCK BELOVED - Volume 3<\/span><\/h2>\n<ul>\n<li style=\"font-weight: 400;\" aria-level=\"1\"><b>Una formula innovativa<\/b><span style=\"font-weight: 400;\"> a base di pigmenti finemente macinati e tecnologia wet, per un colore intenso, una finitura metallica fusa e una tenuta a lunga durata.<\/span>&nbsp;<\/li>\n<li style=\"font-weight: 400;\" aria-level=\"1\"><b>Una texture cremosa<\/b><span style=\"font-weight: 400;\"> che scivola sulla palpebra e si trasforma facilmente per adattarsi al tuo stile, dal pi\u00f9 naturale al pi\u00f9 audace.<\/span>&nbsp;<\/li>\n<li style=\"font-weight: 400;\" aria-level=\"1\"><b>Sei tonalit\u00e0 accuratamente selezionate<\/b><span style=\"font-weight: 400;\"> per creare un&#8217;infinit\u00e0 di look, da mescolare e abbinare alle altre palette YOUNIQUE.<\/span>&nbsp;<\/li>\n<li style=\"font-weight: 400;\" aria-level=\"1\"><b>Una palette compatta ed elegante<\/b><span style=\"font-weight: 400;\">Ideale per essere infilata nella tua beauty bag e portata con te ovunque tu vada.<\/span>&nbsp;<\/li>\n<\/ul>\n<h2><span style=\"font-weight: 400;\">Come valorizzare i tuoi occhi con MOODSTRUCK BELOVED<\/span><\/h2>\n<ol>\n<li style=\"font-weight: 400;\" aria-level=\"1\"><span style=\"font-weight: 400;\">Prepara le palpebre con <\/span><b>MOODSTRUCK<\/b><span style=\"font-weight: 400;\">in modo che il colore si adatti perfettamente.<\/span>&nbsp;<\/li>\n<li style=\"font-weight: 400;\" aria-level=\"1\"><span style=\"font-weight: 400;\">Applica la tonalit\u00e0 scelta con il tuo pennello YOUNIQUE preferito, da sola o miscelata.<\/span>&nbsp;<\/li>\n<li style=\"font-weight: 400;\" aria-level=\"1\"><span style=\"font-weight: 400;\">Sfumare per ottenere un gradiente perfetto o stratificare per un effetto metallico intenso.<\/span>&nbsp;<\/li>\n<li style=\"font-weight: 400;\" aria-level=\"1\"><span style=\"font-weight: 400;\">Combinalo con altre palette per ottenere un look davvero adatto a te, da tutti i giorni alla sera.<\/span>&nbsp;<\/li>\n<\/ol>\n<h2><span style=\"font-weight: 400;\">Gli ingredienti star che fanno la differenza<\/span><\/h2>\n<ul>\n<li style=\"font-weight: 400;\" aria-level=\"1\"><b>Pigmenti finemente macinati<\/b><span style=\"font-weight: 400;\"> per un colore ricco e luminoso con un effetto metallico fuso.<\/span>&nbsp;<\/li>\n<li style=\"font-weight: 400;\" aria-level=\"1\"><b>Isopropile miristato<\/b><span style=\"font-weight: 400;\"> e <\/span><b>dimeticone<\/b><span style=\"font-weight: 400;\"> per una texture morbida e cremosa che scivola via.<\/span>&nbsp;<\/li>\n<li style=\"font-weight: 400;\" aria-level=\"1\"><b>Tecnologia Polymethylsilsesquioxane<\/b><span style=\"font-weight: 400;\"> che fissa il colore a lungo senza trasferirlo.<\/span>&nbsp;<\/li>\n<li style=\"font-weight: 400;\" aria-level=\"1\"><b>Ossicloruro di bismuto<\/b><span style=\"font-weight: 400;\"> e altri minerali che aggiungono splendore e luminosit\u00e0.<\/span>&nbsp;<\/li>\n<\/ul>\n<h2><span style=\"font-weight: 400;\">Perch\u00e9 amerai questa palette<\/span><\/h2>\n<p><span style=\"font-weight: 400;\">Francamente, \u00e8 il tipo di prodotto che ti semplifica la vita. Intenso senza essere pesante,   <\/span><b>confortevole<\/b><span style=\"font-weight: 400;\">e <\/span><b>super facile da usare<\/b><span style=\"font-weight: 400;\">anche quando non hai molto tempo. Sia che tu stia cercando una trasformazione veloce o che tu voglia prenderti il tempo necessario per un look pi\u00f9 elaborato, lei si adatter\u00e0 a ogni tuo capriccio. Inoltre, \u00e8    <\/span><b>ricaricabile<\/b><span style=\"font-weight: 400;\">Quindi \u00e8 ottimo per il pianeta e per il tuo portafoglio. La porto ovunque, \u00e8 la mia preferita. Ora tocca a te brillare con MOODSTRUCK BELOVED!  <\/span><\/p>\n<p><span style=\"font-weight: 400;\">Ordina subito la tua palette di ombretti compatti MOODSTRUCK BELOVED - Volume 3 e regalati un look tanto potente quanto prezioso.<\/span><\/p>\n<h2><span style=\"font-weight: 400;\">FAQ: Tutto quello che devi sapere sulla tua palette di ombretti compatti MOODSTRUCK BELOVED - Volume 3<\/span><\/h2>\n<ol>\n<li><b>  La palette \u00e8 adatta a tutti i tipi di pelle?<\/b><b><br \/>\n<\/b><span style=\"font-weight: 400;\">  S\u00ec, la formula delicata e non irritante \u00e8 adatta a tutti i tipi di pelle, anche a quelle sensibili, grazie agli ingredienti minerali e alla texture cremosa.<\/span><\/li>\n<li> <b> Quanto dura il pallet dopo l&#8217;apertura?<\/b><b><br \/>\n<\/b><span style=\"font-weight: 400;\"> Circa <\/span><b>12-18 mesi<\/b><span style=\"font-weight: 400;\"> se conservi gli ombretti in un luogo asciutto e se chiudi bene la palette.<\/span><\/li>\n<li><b>  I pigmenti contengono ingredienti che possono irritare gli occhi?<\/b><b><br \/>\n<\/b><span style=\"font-weight: 400;\">  No, i pigmenti sono stati scelti con cura per ridurre al minimo il rischio di irritazioni e la formula \u00e8 stata studiata per ridurre al minimo il rischio di irritazione.  <\/span><\/li>\n<li> <b> Come pulire il pennello per garantire un&#8217;applicazione ottimale?<\/b><b><br \/>\n<\/b><span style=\"font-weight: 400;\"> Lavalo regolarmente con un sapone<\/span><b> sapone neutro<\/b><span style=\"font-weight: 400;\"> o con un<\/span><b> detergente speciale per pennelli<\/b><span style=\"font-weight: 400;\">Poi lascialo asciugare all&#8217;aria per evitare i batteri.<\/span><\/li>\n<\/ol>\n<p><span style=\"font-weight: 400;\">Ordina oggi stesso la tua palette MOODSTRUCK BELOVED - Volume 3 e goditi un look radioso e potente, facile da creare. Lasciati sedurre da colori ricchi e da un finish perfetto, per tutto il giorno! <\/span><\/p>\n","protected":false},"excerpt":{"rendered":"<p><span style=\"font-weight: 400;\">Sai, ho sempre amato i prodotti che combinano <\/span><b>fascino<\/b><span style=\"font-weight: 400;\"> e <\/span><b>audacia<\/b><span style=\"font-weight: 400;\">e questa <\/span><b>palette di ombretti MOODSTRUCK BELOVED, volume 3<\/b><span style=\"font-weight: 400;\">\u00e8 esattamente questo. Ispirato ai metalli preziosi, ti offre <\/span><b>  sei ombretti ultra-pigmentati<\/b><span style=\"font-weight: 400;\">  con una finitura metallica fusa, per occhi tanto potenti quanto affascinanti. La sua texture \u00e8 una vera gioia da lavorare:   <\/span><b>cremoso<\/b><span style=\"font-weight: 400;\">, <\/span><b>ricco<\/b><span style=\"font-weight: 400;\">e <\/span><b>facile da miscelare<\/b><span style=\"font-weight: 400;\">. E soprattutto, dura tutto il giorno senza perdere la sua brillantezza. Se cerchi una palette che ti accompagni ovunque e che ti faccia risplendere in ogni occasione, questa \u00e8 quella che fa per te. <\/span><\/p>\n","protected":false},"featured_media":10671,"comment_status":"open","ping_status":"closed","template":"","meta":{"_seopress_robots_primary_cat":"none","_seopress_titles_title":"","_seopress_titles_desc":"","_seopress_robots_index":"","site-sidebar-layout":"default","site-content-layout":"","ast-site-content-layout":"default","site-content-style":"default","site-sidebar-style":"default","ast-global-header-display":"","ast-banner-title-visibility":"","ast-main-header-display":"","ast-hfb-above-header-display":"","ast-hfb-below-header-display":"","ast-hfb-mobile-header-display":"","site-post-title":"","ast-breadcrumbs-content":"","ast-featured-img":"","footer-sml-layout":"","ast-disable-related-posts":"","theme-transparent-header-meta":"default","adv-header-id-meta":"","stick-header-meta":"","header-above-stick-meta":"","header-main-stick-meta":"","header-below-stick-meta":"","astra-migrate-meta-layouts":"default","ast-page-background-enabled":"default","ast-page-background-meta":{"desktop":{"background-color":"var(--ast-global-color-4)","background-image":"","background-repeat":"repeat","background-position":"center center","background-size":"auto","background-attachment":"scroll","background-type":"","background-media":"","overlay-type":"","overlay-color":"","overlay-opacity":"","overlay-gradient":""},"tablet":{"background-color":"","background-image":"","background-repeat":"repeat","background-position":"center center","background-size":"auto","background-attachment":"scroll","background-type":"","background-media":"","overlay-type":"","overlay-color":"","overlay-opacity":"","overlay-gradient":""},"mobile":{"background-color":"","background-image":"","background-repeat":"repeat","background-position":"center center","background-size":"auto","background-attachment":"scroll","background-type":"","background-media":"","overlay-type":"","overlay-color":"","overlay-opacity":"","overlay-gradient":""}},"ast-content-background-meta":{"desktop":{"background-color":"var(--ast-global-color-5)","background-image":"","background-repeat":"repeat","background-position":"center center","background-size":"auto","background-attachment":"scroll","background-type":"","background-media":"","overlay-type":"","overlay-color":"","overlay-opacity":"","overlay-gradient":""},"tablet":{"background-color":"var(--ast-global-color-5)","background-image":"","background-repeat":"repeat","background-position":"center center","background-size":"auto","background-attachment":"scroll","background-type":"","background-media":"","overlay-type":"","overlay-color":"","overlay-opacity":"","overlay-gradient":""},"mobile":{"background-color":"var(--ast-global-color-5)","background-image":"","background-repeat":"repeat","background-position":"center center","background-size":"auto","background-attachment":"scroll","background-type":"","background-media":"","overlay-type":"","overlay-color":"","overlay-opacity":"","overlay-gradient":""}}},"product_brand":[],"product_cat":[94],"product_tag":[],"class_list":{"0":"post-10669","1":"product","2":"type-product","3":"status-publish","4":"has-post-thumbnail","6":"product_cat-occhi","7":"desktop-align-left","8":"tablet-align-left","9":"mobile-align-left","11":"first","12":"instock","13":"sale","14":"shipping-taxable","15":"product-type-external"},"_links":{"self":[{"href":"https:\/\/youniquebyemilie.com\/it\/wp-json\/wp\/v2\/product\/10669","targetHints":{"allow":["GET"]}}],"collection":[{"href":"https:\/\/youniquebyemilie.com\/it\/wp-json\/wp\/v2\/product"}],"about":[{"href":"https:\/\/youniquebyemilie.com\/it\/wp-json\/wp\/v2\/types\/product"}],"replies":[{"embeddable":true,"href":"https:\/\/youniquebyemilie.com\/it\/wp-json\/wp\/v2\/comments?post=10669"}],"wp:featuredmedia":[{"embeddable":true,"href":"https:\/\/youniquebyemilie.com\/it\/wp-json\/wp\/v2\/media\/10671"}],"wp:attachment":[{"href":"https:\/\/youniquebyemilie.com\/it\/wp-json\/wp\/v2\/media?parent=10669"}],"wp:term":[{"taxonomy":"product_brand","embeddable":true,"href":"https:\/\/youniquebyemilie.com\/it\/wp-json\/wp\/v2\/product_brand?post=10669"},{"taxonomy":"product_cat","embeddable":true,"href":"https:\/\/youniquebyemilie.com\/it\/wp-json\/wp\/v2\/product_cat?post=10669"},{"taxonomy":"product_tag","embeddable":true,"href":"https:\/\/youniquebyemilie.com\/it\/wp-json\/wp\/v2\/product_tag?post=10669"}],"curies":[{"name":"wp","href":"https:\/\/api.w.org\/{rel}","templated":true}]}}