{"id":10730,"date":"2025-07-24T20:20:29","date_gmt":"2025-07-24T18:20:29","guid":{"rendered":"https:\/\/youniquebyemilie.com\/produit\/you-niversal-gel-detergente-delicato\/"},"modified":"2025-07-24T20:20:29","modified_gmt":"2025-07-24T18:20:29","slug":"you-niversal-gel-detergente-delicato","status":"publish","type":"product","link":"https:\/\/youniquebyemilie.com\/it\/produit\/you-niversal-gel-detergente-delicato\/","title":{"rendered":"YOU NIVERSAL Gel detergente delicato"},"content":{"rendered":"<p><span style=\"font-weight: 400;\">Hai presente quei giorni in cui la tua pelle ti tradisce, quando anche dopo una buona notte di sonno ti senti ancora stanco? Anche io ho lottato con questo problema. Francamente, ho avuto difficolt\u00e0 a trovare il detergente perfetto. La mia pelle era troppo secca o troppo grassa e niente sembrava fare al caso mio. Finch\u00e9 non ho provato il      <\/span><b>YOU-NIVERSAL gel detergente delicato<\/b><span style=\"font-weight: 400;\">. \u00c8 diventata una parte essenziale della mia routine.<\/span><\/p>\n<p><span style=\"font-weight: 400;\">La sua consistenza \u00e8 cos\u00ec <\/span><b>morbida e piacevole<\/b><span style=\"font-weight: 400;\">Si trasforma in una leggera schiuma non appena la si applica. Ci\u00f2 che adoro \u00e8 che non lascia la pelle appesantita dopo la detersione. Ogni volta che lo uso, la mia pelle si sente    <\/span><b>dolce<\/b><span style=\"font-weight: 400;\">, <\/span><b>idratato<\/b><span style=\"font-weight: 400;\">E perfettamente pronto per la mia routine di cura della pelle. Questo gel \u00e8 come una boccata d&#8217;aria fresca per me ogni mattina. <\/span><\/p>\n<p>&nbsp;<\/p>\n<h2><span style=\"font-weight: 400;\">Perch\u00e9 ti piacer\u00e0:<\/span><\/h2>\n<ul>\n<li style=\"font-weight: 400;\" aria-level=\"1\"><b>Pulizia delicata ed efficace:<\/b><span style=\"font-weight: 400;\">  L&#8217;89% degli utenti conferma che rimuove delicatamente tutte le impurit\u00e0, senza irritare la pelle. Ti piacer\u00e0 la sensazione di pulizia. <\/span>&nbsp;<\/li>\n<li style=\"font-weight: 400;\" aria-level=\"1\"><b>Idratazione istantanea:<\/b><span style=\"font-weight: 400;\"> La tua pelle \u00e8 immediatamente idratata e morbida, senza la minima sensazione di tenuta.<\/span>&nbsp;<\/li>\n<li style=\"font-weight: 400;\" aria-level=\"1\"><b>Formula lenitiva:<\/b><span style=\"font-weight: 400;\"> Perfetta anche per le pelli pi\u00f9 sensibili, calma e riequilibra la pelle senza mai seccarla.<\/span>&nbsp;<\/li>\n<li style=\"font-weight: 400;\" aria-level=\"1\"><b>Rispetta la pelle e l&#8217;ambiente:<\/b><span style=\"font-weight: 400;\"> La formula \u00e8 priva di crudelt\u00e0 e di profumi e la confezione \u00e8 realizzata con materiali riciclati (PCR).<\/span>&nbsp;<\/li>\n<\/ul>\n<h2><span style=\"font-weight: 400;\">Gli ingredienti magici che coccolano la tua pelle:<\/span><\/h2>\n<ul>\n<li style=\"font-weight: 400;\" aria-level=\"1\"><b>Glicerina:<\/b><span style=\"font-weight: 400;\"> Attira e trattiene l&#8217;umidit\u00e0 per una pelle visibilmente idratata e rimpolpata.<\/span>&nbsp;<\/li>\n<li style=\"font-weight: 400;\" aria-level=\"1\"><b>Pureact :<\/b><span style=\"font-weight: 400;\"> Un detergente delicato e rispettoso, ideale per purificare delicatamente anche la pelle pi\u00f9 sensibile.<\/span>&nbsp;<\/li>\n<li style=\"font-weight: 400;\" aria-level=\"1\"><b>Natrlquest:<\/b><span style=\"font-weight: 400;\"> Un potente antiossidante che protegge la pelle e favorisce le sue difese naturali.<\/span>&nbsp;<\/li>\n<\/ul>\n<h2><span style=\"font-weight: 400;\">Come usarlo facilmente:<\/span><\/h2>\n<ol>\n<li style=\"font-weight: 400;\" aria-level=\"1\"><b>Inumidisci il viso<\/b><span style=\"font-weight: 400;\"> Preparare la pelle con acqua tiepida.<\/span>&nbsp;<\/li>\n<li style=\"font-weight: 400;\" aria-level=\"1\"><b>Applica una piccola quantit\u00e0<\/b><span style=\"font-weight: 400;\"> di gel detergente sulle mani e massaggia delicatamente il viso con movimenti circolari.<\/span>&nbsp;<\/li>\n<li style=\"font-weight: 400;\" aria-level=\"1\"><b>Risciacqua accuratamente<\/b><span style=\"font-weight: 400;\"> con acqua e tampona delicatamente il viso per asciugarlo.<\/span>&nbsp;<\/li>\n<\/ol>\n<p><span style=\"font-weight: 400;\">Per una pulizia ancora pi\u00f9 profonda, ti consiglio di combinare questo gel detergente con uno <\/span><b>struccante<\/b><span style=\"font-weight: 400;\">come un doppio rituale di pulizia. Vedrai la differenza! <\/span><\/p>\n<p>&nbsp;<\/p>\n<p><b>Svegliati con una pelle pulita, morbida e perfettamente idratata ogni giorno!<\/b><span style=\"font-weight: 400;\">  Aggiungilo subito al tuo carrello e dai alla tua pelle la cura che merita.<\/span><\/p>\n<p>&nbsp;<\/p>\n<h2><span style=\"font-weight: 400;\">FAQ : YOU-NIVERSAL Gel detergente delicato<\/span><\/h2>\n<ol>\n<li style=\"font-weight: 400;\" aria-level=\"1\"><b>Questo gel detergente \u00e8 adatto alla mia pelle sensibile?<\/b><b><br \/>\n<\/b><span style=\"font-weight: 400;\">  Assolutamente s\u00ec! Il Gel Detergente Delicato YOU-NIVERSAL \u00e8 formulato appositamente per le pelli sensibili. Deterge delicatamente senza provocare irritazioni, rendendolo perfetto per le pelli fragili e delicate.  <\/span>&nbsp;<\/li>\n<li style=\"font-weight: 400;\" aria-level=\"1\"><b>Posso usarlo se ho la pelle secca?<\/b><b><br \/>\n<\/b><span style=\"font-weight: 400;\">  S\u00ec, questo gel \u00e8 ideale per la pelle secca! Aiuta a mantenere la pelle idratata e a rimuovere le impurit\u00e0. La glicerina e altri agenti idratanti nutrono la pelle per mantenerla morbida ed elastica.  <\/span>&nbsp;<\/li>\n<li style=\"font-weight: 400;\" aria-level=\"1\"><b>Questo gel detergente \u00e8 adatto alla pelle mista e grassa?<\/b><b><br \/>\n<\/b><span style=\"font-weight: 400;\">  Naturalmente! Questo gel detergente delicato \u00e8 stato progettato per essere efficace su tutti i tipi di pelle. Purifica la pelle grassa senza seccarla e aiuta a riequilibrare le zone pi\u00f9 secche, controllando il sebo in eccesso.  <\/span>&nbsp;<\/li>\n<li style=\"font-weight: 400;\" aria-level=\"1\"><b>Il gel detergente \u00e8 testato sugli animali?<\/b><b><br \/>\n<\/b><span style=\"font-weight: 400;\">  No, YOU-NIVERSAL Gel Detergente Delicato \u00e8 100% cruelty-free. Non \u00e8 stato testato sugli animali e rispetta gli standard etici di Younique per lo sviluppo dei prodotti. <\/span>&nbsp;<\/li>\n<li style=\"font-weight: 400;\" aria-level=\"1\"><b>Il gel detergente pu\u00f2 essere utilizzato sulla pelle del contorno occhi?<\/b><b><br \/>\n<\/b><span style=\"font-weight: 400;\">  S\u00ec, \u00e8 abbastanza delicato da poter essere utilizzato sul contorno occhi, anche per rimuovere il trucco. Tuttavia, fai attenzione ad evitare il contatto diretto con gli occhi. <\/span>&nbsp;<\/li>\n<li style=\"font-weight: 400;\" aria-level=\"1\"><b>Quanto tempo ci vuole per vedere i primi risultati?<\/b><b><br \/>\n<\/b><span style=\"font-weight: 400;\">  Fin dalla prima applicazione, noterai che la tua pelle \u00e8 pi\u00f9 fresca e morbida. Dopo qualche giorno di utilizzo, la tua pelle sar\u00e0 visibilmente pi\u00f9 chiara, liscia e idratata. Per ottenere risultati ottimali, si consiglia l&#8217;uso quotidiano.  <\/span>&nbsp;<\/li>\n<li style=\"font-weight: 400;\" aria-level=\"1\"><b>Come posso massimizzare gli effetti di questo gel detergente?<\/b><b><br \/>\n<\/b><span style=\"font-weight: 400;\">  Per una pulizia profonda, ti consiglio di utilizzare questo gel detergente due volte. Inizia con uno struccante per rimuovere il trucco, poi applica il detergente gel delicato per purificare e idratare la pelle. In questo modo ottimizzerai l&#8217;efficacia degli altri prodotti Younique che utilizzerai.  <\/span>&nbsp;<\/li>\n<\/ol>\n<p><span style=\"font-weight: 400;\">Non lasciare che la tua pelle manchi di morbidezza e idratazione! Aggiungi il   <\/span><b>YOU-NIVERSAL gel detergente delicato <\/b><span style=\"font-weight: 400;\">nel tuo carrello e scopri una pelle come mai prima d&#8217;ora!<\/span><\/p>\n<p>&nbsp;<\/p>\n","protected":false},"excerpt":{"rendered":"<p><span style=\"font-weight: 400;\">Hai presente quei giorni in cui la tua pelle ti tradisce, quando anche dopo una buona notte di sonno ti senti ancora stanco? Anche io ho lottato con questo problema. Francamente, ho avuto difficolt\u00e0 a trovare il detergente perfetto. La mia pelle era troppo secca o troppo grassa e niente sembrava fare al caso mio. Finch\u00e9 non ho provato il      <\/span><b>YOU-NIVERSAL gel detergente delicato<\/b><span style=\"font-weight: 400;\">. \u00c8 diventata una parte essenziale della mia routine.<\/span><\/p>\n","protected":false},"featured_media":10735,"comment_status":"open","ping_status":"closed","template":"","meta":{"_seopress_robots_primary_cat":"none","_seopress_titles_title":"","_seopress_titles_desc":"","_seopress_robots_index":"","site-sidebar-layout":"default","site-content-layout":"","ast-site-content-layout":"default","site-content-style":"default","site-sidebar-style":"default","ast-global-header-display":"","ast-banner-title-visibility":"","ast-main-header-display":"","ast-hfb-above-header-display":"","ast-hfb-below-header-display":"","ast-hfb-mobile-header-display":"","site-post-title":"","ast-breadcrumbs-content":"","ast-featured-img":"","footer-sml-layout":"","ast-disable-related-posts":"","theme-transparent-header-meta":"default","adv-header-id-meta":"","stick-header-meta":"","header-above-stick-meta":"","header-main-stick-meta":"","header-below-stick-meta":"","astra-migrate-meta-layouts":"default","ast-page-background-enabled":"default","ast-page-background-meta":{"desktop":{"background-color":"var(--ast-global-color-4)","background-image":"","background-repeat":"repeat","background-position":"center center","background-size":"auto","background-attachment":"scroll","background-type":"","background-media":"","overlay-type":"","overlay-color":"","overlay-opacity":"","overlay-gradient":""},"tablet":{"background-color":"","background-image":"","background-repeat":"repeat","background-position":"center center","background-size":"auto","background-attachment":"scroll","background-type":"","background-media":"","overlay-type":"","overlay-color":"","overlay-opacity":"","overlay-gradient":""},"mobile":{"background-color":"","background-image":"","background-repeat":"repeat","background-position":"center center","background-size":"auto","background-attachment":"scroll","background-type":"","background-media":"","overlay-type":"","overlay-color":"","overlay-opacity":"","overlay-gradient":""}},"ast-content-background-meta":{"desktop":{"background-color":"var(--ast-global-color-5)","background-image":"","background-repeat":"repeat","background-position":"center center","background-size":"auto","background-attachment":"scroll","background-type":"","background-media":"","overlay-type":"","overlay-color":"","overlay-opacity":"","overlay-gradient":""},"tablet":{"background-color":"var(--ast-global-color-5)","background-image":"","background-repeat":"repeat","background-position":"center center","background-size":"auto","background-attachment":"scroll","background-type":"","background-media":"","overlay-type":"","overlay-color":"","overlay-opacity":"","overlay-gradient":""},"mobile":{"background-color":"var(--ast-global-color-5)","background-image":"","background-repeat":"repeat","background-position":"center center","background-size":"auto","background-attachment":"scroll","background-type":"","background-media":"","overlay-type":"","overlay-color":"","overlay-opacity":"","overlay-gradient":""}}},"product_brand":[],"product_cat":[109],"product_tag":[],"class_list":{"0":"post-10730","1":"product","2":"type-product","3":"status-publish","4":"has-post-thumbnail","6":"product_cat-la-pelle","7":"desktop-align-left","8":"tablet-align-left","9":"mobile-align-left","11":"first","12":"instock","13":"sale","14":"shipping-taxable","15":"product-type-external"},"_links":{"self":[{"href":"https:\/\/youniquebyemilie.com\/it\/wp-json\/wp\/v2\/product\/10730","targetHints":{"allow":["GET"]}}],"collection":[{"href":"https:\/\/youniquebyemilie.com\/it\/wp-json\/wp\/v2\/product"}],"about":[{"href":"https:\/\/youniquebyemilie.com\/it\/wp-json\/wp\/v2\/types\/product"}],"replies":[{"embeddable":true,"href":"https:\/\/youniquebyemilie.com\/it\/wp-json\/wp\/v2\/comments?post=10730"}],"wp:featuredmedia":[{"embeddable":true,"href":"https:\/\/youniquebyemilie.com\/it\/wp-json\/wp\/v2\/media\/10735"}],"wp:attachment":[{"href":"https:\/\/youniquebyemilie.com\/it\/wp-json\/wp\/v2\/media?parent=10730"}],"wp:term":[{"taxonomy":"product_brand","embeddable":true,"href":"https:\/\/youniquebyemilie.com\/it\/wp-json\/wp\/v2\/product_brand?post=10730"},{"taxonomy":"product_cat","embeddable":true,"href":"https:\/\/youniquebyemilie.com\/it\/wp-json\/wp\/v2\/product_cat?post=10730"},{"taxonomy":"product_tag","embeddable":true,"href":"https:\/\/youniquebyemilie.com\/it\/wp-json\/wp\/v2\/product_tag?post=10730"}],"curies":[{"name":"wp","href":"https:\/\/api.w.org\/{rel}","templated":true}]}}