{"id":10744,"date":"2025-07-24T18:15:29","date_gmt":"2025-07-24T16:15:29","guid":{"rendered":"https:\/\/youniquebyemilie.com\/produit\/spazzola-a-ventaglio-smussata-younique\/"},"modified":"2025-07-24T18:15:29","modified_gmt":"2025-07-24T16:15:29","slug":"spazzola-a-ventaglio-smussata-younique","status":"publish","type":"product","link":"https:\/\/youniquebyemilie.com\/it\/produit\/spazzola-a-ventaglio-smussata-younique\/","title":{"rendered":"Spazzola a ventaglio smussata YOUNIQUE"},"content":{"rendered":"<p><span style=\"font-weight: 400;\">Sai qualcosa? Sto cercando da molto tempo   <\/span><b>un pennello per evidenziare facilmente<\/b><span style=\"font-weight: 400;\">. Perch\u00e9, chiaramente, non ho 20 minuti per lavorare su ogni dettaglio del mio make-up ogni mattina. E francamente, da quando uso il prodotto   <\/span><b>Spazzola a ventaglio smussata YOUNIQUE<\/b><span style=\"font-weight: 400;\">rende tutto pi\u00f9 facile.<\/span><\/p>\n<p><span style=\"font-weight: 400;\">\u00c8 <\/span><b>gentile<\/b><span style=\"font-weight: 400;\">,<\/span><b> comodo da tenere in mano<\/b><span style=\"font-weight: 400;\">e soprattutto <\/span><b>iper preciso<\/b><span style=\"font-weight: 400;\">. I capelli sono abbastanza densi, quindi non c&#8217;\u00e8 bisogno di stirare tre volte:  <\/span><b>in un solo gesto, applico la giusta quantit\u00e0 di prodotto<\/b><span style=\"font-weight: 400;\"> per illuminare gli zigomi, l&#8217;arcata sopraccigliare, l&#8217;arco di Cupido&#8230; E a volte anche le clavicole quando voglio un tocco in pi\u00f9.<\/span><\/p>\n<h2><span style=\"font-weight: 400;\">Perch\u00e9 ti piacer\u00e0 tanto quanto a me<\/span><\/h2>\n<ul>\n<li style=\"font-weight: 400;\" aria-level=\"1\"><b>La sua forma a ventaglio<\/b><span style=\"font-weight: 400;\"> ti permette di indirizzare con precisione le aree da illuminare per un risultato perfetto.<\/span><\/li>\n<li style=\"font-weight: 400;\" aria-level=\"1\"><b>Peli morbidi ma resistenti<\/b><span style=\"font-weight: 400;\"> Il risultato \u00e8 pulito, preciso e impeccabile.<\/span><\/li>\n<li style=\"font-weight: 400;\" aria-level=\"1\"><b>Zero sprechi<\/b><span style=\"font-weight: 400;\"> Applica la giusta quantit\u00e0 di prodotto, n\u00e9 troppo n\u00e9 troppo poco.<\/span><\/li>\n<li style=\"font-weight: 400;\" aria-level=\"1\"><span style=\"font-weight: 400;\">Soprattutto, \u00e8 <\/span><b>facile da pulire<\/b><span style=\"font-weight: 400;\">il che significa che \u00e8 sempre pronto all&#8217;uso!<\/span><\/li>\n<\/ul>\n<p>&nbsp;<\/p>\n<h2><span style=\"font-weight: 400;\">Come uso il mio pennello a ventaglio smussato YOUNIQUE<\/span><\/h2>\n<p><span style=\"font-weight: 400;\">Io uso la spazzola YOUNIQUE <\/span><b>Pennello a ventaglio YOUNIQUE<\/b><span style=\"font-weight: 400;\">Spazzola a ventaglio, picchietta per rimuovere l&#8217;eccesso e applica sugli zigomi, sotto le sopracciglia e sopra le labbra. Semplice, veloce e cambia tutto: <\/span><b>una luminosit\u00e0 sana garantita in 30 secondi<\/b><span style=\"font-weight: 400;\">.<\/span><\/p>\n<p>&nbsp;<\/p>\n<h2><span style=\"font-weight: 400;\">Perch\u00e9 lo consiglio a occhi chiusi:<\/span><\/h2>\n<p><span style=\"font-weight: 400;\">Onestamente, se vuoi quel piccolo bagliore che fa la differenza ma non vuoi dedicargli molto tempo, questo \u00e8 il pennello che fa per te. <\/span><b>Pratico, preciso e di facile manutenzione<\/b><span style=\"font-weight: 400;\">\u00e8 diventata rapidamente una parte essenziale della mia routine.<\/span><\/p>\n<p><span style=\"font-weight: 400;\">Aggiungilo oggi stesso al tuo kit di bellezza e provalo tu stesso: vedrai, \u00e8 davvero il massimo!<\/span><\/p>\n<p>&nbsp;<\/p>\n","protected":false},"excerpt":{"rendered":"<p><span style=\"font-weight: 400;\">Sai qualcosa? Sto cercando da molto tempo   <\/span><b>un pennello per evidenziare senza sforzo<\/b><span style=\"font-weight: 400;\">. Perch\u00e9, chiaramente, non ho 20 minuti per lavorare su ogni dettaglio del mio make-up ogni mattina. E francamente, da quando uso il prodotto   <\/span><b>Spazzola a ventaglio smussata YOUNIQUE<\/b><span style=\"font-weight: 400;\">rende tutto pi\u00f9 facile.<\/span><\/p>\n<p><span style=\"font-weight: 400;\">\u00c8 <\/span><b>gentile<\/b><span style=\"font-weight: 400;\">,<\/span><b> comodo da tenere in mano<\/b><span style=\"font-weight: 400;\">e soprattutto <\/span><b>iper preciso<\/b><span style=\"font-weight: 400;\">. I capelli sono abbastanza densi, quindi non c&#8217;\u00e8 bisogno di stirare tre volte:  <\/span><b>in un solo gesto, applico la giusta quantit\u00e0 di prodotto<\/b><span style=\"font-weight: 400;\"> per illuminare gli zigomi, l&#8217;arcata sopraccigliare, l&#8217;arco di Cupido&#8230; E a volte anche le clavicole quando voglio un tocco in pi\u00f9.<\/span><\/p>\n","protected":false},"featured_media":10746,"comment_status":"open","ping_status":"closed","template":"","meta":{"_seopress_robots_primary_cat":"none","_seopress_titles_title":"","_seopress_titles_desc":"","_seopress_robots_index":"","site-sidebar-layout":"default","site-content-layout":"","ast-site-content-layout":"default","site-content-style":"default","site-sidebar-style":"default","ast-global-header-display":"","ast-banner-title-visibility":"","ast-main-header-display":"","ast-hfb-above-header-display":"","ast-hfb-below-header-display":"","ast-hfb-mobile-header-display":"","site-post-title":"","ast-breadcrumbs-content":"","ast-featured-img":"","footer-sml-layout":"","ast-disable-related-posts":"","theme-transparent-header-meta":"default","adv-header-id-meta":"","stick-header-meta":"","header-above-stick-meta":"","header-main-stick-meta":"","header-below-stick-meta":"","astra-migrate-meta-layouts":"default","ast-page-background-enabled":"default","ast-page-background-meta":{"desktop":{"background-color":"var(--ast-global-color-4)","background-image":"","background-repeat":"repeat","background-position":"center center","background-size":"auto","background-attachment":"scroll","background-type":"","background-media":"","overlay-type":"","overlay-color":"","overlay-opacity":"","overlay-gradient":""},"tablet":{"background-color":"","background-image":"","background-repeat":"repeat","background-position":"center center","background-size":"auto","background-attachment":"scroll","background-type":"","background-media":"","overlay-type":"","overlay-color":"","overlay-opacity":"","overlay-gradient":""},"mobile":{"background-color":"","background-image":"","background-repeat":"repeat","background-position":"center center","background-size":"auto","background-attachment":"scroll","background-type":"","background-media":"","overlay-type":"","overlay-color":"","overlay-opacity":"","overlay-gradient":""}},"ast-content-background-meta":{"desktop":{"background-color":"var(--ast-global-color-5)","background-image":"","background-repeat":"repeat","background-position":"center center","background-size":"auto","background-attachment":"scroll","background-type":"","background-media":"","overlay-type":"","overlay-color":"","overlay-opacity":"","overlay-gradient":""},"tablet":{"background-color":"var(--ast-global-color-5)","background-image":"","background-repeat":"repeat","background-position":"center center","background-size":"auto","background-attachment":"scroll","background-type":"","background-media":"","overlay-type":"","overlay-color":"","overlay-opacity":"","overlay-gradient":""},"mobile":{"background-color":"var(--ast-global-color-5)","background-image":"","background-repeat":"repeat","background-position":"center center","background-size":"auto","background-attachment":"scroll","background-type":"","background-media":"","overlay-type":"","overlay-color":"","overlay-opacity":"","overlay-gradient":""}}},"product_brand":[],"product_cat":[106],"product_tag":[],"class_list":{"0":"post-10744","1":"product","2":"type-product","3":"status-publish","4":"has-post-thumbnail","6":"product_cat-il-viso","7":"desktop-align-left","8":"tablet-align-left","9":"mobile-align-left","11":"first","12":"instock","13":"sale","14":"shipping-taxable","15":"product-type-external"},"_links":{"self":[{"href":"https:\/\/youniquebyemilie.com\/it\/wp-json\/wp\/v2\/product\/10744","targetHints":{"allow":["GET"]}}],"collection":[{"href":"https:\/\/youniquebyemilie.com\/it\/wp-json\/wp\/v2\/product"}],"about":[{"href":"https:\/\/youniquebyemilie.com\/it\/wp-json\/wp\/v2\/types\/product"}],"replies":[{"embeddable":true,"href":"https:\/\/youniquebyemilie.com\/it\/wp-json\/wp\/v2\/comments?post=10744"}],"wp:featuredmedia":[{"embeddable":true,"href":"https:\/\/youniquebyemilie.com\/it\/wp-json\/wp\/v2\/media\/10746"}],"wp:attachment":[{"href":"https:\/\/youniquebyemilie.com\/it\/wp-json\/wp\/v2\/media?parent=10744"}],"wp:term":[{"taxonomy":"product_brand","embeddable":true,"href":"https:\/\/youniquebyemilie.com\/it\/wp-json\/wp\/v2\/product_brand?post=10744"},{"taxonomy":"product_cat","embeddable":true,"href":"https:\/\/youniquebyemilie.com\/it\/wp-json\/wp\/v2\/product_cat?post=10744"},{"taxonomy":"product_tag","embeddable":true,"href":"https:\/\/youniquebyemilie.com\/it\/wp-json\/wp\/v2\/product_tag?post=10744"}],"curies":[{"name":"wp","href":"https:\/\/api.w.org\/{rel}","templated":true}]}}