{"id":10759,"date":"2025-07-24T20:16:09","date_gmt":"2025-07-24T18:16:09","guid":{"rendered":"https:\/\/youniquebyemilie.com\/produit\/olio-di-bellezza-you-ology-uplift\/"},"modified":"2025-07-24T20:16:09","modified_gmt":"2025-07-24T18:16:09","slug":"olio-di-bellezza-you-ology-uplift","status":"publish","type":"product","link":"https:\/\/youniquebyemilie.com\/it\/produit\/olio-di-bellezza-you-ology-uplift\/","title":{"rendered":"Olio di bellezza YOU-OLOGY UPLIFT"},"content":{"rendered":"<p><span style=\"font-weight: 400;\">Ricordo un periodo in cui lottavo con la mia pelle, sempre un po&#8217; spenta o stanca. Cercavo un prodotto semplice che restituisse alla mia pelle la luminosit\u00e0 che aveva perso dopo le gravidanze. E poi ho scoperto    <\/span><b>Olio di bellezza YOU-OLOGY UPLIFT.<\/b><span style=\"font-weight: 400;\">  Da allora mi chiedo come ho fatto a farne a meno!<\/span><\/p>\n<p><span style=\"font-weight: 400;\">Non \u00e8 solo un olio, \u00e8 un vero e proprio trattamento rivitalizzante. Non appena lo applico, la mia pelle diventa istantaneamente pi\u00f9 luminosa.   <\/span><b>pi\u00f9 morbido e luminoso.<\/b><span style=\"font-weight: 400;\">  Si assorbe molto rapidamente, senza lasciare una pellicola untuosa. Mi piace molto il fatto che   <\/span><b>una sensazione di comfort e freschezza  <\/b><span style=\"font-weight: 400;\">che ho per tutto il giorno. E ovviamente adoro la formula:   <\/span><b>CoQ10, squalano<\/b><span style=\"font-weight: 400;\">e <\/span><b>Estratto di cellule di Iris<\/b><span style=\"font-weight: 400;\">. \u00c8 una combinazione che fa miracoli!<\/span><\/p>\n<h2><span style=\"font-weight: 400;\">Perch\u00e9 ti piacer\u00e0:<\/span><\/h2>\n<ul>\n<li style=\"font-weight: 400;\" aria-level=\"1\"><b>Rassodamento immediato:<\/b><span style=\"font-weight: 400;\"> La pelle diventa visibilmente pi\u00f9 soda e liscia fin dalle prime applicazioni.<\/span>&nbsp;<\/li>\n<li style=\"font-weight: 400;\" aria-level=\"1\"><b>Idratazione intensa:<\/b><span style=\"font-weight: 400;\">  L&#8217;idratazione \u00e8 di lunga durata, senza sensazione di unto. Sentirai un comfort immediato che dura tutto il giorno. <\/span>&nbsp;<\/li>\n<li style=\"font-weight: 400;\" aria-level=\"1\"><b>Luminosit\u00e0 naturale:<\/b><span style=\"font-weight: 400;\">  La pelle diventa pi\u00f9 radiosa, con un colorito pi\u00f9 uniforme. \u00c8 perfetto per ripristinare un colorito luminoso e naturale, senza troppi problemi. <\/span>&nbsp;<\/li>\n<li style=\"font-weight: 400;\" aria-level=\"1\"><b>Rispetto per la tua pelle e per il pianeta:<\/b><span style=\"font-weight: 400;\">  \u00c8 cruelty-free, privo di parabeni e viene fornito in una confezione ecologica. Tutti ingredienti buoni per te e per il pianeta! <\/span><\/li>\n<\/ul>\n<p>&nbsp;<\/p>\n<h2><span style=\"font-weight: 400;\">Gli ingredienti chiave che cambiano tutto:<\/span><\/h2>\n<ul>\n<li style=\"font-weight: 400;\" aria-level=\"1\"><b>Estratto di cellule di Iris Pallida:<\/b><span style=\"font-weight: 400;\"> Ripristina la naturale luminosit\u00e0 della pelle rivitalizzandone e levigandone la texture.<\/span>&nbsp;<\/li>\n<li style=\"font-weight: 400;\" aria-level=\"1\"><b>Squalano :<\/b><span style=\"font-weight: 400;\"> Idrata profondamente e migliora la morbidezza e l&#8217;elasticit\u00e0 della pelle.<\/span>&nbsp;<\/li>\n<li style=\"font-weight: 400;\" aria-level=\"1\"><b>CoQ10 (Ubiquinone):<\/b><span style=\"font-weight: 400;\"> Un potente antiossidante che favorisce la rigenerazione della pelle e le d\u00e0 una marcia in pi\u00f9.<\/span>&nbsp;<\/li>\n<li style=\"font-weight: 400;\" aria-level=\"1\"><b>Vitamina E:<\/b><span style=\"font-weight: 400;\"> Protegge dai radicali liberi e rivitalizza la pelle per un colorito pi\u00f9 luminoso.<\/span>&nbsp;<\/li>\n<\/ul>\n<p>&nbsp;<\/p>\n<h2><span style=\"font-weight: 400;\">Come usarlo facilmente:<\/span><\/h2>\n<ol>\n<li style=\"font-weight: 400;\" aria-level=\"1\"><b>Prepara la tua pelle:<\/b><span style=\"font-weight: 400;\"> Dopo la pulizia, preleva una piccola quantit\u00e0 di olio con il contagocce.<\/span>&nbsp;<\/li>\n<li style=\"font-weight: 400;\" aria-level=\"1\"><b>Applicare:<\/b><span style=\"font-weight: 400;\"> Massaggia delicatamente il viso e il collo con movimenti circolari.<\/span>&nbsp;<\/li>\n<li style=\"font-weight: 400;\" aria-level=\"1\"><b>Continua la tua routine:<\/b><span style=\"font-weight: 400;\"> Continua con il siero o la crema per mantenere l&#8217;idratazione.<\/span>&nbsp;<\/li>\n<\/ol>\n<p><span style=\"font-weight: 400;\">Non lasciarti sfuggire questa opportunit\u00e0! Aggiungi l&#8217;olio al tuo carrello e goditi una nuova luminosit\u00e0 oggi stesso! A  <\/span> <b> luminosit\u00e0 naturale<\/b><span style=\"font-weight: 400;\"> e <\/span><b>pelle morbida<\/b><span style=\"font-weight: 400;\">ecco cosa otterrai ogni giorno!<\/span><\/p>\n<p>&nbsp;<\/p>\n<h2><span style=\"font-weight: 400;\">FAQ : Olio di bellezza YOU-OLOGY UPLIFT<\/span><\/h2>\n<ol>\n<li style=\"font-weight: 400;\" aria-level=\"1\"><b>Questo olio \u00e8 adatto alla mia pelle se \u00e8 soggetta a imperfezioni?<\/b><b><br \/>\n<\/b><span style=\"font-weight: 400;\">  S\u00ec, \u00e8 adatto anche alle pelli soggette a imperfezioni. Nutre senza ostruire i pori e aiuta a riequilibrare la pelle. <\/span>&nbsp;<\/li>\n<li style=\"font-weight: 400;\" aria-level=\"1\"><b>Posso usarlo sul mio corpo?<\/b><b><br \/>\n<\/b><span style=\"font-weight: 400;\">  S\u00ec, \u00e8 ideale anche per le zone secche del corpo, come i gomiti o le ginocchia, per nutrirle e idratarle in profondit\u00e0.<\/span>&nbsp;<\/li>\n<li style=\"font-weight: 400;\" aria-level=\"1\"><b>Posso usarlo in estate?<\/b><b><br \/>\n<\/b><span style=\"font-weight: 400;\">  Certo che lo \u00e8! Questo olio leggero e idratante \u00e8 perfetto per le giornate calde. Lascia la pelle fresca e idratata a lungo, senza ungerla.  <\/span>&nbsp;<\/li>\n<li style=\"font-weight: 400;\" aria-level=\"1\"><b>Posso usare questo olio sotto il trucco?<\/b><b><br \/>\n<\/b><span style=\"font-weight: 400;\">  S\u00ec, \u00e8 un&#8217;eccellente base idratante. L&#8217;olio prepara la pelle per un&#8217;applicazione del trucco pi\u00f9 fluida e duratura. <\/span>&nbsp;<\/li>\n<li style=\"font-weight: 400;\" aria-level=\"1\"><b>Quanto dura una bottiglia?<\/b><b><br \/>\n<\/b> <span style=\"font-weight: 400;\"> Un flacone da <\/span><b>30 ml<\/b><span style=\"font-weight: 400;\"> dura circa <\/span><b>2 o 3 mesi<\/b><span style=\"font-weight: 400;\">  per l&#8217;uso quotidiano. Ne basta una piccola quantit\u00e0 per ogni applicazione! <\/span>&nbsp;<\/li>\n<li style=\"font-weight: 400;\" aria-level=\"1\"><b>Posso usarlo se ho la pelle sensibile?<\/b><b><br \/>\n<\/b><span style=\"font-weight: 400;\">  S\u00ec, l&#8217;olio \u00e8 formulato per essere delicato e adatto alle pelli sensibili. \u00c8 dermatologicamente testato e non contiene sostanze irritanti. <\/span>&nbsp;<\/li>\n<li style=\"font-weight: 400;\" aria-level=\"1\"><b>Quali sono le principali differenze tra questo olio e gli altri oli presenti sul mercato?<\/b><b><br \/>\n<\/b><span style=\"font-weight: 400;\">  La sua formula unica con ingredienti come l&#8217;Iris Pallida, il CoQ10 e lo Squalane permette di idratare, nutrire e rivitalizzare la pelle in modo pi\u00f9 efficace, donando una luminosit\u00e0 naturale e un comfort immediato.<\/span>&nbsp;<\/li>\n<li style=\"font-weight: 400;\" aria-level=\"1\"><b>\u00c8 adatto alle pelli mature?<\/b><b><br \/>\n<\/b><span style=\"font-weight: 400;\">  S\u00ec, questo olio \u00e8 ideale per le pelli mature grazie alle sue propriet\u00e0 anti-et\u00e0, rassodanti e rivitalizzanti. Aiuta a ridurre l&#8217;aspetto delle rughe e a ripristinare l&#8217;elasticit\u00e0 della pelle. <\/span><\/li>\n<\/ol>\n<p>&nbsp;<\/p>\n<p><span style=\"font-weight: 400;\">Aggiungi<\/span><b> Olio di bellezza YOU-OLOGY UPLIFT<\/b><span style=\"font-weight: 400;\"> e lascia che la tua pelle risplenda di giovinezza e luminosit\u00e0 ogni giorno!<\/span><\/p>\n<p>&nbsp;<\/p>\n","protected":false},"excerpt":{"rendered":"<p><span style=\"font-weight: 400;\">Ricordo un periodo in cui lottavo con la mia pelle, sempre un po&#8217; spenta o stanca. Cercavo un prodotto semplice che restituisse alla mia pelle la luminosit\u00e0 che aveva perso dopo le gravidanze. E poi ho scoperto    <\/span><b>Olio di bellezza YOU-OLOGY UPLIFT.<\/b><span style=\"font-weight: 400;\">  Da allora mi chiedo come ho fatto a farne a meno!<\/span><\/p>\n<p><span style=\"font-weight: 400;\">Non \u00e8 solo un olio, \u00e8 un vero e proprio trattamento rivitalizzante. Non appena lo applico, la mia pelle diventa istantaneamente pi\u00f9 luminosa.   <\/span><b>pi\u00f9 morbido e luminoso.<\/b><span style=\"font-weight: 400;\">  Si assorbe molto rapidamente, senza lasciare una pellicola untuosa. Mi piace molto il fatto che   <\/span><b>una sensazione di comfort e freschezza  <\/b><span style=\"font-weight: 400;\">che ho per tutto il giorno. E ovviamente, adoro la formula:   <\/span><b>CoQ10, squalano<\/b><span style=\"font-weight: 400;\">e <\/span><b>Estratto di cellule di Iris<\/b><span style=\"font-weight: 400;\">. \u00c8 una combinazione che fa miracoli!<\/span><\/p>\n","protected":false},"featured_media":10768,"comment_status":"open","ping_status":"closed","template":"","meta":{"_seopress_robots_primary_cat":"none","_seopress_titles_title":"","_seopress_titles_desc":"","_seopress_robots_index":"","site-sidebar-layout":"default","site-content-layout":"","ast-site-content-layout":"default","site-content-style":"default","site-sidebar-style":"default","ast-global-header-display":"","ast-banner-title-visibility":"","ast-main-header-display":"","ast-hfb-above-header-display":"","ast-hfb-below-header-display":"","ast-hfb-mobile-header-display":"","site-post-title":"","ast-breadcrumbs-content":"","ast-featured-img":"","footer-sml-layout":"","ast-disable-related-posts":"","theme-transparent-header-meta":"default","adv-header-id-meta":"","stick-header-meta":"","header-above-stick-meta":"","header-main-stick-meta":"","header-below-stick-meta":"","astra-migrate-meta-layouts":"default","ast-page-background-enabled":"default","ast-page-background-meta":{"desktop":{"background-color":"var(--ast-global-color-4)","background-image":"","background-repeat":"repeat","background-position":"center center","background-size":"auto","background-attachment":"scroll","background-type":"","background-media":"","overlay-type":"","overlay-color":"","overlay-opacity":"","overlay-gradient":""},"tablet":{"background-color":"","background-image":"","background-repeat":"repeat","background-position":"center center","background-size":"auto","background-attachment":"scroll","background-type":"","background-media":"","overlay-type":"","overlay-color":"","overlay-opacity":"","overlay-gradient":""},"mobile":{"background-color":"","background-image":"","background-repeat":"repeat","background-position":"center center","background-size":"auto","background-attachment":"scroll","background-type":"","background-media":"","overlay-type":"","overlay-color":"","overlay-opacity":"","overlay-gradient":""}},"ast-content-background-meta":{"desktop":{"background-color":"var(--ast-global-color-5)","background-image":"","background-repeat":"repeat","background-position":"center center","background-size":"auto","background-attachment":"scroll","background-type":"","background-media":"","overlay-type":"","overlay-color":"","overlay-opacity":"","overlay-gradient":""},"tablet":{"background-color":"var(--ast-global-color-5)","background-image":"","background-repeat":"repeat","background-position":"center center","background-size":"auto","background-attachment":"scroll","background-type":"","background-media":"","overlay-type":"","overlay-color":"","overlay-opacity":"","overlay-gradient":""},"mobile":{"background-color":"var(--ast-global-color-5)","background-image":"","background-repeat":"repeat","background-position":"center center","background-size":"auto","background-attachment":"scroll","background-type":"","background-media":"","overlay-type":"","overlay-color":"","overlay-opacity":"","overlay-gradient":""}}},"product_brand":[],"product_cat":[109],"product_tag":[],"class_list":{"0":"post-10759","1":"product","2":"type-product","3":"status-publish","4":"has-post-thumbnail","6":"product_cat-la-pelle","7":"desktop-align-left","8":"tablet-align-left","9":"mobile-align-left","11":"first","12":"instock","13":"sale","14":"shipping-taxable","15":"product-type-external"},"_links":{"self":[{"href":"https:\/\/youniquebyemilie.com\/it\/wp-json\/wp\/v2\/product\/10759","targetHints":{"allow":["GET"]}}],"collection":[{"href":"https:\/\/youniquebyemilie.com\/it\/wp-json\/wp\/v2\/product"}],"about":[{"href":"https:\/\/youniquebyemilie.com\/it\/wp-json\/wp\/v2\/types\/product"}],"replies":[{"embeddable":true,"href":"https:\/\/youniquebyemilie.com\/it\/wp-json\/wp\/v2\/comments?post=10759"}],"wp:featuredmedia":[{"embeddable":true,"href":"https:\/\/youniquebyemilie.com\/it\/wp-json\/wp\/v2\/media\/10768"}],"wp:attachment":[{"href":"https:\/\/youniquebyemilie.com\/it\/wp-json\/wp\/v2\/media?parent=10759"}],"wp:term":[{"taxonomy":"product_brand","embeddable":true,"href":"https:\/\/youniquebyemilie.com\/it\/wp-json\/wp\/v2\/product_brand?post=10759"},{"taxonomy":"product_cat","embeddable":true,"href":"https:\/\/youniquebyemilie.com\/it\/wp-json\/wp\/v2\/product_cat?post=10759"},{"taxonomy":"product_tag","embeddable":true,"href":"https:\/\/youniquebyemilie.com\/it\/wp-json\/wp\/v2\/product_tag?post=10759"}],"curies":[{"name":"wp","href":"https:\/\/api.w.org\/{rel}","templated":true}]}}