{"id":10824,"date":"2025-07-26T15:44:11","date_gmt":"2025-07-26T13:44:11","guid":{"rendered":"https:\/\/youniquebyemilie.com\/produit\/younique-touch-complexion-fondotinta-compatto-in-polvere\/"},"modified":"2025-07-26T15:44:11","modified_gmt":"2025-07-26T13:44:11","slug":"younique-touch-complexion-fondotinta-compatto-in-polvere","status":"publish","type":"product","link":"https:\/\/youniquebyemilie.com\/it\/produit\/younique-touch-complexion-fondotinta-compatto-in-polvere\/","title":{"rendered":"YOUNIQUE TOUCH Complexion+ fondotinta compatto in polvere"},"content":{"rendered":"<p><span style=\"font-weight: 400;\">Stai cercando un fondotinta facile da applicare, dall&#8217;aspetto naturale e con un&#8217;eccellente copertura? Allora non guardare oltre   <\/span><b>YOUNIQUE TOUCH Complexion+ fondotinta compatto in polvere<\/b><span style=\"font-weight: 400;\">  \u00e8 esattamente ci\u00f2 di cui hai bisogno. La sua formula senza talco e l&#8217;applicatore compatto ti permettono di avere il controllo del tuo make-up, ovunque tu sia. Sfuma le imperfezioni, opacizza la pelle e garantisce una tenuta a lunga durata.  <\/span><b>  fino a 12 ore<\/b><span style=\"font-weight: 400;\">. E soprattutto non si trasferisce!<\/span><\/p>\n<h2><span style=\"font-weight: 400;\">Cosa ti piacer\u00e0 di YOUNIQUE TOUCH Complexion+ Fondotinta in Polvere Compatto<\/span><\/h2>\n<ul>\n<li style=\"font-weight: 400;\" aria-level=\"1\"><b>Una consistenza leggera e piacevole<\/b><b><br \/>\n<\/b><span style=\"font-weight: 400;\">  Ti piacer\u00e0 il modo in cui questo fondotinta si fonde perfettamente con la tua pelle, senza effetto maschera. Lascia una finitura opaca e setosa, per una sensazione di comfort per tutto il giorno. <\/span>&nbsp;<\/li>\n<li style=\"font-weight: 400;\" aria-level=\"1\"><b>Copertura totale<\/b><b><br \/>\n<\/b><span style=\"font-weight: 400;\">  Ottieni una copertura perfetta per le imperfezioni, con un colorito uniforme, luminoso e naturale. Niente pi\u00f9 macchie irregolari, solo un incarnato impeccabile. <\/span>&nbsp;<\/li>\n<li style=\"font-weight: 400;\" aria-level=\"1\"><b>Una finitura opaca che controlla la lucentezza<\/b><b><br \/>\n<\/b><span style=\"font-weight: 400;\">  La sua formula ti aiuta a ridurre l&#8217;aspetto dei pori e a controllare la lucidit\u00e0. Il risultato \u00e8 un trucco impeccabile, senza ritocchi e con un incarnato opaco per tutto il giorno. <\/span>&nbsp;<\/li>\n<li style=\"font-weight: 400;\" aria-level=\"1\"><b>Tenuta a lunga durata<\/b><b><br \/>\n<\/b><span style=\"font-weight: 400;\">  Non devi preoccuparti dei ritocchi! Questo fondotinta rimane in posa fino a 12 ore, anche in condizioni difficili, senza trasferirsi o degradarsi. <\/span>&nbsp;<\/li>\n<\/ul>\n<h2><span style=\"font-weight: 400;\">Tonalit\u00e0 disponibili per YOUNIQUE TOUCH Complexion+ Fondotinta in Polvere Compatto<\/span><\/h2>\n<p><span style=\"font-weight: 400;\">Il <\/span><b>YOUNIQUE TOUCH Complexion+ fondotinta in polvere compatto<\/b><span style=\"font-weight: 400;\"> ti permette di personalizzare la tua carnagione alla perfezione con un&#8217;ampia palette di <\/span><b>27 tonalit\u00e0<\/b><span style=\"font-weight: 400;\">. Che tu stia cercando una finitura luminosa o pi\u00f9 naturale, troverai sicuramente una tonalit\u00e0 che valorizzer\u00e0 il tuo viso. Ecco una panoramica delle tonalit\u00e0 disponibili per aiutarti a rivelare la tua naturale luminosit\u00e0: <\/span><\/p>\n<ul>\n<li style=\"font-weight: 400;\" aria-level=\"1\"><b>Scarlatto<\/b><span style=\"font-weight: 400;\"> Per una perfetta tonalit\u00e0 beige, ideale per le pelli da chiare a medie con un sottotono freddo.<\/span>&nbsp;<\/li>\n<li style=\"font-weight: 400;\" aria-level=\"1\"><b>Tulle<\/b><span style=\"font-weight: 400;\"> Un tocco d&#8217;oro che illumina le carnagioni neutre, donando freschezza e luminosit\u00e0.<\/span>&nbsp;<\/li>\n<li style=\"font-weight: 400;\" aria-level=\"1\"><b>Pizzo<\/b><span style=\"font-weight: 400;\"> Una sottile miscela di giallo e pesca che dona alla pelle una luminosit\u00e0 morbida e naturale.<\/span>&nbsp;<\/li>\n<li style=\"font-weight: 400;\" aria-level=\"1\"><b>Organza<\/b><span style=\"font-weight: 400;\"> Tonalit\u00e0 rosa o blu che riscaldano le pelli pi\u00f9 fredde, per una fresca luminosit\u00e0.<\/span>&nbsp;<\/li>\n<li style=\"font-weight: 400;\" aria-level=\"1\"><b>Velluto<\/b><span style=\"font-weight: 400;\"> Una finitura dorata perfetta per le pelli dal sottotono caldo, ideale per un effetto radioso ma naturale.<\/span>&nbsp;<\/li>\n<li style=\"font-weight: 400;\" aria-level=\"1\"><b>Taffeta<\/b><span style=\"font-weight: 400;\"> Una tonalit\u00e0 giallo pesca che illumina i toni pi\u00f9 caldi della pelle per un risultato radioso e armonioso.<\/span>&nbsp;<\/li>\n<li style=\"font-weight: 400;\" aria-level=\"1\"><b>Occhiello<\/b><span style=\"font-weight: 400;\"> Beige con un tocco di giallo per una finitura morbida e sottile, ideale per un trucco leggero.<\/span>&nbsp;<\/li>\n<li style=\"font-weight: 400;\" aria-level=\"1\"><b>Chiffon<\/b><span style=\"font-weight: 400;\"> Una tonalit\u00e0 rosata che risveglia la pelle, perfetta per un incarnato fresco e luminoso.<\/span>&nbsp;<\/li>\n<li style=\"font-weight: 400;\" aria-level=\"1\"><b>Lino<\/b><span style=\"font-weight: 400;\"> Un beige leggermente olivastro che si adatta alle carnagioni pi\u00f9 profonde, donando calore e profondit\u00e0.<\/span>&nbsp;<\/li>\n<li style=\"font-weight: 400;\" aria-level=\"1\"><b>Raso<\/b><span style=\"font-weight: 400;\"> Giallo pesca, una tonalit\u00e0 luminosa per un incarnato radioso e naturale.<\/span>&nbsp;<\/li>\n<li style=\"font-weight: 400;\" aria-level=\"1\"><b>Cachi<\/b><span style=\"font-weight: 400;\"> Un beige dorato che accentua la pelle con sfumature calde, perfetto per un look sofisticato.<\/span>&nbsp;<\/li>\n<li style=\"font-weight: 400;\" aria-level=\"1\"><b>Cashmere<\/b><span style=\"font-weight: 400;\"> Beige con un tocco di rosa, ideale per le carnagioni da chiare a medie con sottotono freddo.<\/span>&nbsp;<\/li>\n<li style=\"font-weight: 400;\" aria-level=\"1\"><b>Challis<\/b><span style=\"font-weight: 400;\"> Beige con una punta di pesca, perfetto per un incarnato radioso e uniforme.<\/span>&nbsp;<\/li>\n<li style=\"font-weight: 400;\" aria-level=\"1\"><b>Velluto<\/b><span style=\"font-weight: 400;\"> Un&#8217;altra tonalit\u00e0 dorata, ideale per accentuare la naturale lucentezza delle pelli pi\u00f9 calde.<\/span>&nbsp;<\/li>\n<li style=\"font-weight: 400;\" aria-level=\"1\"><b>Charmeuse<\/b><span style=\"font-weight: 400;\"> Beige, perfetto per una finitura morbida e opaca che si adatta a tutte le tonalit\u00e0 di pelle neutre.<\/span>&nbsp;<\/li>\n<\/ul>\n<p><span style=\"font-weight: 400;\">Con questa palette puoi controllare l&#8217;intensit\u00e0 e la luminosit\u00e0 della tua carnagione a modo tuo. Ogni tonalit\u00e0 \u00e8 studiata per adattarsi perfettamente al tono della tua pelle e al tuo stile. <\/span><\/p>\n<p>&nbsp;<\/p>\n<h2><span style=\"font-weight: 400;\">Come applicare il fondotinta compatto in polvere YOUNIQUE TOUCH Complexion+?<\/span><\/h2>\n<h3><span style=\"font-weight: 400;\">Per una copertura leggera:<\/span><\/h3>\n<ol>\n<li style=\"font-weight: 400;\" aria-level=\"1\"><span style=\"font-weight: 400;\">Prendi il pennello <\/span><b>Il pennello per la polvere da sposa YOUNIQUE<\/b><span style=\"font-weight: 400;\">.<\/span>&nbsp;<\/li>\n<li style=\"font-weight: 400;\" aria-level=\"1\"><span style=\"font-weight: 400;\">Sfuma la polvere con movimenti ampi dal centro del viso verso l&#8217;esterno.<\/span>&nbsp;<\/li>\n<\/ol>\n<h3><span style=\"font-weight: 400;\">Per una copertura da leggera a media:<\/span><\/h3>\n<ol>\n<li style=\"font-weight: 400;\" aria-level=\"1\"><span style=\"font-weight: 400;\">Usa il pennello <\/span><b>Il pennello per cipria\/concetto YOUNIQUE<\/b><span style=\"font-weight: 400;\">.<\/span>&nbsp;<\/li>\n<li style=\"font-weight: 400;\" aria-level=\"1\"><span style=\"font-weight: 400;\">Applica la cipria partendo dal centro del viso e sfumala verso l&#8217;esterno con movimenti circolari.<\/span>&nbsp;<\/li>\n<\/ol>\n<h3><span style=\"font-weight: 400;\">Per una copertura completa :<\/span><\/h3>\n<ol>\n<li style=\"font-weight: 400;\" aria-level=\"1\"><span style=\"font-weight: 400;\">Usa il pennello <\/span><b>pennello kabuki YOUNIQUE<\/b><span style=\"font-weight: 400;\"> e applica la polvere a piccoli tocchi.<\/span>&nbsp;<\/li>\n<li style=\"font-weight: 400;\" aria-level=\"1\"><span style=\"font-weight: 400;\">Inizia dal centro del viso e sfuma verso l&#8217;esterno. Ripeti per regolare la copertura. <\/span>&nbsp;<\/li>\n<\/ol>\n<h3><span style=\"font-weight: 400;\">Per l&#8217;illuminatore e il contouring:<\/span><\/h3>\n<ol>\n<li style=\"font-weight: 400;\" aria-level=\"1\"><span style=\"font-weight: 400;\">Usa le tonalit\u00e0 pi\u00f9 chiare per illuminare e quelle pi\u00f9 scure per scolpire il viso.<\/span>&nbsp;<\/li>\n<li style=\"font-weight: 400;\" aria-level=\"1\"><span style=\"font-weight: 400;\">Fissa il make-up con la base e la nebbia di fissaggio <\/span><b>TENUTA AL TATTO<\/b><span style=\"font-weight: 400;\">.<\/span>&nbsp;<\/li>\n<\/ol>\n<h3><span style=\"font-weight: 400;\">Per il ritocco mobile:<\/span><\/h3>\n<ol>\n<li style=\"font-weight: 400;\" aria-level=\"1\"><span style=\"font-weight: 400;\">Usa la<\/span><b>spugna retrattile<\/b><span style=\"font-weight: 400;\"> per veloci ritocchi.<\/span>&nbsp;<\/li>\n<li style=\"font-weight: 400;\" aria-level=\"1\"><span style=\"font-weight: 400;\">Conserva la spugna nello scomparto sotto la polvere per proteggerla dalle impurit\u00e0.<\/span>&nbsp;<\/li>\n<\/ol>\n<h2><span style=\"font-weight: 400;\">Ingredienti chiave e loro benefici<\/span><\/h2>\n<ul>\n<li style=\"font-weight: 400;\" aria-level=\"1\"><b>Ialuronato di sodio<\/b><span style=\"font-weight: 400;\"> Leviga la pelle e ne uniforma l&#8217;aspetto migliorando l&#8217;idratazione.<\/span>&nbsp;<\/li>\n<li style=\"font-weight: 400;\" aria-level=\"1\"><b>Caolino<\/b><span style=\"font-weight: 400;\"> Riduce l&#8217;aspetto delle linee sottili e dei pori, per una pelle pi\u00f9 liscia e uniforme.<\/span>&nbsp;<\/li>\n<li style=\"font-weight: 400;\" aria-level=\"1\"><b>Burro di karit\u00e9<\/b><span style=\"font-weight: 400;\"> Nutre e idrata profondamente la pelle, per un comfort e una morbidezza immediati.<\/span>&nbsp;<\/li>\n<li style=\"font-weight: 400;\" aria-level=\"1\"><b>Camomilla<\/b><span style=\"font-weight: 400;\"> Lenisce la pelle e la protegge dalle aggressioni esterne grazie alle sue propriet\u00e0 antiossidanti.<\/span>&nbsp;<\/li>\n<li style=\"font-weight: 400;\" aria-level=\"1\"><b>Silice finemente macinata<\/b><span style=\"font-weight: 400;\"> Diffonde la luce per un risultato impeccabile e un incarnato morbido e naturale.<\/span><\/li>\n<\/ul>\n<p>&nbsp;<\/p>\n<h2><span style=\"font-weight: 400;\">FAQ : YOUNIQUE TOUCH Complexion+ fondotinta compatto in polvere<\/span><\/h2>\n<ol>\n<li><b>  Questo fondotinta \u00e8 adatto alla pelle grassa?<\/b><b><br \/>\n<\/b><span style=\"font-weight: 400;\">  S\u00ec, aiuta a controllare la lucidit\u00e0 grazie alle sue propriet\u00e0 opacizzanti, rendendola ideale per le pelli miste e grasse.<\/span><\/li>\n<li><b>  Questo fondotinta ha una fragranza?<\/b><b><br \/>\n<\/b><span style=\"font-weight: 400;\">  No, \u00e8 privo di profumo, perfetto per le pelli sensibili.<\/span><\/li>\n<li><b>  Per quanto tempo il fondotinta rimane in posizione?<\/b><b><br \/>\n<\/b><span style=\"font-weight: 400;\">  Rimane impeccabile fino a 12 ore senza trasferirsi o degradarsi, anche in condizioni difficili.<\/span><\/li>\n<li><b>  \u00c8 facile da applicare?<\/b><b><br \/>\n<\/b><span style=\"font-weight: 400;\">  S\u00ec, grazie alla sua texture leggera e al pratico applicatore, \u00e8 facile da applicare e si fonde perfettamente con la pelle.<\/span><\/li>\n<\/ol>\n<p><span style=\"font-weight: 400;\">Dona all&#8217;incarnato una luminosit\u00e0 naturale e opaca per tutto il giorno. Ordina oggi stesso il tuo fondotinta in polvere compatta YOUNIQUE TOUCH Complexion+ e goditi una copertura impeccabile e una pelle nutrita e protetta! <\/span><\/p>\n<p>&nbsp;<\/p>\n","protected":false},"excerpt":{"rendered":"<p><span style=\"font-weight: 400;\">Stai cercando un fondotinta facile da applicare, dall&#8217;aspetto naturale e con un&#8217;eccellente copertura? Allora non guardare oltre   <\/span><b>YOUNIQUE TOUCH Complexion+ fondotinta compatto in polvere<\/b><span style=\"font-weight: 400;\">  \u00e8 esattamente ci\u00f2 di cui hai bisogno. La sua formula senza talco e l&#8217;applicatore compatto ti permettono di avere il controllo del tuo make-up, ovunque tu sia. Sfuma le imperfezioni, opacizza la pelle e garantisce una tenuta a lunga durata.  <\/span><b>  fino a 12 ore<\/b><span style=\"font-weight: 400;\">. E soprattutto non si trasferisce!<\/span><\/p>\n","protected":false},"featured_media":10828,"comment_status":"open","ping_status":"closed","template":"","meta":{"_seopress_robots_primary_cat":"none","_seopress_titles_title":"","_seopress_titles_desc":"","_seopress_robots_index":"","site-sidebar-layout":"default","site-content-layout":"","ast-site-content-layout":"default","site-content-style":"default","site-sidebar-style":"default","ast-global-header-display":"","ast-banner-title-visibility":"","ast-main-header-display":"","ast-hfb-above-header-display":"","ast-hfb-below-header-display":"","ast-hfb-mobile-header-display":"","site-post-title":"","ast-breadcrumbs-content":"","ast-featured-img":"","footer-sml-layout":"","ast-disable-related-posts":"","theme-transparent-header-meta":"default","adv-header-id-meta":"","stick-header-meta":"","header-above-stick-meta":"","header-main-stick-meta":"","header-below-stick-meta":"","astra-migrate-meta-layouts":"default","ast-page-background-enabled":"default","ast-page-background-meta":{"desktop":{"background-color":"var(--ast-global-color-4)","background-image":"","background-repeat":"repeat","background-position":"center center","background-size":"auto","background-attachment":"scroll","background-type":"","background-media":"","overlay-type":"","overlay-color":"","overlay-opacity":"","overlay-gradient":""},"tablet":{"background-color":"","background-image":"","background-repeat":"repeat","background-position":"center center","background-size":"auto","background-attachment":"scroll","background-type":"","background-media":"","overlay-type":"","overlay-color":"","overlay-opacity":"","overlay-gradient":""},"mobile":{"background-color":"","background-image":"","background-repeat":"repeat","background-position":"center center","background-size":"auto","background-attachment":"scroll","background-type":"","background-media":"","overlay-type":"","overlay-color":"","overlay-opacity":"","overlay-gradient":""}},"ast-content-background-meta":{"desktop":{"background-color":"var(--ast-global-color-5)","background-image":"","background-repeat":"repeat","background-position":"center center","background-size":"auto","background-attachment":"scroll","background-type":"","background-media":"","overlay-type":"","overlay-color":"","overlay-opacity":"","overlay-gradient":""},"tablet":{"background-color":"var(--ast-global-color-5)","background-image":"","background-repeat":"repeat","background-position":"center center","background-size":"auto","background-attachment":"scroll","background-type":"","background-media":"","overlay-type":"","overlay-color":"","overlay-opacity":"","overlay-gradient":""},"mobile":{"background-color":"var(--ast-global-color-5)","background-image":"","background-repeat":"repeat","background-position":"center center","background-size":"auto","background-attachment":"scroll","background-type":"","background-media":"","overlay-type":"","overlay-color":"","overlay-opacity":"","overlay-gradient":""}}},"product_brand":[],"product_cat":[106],"product_tag":[],"class_list":{"0":"post-10824","1":"product","2":"type-product","3":"status-publish","4":"has-post-thumbnail","6":"product_cat-il-viso","7":"desktop-align-left","8":"tablet-align-left","9":"mobile-align-left","11":"first","12":"instock","13":"sale","14":"shipping-taxable","15":"product-type-external"},"_links":{"self":[{"href":"https:\/\/youniquebyemilie.com\/it\/wp-json\/wp\/v2\/product\/10824","targetHints":{"allow":["GET"]}}],"collection":[{"href":"https:\/\/youniquebyemilie.com\/it\/wp-json\/wp\/v2\/product"}],"about":[{"href":"https:\/\/youniquebyemilie.com\/it\/wp-json\/wp\/v2\/types\/product"}],"replies":[{"embeddable":true,"href":"https:\/\/youniquebyemilie.com\/it\/wp-json\/wp\/v2\/comments?post=10824"}],"wp:featuredmedia":[{"embeddable":true,"href":"https:\/\/youniquebyemilie.com\/it\/wp-json\/wp\/v2\/media\/10828"}],"wp:attachment":[{"href":"https:\/\/youniquebyemilie.com\/it\/wp-json\/wp\/v2\/media?parent=10824"}],"wp:term":[{"taxonomy":"product_brand","embeddable":true,"href":"https:\/\/youniquebyemilie.com\/it\/wp-json\/wp\/v2\/product_brand?post=10824"},{"taxonomy":"product_cat","embeddable":true,"href":"https:\/\/youniquebyemilie.com\/it\/wp-json\/wp\/v2\/product_cat?post=10824"},{"taxonomy":"product_tag","embeddable":true,"href":"https:\/\/youniquebyemilie.com\/it\/wp-json\/wp\/v2\/product_tag?post=10824"}],"curies":[{"name":"wp","href":"https:\/\/api.w.org\/{rel}","templated":true}]}}