{"id":11060,"date":"2025-07-24T18:45:23","date_gmt":"2025-07-24T16:45:23","guid":{"rendered":"https:\/\/youniquebyemilie.com\/produit\/you-ology-crema-esfoliante-per-le-labbra\/"},"modified":"2025-07-24T18:45:23","modified_gmt":"2025-07-24T16:45:23","slug":"you-ology-crema-esfoliante-per-le-labbra","status":"publish","type":"product","link":"https:\/\/youniquebyemilie.com\/it\/produit\/you-ology-crema-esfoliante-per-le-labbra\/","title":{"rendered":"YOU OLOGY crema esfoliante per le labbra"},"content":{"rendered":"<p><span style=\"font-weight: 400;\">Qualche tempo fa, una mia amica mi ha mostrato un piccolo problema che aveva con le sue labbra. Dopo l&#8217;inverno, era sempre alle prese con labbra secche e rovinate. Mi ha detto che i soliti balsami non facevano pi\u00f9 il loro dovere e che era davvero frustrata perch\u00e9 non riusciva mai a ritrovare la morbidezza che desiderava. Cos\u00ec le ho parlato di     <\/span><b>YOU-OLOGY Crema esfoliante per le labbra<\/b><span style=\"font-weight: 400;\">Ho appena scoperto questo prodotto.<\/span><\/p>\n<p><span style=\"font-weight: 400;\">Le ho detto: &#8221; <\/span><b>Provalo, \u00e8 come una boccata d&#8217;aria fresca per le tue labbra. <\/b> <span style=\"font-weight: 400;\">&#8220;E ha seguito il mio consiglio. Non appena l&#8217;ho usato per la prima volta, mi ha chiamato, tutta eccitata: &#8221;   <\/span><b>Ma \u00e8 una magia! Le mie labbra sono morbidissime e pronte a ricevere il mio rossetto! <\/b> <span style=\"font-weight: 400;\"> &#8220;Con la sua <\/span><b>profumo di pesca e mango<\/b><span style=\"font-weight: 400;\">\u00c8 un vero piacere applicarlo. Questo scrub \u00e8 parte integrante della mia routine e sono convinta che cambier\u00e0 anche la tua! <\/span><\/p>\n<p>&nbsp;<\/p>\n<h2><span style=\"font-weight: 400;\">Perch\u00e9 ti piacer\u00e0:<\/span><\/h2>\n<ul>\n<li style=\"font-weight: 400;\" aria-level=\"1\"><b>Esfoliazione delicata ed efficace<\/b><span style=\"font-weight: 400;\"> Questo scrub rimuove delicatamente la pelle morta lasciando una piacevole sensazione di freschezza sulle labbra.<\/span>&nbsp;<\/li>\n<li style=\"font-weight: 400;\" aria-level=\"1\"><b>Labbra nutrite e idratate<\/b><span style=\"font-weight: 400;\"> Il burro di karit\u00e9 e l&#8217;olio di ricino nutrono profondamente le tue labbra, mantenendole morbide e idratate per tutto il giorno.<\/span>&nbsp;<\/li>\n<li style=\"font-weight: 400;\" aria-level=\"1\"><b>Una sensazione immediata di ringiovanimento<\/b><span style=\"font-weight: 400;\">  Il 97% degli utenti ha notato che le labbra apparivano pi\u00f9 giovani dopo l&#8217;applicazione. S\u00ec, \u00e8 cos\u00ec magico! <\/span>&nbsp;<\/li>\n<li style=\"font-weight: 400;\" aria-level=\"1\"><b>Una fragranza deliziosa e rinfrescante<\/b><span style=\"font-weight: 400;\"> L&#8217;aroma di pesca e mango rende l&#8217;applicazione ancora pi\u00f9 piacevole, per un&#8217;esperienza di cura della pelle confortante e deliziosa.<\/span>&nbsp;<\/li>\n<\/ul>\n<p>&nbsp;<\/p>\n<h2><span style=\"font-weight: 400;\">Come usarlo:<\/span><\/h2>\n<ol>\n<li style=\"font-weight: 400;\" aria-level=\"1\"><span style=\"font-weight: 400;\">Prendi una piccola quantit\u00e0 di scrub e massaggialo sulle labbra con piccoli movimenti circolari.<\/span>&nbsp;<\/li>\n<li style=\"font-weight: 400;\" aria-level=\"1\"><span style=\"font-weight: 400;\">Usa un <\/span><b>panno umido<\/b><span style=\"font-weight: 400;\"> per rimuovere lo scrub e lasciare le labbra lisce e pronte per il trucco.<\/span>&nbsp;<\/li>\n<li style=\"font-weight: 400;\" aria-level=\"1\"><span style=\"font-weight: 400;\">Usalo prima di applicare il rossetto per ottenere un risultato ancora pi\u00f9 omogeneo.<\/span>&nbsp;<\/li>\n<\/ol>\n<p>&nbsp;<\/p>\n<h2><span style=\"font-weight: 400;\">Gli ingredienti che creano la magia:<\/span><\/h2>\n<ul>\n<li style=\"font-weight: 400;\" aria-level=\"1\"><b>Saccarosio<\/b><span style=\"font-weight: 400;\"> Esfolia delicatamente e rimuove le cellule morte della pelle per <\/span><b>labbra lisce e morbide<\/b><span style=\"font-weight: 400;\">.<\/span>&nbsp;<\/li>\n<li style=\"font-weight: 400;\" aria-level=\"1\"><b>Burro di karit\u00e9<\/b><span style=\"font-weight: 400;\"> Nutre e idrata per <\/span><b>labbra pi\u00f9 elastiche e curate<\/b><span style=\"font-weight: 400;\">.<\/span>&nbsp;<\/li>\n<li style=\"font-weight: 400;\" aria-level=\"1\"><b>Olio di semi di ricino<\/b><span style=\"font-weight: 400;\"> Fornisce idratazione, elasticit\u00e0 e morbidezza <\/span><b>elasticit\u00e0 e morbidezza<\/b><span style=\"font-weight: 400;\">.<\/span>&nbsp;<\/li>\n<li style=\"font-weight: 400;\" aria-level=\"1\"><b>Profumo di pesca e mango<\/b><span style=\"font-weight: 400;\"> Una fragranza deliziosa e piacevole che trasforma ogni applicazione in un momento di benessere. <\/span><b>un momento di benessere<\/b><span style=\"font-weight: 400;\">.<\/span>&nbsp;<\/li>\n<\/ul>\n<p><span style=\"font-weight: 400;\">Ricordi la sensazione di labbra morbide e rimpolpate, come dopo un trattamento termale? <\/span><b>trattamento termale?<\/b><span style=\"font-weight: 400;\"> Questo scrub ti d\u00e0 quella sensazione ogni volta che lo usi. <\/span><b>Aggiungilo al tuo carrello<\/b><span style=\"font-weight: 400;\"> e rendi le tue labbra un vero piacere ogni giorno.<\/span><\/p>\n<p>&nbsp;<\/p>\n","protected":false},"excerpt":{"rendered":"<p><span style=\"font-weight: 400;\">Qualche tempo fa, una mia amica mi ha mostrato un piccolo problema che aveva con le sue labbra. Dopo l&#8217;inverno, era sempre alle prese con labbra secche e rovinate. Mi ha detto che i soliti balsami non facevano pi\u00f9 il loro dovere e che era davvero frustrata perch\u00e9 non riusciva mai a ritrovare la morbidezza che desiderava. Cos\u00ec le ho parlato di     <\/span><b>Scrub labbra cremoso YOU-OLOGY<\/b><span style=\"font-weight: 400;\">un prodotto che avevo appena scoperto.<\/span><\/p>\n","protected":false},"featured_media":11066,"comment_status":"open","ping_status":"closed","template":"","meta":{"_seopress_robots_primary_cat":"none","_seopress_titles_title":"","_seopress_titles_desc":"","_seopress_robots_index":"","site-sidebar-layout":"default","site-content-layout":"","ast-site-content-layout":"default","site-content-style":"default","site-sidebar-style":"default","ast-global-header-display":"","ast-banner-title-visibility":"","ast-main-header-display":"","ast-hfb-above-header-display":"","ast-hfb-below-header-display":"","ast-hfb-mobile-header-display":"","site-post-title":"","ast-breadcrumbs-content":"","ast-featured-img":"","footer-sml-layout":"","ast-disable-related-posts":"","theme-transparent-header-meta":"default","adv-header-id-meta":"","stick-header-meta":"","header-above-stick-meta":"","header-main-stick-meta":"","header-below-stick-meta":"","astra-migrate-meta-layouts":"default","ast-page-background-enabled":"default","ast-page-background-meta":{"desktop":{"background-color":"var(--ast-global-color-4)","background-image":"","background-repeat":"repeat","background-position":"center center","background-size":"auto","background-attachment":"scroll","background-type":"","background-media":"","overlay-type":"","overlay-color":"","overlay-opacity":"","overlay-gradient":""},"tablet":{"background-color":"","background-image":"","background-repeat":"repeat","background-position":"center center","background-size":"auto","background-attachment":"scroll","background-type":"","background-media":"","overlay-type":"","overlay-color":"","overlay-opacity":"","overlay-gradient":""},"mobile":{"background-color":"","background-image":"","background-repeat":"repeat","background-position":"center center","background-size":"auto","background-attachment":"scroll","background-type":"","background-media":"","overlay-type":"","overlay-color":"","overlay-opacity":"","overlay-gradient":""}},"ast-content-background-meta":{"desktop":{"background-color":"var(--ast-global-color-5)","background-image":"","background-repeat":"repeat","background-position":"center center","background-size":"auto","background-attachment":"scroll","background-type":"","background-media":"","overlay-type":"","overlay-color":"","overlay-opacity":"","overlay-gradient":""},"tablet":{"background-color":"var(--ast-global-color-5)","background-image":"","background-repeat":"repeat","background-position":"center center","background-size":"auto","background-attachment":"scroll","background-type":"","background-media":"","overlay-type":"","overlay-color":"","overlay-opacity":"","overlay-gradient":""},"mobile":{"background-color":"var(--ast-global-color-5)","background-image":"","background-repeat":"repeat","background-position":"center center","background-size":"auto","background-attachment":"scroll","background-type":"","background-media":"","overlay-type":"","overlay-color":"","overlay-opacity":"","overlay-gradient":""}}},"product_brand":[],"product_cat":[117],"product_tag":[],"class_list":{"0":"post-11060","1":"product","2":"type-product","3":"status-publish","4":"has-post-thumbnail","6":"product_cat-labbra","7":"desktop-align-left","8":"tablet-align-left","9":"mobile-align-left","11":"first","12":"instock","13":"sale","14":"shipping-taxable","15":"product-type-external"},"_links":{"self":[{"href":"https:\/\/youniquebyemilie.com\/it\/wp-json\/wp\/v2\/product\/11060","targetHints":{"allow":["GET"]}}],"collection":[{"href":"https:\/\/youniquebyemilie.com\/it\/wp-json\/wp\/v2\/product"}],"about":[{"href":"https:\/\/youniquebyemilie.com\/it\/wp-json\/wp\/v2\/types\/product"}],"replies":[{"embeddable":true,"href":"https:\/\/youniquebyemilie.com\/it\/wp-json\/wp\/v2\/comments?post=11060"}],"wp:featuredmedia":[{"embeddable":true,"href":"https:\/\/youniquebyemilie.com\/it\/wp-json\/wp\/v2\/media\/11066"}],"wp:attachment":[{"href":"https:\/\/youniquebyemilie.com\/it\/wp-json\/wp\/v2\/media?parent=11060"}],"wp:term":[{"taxonomy":"product_brand","embeddable":true,"href":"https:\/\/youniquebyemilie.com\/it\/wp-json\/wp\/v2\/product_brand?post=11060"},{"taxonomy":"product_cat","embeddable":true,"href":"https:\/\/youniquebyemilie.com\/it\/wp-json\/wp\/v2\/product_cat?post=11060"},{"taxonomy":"product_tag","embeddable":true,"href":"https:\/\/youniquebyemilie.com\/it\/wp-json\/wp\/v2\/product_tag?post=11060"}],"curies":[{"name":"wp","href":"https:\/\/api.w.org\/{rel}","templated":true}]}}