{"id":11128,"date":"2025-07-24T18:40:15","date_gmt":"2025-07-24T16:40:15","guid":{"rendered":"https:\/\/youniquebyemilie.com\/produit\/spazzola-4-in-1-younique\/"},"modified":"2025-07-24T18:40:15","modified_gmt":"2025-07-24T16:40:15","slug":"spazzola-4-in-1-younique","status":"publish","type":"product","link":"https:\/\/youniquebyemilie.com\/it\/produit\/spazzola-4-in-1-younique\/","title":{"rendered":"Spazzola 4-in-1 YOUNIQUE"},"content":{"rendered":"<p><span style=\"font-weight: 400;\">Ci sono giorni in cui vuoi truccare gli occhi e migliorare l&#8217;incarnato, ma non hai il tempo o lo spazio per portarti dietro una valigetta piena di pennelli, ed \u00e8 proprio in questi casi che il pennello completo YOUNIQUE diventa indispensabile. Questo pennello   <\/span><b>4 in 1<\/b><span style=\"font-weight: 400;\">  \u00e8 esattamente ci\u00f2 di cui avevo bisogno. In un batter d&#8217;occhio, mi ha permesso di <\/span><b>per applicare l&#8217;ombretto, il fard, l&#8217;illuminatore <\/b><span style=\"font-weight: 400;\">e persino <\/span><b>balsamo per le labbra<\/b><span style=\"font-weight: 400;\">senza dover rovistare nel mio kit.<\/span><\/p>\n<p><span style=\"font-weight: 400;\"><br \/>\n<\/span><span style=\"font-weight: 400;\">\u00c8 super pratico, compatto e posso portarlo ovunque. \u00c8 il mio nuovo strumento per i ritocchi al trucco veloci e senza confusione. Niente pi\u00f9 pennelli in giro per il tuo kit che si confondono!  <\/span><\/p>\n<h2><span style=\"font-weight: 400;\">Perch\u00e9 amerai questa spazzola 4-in-1:<\/span><\/h2>\n<ul>\n<li style=\"font-weight: 400;\" aria-level=\"1\"><b>Pratico e versatile:<\/b><span style=\"font-weight: 400;\">  Questo pennello ti permette di fare tutto in un colpo solo. Ombretto, fard, illuminatore e balsamo per le labbra: puoi fare tutto con un solo pennello! <\/span>&nbsp;<\/li>\n<li style=\"font-weight: 400;\" aria-level=\"1\"><b>Compatto e leggero:<\/b><span style=\"font-weight: 400;\">  \u00c8 facile da riporre e perfetto per i viaggi. Niente pi\u00f9 astuccio ingombro per le matite, hai tutto quello che ti serve in un unico pennello. <\/span>&nbsp;<\/li>\n<li style=\"font-weight: 400;\" aria-level=\"1\"><b>Applicazione perfetta:<\/b><span style=\"font-weight: 400;\">  Il pennello \u00e8 progettato per un&#8217;applicazione precisa e uniforme. Scivola perfettamente sulla pelle, donando una finitura naturale e luminosa. <\/span>&nbsp;<\/li>\n<li style=\"font-weight: 400;\" aria-level=\"1\"><b>Si adatta a tutti i prodotti YOUNIQUE:<\/b><span style=\"font-weight: 400;\"> Funziona perfettamente con la palette tascabile YOUNIQUE TOUCH per un&#8217;applicazione del trucco rapida e completa.<\/span>&nbsp;<\/li>\n<li style=\"font-weight: 400;\" aria-level=\"1\"><b>Un solo pennello, tante possibilit\u00e0:<\/b><span style=\"font-weight: 400;\"> Con le sue 4 diverse testine, sei pronto a tutto, dall&#8217;applicazione del rossetto alla precisione dell&#8217;eyeliner.<\/span>&nbsp;<\/li>\n<\/ul>\n<h2><span style=\"font-weight: 400;\">Come usarlo:<\/span><\/h2>\n<ol>\n<li style=\"font-weight: 400;\" aria-level=\"1\"><b>Primo pennello<\/b><span style=\"font-weight: 400;\"> Usalo per applicare l&#8217;illuminatore e il fard per un incarnato radioso e naturale.<\/span>&nbsp;<\/li>\n<li style=\"font-weight: 400;\" aria-level=\"1\"><b>Secondo pennello<\/b><span style=\"font-weight: 400;\"> Applica e sfuma l&#8217;ombretto per occhi luminosi.<\/span>&nbsp;<\/li>\n<li style=\"font-weight: 400;\" aria-level=\"1\"><b>Terzo pennello<\/b><span style=\"font-weight: 400;\"> Usalo per applicare l&#8217;eyeliner o per definire gli occhi con precisione.<\/span>&nbsp;<\/li>\n<li style=\"font-weight: 400;\" aria-level=\"1\"><b>Quarto pennello<\/b><span style=\"font-weight: 400;\"> Il pennello per labbra in silicone pu\u00f2 essere utilizzato per applicare il balsamo o il rossetto per una copertura perfetta.<\/span>&nbsp;<\/li>\n<\/ol>\n<h2><span style=\"font-weight: 400;\">Cosa dicono gli utenti:<\/span><\/h2>\n<ul>\n<li style=\"font-weight: 400;\" aria-level=\"1\"><b>94%<\/b><span style=\"font-weight: 400;\"> pensa che sia super pratico e che occupi meno spazio nella borsa dei trucchi.<\/span>&nbsp;<\/li>\n<li style=\"font-weight: 400;\" aria-level=\"1\"><b>91%<\/b><span style=\"font-weight: 400;\"> afferma che il pennello garantisce un&#8217;applicazione precisa e uniforme di tutti i prodotti.<\/span>&nbsp;<\/li>\n<li style=\"font-weight: 400;\" aria-level=\"1\"><b>88%<\/b><span style=\"font-weight: 400;\"> apprezza la versatilit\u00e0 di questo pennello 4 in 1 e la qualit\u00e0 di ogni applicazione.<\/span>&nbsp;<\/li>\n<\/ul>\n<p><span style=\"font-weight: 400;\">Un pennello, tutto quello che ti serve! Aggiungilo al tuo carrello e scopri un make-up veloce e perfetto, a casa o in viaggio! <\/span><\/p>\n","protected":false},"excerpt":{"rendered":"<p><span style=\"font-weight: 400;\">Ci sono giorni in cui vuoi truccare gli occhi e migliorare l&#8217;incarnato, ma non hai il tempo o lo spazio per portarti dietro una valigetta piena di pennelli, ed \u00e8 proprio in questi casi che il pennello completo YOUNIQUE diventa indispensabile. Questo pennello   <\/span><b>4 in 1<\/b><span style=\"font-weight: 400;\">  \u00e8 esattamente ci\u00f2 di cui avevo bisogno. In un batter d&#8217;occhio, mi ha permesso di <\/span><b>applicare l&#8217;ombretto, il fard, l&#8217;illuminatore <\/b><span style=\"font-weight: 400;\">e persino <\/span><b>balsamo per le labbra<\/b><span style=\"font-weight: 400;\">senza dover rovistare nel mio kit.<\/span><\/p>\n","protected":false},"featured_media":11129,"comment_status":"open","ping_status":"closed","template":"","meta":{"_seopress_robots_primary_cat":"none","_seopress_titles_title":"","_seopress_titles_desc":"","_seopress_robots_index":"","site-sidebar-layout":"default","site-content-layout":"","ast-site-content-layout":"default","site-content-style":"default","site-sidebar-style":"default","ast-global-header-display":"","ast-banner-title-visibility":"","ast-main-header-display":"","ast-hfb-above-header-display":"","ast-hfb-below-header-display":"","ast-hfb-mobile-header-display":"","site-post-title":"","ast-breadcrumbs-content":"","ast-featured-img":"","footer-sml-layout":"","ast-disable-related-posts":"","theme-transparent-header-meta":"default","adv-header-id-meta":"","stick-header-meta":"","header-above-stick-meta":"","header-main-stick-meta":"","header-below-stick-meta":"","astra-migrate-meta-layouts":"default","ast-page-background-enabled":"default","ast-page-background-meta":{"desktop":{"background-color":"var(--ast-global-color-4)","background-image":"","background-repeat":"repeat","background-position":"center center","background-size":"auto","background-attachment":"scroll","background-type":"","background-media":"","overlay-type":"","overlay-color":"","overlay-opacity":"","overlay-gradient":""},"tablet":{"background-color":"","background-image":"","background-repeat":"repeat","background-position":"center center","background-size":"auto","background-attachment":"scroll","background-type":"","background-media":"","overlay-type":"","overlay-color":"","overlay-opacity":"","overlay-gradient":""},"mobile":{"background-color":"","background-image":"","background-repeat":"repeat","background-position":"center center","background-size":"auto","background-attachment":"scroll","background-type":"","background-media":"","overlay-type":"","overlay-color":"","overlay-opacity":"","overlay-gradient":""}},"ast-content-background-meta":{"desktop":{"background-color":"var(--ast-global-color-5)","background-image":"","background-repeat":"repeat","background-position":"center center","background-size":"auto","background-attachment":"scroll","background-type":"","background-media":"","overlay-type":"","overlay-color":"","overlay-opacity":"","overlay-gradient":""},"tablet":{"background-color":"var(--ast-global-color-5)","background-image":"","background-repeat":"repeat","background-position":"center center","background-size":"auto","background-attachment":"scroll","background-type":"","background-media":"","overlay-type":"","overlay-color":"","overlay-opacity":"","overlay-gradient":""},"mobile":{"background-color":"var(--ast-global-color-5)","background-image":"","background-repeat":"repeat","background-position":"center center","background-size":"auto","background-attachment":"scroll","background-type":"","background-media":"","overlay-type":"","overlay-color":"","overlay-opacity":"","overlay-gradient":""}}},"product_brand":[],"product_cat":[117],"product_tag":[],"class_list":{"0":"post-11128","1":"product","2":"type-product","3":"status-publish","4":"has-post-thumbnail","6":"product_cat-labbra","7":"desktop-align-left","8":"tablet-align-left","9":"mobile-align-left","11":"first","12":"instock","13":"sale","14":"shipping-taxable","15":"product-type-external"},"_links":{"self":[{"href":"https:\/\/youniquebyemilie.com\/it\/wp-json\/wp\/v2\/product\/11128","targetHints":{"allow":["GET"]}}],"collection":[{"href":"https:\/\/youniquebyemilie.com\/it\/wp-json\/wp\/v2\/product"}],"about":[{"href":"https:\/\/youniquebyemilie.com\/it\/wp-json\/wp\/v2\/types\/product"}],"replies":[{"embeddable":true,"href":"https:\/\/youniquebyemilie.com\/it\/wp-json\/wp\/v2\/comments?post=11128"}],"wp:featuredmedia":[{"embeddable":true,"href":"https:\/\/youniquebyemilie.com\/it\/wp-json\/wp\/v2\/media\/11129"}],"wp:attachment":[{"href":"https:\/\/youniquebyemilie.com\/it\/wp-json\/wp\/v2\/media?parent=11128"}],"wp:term":[{"taxonomy":"product_brand","embeddable":true,"href":"https:\/\/youniquebyemilie.com\/it\/wp-json\/wp\/v2\/product_brand?post=11128"},{"taxonomy":"product_cat","embeddable":true,"href":"https:\/\/youniquebyemilie.com\/it\/wp-json\/wp\/v2\/product_cat?post=11128"},{"taxonomy":"product_tag","embeddable":true,"href":"https:\/\/youniquebyemilie.com\/it\/wp-json\/wp\/v2\/product_tag?post=11128"}],"curies":[{"name":"wp","href":"https:\/\/api.w.org\/{rel}","templated":true}]}}