{"id":11258,"date":"2025-07-26T23:59:50","date_gmt":"2025-07-26T21:59:50","guid":{"rendered":"https:\/\/youniquebyemilie.com\/produit\/younique-glowplexion-crema-idratante\/"},"modified":"2025-11-28T15:49:57","modified_gmt":"2025-11-28T14:49:57","slug":"younique-glowplexion-crema-idratante","status":"publish","type":"product","link":"https:\/\/youniquebyemilie.com\/it\/produit\/younique-glowplexion-crema-idratante\/","title":{"rendered":"YOUNIQUE GLOWPLEXION crema idratante"},"content":{"rendered":"<p><span style=\"font-weight: 400;\">Qualche mese fa, la mia pelle mi ha dato filo da torcere. Tra giornate intense, stress e stanchezza, avevo la sensazione che la mia pelle fosse troppo secca.   <\/span><b>disidratato<\/b><span style=\"font-weight: 400;\">, <\/span><b>spento<\/b><span style=\"font-weight: 400;\">Era come se avessi perso quel barlume di freschezza. Era frustrante. La mia ansia \u00e8 scomparsa non appena le nostre strade si sono incrociate:    <\/span><b>Crema idratante GLOWPLEXION<\/b><span style=\"font-weight: 400;\">  e io. Da allora, la mia pelle \u00e8 stata <\/span> <b> pi\u00f9 morbido<\/b><span style=\"font-weight: 400;\">, <\/span><b>pi\u00f9 liscio<\/b><span style=\"font-weight: 400;\"> e <\/span><b>pronto a brillare <\/b><span style=\"font-weight: 400;\">!<\/span><\/p>\n<p><span style=\"font-weight: 400;\">E la parte migliore? Lei   <\/span><b>reagisce bene<\/b><span style=\"font-weight: 400;\">il <\/span><b>burro di karit\u00e9<\/b><span style=\"font-weight: 400;\"> nutre la mia pelle e l&#8217;acido<\/span><b>acido glicolico<\/b><span style=\"font-weight: 400;\">  ha semplicemente cancellato le piccole irregolarit\u00e0. \u00c8   <\/span><b>abbagliante<\/b><span style=\"font-weight: 400;\"> e <\/span><b>anche<\/b><span style=\"font-weight: 400;\">. Ora so che la mia pelle \u00e8 in buone mani! E c&#8217;\u00e8 di pi\u00f9,   <\/span><b>questo prodotto \u00e8 eco-responsabile<\/b><span style=\"font-weight: 400;\">con la sua bottiglia ricaricabile. Questo \u00e8   <\/span><b>trattamenti di lusso per la pelle<\/b><span style=\"font-weight: 400;\"> che rispetta il pianeta, e questo mi piace molto!<\/span><\/p>\n<h2><span style=\"font-weight: 400;\">Perch\u00e9 ti piacer\u00e0:<\/span><\/h2>\n<ul>\n<li style=\"font-weight: 400;\" aria-level=\"1\"><b>Idratazione profonda<\/b><span style=\"font-weight: 400;\"> Fin dalla prima applicazione, la pelle viene <\/span><b>nutrita<\/b><span style=\"font-weight: 400;\">, <\/span><b>morbida<\/b><span style=\"font-weight: 400;\"> e <\/span><b>reidratata<\/b><span style=\"font-weight: 400;\"> grazie a potenti ingredienti come<\/span><b>Acquacell<\/b><span style=\"font-weight: 400;\"> e<\/span><b>Sodio Ialuronato<\/b><span style=\"font-weight: 400;\">.<\/span>&nbsp;<\/li>\n<li style=\"font-weight: 400;\" aria-level=\"1\"><b>Formula premium, delicata e rispettosa<\/b><span style=\"font-weight: 400;\"> La sua texture <\/span><b>liscia<\/b><span style=\"font-weight: 400;\"> e <\/span><b>vellutata<\/b><span style=\"font-weight: 400;\"> \u00e8 perfetta per lenire e <\/span><b>riparazione<\/b><span style=\"font-weight: 400;\">  la tua pelle. La tua carnagione diventa   <\/span><b>pi\u00f9 luminoso<\/b><span style=\"font-weight: 400;\"> e <\/span><b>pi\u00f9 uniforme<\/b><span style=\"font-weight: 400;\">.<\/span>&nbsp;<\/li>\n<li style=\"font-weight: 400;\" aria-level=\"1\"><b>Eco-responsabile<\/b><span style=\"font-weight: 400;\"> La bottiglia \u00e8 realizzata in <\/span><b>resina riciclata<\/b><span style=\"font-weight: 400;\">cos\u00ec potrai prenderti cura della tua pelle e dell&#8217;ambiente.<\/span>&nbsp;<\/li>\n<li style=\"font-weight: 400;\" aria-level=\"1\"><b>Facile e veloce<\/b><span style=\"font-weight: 400;\"> In pochi secondi, <\/span><b>una piccola quantit\u00e0<\/b><span style=\"font-weight: 400;\">  \u00e8 tutto ci\u00f2 che ti serve per nutrire e idratare la tua pelle, senza sforzo. \u00c8 semplice, veloce ed efficace! <\/span>&nbsp;<\/li>\n<\/ul>\n<h2><span style=\"font-weight: 400;\">Ingredienti che fanno la differenza:<\/span><\/h2>\n<p><span style=\"font-weight: 400;\">Il punto di forza di questo prodotto \u00e8 la qualit\u00e0 dei suoi ingredienti. <\/span><b>ingredienti<\/b><span style=\"font-weight: 400;\">ognuno dei quali \u00e8 stato accuratamente selezionato per <\/span><b>alle esigenze della tua pelle<\/b><span style=\"font-weight: 400;\"> :<\/span><\/p>\n<ul>\n<li style=\"font-weight: 400;\" aria-level=\"1\"><b>Niacinamide<\/b><span style=\"font-weight: 400;\"> Questo potente ingrediente regola la produzione di sebo e <\/span><b>migliora la texture della pelle<\/b><span style=\"font-weight: 400;\">. Ideale per  <\/span><b>ridurre le imperfezioni<\/b><span style=\"font-weight: 400;\"> e uniformare l&#8217;incarnato.<\/span>&nbsp;<\/li>\n<li style=\"font-weight: 400;\" aria-level=\"1\"><b>Acquacell<\/b><span style=\"font-weight: 400;\"> A <\/span><b>fonte di idratazione intensa<\/b><span style=\"font-weight: 400;\">  che aiuta la tua pelle a trattenere l&#8217;idratazione migliorandone visibilmente l&#8217;aspetto. Pi\u00f9 acqua, pi\u00f9 benessere! <\/span>&nbsp;<\/li>\n<li style=\"font-weight: 400;\" aria-level=\"1\"><b>Fico d&#8217;India<\/b><span style=\"font-weight: 400;\"> Un ingrediente chiave per <\/span><b>lenire<\/b><span style=\"font-weight: 400;\"> e <\/span><b>idratare<\/b><span style=\"font-weight: 400;\"> e offre una fragranza fresca e naturale <\/span><b>fragranza naturale<\/b><span style=\"font-weight: 400;\"> che ricorda la natura.<\/span>&nbsp;<\/li>\n<li style=\"font-weight: 400;\" aria-level=\"1\"><b>Burro di karit\u00e9<\/b><span style=\"font-weight: 400;\"> \u00c8 noto per le sue propriet\u00e0 <\/span><b>nutriente<\/b><span style=\"font-weight: 400;\"> e <\/span><b>propriet\u00e0 riparatrici<\/b><span style=\"font-weight: 400;\">. Lascia la pelle  <\/span><b>pi\u00f9 morbido<\/b><span style=\"font-weight: 400;\">pi\u00f9 elastica e ben protetta.<\/span>&nbsp;<\/li>\n<li style=\"font-weight: 400;\" aria-level=\"1\"><b>HydraBeet SF<\/b><span style=\"font-weight: 400;\"> e <\/span><b>Fision Wrinklefix<\/b><span style=\"font-weight: 400;\"> Questi <\/span><b>complessi attivi<\/b><span style=\"font-weight: 400;\"> hanno propriet\u00e0 anti-invecchiamento, <\/span><b>leviganti<\/b><span style=\"font-weight: 400;\"> e <\/span><b>riducendo<\/b><span style=\"font-weight: 400;\"> l&#8217;aspetto delle <\/span><b>rughe<\/b><span style=\"font-weight: 400;\"> rughe <\/span><b>linee sottili<\/b><span style=\"font-weight: 400;\">.<\/span>&nbsp;<\/li>\n<\/ul>\n<p>&nbsp;<\/p>\n<h2><span style=\"font-weight: 400;\">Come usarlo:<\/span><\/h2>\n<ol>\n<li style=\"font-weight: 400;\" aria-level=\"1\"><b>Spremi<\/b><span style=\"font-weight: 400;\"> una piccola quantit\u00e0 di crema (delle dimensioni di una perla) tra le mani.<\/span>&nbsp;<\/li>\n<li style=\"font-weight: 400;\" aria-level=\"1\"><b>Applicare<\/b><span style=\"font-weight: 400;\"> delicatamente su viso e collo <\/span><b>con movimenti circolari<\/b><span style=\"font-weight: 400;\"> per favorirne la penetrazione.<\/span>&nbsp;<\/li>\n<li style=\"font-weight: 400;\" aria-level=\"1\"><b>Continua<\/b><span style=\"font-weight: 400;\"> Continua con la tua routine di cura della pelle, oppure applica la tua crema SPF preferita. <\/span><b>SPF<\/b><span style=\"font-weight: 400;\"> se lo usi al mattino.<\/span>&nbsp;<\/li>\n<\/ol>\n<p><b>Suggerimento:  <\/b><span style=\"font-weight: 400;\">Per ottenere risultati ancora pi\u00f9 sorprendenti, applicalo mattina e sera. E per una routine completa, combinalo con altri prodotti per la cura della pelle.   <\/span><b>Gamma GLOWPLEXION<\/b><span style=\"font-weight: 400;\">.<\/span><\/p>\n<p>&nbsp;<\/p>\n<h2><span style=\"font-weight: 400;\">Cosa dicono gli utenti:<\/span><\/h2>\n<ul>\n<li style=\"font-weight: 400;\" aria-level=\"1\"><b>82%<\/b><span style=\"font-weight: 400;\"> degli utenti afferma che questo prodotto fornisce <\/span><b>idratazione profonda<\/b><span style=\"font-weight: 400;\">.*<\/span>&nbsp;<\/li>\n<li style=\"font-weight: 400;\" aria-level=\"1\"><b>85%<\/b><span style=\"font-weight: 400;\"> L&#8217;85% degli utenti trova la propria pelle <\/span><b>pi\u00f9 liscia<\/b><span style=\"font-weight: 400;\"> e <\/span><b>pi\u00f9 morbida<\/b><span style=\"font-weight: 400;\"> dopo l&#8217;uso.*<\/span>&nbsp;<\/li>\n<li style=\"font-weight: 400;\" aria-level=\"1\"><b>91%<\/b><span style=\"font-weight: 400;\"> ritiene che <\/span><b>si assorbe rapidamente<\/b><span style=\"font-weight: 400;\"> e non lascia una pellicola untuosa*.<\/span>&nbsp;<\/li>\n<li style=\"font-weight: 400;\" aria-level=\"1\"><b>76%<\/b><span style=\"font-weight: 400;\"> degli utenti conferma che questo prodotto <\/span><b>non secca la pelle<\/b><span style=\"font-weight: 400;\">ma la lascia <\/span><b>nutrita<\/b><span style=\"font-weight: 400;\">.<\/span>&nbsp;<\/li>\n<\/ul>\n<p><span style=\"font-weight: 400;\">Non \u00e8 solo un trattamento, \u00e8 una trasformazione. <\/span><b>Aggiungi subito questo detergente al tuo carrello<\/b><span style=\"font-weight: 400;\">e fai risplendere la tua pelle giorno dopo giorno!<\/span><\/p>\n<p>&nbsp;<\/p>\n<p>&nbsp;<\/p>\n<h2><span style=\"font-weight: 400;\">FAQ : YOUNIQUE GLOWPLEXION Crema Idratante<\/span><\/h2>\n<ol>\n<li><b>  Questa crema \u00e8 adatta alla pelle sensibile?<\/b><b><br \/>\n<\/b><span style=\"font-weight: 400;\">  S\u00ec, assolutamente! Il   <\/span><b>GLOWPLEXION Crema Idratante<\/b><span style=\"font-weight: 400;\"> \u00e8 stata dermatologicamente testata ed \u00e8 ideale per <\/span><b>pelle sensibile<\/b><span style=\"font-weight: 400;\">. La sua formula delicata, arricchita con  <\/span><b>burro di karit\u00e9<\/b><span style=\"font-weight: 400;\"> e <\/span><b>fico d&#8217;India<\/b><span style=\"font-weight: 400;\">Lenisce e nutre senza irritare.<\/span><\/li>\n<li><b>  Posso usarlo sulla pelle grassa?<\/b><b><br \/>\n<\/b><span style=\"font-weight: 400;\">  Certo che puoi! Il prodotto \u00e8 stato progettato per   <\/span><b>tutti i tipi di pelle<\/b><span style=\"font-weight: 400;\">compresa <\/span><b>pelle grassa<\/b><span style=\"font-weight: 400;\">. Grazie al<\/span><b>acido glicolico<\/b><span style=\"font-weight: 400;\"> e <\/span><b>niacinamide<\/b><span style=\"font-weight: 400;\">Aiuta a regolare l&#8217;eccesso di sebo mantenendo l&#8217;idratazione. La tua pelle sar\u00e0 nutrita senza essere appesantita. <\/span><\/li>\n<li><b>  Quali sono i vantaggi dell&#8217;utilizzo di resina riciclata negli imballaggi?<\/b><b><br \/>\n<\/b> <span style=\"font-weight: 400;\"> Imballaggio realizzato con <\/span><b>resina riciclata<\/b><span style=\"font-weight: 400;\">  riduce il nostro impatto ambientale. \u00c8 un modo semplice ma efficace per contribuire a un mondo pi\u00f9 sostenibile.   <\/span><b>sostenibile<\/b><span style=\"font-weight: 400;\">Goditi i benefici di un prodotto di qualit\u00e0 che si prende cura della tua pelle e del pianeta.<\/span><\/li>\n<li><b>  Quanto dura un flacone di GLOWPLEXION Crema Idratante?<\/b><b><br \/>\n<\/b> <span style=\"font-weight: 400;\"> Una bottiglia da <\/span><b>50 ml<\/b><span style=\"font-weight: 400;\"> dura circa <\/span><b>60 giorni<\/b><span style=\"font-weight: 400;\">  con un uso regolare mattina e sera. Una piccola quantit\u00e0 \u00e8 sufficiente per nutrire e idratare efficacemente la pelle, il che lo rende un prodotto dall&#8217;ottimo rapporto qualit\u00e0-prezzo. <\/span><\/li>\n<li><b>  Posso usarlo al mattino prima di truccarmi?<\/b><b><br \/>\n<\/b><span style=\"font-weight: 400;\">  S\u00ec, certo! Il   <\/span><b>GLOWPLEXION Crema Idratante<\/b><span style=\"font-weight: 400;\"> \u00e8 un&#8217;eccellente <\/span><b>base idratante<\/b><span style=\"font-weight: 400;\">  prima di applicare il trucco. Lascia la pelle liscia e morbida, pronta a ricevere il fondotinta o la BB cream. Non lascia una pellicola grassa e si assorbe rapidamente.  <\/span><\/li>\n<li><b>  Questa crema ha un profumo forte?<\/b><b><br \/>\n<\/b> <span style=\"font-weight: 400;\"> No, la crema ha una sottile <\/span><b>fragranza naturale<\/b><span style=\"font-weight: 400;\"> grazie a ingredienti come <\/span><b>fico d&#8217;India<\/b><span style=\"font-weight: 400;\"> e<\/span><b>olio d&#8217;oliva<\/b><span style=\"font-weight: 400;\">. \u00c8 leggero e piacevole, perfetto per chi preferisce una cura della pelle non invasiva.<\/span><\/li>\n<\/ol>\n<p>&nbsp;<\/p>\n<p><span style=\"font-weight: 400;\">La tua pelle, la tua luminosit\u00e0. <\/span><b>Clicca qui per aggiungere questo prodotto al tuo carrello<\/b><span style=\"font-weight: 400;\">e inizia la tua trasformazione questa sera!<\/span><\/p>\n<p>&nbsp;<\/p>\n","protected":false},"excerpt":{"rendered":"<p><span style=\"font-weight: 400;\">Qualche mese fa, la mia pelle mi ha dato filo da torcere. Tra giornate intense, stress e stanchezza, avevo la sensazione che la mia pelle fosse troppo secca.   <\/span><b>disidratato<\/b><span style=\"font-weight: 400;\">, <\/span><b>spento<\/b><span style=\"font-weight: 400;\">Era come se avessi perso quel barlume di freschezza. Era frustrante. La mia ansia \u00e8 scomparsa non appena le nostre strade si sono incrociate:    <\/span><b>Crema idratante GLOWPLEXION<\/b><span style=\"font-weight: 400;\">  e io. Da allora, la mia pelle \u00e8 stata <\/span> <b> pi\u00f9 morbido<\/b><span style=\"font-weight: 400;\">, <\/span><b>pi\u00f9 liscio<\/b><span style=\"font-weight: 400;\"> e <\/span><b>pronto a brillare <\/b><span style=\"font-weight: 400;\">!<\/span><\/p>\n<p><span style=\"font-weight: 400;\">E la parte migliore? Lei   <\/span><b>reagisce bene<\/b><span style=\"font-weight: 400;\">il <\/span><b>burro di karit\u00e9<\/b><span style=\"font-weight: 400;\"> nutre la mia pelle e l&#8217;acido<\/span><b>acido glicolico<\/b><span style=\"font-weight: 400;\">  ha semplicemente cancellato le piccole irregolarit\u00e0. \u00c8   <\/span><b>abbagliante<\/b><span style=\"font-weight: 400;\"> e <\/span><b>anche<\/b><span style=\"font-weight: 400;\">. Ora so che la mia pelle \u00e8 in buone mani! E c&#8217;\u00e8 di pi\u00f9,   <\/span><b>questo prodotto \u00e8 eco-responsabile<\/b><span style=\"font-weight: 400;\">con la sua bottiglia ricaricabile. Questo \u00e8   <\/span><b>trattamenti di lusso per la pelle<\/b><span style=\"font-weight: 400;\"> che rispetta il pianeta, e questo mi piace molto!<\/span><\/p>\n","protected":false},"featured_media":11261,"comment_status":"open","ping_status":"closed","template":"","meta":{"_seopress_robots_primary_cat":"none","_seopress_titles_title":"","_seopress_titles_desc":"","_seopress_robots_index":"","site-sidebar-layout":"default","site-content-layout":"","ast-site-content-layout":"default","site-content-style":"default","site-sidebar-style":"default","ast-global-header-display":"","ast-banner-title-visibility":"","ast-main-header-display":"","ast-hfb-above-header-display":"","ast-hfb-below-header-display":"","ast-hfb-mobile-header-display":"","site-post-title":"","ast-breadcrumbs-content":"","ast-featured-img":"","footer-sml-layout":"","ast-disable-related-posts":"","theme-transparent-header-meta":"default","adv-header-id-meta":"","stick-header-meta":"","header-above-stick-meta":"","header-main-stick-meta":"","header-below-stick-meta":"","astra-migrate-meta-layouts":"default","ast-page-background-enabled":"default","ast-page-background-meta":{"desktop":{"background-color":"var(--ast-global-color-4)","background-image":"","background-repeat":"repeat","background-position":"center center","background-size":"auto","background-attachment":"scroll","background-type":"","background-media":"","overlay-type":"","overlay-color":"","overlay-opacity":"","overlay-gradient":""},"tablet":{"background-color":"","background-image":"","background-repeat":"repeat","background-position":"center center","background-size":"auto","background-attachment":"scroll","background-type":"","background-media":"","overlay-type":"","overlay-color":"","overlay-opacity":"","overlay-gradient":""},"mobile":{"background-color":"","background-image":"","background-repeat":"repeat","background-position":"center center","background-size":"auto","background-attachment":"scroll","background-type":"","background-media":"","overlay-type":"","overlay-color":"","overlay-opacity":"","overlay-gradient":""}},"ast-content-background-meta":{"desktop":{"background-color":"var(--ast-global-color-5)","background-image":"","background-repeat":"repeat","background-position":"center center","background-size":"auto","background-attachment":"scroll","background-type":"","background-media":"","overlay-type":"","overlay-color":"","overlay-opacity":"","overlay-gradient":""},"tablet":{"background-color":"var(--ast-global-color-5)","background-image":"","background-repeat":"repeat","background-position":"center center","background-size":"auto","background-attachment":"scroll","background-type":"","background-media":"","overlay-type":"","overlay-color":"","overlay-opacity":"","overlay-gradient":""},"mobile":{"background-color":"var(--ast-global-color-5)","background-image":"","background-repeat":"repeat","background-position":"center center","background-size":"auto","background-attachment":"scroll","background-type":"","background-media":"","overlay-type":"","overlay-color":"","overlay-opacity":"","overlay-gradient":""}}},"product_brand":[],"product_cat":[109],"product_tag":[],"class_list":{"0":"post-11258","1":"product","2":"type-product","3":"status-publish","4":"has-post-thumbnail","6":"product_cat-la-pelle","7":"desktop-align-left","8":"tablet-align-left","9":"mobile-align-left","11":"first","12":"instock","13":"sale","14":"shipping-taxable","15":"product-type-external"},"_links":{"self":[{"href":"https:\/\/youniquebyemilie.com\/it\/wp-json\/wp\/v2\/product\/11258","targetHints":{"allow":["GET"]}}],"collection":[{"href":"https:\/\/youniquebyemilie.com\/it\/wp-json\/wp\/v2\/product"}],"about":[{"href":"https:\/\/youniquebyemilie.com\/it\/wp-json\/wp\/v2\/types\/product"}],"replies":[{"embeddable":true,"href":"https:\/\/youniquebyemilie.com\/it\/wp-json\/wp\/v2\/comments?post=11258"}],"wp:featuredmedia":[{"embeddable":true,"href":"https:\/\/youniquebyemilie.com\/it\/wp-json\/wp\/v2\/media\/11261"}],"wp:attachment":[{"href":"https:\/\/youniquebyemilie.com\/it\/wp-json\/wp\/v2\/media?parent=11258"}],"wp:term":[{"taxonomy":"product_brand","embeddable":true,"href":"https:\/\/youniquebyemilie.com\/it\/wp-json\/wp\/v2\/product_brand?post=11258"},{"taxonomy":"product_cat","embeddable":true,"href":"https:\/\/youniquebyemilie.com\/it\/wp-json\/wp\/v2\/product_cat?post=11258"},{"taxonomy":"product_tag","embeddable":true,"href":"https:\/\/youniquebyemilie.com\/it\/wp-json\/wp\/v2\/product_tag?post=11258"}],"curies":[{"name":"wp","href":"https:\/\/api.w.org\/{rel}","templated":true}]}}