{"id":11299,"date":"2025-07-27T20:34:40","date_gmt":"2025-07-27T18:34:40","guid":{"rendered":"https:\/\/youniquebyemilie.com\/produit\/you-ology-cura-di-7-giorni-a-base-di-vitamina-c\/"},"modified":"2025-07-27T20:34:40","modified_gmt":"2025-07-27T18:34:40","slug":"you-ology-cura-di-7-giorni-a-base-di-vitamina-c","status":"publish","type":"product","link":"https:\/\/youniquebyemilie.com\/it\/produit\/you-ology-cura-di-7-giorni-a-base-di-vitamina-c\/","title":{"rendered":"YOU OLOGY Cura di 7 giorni a base di vitamina C"},"content":{"rendered":"<p><span style=\"font-weight: 400;\">Vuoi ripristinare la luminosit\u00e0 della tua pelle senza dover ricorrere a una routine complicata? Ti presentiamo   <\/span><b>La cura della vitamina C di YOU-OLOGY<\/b><span style=\"font-weight: 400;\">. In 7 giorni, questo trattamento  <\/span><b>ultra potente<\/b><span style=\"font-weight: 400;\">  ti sorprender\u00e0. Combina   <\/span><b>un siero attivante<\/b><span style=\"font-weight: 400;\"> e <\/span><b>perle liofilizzate<\/b><span style=\"font-weight: 400;\"> perle contenenti una concentrazione del 26% di vitamina C per un colorito luminoso <\/span><b>colorito luminoso<\/b><span style=\"font-weight: 400;\">, <\/span><b>pi\u00f9 liscia<\/b><span style=\"font-weight: 400;\">e <\/span><b>riduce i segni di stanchezza<\/b><span style=\"font-weight: 400;\">.<\/span><\/p>\n<p><span style=\"font-weight: 400;\">Immagina un siero che idrata, lenisce e agisce in profondit\u00e0 per dare alla tua pelle quella spinta di freschezza. <\/span><b>freschezza<\/b><span style=\"font-weight: 400;\">  di cui ha bisogno. In soli 7 giorni, vedrai risultati visibili:   <\/span><b>pelle nutrita<\/b><span style=\"font-weight: 400;\">, <\/span><b>pi\u00f9 uniforme<\/b><span style=\"font-weight: 400;\">e, soprattutto, pronta ad <\/span><b>affrontare la giornata<\/b><span style=\"font-weight: 400;\"> con radiosit\u00e0.<\/span><\/p>\n<p>&nbsp;<\/p>\n<h2><span style=\"font-weight: 400;\">Perch\u00e9 amerai questo trattamento alla vitamina C:<\/span><\/h2>\n<ul>\n<li style=\"font-weight: 400;\" aria-level=\"1\"><b>Luminosit\u00e0 istantanea<\/b><span style=\"font-weight: 400;\"> Arricchito con il 26% di vitamina C, illumina il viso. <\/span><b>illumina<\/b><span style=\"font-weight: 400;\"> e <\/span><b>risveglia<\/b><span style=\"font-weight: 400;\"> la pelle, lasciandola pi\u00f9 morbida e liscia.<\/span>&nbsp;<\/li>\n<li style=\"font-weight: 400;\" aria-level=\"1\"><b>Una routine semplificata<\/b><span style=\"font-weight: 400;\"> In 7 giorni, puoi restituire alla tua pelle <\/span><b>tutto ci\u00f2 che merita<\/b><span style=\"font-weight: 400;\">senza complicazioni.<\/span>&nbsp;<\/li>\n<li style=\"font-weight: 400;\" aria-level=\"1\"><b>Idrata e rivitalizza<\/b><span style=\"font-weight: 400;\"> Con <\/span><b>squalano<\/b><span style=\"font-weight: 400;\">e <\/span><b>niacinamide<\/b><span style=\"font-weight: 400;\">e <\/span><b>estratti di aloe<\/b><span style=\"font-weight: 400;\">questo prodotto idrata e protegge la pelle in profondit\u00e0.<\/span>&nbsp;<\/li>\n<li style=\"font-weight: 400;\" aria-level=\"1\"><b>Risultati visibili<\/b><span style=\"font-weight: 400;\"> In soli 7 giorni, vedrai la differenza: una <\/span><b>carnagione radiosa<\/b><span style=\"font-weight: 400;\">e <\/span><b>riduzione dei rossori<\/b><span style=\"font-weight: 400;\">e <\/span><b>pelle rivitalizzata<\/b><span style=\"font-weight: 400;\">.<\/span>&nbsp;<\/li>\n<li style=\"font-weight: 400;\" aria-level=\"1\"><b>Facile da usare<\/b><span style=\"font-weight: 400;\"> Non c&#8217;\u00e8 bisogno di strumenti complicati; applicalo una volta al giorno e goditi gli effetti di una cura efficace. <\/span><b>trattamento efficace<\/b><span style=\"font-weight: 400;\">.<\/span>&nbsp;<\/li>\n<\/ul>\n<p>&nbsp;<\/p>\n<h2><span style=\"font-weight: 400;\">Gli ingredienti chiave che trasformano la tua pelle:<\/span><\/h2>\n<ul>\n<li style=\"font-weight: 400;\" aria-level=\"1\"><b>Niacinamide (vitamina B3)<\/b><span style=\"font-weight: 400;\"> Lenisce e riduce i rossori per un colorito pi\u00f9 uniforme <\/span><b>colorito uniforme<\/b><span style=\"font-weight: 400;\">.<\/span>&nbsp;<\/li>\n<li style=\"font-weight: 400;\" aria-level=\"1\"><b>Squalano<\/b><span style=\"font-weight: 400;\"> Un estratto vegetale <\/span><b>idratante<\/b><span style=\"font-weight: 400;\"> che nutre la pelle <\/span><b>morbida<\/b><span style=\"font-weight: 400;\"> e <\/span><b>elastica<\/b><span style=\"font-weight: 400;\">.<\/span>&nbsp;<\/li>\n<li style=\"font-weight: 400;\" aria-level=\"1\"><b>Estratto di aloe<\/b><span style=\"font-weight: 400;\"> Rinfresca e rivitalizza la tua pelle per un <\/span><b>effetto lenitivo<\/b><span style=\"font-weight: 400;\">.<\/span>&nbsp;<\/li>\n<li style=\"font-weight: 400;\" aria-level=\"1\"><b>Estratto di foglie di Centella Asiatica<\/b><span style=\"font-weight: 400;\"> Un potente <\/span><b>riparatore<\/b><span style=\"font-weight: 400;\">Ricco di antiossidanti e aminoacidi.<\/span>&nbsp;<\/li>\n<li style=\"font-weight: 400;\" aria-level=\"1\"><b>Estratto di basilico santo<\/b><span style=\"font-weight: 400;\"> Fornisce <\/span><b>protezione antiossidante<\/b><span style=\"font-weight: 400;\"> e <\/span><b>stimola<\/b><span style=\"font-weight: 400;\"> la pelle per un colorito luminoso.<\/span>&nbsp;<\/li>\n<\/ul>\n<p>&nbsp;<\/p>\n<h2><span style=\"font-weight: 400;\">Come usarlo facilmente:<\/span><\/h2>\n<ol>\n<li style=\"font-weight: 400;\" aria-level=\"1\"><span style=\"font-weight: 400;\">Prendi una perla e mescolala con il siero attivante nella mano fino a ottenere una consistenza omogenea.<\/span>&nbsp;<\/li>\n<li style=\"font-weight: 400;\" aria-level=\"1\"><span style=\"font-weight: 400;\">Applica la miscela sul viso con movimenti circolari. Massaggia leggermente per stimolare la pelle e favorirne l&#8217;assorbimento. <\/span>&nbsp;<\/li>\n<li style=\"font-weight: 400;\" aria-level=\"1\"><span style=\"font-weight: 400;\">Applica una volta al giorno per 7 giorni per ottenere risultati ottimali. Non dimenticare di idratare la pelle in seguito! <\/span>&nbsp;<\/li>\n<\/ol>\n<p>&nbsp;<\/p>\n<h2><span style=\"font-weight: 400;\">Perch\u00e9 non puoi lasciartelo scappare:<\/span><\/h2>\n<p><span style=\"font-weight: 400;\">Se vuoi <\/span><b>risvegliare la tua pelle<\/b><span style=\"font-weight: 400;\">, <\/span><b>ridurre i segni della stanchezza<\/b><span style=\"font-weight: 400;\"> e ottenere un <\/span><b>carnagione radiosa<\/b><span style=\"font-weight: 400;\">la <\/span><b>cura YOU-OLOGY alla vitamina C<\/b><span style=\"font-weight: 400;\">  \u00e8 esattamente ci\u00f2 di cui hai bisogno. \u00c8 un trattamento   <\/span><b>pratica<\/b><span style=\"font-weight: 400;\"> e <\/span><b>efficiente<\/b><span style=\"font-weight: 400;\">che combina <\/span><b>potenti ingredienti<\/b><span style=\"font-weight: 400;\"> per offrire <\/span><b>risultati visibili in una sola settimana<\/b><span style=\"font-weight: 400;\">. Non lasciarti sfuggire questa opportunit\u00e0  <\/span><b>pelle pi\u00f9 luminosa<\/b><span style=\"font-weight: 400;\">, <\/span><b>pi\u00f9 liscia<\/b><span style=\"font-weight: 400;\"> e <\/span><b>aspetto pi\u00f9 giovane<\/b><span style=\"font-weight: 400;\">.<\/span><\/p>\n<p> <span style=\"font-weight: 400;\"> Aggiungilo al tuo carrello e goditi <\/span><b>una pelle radiosa<\/b><span style=\"font-weight: 400;\">, <\/span><b>morbida<\/b><span style=\"font-weight: 400;\"> e<\/span><b> rivitalizzata<\/b><span style=\"font-weight: 400;\"> da oggi in poi!<\/span><\/p>\n<p>&nbsp;<\/p>\n","protected":false},"excerpt":{"rendered":"<p><span style=\"font-weight: 400;\">Vuoi ripristinare la luminosit\u00e0 della tua pelle senza dover ricorrere a una routine complicata? Ti presentiamo   <\/span><b>La cura della vitamina C di YOU-OLOGY<\/b><span style=\"font-weight: 400;\">. In 7 giorni, questo trattamento  <\/span><b>ultra potente<\/b><span style=\"font-weight: 400;\">  ti sorprender\u00e0. Combina   <\/span><b>un siero attivante<\/b><span style=\"font-weight: 400;\"> e <\/span><b>perle liofilizzate<\/b><span style=\"font-weight: 400;\"> perle contenenti una concentrazione del 26% di vitamina C per un colorito luminoso <\/span><b>colorito luminoso<\/b><span style=\"font-weight: 400;\">, <\/span><b>pi\u00f9 liscia<\/b><span style=\"font-weight: 400;\">e <\/span><b>riduce i segni di stanchezza<\/b><span style=\"font-weight: 400;\">.<\/span><\/p>\n","protected":false},"featured_media":11304,"comment_status":"open","ping_status":"closed","template":"","meta":{"_seopress_robots_primary_cat":"none","_seopress_titles_title":"","_seopress_titles_desc":"","_seopress_robots_index":"","site-sidebar-layout":"default","site-content-layout":"","ast-site-content-layout":"default","site-content-style":"default","site-sidebar-style":"default","ast-global-header-display":"","ast-banner-title-visibility":"","ast-main-header-display":"","ast-hfb-above-header-display":"","ast-hfb-below-header-display":"","ast-hfb-mobile-header-display":"","site-post-title":"","ast-breadcrumbs-content":"","ast-featured-img":"","footer-sml-layout":"","ast-disable-related-posts":"","theme-transparent-header-meta":"default","adv-header-id-meta":"","stick-header-meta":"","header-above-stick-meta":"","header-main-stick-meta":"","header-below-stick-meta":"","astra-migrate-meta-layouts":"default","ast-page-background-enabled":"default","ast-page-background-meta":{"desktop":{"background-color":"var(--ast-global-color-4)","background-image":"","background-repeat":"repeat","background-position":"center center","background-size":"auto","background-attachment":"scroll","background-type":"","background-media":"","overlay-type":"","overlay-color":"","overlay-opacity":"","overlay-gradient":""},"tablet":{"background-color":"","background-image":"","background-repeat":"repeat","background-position":"center center","background-size":"auto","background-attachment":"scroll","background-type":"","background-media":"","overlay-type":"","overlay-color":"","overlay-opacity":"","overlay-gradient":""},"mobile":{"background-color":"","background-image":"","background-repeat":"repeat","background-position":"center center","background-size":"auto","background-attachment":"scroll","background-type":"","background-media":"","overlay-type":"","overlay-color":"","overlay-opacity":"","overlay-gradient":""}},"ast-content-background-meta":{"desktop":{"background-color":"var(--ast-global-color-5)","background-image":"","background-repeat":"repeat","background-position":"center center","background-size":"auto","background-attachment":"scroll","background-type":"","background-media":"","overlay-type":"","overlay-color":"","overlay-opacity":"","overlay-gradient":""},"tablet":{"background-color":"var(--ast-global-color-5)","background-image":"","background-repeat":"repeat","background-position":"center center","background-size":"auto","background-attachment":"scroll","background-type":"","background-media":"","overlay-type":"","overlay-color":"","overlay-opacity":"","overlay-gradient":""},"mobile":{"background-color":"var(--ast-global-color-5)","background-image":"","background-repeat":"repeat","background-position":"center center","background-size":"auto","background-attachment":"scroll","background-type":"","background-media":"","overlay-type":"","overlay-color":"","overlay-opacity":"","overlay-gradient":""}}},"product_brand":[],"product_cat":[109],"product_tag":[],"class_list":{"0":"post-11299","1":"product","2":"type-product","3":"status-publish","4":"has-post-thumbnail","6":"product_cat-la-pelle","7":"desktop-align-left","8":"tablet-align-left","9":"mobile-align-left","11":"first","12":"instock","13":"sale","14":"shipping-taxable","15":"product-type-external"},"_links":{"self":[{"href":"https:\/\/youniquebyemilie.com\/it\/wp-json\/wp\/v2\/product\/11299","targetHints":{"allow":["GET"]}}],"collection":[{"href":"https:\/\/youniquebyemilie.com\/it\/wp-json\/wp\/v2\/product"}],"about":[{"href":"https:\/\/youniquebyemilie.com\/it\/wp-json\/wp\/v2\/types\/product"}],"replies":[{"embeddable":true,"href":"https:\/\/youniquebyemilie.com\/it\/wp-json\/wp\/v2\/comments?post=11299"}],"wp:featuredmedia":[{"embeddable":true,"href":"https:\/\/youniquebyemilie.com\/it\/wp-json\/wp\/v2\/media\/11304"}],"wp:attachment":[{"href":"https:\/\/youniquebyemilie.com\/it\/wp-json\/wp\/v2\/media?parent=11299"}],"wp:term":[{"taxonomy":"product_brand","embeddable":true,"href":"https:\/\/youniquebyemilie.com\/it\/wp-json\/wp\/v2\/product_brand?post=11299"},{"taxonomy":"product_cat","embeddable":true,"href":"https:\/\/youniquebyemilie.com\/it\/wp-json\/wp\/v2\/product_cat?post=11299"},{"taxonomy":"product_tag","embeddable":true,"href":"https:\/\/youniquebyemilie.com\/it\/wp-json\/wp\/v2\/product_tag?post=11299"}],"curies":[{"name":"wp","href":"https:\/\/api.w.org\/{rel}","templated":true}]}}